{"id":16710,"date":"2025-07-10T16:27:07","date_gmt":"2025-07-10T08:27:07","guid":{"rendered":"https:\/\/yebodaglass.com\/?post_type=product&#038;p=16710"},"modified":"2026-03-25T16:22:33","modified_gmt":"2026-03-25T08:22:33","slug":"wholesale-12-oz-amber-flip-top-beer-bottles","status":"publish","type":"product","link":"https:\/\/yebodaglass.com\/pt\/wholesale-12-oz-amber-flip-top-beer-bottles\/","title":{"rendered":"Garrafas de cerveja \u00e2mbar flip top de 12 oz por atacado"},"content":{"rendered":"<p>Estas garrafas de cerveja com tampa flip-top t\u00eam um corpo cil\u00edndrico de vidro \u00e2mbar com paredes retas, eficaz no bloqueio dos raios UV prejudiciais e, consequentemente, evitam que a cerveja adquira um sabor desagrad\u00e1vel. A tampa possui um anel de veda\u00e7\u00e3o articulado, com um sistema de rosca que proporciona uma veda\u00e7\u00e3o herm\u00e9tica, ideal para cervejas em segunda fermenta\u00e7\u00e3o na garrafa.<\/p>\n<h2>Caracter\u00edsticas<\/h2>\n<ul>\n<li><strong>Vidro \u00e2mbar com prote\u00e7\u00e3o UV:<\/strong> O copo \u00e2mbar marrom escuro \u00e9 eficaz em bloquear a luz solar, impedindo que a cerveja seja exposta \u00e0 luz e preservando seu sabor original.<\/li>\n<li><strong>Veda\u00e7\u00e3o herm\u00e9tica por rosca:<\/strong> A tampa com anel de arame e a rolha com junta formam um sistema de veda\u00e7\u00e3o eficiente, confi\u00e1vel e reutiliz\u00e1vel, que garante a carbonata\u00e7\u00e3o e o frescor da cerveja.<\/li>\n<li><strong>Constru\u00e7\u00e3o duradoura e reutiliz\u00e1vel:<\/strong> O vidro espesso e os componentes robustos s\u00e3o projetados para resistir \u00e0 limpeza comercial e \u00e0 reutiliza\u00e7\u00e3o repetida.<\/li>\n<\/ul>\n<h2 style=\"text-align: left;\">Especifica\u00e7\u00f5es principais<\/h2>\n<table class=\"aligncenter\" style=\"border-collapse: collapse; width: 497.27pt;\" border=\"0\" width=\"663\" cellspacing=\"0\" cellpadding=\"0\">\n<tbody>\n<tr style=\"height: 13.50pt;\">\n<td style=\"height: 13.50pt; width: 144.00pt;\" width=\"192\" height=\"18\">Especifica\u00e7\u00e3o<\/td>\n<td style=\"width: 353.25pt;\" width=\"471\">Detalhes<\/td>\n<\/tr>\n<tr style=\"height: 13.50pt;\">\n<td style=\"height: 13.50pt;\" height=\"18\">Capacidade<\/td>\n<td>12 oz\/330 ml<\/td>\n<\/tr>\n<tr style=\"height: 13.50pt;\">\n<td style=\"height: 13.50pt;\" height=\"18\">Dimens\u00f5es da embalagem<\/td>\n<td>7,7 * 7,7 * 9,3 polegadas<\/td>\n<\/tr>\n<tr style=\"height: 13.50pt;\">\n<td style=\"height: 13.50pt;\" height=\"18\">Material de vidro<\/td>\n<td>Vidro sem chumbo<\/td>\n<\/tr>\n<tr style=\"height: 13.50pt;\">\n<td style=\"height: 13.50pt;\" height=\"18\">Quantidade por embalagem<\/td>\n<td>9 garrafas por caixa<\/td>\n<\/tr>\n<tr style=\"height: 13.50pt;\">\n<td style=\"height: 13.50pt;\" height=\"18\">Cor<\/td>\n<td>\u00c2mbar<\/td>\n<\/tr>\n<tr style=\"height: 13.50pt;\">\n<td style=\"height: 13.50pt;\" height=\"18\">Formato de garrafa<\/td>\n<td>Corpo cil\u00edndrico liso<\/td>\n<\/tr>\n<tr style=\"height: 13.50pt;\">\n<td style=\"height: 13.50pt;\" height=\"18\">Acabamento da superf\u00edcie<\/td>\n<td>Liso e brilhante<\/td>\n<\/tr>\n<tr style=\"height: 13.50pt;\">\n<td style=\"height: 13.50pt;\" height=\"18\">Tampa de garrafa<\/td>\n<td>Tampa articulada preta<\/td>\n<\/tr>\n<tr style=\"height: 13.50pt;\">\n<td style=\"height: 13.50pt;\" height=\"18\">Rolha de garrafa<\/td>\n<td>Rolha de cer\u00e2mica branca<\/td>\n<\/tr>\n<tr style=\"height: 13.50pt;\">\n<td style=\"height: 13.50pt;\" height=\"18\">Mecanismo de Fixa\u00e7\u00e3o<\/td>\n<td>Preso com uma bra\u00e7adeira de arame met\u00e1lico<\/td>\n<\/tr>\n<\/tbody>\n<\/table>\n<h2>Hist\u00f3ria de sucesso<\/h2>\n<p>Uma das cervejarias artesanais de Michigan escolheu nossas garrafas de cerveja \u00e2mbar de 500 ml com tampa flip-top e recriou o design com uma estampa de cones de l\u00fapulo impressa em cer\u00e2mica e al\u00e7as de metal banhadas a cobre. A personaliza\u00e7\u00e3o das garrafas traz benef\u00edcios importantes: as tampas reutiliz\u00e1veis \u200b\u200beconomizam custos e reduzem o desperd\u00edcio em cerca de US$ 0,05 por garrafa; a resist\u00eancia das garrafas em m\u00e1quinas de lavar industriais resulta em uma taxa de quebra inferior a 2% por lavagem. Com base nesse sucesso, encomendaram mais de 450.000 garrafas para lan\u00e7ar uma nova linha de cerveja \u00e1cida envelhecida em barril e firmaram uma parceria com uma rede de restaurantes sofisticados.<\/p>\n<h2>Personaliza\u00e7\u00e3o de garrafas de cerveja com tampa flip-top<\/h2>\n<ul>\n<li>Serigrafia personalizada em cer\u00e2mica: R\u00f3tulos, logotipos ou desenhos permanentes, fixados em forno, podem ser impressos diretamente em garrafas de vidro \u00e2mbar, proporcionando uma apar\u00eancia tradicional e de alta qualidade para garrafas de cerveja.<\/li>\n<li>Op\u00e7\u00f5es de cor da al\u00e7a e da corti\u00e7a: As al\u00e7as est\u00e3o dispon\u00edveis em diferentes acabamentos (preto, lat\u00e3o, zinco), e a cor da corti\u00e7a pode ser personalizada de acordo com a marca da cervejaria.<\/li>\n<li>Grava\u00e7\u00e3o em relevo da capacidade\/logotipo: Grave em baixo relevo um pequeno logotipo da cervejaria ou a indica\u00e7\u00e3o da capacidade (ex.: 500 ml) na garrafa de vidro, conferindo permanentemente \u00e0 marca uma apar\u00eancia sofisticada.<\/li>\n<\/ul>","protected":false},"excerpt":{"rendered":"<p data-start=\"26\" data-end=\"202\">Garrafas de cerveja \u00e2mbar de 355 ml com tampa flip-top para atacado. Dur\u00e1veis, reutiliz\u00e1veis \u200b\u200be com prote\u00e7\u00e3o UV \u2014 perfeitas para cerveja caseira, cerveja artesanal ou cervejarias comerciais. Amostras gr\u00e1tis.<\/p>","protected":false},"featured_media":17395,"template":"","meta":[],"product_brand":[],"product_cat":[81,80,20],"product_tag":[],"class_list":{"0":"post-16710","1":"product","2":"type-product","3":"status-publish","4":"has-post-thumbnail","6":"product_cat-flip-top-bottles","7":"product_cat-glass-bottles","8":"product_cat-glass-containers","10":"first","11":"instock","12":"shipping-taxable","13":"product-type-grouped"},"jetpack_sharing_enabled":true,"_links":{"self":[{"href":"https:\/\/yebodaglass.com\/pt\/wp-json\/wp\/v2\/product\/16710","targetHints":{"allow":["GET"]}}],"collection":[{"href":"https:\/\/yebodaglass.com\/pt\/wp-json\/wp\/v2\/product"}],"about":[{"href":"https:\/\/yebodaglass.com\/pt\/wp-json\/wp\/v2\/types\/product"}],"version-history":[{"count":5,"href":"https:\/\/yebodaglass.com\/pt\/wp-json\/wp\/v2\/product\/16710\/revisions"}],"predecessor-version":[{"id":25607,"href":"https:\/\/yebodaglass.com\/pt\/wp-json\/wp\/v2\/product\/16710\/revisions\/25607"}],"wp:featuredmedia":[{"embeddable":true,"href":"https:\/\/yebodaglass.com\/pt\/wp-json\/wp\/v2\/media\/17395"}],"wp:attachment":[{"href":"https:\/\/yebodaglass.com\/pt\/wp-json\/wp\/v2\/media?parent=16710"}],"wp:term":[{"taxonomy":"product_brand","embeddable":true,"href":"https:\/\/yebodaglass.com\/pt\/wp-json\/wp\/v2\/product_brand?post=16710"},{"taxonomy":"product_cat","embeddable":true,"href":"https:\/\/yebodaglass.com\/pt\/wp-json\/wp\/v2\/product_cat?post=16710"},{"taxonomy":"product_tag","embeddable":true,"href":"https:\/\/yebodaglass.com\/pt\/wp-json\/wp\/v2\/product_tag?post=16710"}],"curies":[{"name":"wp","href":"https:\/\/api.w.org\/{rel}","templated":true}]}}