{"id":16648,"date":"2025-07-10T14:39:34","date_gmt":"2025-07-10T06:39:34","guid":{"rendered":"https:\/\/yebodaglass.com\/?post_type=product&#038;p=16648"},"modified":"2026-04-13T15:10:20","modified_gmt":"2026-04-13T07:10:20","slug":"clear-milk-storage-bottles-with-lids-wholesale","status":"publish","type":"product","link":"https:\/\/yebodaglass.com\/pt\/clear-milk-storage-bottles-with-lids-wholesale\/","title":{"rendered":"Garrafas transparentes para armazenamento de leite de 310 ml (11 oz) com tampas - Atacado"},"content":{"rendered":"<p>O design tradicional da garrafa de leite de vidro apresenta um gargalo mais estreito que o corpo da garrafa. O vidro transparente, pr\u00f3prio para alimentos, exibe todas as cores vibrantes do suco fresco, do leite e das bebidas caseiras.<\/p>\n<h2>Caracter\u00edsticas<\/h2>\n<ul>\n<li><strong>Formato c\u00f4nico cl\u00e1ssico retr\u00f4:<\/strong> A garrafa de leite retr\u00f4 apresenta um design arredondado e afunilado, facilmente reconhec\u00edvel e ideal para embalar e exibir diferentes tipos de bebidas.<\/li>\n<li><strong>Design da tampa de veda\u00e7\u00e3o branca:<\/strong> A tampa de veda\u00e7\u00e3o branca proporciona uma veda\u00e7\u00e3o eficaz que mant\u00e9m as suas bebidas frescas, pois cria uma barreira herm\u00e9tica.<\/li>\n<li><strong>Design com boca larga e f\u00e1cil de encher:<\/strong> O produto possui uma boca larga que facilita o enchimento e a limpeza, podendo ser utilizado em ambientes dom\u00e9sticos, de restaurantes e comerciais.<\/li>\n<\/ul>\n<h2 style=\"text-align: left;\">Especifica\u00e7\u00f5es principais<\/h2>\n<table class=\"aligncenter\" style=\"border-collapse: collapse; width: 346.52pt;\" border=\"0\" width=\"462\" cellspacing=\"0\" cellpadding=\"0\">\n<tbody>\n<tr style=\"height: 13.50pt;\">\n<td style=\"height: 13.50pt; width: 152.25pt;\" width=\"203\" height=\"18\">Especifica\u00e7\u00e3o<\/td>\n<td style=\"width: 194.25pt;\" width=\"259\">Detalhes<\/td>\n<\/tr>\n<tr style=\"height: 13.50pt;\">\n<td style=\"height: 13.50pt;\" height=\"18\">Capacidade<\/td>\n<td>11 oz\/310 ml<\/td>\n<\/tr>\n<tr style=\"height: 13.50pt;\">\n<td style=\"height: 13.50pt;\" height=\"18\">Calibre<\/td>\n<td>1,9 polegadas<\/td>\n<\/tr>\n<tr style=\"height: 13.50pt;\">\n<td style=\"height: 13.50pt;\" height=\"18\">Di\u00e2metro do corpo da garrafa<\/td>\n<td>2,5 pol.<\/td>\n<\/tr>\n<tr style=\"height: 13.50pt;\">\n<td style=\"height: 13.50pt;\" height=\"18\">4 butelki w pude\u0142ku<\/td>\n<td>6 polegadas<\/td>\n<\/tr>\n<tr style=\"height: 13.50pt;\">\n<td style=\"height: 13.50pt;\" height=\"18\">Material<\/td>\n<td>Vidro sem chumbo<\/td>\n<\/tr>\n<tr style=\"height: 13.50pt;\">\n<td style=\"height: 13.50pt;\" height=\"18\">Especifica\u00e7\u00f5es de embalagem<\/td>\n<td>9\/12 unidades por caixa<\/td>\n<\/tr>\n<\/tbody>\n<\/table>\n<h2>Caso de sucesso: um pedido personalizado de uma f\u00e1brica de latic\u00ednios do Meio-Oeste americano.<\/h2>\n<p>Uma f\u00e1brica de latic\u00ednios do Wisconsin, que opera como uma empresa familiar, selecionou nosso design de garrafa de leite e adicionou seu pr\u00f3prio design personalizado com um logotipo da fazenda em relevo e vidro marrom. A garrafa de leite de vidro personalizada obteve grande sucesso porque seu design evocava nostalgia e atra\u00eda sua clientela da regi\u00e3o. O design da garrafa de vidro marrom aumentou a vida \u00fatil do leite com nata em 20%, o que levou a um aumento de 40% nas assinaturas de entrega em domic\u00edlio. A empresa aumentou seu pedido para 380.000 garrafas ap\u00f3s o primeiro pedido, pois queria lan\u00e7ar seus novos produtos de leite aromatizado.<\/p>\n<h2>Sugest\u00f5es para personalizar garrafas de leite de vidro<\/h2>\n<ul>\n<li>A empresa oferece diversas op\u00e7\u00f5es de cores de tampas com selos dourados e rolhas de papel\u00e3o tradicionais, que criam uma apar\u00eancia vintage aut\u00eantica.<\/li>\n<li>O design quadrado da garrafa cria uma solu\u00e7\u00e3o moderna que economiza espa\u00e7o, utilizando o formato tradicional de uma garrafa de leite quadrada.<\/li>\n<li>A empresa fornece al\u00e7as de papel\u00e3o personalizadas, bem como capas de silicone que melhoram o isolamento e a ader\u00eancia.<\/li>\n<\/ul>","protected":false},"excerpt":{"rendered":"<p>Garrafas premium para armazenamento de leite, com vidro resistente e tampa segura. Ideais para uso dom\u00e9stico ou comercial. Op\u00e7\u00f5es de personaliza\u00e7\u00e3o com a sua marca dispon\u00edveis. Amostras gr\u00e1tis.<\/p>","protected":false},"featured_media":17269,"template":"","meta":[],"product_brand":[],"product_cat":[82,80,20],"product_tag":[],"class_list":{"0":"post-16648","1":"product","2":"type-product","3":"status-publish","4":"has-post-thumbnail","6":"product_cat-milk-bottles","7":"product_cat-glass-bottles","8":"product_cat-glass-containers","10":"first","11":"instock","12":"shipping-taxable","13":"product-type-grouped"},"jetpack_sharing_enabled":true,"_links":{"self":[{"href":"https:\/\/yebodaglass.com\/pt\/wp-json\/wp\/v2\/product\/16648","targetHints":{"allow":["GET"]}}],"collection":[{"href":"https:\/\/yebodaglass.com\/pt\/wp-json\/wp\/v2\/product"}],"about":[{"href":"https:\/\/yebodaglass.com\/pt\/wp-json\/wp\/v2\/types\/product"}],"version-history":[{"count":5,"href":"https:\/\/yebodaglass.com\/pt\/wp-json\/wp\/v2\/product\/16648\/revisions"}],"predecessor-version":[{"id":25764,"href":"https:\/\/yebodaglass.com\/pt\/wp-json\/wp\/v2\/product\/16648\/revisions\/25764"}],"wp:featuredmedia":[{"embeddable":true,"href":"https:\/\/yebodaglass.com\/pt\/wp-json\/wp\/v2\/media\/17269"}],"wp:attachment":[{"href":"https:\/\/yebodaglass.com\/pt\/wp-json\/wp\/v2\/media?parent=16648"}],"wp:term":[{"taxonomy":"product_brand","embeddable":true,"href":"https:\/\/yebodaglass.com\/pt\/wp-json\/wp\/v2\/product_brand?post=16648"},{"taxonomy":"product_cat","embeddable":true,"href":"https:\/\/yebodaglass.com\/pt\/wp-json\/wp\/v2\/product_cat?post=16648"},{"taxonomy":"product_tag","embeddable":true,"href":"https:\/\/yebodaglass.com\/pt\/wp-json\/wp\/v2\/product_tag?post=16648"}],"curies":[{"name":"wp","href":"https:\/\/api.w.org\/{rel}","templated":true}]}}