{"id":16452,"date":"2025-07-09T13:18:01","date_gmt":"2025-07-09T05:18:01","guid":{"rendered":"https:\/\/yebodaglass.com\/?post_type=product&#038;p=16452"},"modified":"2026-03-10T17:54:06","modified_gmt":"2026-03-10T09:54:06","slug":"custom-glass-jar-with-wooden-lid-and-spoon-for-spice-storage","status":"publish","type":"product","link":"https:\/\/yebodaglass.com\/pt\/produto\/custom-glass-jar-with-wooden-lid-and-spoon-for-spice-storage\/","title":{"rendered":"Pote de vidro personalizado com tampa de madeira e colher para armazenamento de especiarias, 250ml"},"content":{"rendered":"<p>Este frasco de vidro redondo com tampa de madeira \u00e9 feito de vidro de soda transparente, sem chumbo e \u00e0 base de cal, o que, al\u00e9m de tornar o recipiente atraente em prateleiras ou bancadas, tamb\u00e9m permite visualizar o conte\u00fado ap\u00f3s o enchimento, como a\u00e7\u00facar, pimenta, misturas de especiarias ou condimentos \u00e0 base de \u00f3leo, etc. Cada frasco de vidro vem com uma tampa de corti\u00e7a natural espessa, uma pequena colher de madeira e um suporte para a colher habilmente fixado na lateral do frasco, integrando-se ao design.<\/p>\n<p>O design bem pensado torna estes recipientes para especiarias pr\u00e1ticos para o uso di\u00e1rio na culin\u00e1ria, confeitaria e temperos. Tamb\u00e9m podem ser usados \u200b\u200bcomo um conjunto para presente, uma cole\u00e7\u00e3o de especiarias ou como uma das solu\u00e7\u00f5es de embalagem de vidro decorativas para marcas de alimentos premium.<\/p>\n<h2>Especifica\u00e7\u00f5es principais<\/h2>\n<table style=\"border-collapse: collapse; width: 80%; margin-left: auto; margin-right: auto;\" border=\"0\" width=\"80%\" cellspacing=\"0\" cellpadding=\"0\">\n<tbody>\n<tr style=\"height: 13.50pt;\">\n<td style=\"height: 13.50pt; width: 110.25pt;\" width=\"147\" height=\"18\">Tipo de produto<\/td>\n<td style=\"width: 455.25pt;\" width=\"607\">Pote de vidro com tampa de madeira e colher<\/td>\n<\/tr>\n<tr style=\"height: 13.50pt;\">\n<td style=\"height: 13.50pt;\" height=\"18\">Material<\/td>\n<td>Copo de vidro s\u00f3dio-c\u00e1lcico sem chumbo + colher de madeira natural + tampa de corti\u00e7a grossa<\/td>\n<\/tr>\n<tr style=\"height: 13.50pt;\">\n<td style=\"height: 13.50pt;\" height=\"18\">Capacidade<\/td>\n<td>250 ml \/ 10 oz<\/td>\n<\/tr>\n<tr style=\"height: 13.50pt;\">\n<td style=\"height: 13.50pt;\" height=\"18\">Forma<\/td>\n<td>Pote de vidro redondo<\/td>\n<\/tr>\n<tr style=\"height: 13.50pt;\">\n<td style=\"height: 13.50pt;\" height=\"18\">Acess\u00f3rios<\/td>\n<td>Tampa de corti\u00e7a, colher de madeira, etiqueta (op\u00e7\u00e3o personalizada dispon\u00edvel)<\/td>\n<\/tr>\n<tr style=\"height: 13.50pt;\">\n<td style=\"height: 13.50pt;\" height=\"18\">Embalagem<\/td>\n<td>12 frascos por conjunto\/caixa<\/td>\n<\/tr>\n<tr style=\"height: 13.50pt;\">\n<td style=\"height: 13.50pt;\" height=\"18\">Aplicativo<\/td>\n<td>Recipientes para especiarias, pote de a\u00e7\u00facar, recipientes para condimentos, pote de temperos<\/td>\n<\/tr>\n<tr style=\"height: 13.50pt;\">\n<td style=\"height: 13.50pt;\" height=\"18\">Modo de fornecimento<\/td>\n<td>Embalagens de vidro a granel, por atacado e personalizadas, diretamente do fabricante.<\/td>\n<\/tr>\n<tr style=\"height: 13.50pt;\">\n<td style=\"height: 13.50pt;\" height=\"18\">Log\u00edstica<\/td>\n<td>Embalagem pronta para exporta\u00e7\u00e3o, garantindo transporte seguro e entrega global.<\/td>\n<\/tr>\n<\/tbody>\n<\/table>\n<h2>Principais caracter\u00edsticas<\/h2>\n<h3>Design de colher de madeira integrada<\/h3>\n<p>Cada frasco de vidro para especiarias inclui uma colher de madeira natural que se encaixa no suporte lateral do frasco, facilitando a retirada de especiarias, a\u00e7\u00facar ou pimenta durante o preparo das refei\u00e7\u00f5es.<\/p>\n<h3>Tampa com veda\u00e7\u00e3o em corti\u00e7a natural<\/h3>\n<p>A tampa de corti\u00e7a espessa funciona como um revestimento natural, ajudando a proteger os ingredientes secos dos alimentos, ao mesmo tempo que mant\u00e9m um design simples e ecol\u00f3gico.<\/p>\n<h3>Visor de vidro transparente premium<\/h3>\n<p>O frasco de vidro transparente e redondo real\u00e7a a cor e a textura das especiarias, sendo, portanto, a escolha perfeita para cole\u00e7\u00f5es de frascos de vidro para venda a retalho, cozinhas gourmet ou conjuntos de presentes de marca.<\/p>\n<h2>Caso de sucesso B2B<\/h2>\n<p>Uma marca canadense especializada em temperos gourmet buscava potes de vidro exclusivos para embalar suas misturas premium de ervas e especiarias. A empresa opera como uma marca pr\u00f3pria de alimentos e varejista online, voltada para entusiastas da culin\u00e1ria sofisticada.<\/p>\n<p>Eles fizeram um pedido inicial em grande quantidade de 12.000 potes de vidro, escolhendo este pote de vidro de 250 ml com tampa de madeira como formato principal de embalagem. O cliente solicitou diversas op\u00e7\u00f5es personalizadas, incluindo:<\/p>\n<ul>\n<li>Etiquetas impressas com a identidade da marca.<\/li>\n<li>Conjunto de embalagens personalizadas para cat\u00e1logos, ideal para exposi\u00e7\u00e3o em lojas.<\/li>\n<li>Colher de madeira com grava\u00e7\u00e3o de marca<\/li>\n<\/ul>\n<p>Ap\u00f3s o lan\u00e7amento da linha de produtos, os recipientes de vidro para especiarias, com seu design diferenciado, melhoraram significativamente a atratividade nas prateleiras e as taxas de convers\u00e3o online. Em oito meses, a linha de temperos registrou um aumento de 40% nas vendas, e o cliente fez um novo pedido de 20.000 potes, expandindo a embalagem para incluir \u00f3leos aromatizados e misturas de pimentas gourmet.<\/p>\n<h2>Sugest\u00f5es de personaliza\u00e7\u00e3o para aplica\u00e7\u00f5es B2B<\/h2>\n<ol>\n<li><strong>Marca Pr\u00f3pria<\/strong>Adicione etiquetas personalizadas, impress\u00e3o de logotipos ou colheres de madeira gravadas para criar potes de vidro exclusivos para temperos de marcas de alimentos.<\/li>\n<li><strong>Embalagem para presente de varejo<\/strong>Desenvolver conjuntos com v\u00e1rios frascos para cole\u00e7\u00f5es de especiarias ou embalagens para presentes de cozinha, direcionados ao com\u00e9rcio eletr\u00f4nico e lojas gourmet.<\/li>\n<li><strong>Op\u00e7\u00f5es de acess\u00f3rios funcionais<\/strong>Apresente diferentes tampas, revestimentos ou tampas dosadoras para transformar o frasco em v\u00e1rios recipientes para especiarias, como sal, pimenta, ervas ou temperos em p\u00f3.<\/li>\n<\/ol>","protected":false},"excerpt":{"rendered":"<p>Pote de vidro resistente de 250ml com tampa de madeira e colher. Recipientes premium para armazenamento de especiarias, ideais para atacado, compras em grande quantidade e personaliza\u00e7\u00e3o com a sua marca.<\/p>","protected":false},"featured_media":25335,"template":"","meta":[],"product_brand":[],"product_cat":[83,124,122,87,20,128],"product_tag":[],"class_list":{"0":"post-16452","1":"product","2":"type-product","3":"status-publish","4":"has-post-thumbnail","6":"product_cat-glass-jars","7":"product_cat-custom-glass-jars","8":"product_cat-custom-glass-packaging","9":"product_cat-food-storage-jars","10":"product_cat-glass-containers","11":"product_cat-spice-jars","13":"first","14":"instock","15":"shipping-taxable","16":"product-type-grouped"},"jetpack_sharing_enabled":true,"_links":{"self":[{"href":"https:\/\/yebodaglass.com\/pt\/wp-json\/wp\/v2\/product\/16452","targetHints":{"allow":["GET"]}}],"collection":[{"href":"https:\/\/yebodaglass.com\/pt\/wp-json\/wp\/v2\/product"}],"about":[{"href":"https:\/\/yebodaglass.com\/pt\/wp-json\/wp\/v2\/types\/product"}],"version-history":[{"count":5,"href":"https:\/\/yebodaglass.com\/pt\/wp-json\/wp\/v2\/product\/16452\/revisions"}],"predecessor-version":[{"id":25339,"href":"https:\/\/yebodaglass.com\/pt\/wp-json\/wp\/v2\/product\/16452\/revisions\/25339"}],"wp:featuredmedia":[{"embeddable":true,"href":"https:\/\/yebodaglass.com\/pt\/wp-json\/wp\/v2\/media\/25335"}],"wp:attachment":[{"href":"https:\/\/yebodaglass.com\/pt\/wp-json\/wp\/v2\/media?parent=16452"}],"wp:term":[{"taxonomy":"product_brand","embeddable":true,"href":"https:\/\/yebodaglass.com\/pt\/wp-json\/wp\/v2\/product_brand?post=16452"},{"taxonomy":"product_cat","embeddable":true,"href":"https:\/\/yebodaglass.com\/pt\/wp-json\/wp\/v2\/product_cat?post=16452"},{"taxonomy":"product_tag","embeddable":true,"href":"https:\/\/yebodaglass.com\/pt\/wp-json\/wp\/v2\/product_tag?post=16452"}],"curies":[{"name":"wp","href":"https:\/\/api.w.org\/{rel}","templated":true}]}}