{"id":16344,"date":"2025-07-08T15:01:59","date_gmt":"2025-07-08T07:01:59","guid":{"rendered":"https:\/\/yebodaglass.com\/?post_type=product&#038;p=16344"},"modified":"2026-03-26T11:46:23","modified_gmt":"2026-03-26T03:46:23","slug":"clear-round-small-glass-flip-top-bottles-for-beverage-bulk","status":"publish","type":"product","link":"https:\/\/yebodaglass.com\/pt\/produto\/clear-round-small-glass-flip-top-bottles-for-beverage-bulk\/","title":{"rendered":"Garrafas de vidro pequenas, redondas e transparentes, com tampa flip-top, de 120ml (4oz), para bebidas a granel."},"content":{"rendered":"<p>Estas garrafas de vidro com tampa flip-top s\u00e3o compactas, pr\u00e1ticas e cl\u00e1ssicas. O formato minimalista, cil\u00edndrico e com fundo plano \u00e9 feito de vidro transparente de alta qualidade, que exibe perfeitamente a bebida em seu interior, seja \u00e1gua ou xarope caseiro.<\/p>\n<h2>Caracter\u00edsticas<\/h2>\n<ul>\n<li><strong>Tampa articulada herm\u00e9tica:<\/strong> O anel de press\u00e3o met\u00e1lico e a rolha de veda\u00e7\u00e3o proporcionam uma veda\u00e7\u00e3o segura e reutiliz\u00e1vel, perfeita para bebidas gaseificadas ou para preservar o conte\u00fado do recipiente.<\/li>\n<li><strong>Design cil\u00edndrico compacto:<\/strong> A pequena garrafa cil\u00edndrica de vidro \u00e9 compacta, f\u00e1cil de lavar e transportar.<\/li>\n<li><strong>Vidro transparente de alta visibilidade:<\/strong> A garrafa transparente permite observar facilmente o conte\u00fado e controlar o n\u00edvel do l\u00edquido.<\/li>\n<\/ul>\n<h2 style=\"text-align: left;\">Especifica\u00e7\u00f5es principais<\/h2>\n<table class=\"aligncenter\" style=\"border-collapse: collapse; width: 661.52pt;\" border=\"0\" width=\"882\" cellspacing=\"0\" cellpadding=\"0\">\n<tbody>\n<tr style=\"height: 13.50pt;\">\n<td style=\"height: 13.50pt; width: 206.25pt;\" width=\"275\" height=\"18\">S\u0131zd\u0131rmazl\u0131k<\/td>\n<td style=\"width: 455.25pt;\" width=\"607\">Detalhes<\/td>\n<\/tr>\n<tr style=\"height: 13.50pt;\">\n<td style=\"height: 13.50pt;\" height=\"18\">Capacidade<\/td>\n<td>4 oz (120 ml)<\/td>\n<\/tr>\n<tr style=\"height: 13.50pt;\">\n<td style=\"height: 13.50pt;\" height=\"18\">Dimens\u00f5es da embalagem<\/td>\n<td>8,9*6,9*6,7 polegadas<\/td>\n<\/tr>\n<tr style=\"height: 13.50pt;\">\n<td style=\"height: 13.50pt;\" height=\"18\">Material<\/td>\n<td>Vidro de alta qualidade<\/td>\n<\/tr>\n<tr style=\"height: 13.50pt;\">\n<td style=\"height: 13.50pt;\" height=\"18\">Especifica\u00e7\u00f5es de embalagem por caixa<\/td>\n<td>12 unidades por caixa<\/td>\n<\/tr>\n<tr style=\"height: 13.50pt;\">\n<td style=\"height: 13.50pt;\" height=\"18\">Recurso da garrafa<\/td>\n<td>Corpo transparente, tampa com fecho de metal (parte superior branca com veda\u00e7\u00e3o vermelha)<\/td>\n<\/tr>\n<\/tbody>\n<\/table>\n<h2>Caso de sucesso: um pedido personalizado de uma marca europeia de caf\u00e9s especiais.<\/h2>\n<p>Nossas garrafas de vidro de 250 ml com tampa flip-top foram escolhidas por uma torrefadora de caf\u00e9s especiais dinamarquesa, que as personalizou com um desenho de um p\u00e9 de caf\u00e9 gravado a laser. O caf\u00e9 expresso gelado da marca foi desenvolvido para ser usado nessas garrafas personalizadas: a veda\u00e7\u00e3o herm\u00e9tica aumenta em 40% a vida \u00fatil do produto em expositores refrigerados. O vidro transparente reflete a cor do concentrado, o que, segundo a empresa, elevou as compras por impulso em 25%. Impulsionados por esse sucesso, eles encomendaram mais 480.000 garrafas para lan\u00e7ar uma nova linha de xaropes de caf\u00e9 e ch\u00e1s prontos para beber.<\/p>\n<h2>Personaliza\u00e7\u00e3o de garrafas com tampa de press\u00e3o<\/h2>\n<ul>\n<li>Op\u00e7\u00f5es de cores para ganchos e tampas: Oferecemos uma variedade de acabamentos met\u00e1licos para os ganchos (cobre, lat\u00e3o, preto fosco) e tamb\u00e9m uma gama de cores para as tampas, para que voc\u00ea possa criar a apar\u00eancia ideal para a sua marca.<\/li>\n<li>Design quadrado: Projetamos garrafas quadradas com tampa de rosca, um design contempor\u00e2neo que economiza espa\u00e7o, aumenta a estabilidade das prateleiras e confere aos itens uma apar\u00eancia diferenciada.<\/li>\n<li>Gradientes integrados: Incorpore gradua\u00e7\u00f5es impressas permanentes para serem usadas quando for necess\u00e1ria uma medi\u00e7\u00e3o mais precisa do concentrado ou ingrediente (ex.: caf\u00e9, coquet\u00e9is).<\/li>\n<\/ul>","protected":false},"excerpt":{"rendered":"<p>Pequenas garrafas de vidro com tampa flip-top, fecho met\u00e1lico resistente e veda\u00e7\u00e3o herm\u00e9tica. As garrafas com tampa flip-top mant\u00eam o conte\u00fado fresco. Dispon\u00edveis em estoque com entrega r\u00e1pida para todo o mundo.<\/p>","protected":false},"featured_media":17307,"template":"","meta":[],"product_brand":[],"product_cat":[81,80,20],"product_tag":[],"class_list":{"0":"post-16344","1":"product","2":"type-product","3":"status-publish","4":"has-post-thumbnail","6":"product_cat-flip-top-bottles","7":"product_cat-glass-bottles","8":"product_cat-glass-containers","10":"first","11":"instock","12":"shipping-taxable","13":"product-type-grouped"},"jetpack_sharing_enabled":true,"_links":{"self":[{"href":"https:\/\/yebodaglass.com\/pt\/wp-json\/wp\/v2\/product\/16344","targetHints":{"allow":["GET"]}}],"collection":[{"href":"https:\/\/yebodaglass.com\/pt\/wp-json\/wp\/v2\/product"}],"about":[{"href":"https:\/\/yebodaglass.com\/pt\/wp-json\/wp\/v2\/types\/product"}],"version-history":[{"count":5,"href":"https:\/\/yebodaglass.com\/pt\/wp-json\/wp\/v2\/product\/16344\/revisions"}],"predecessor-version":[{"id":25619,"href":"https:\/\/yebodaglass.com\/pt\/wp-json\/wp\/v2\/product\/16344\/revisions\/25619"}],"wp:featuredmedia":[{"embeddable":true,"href":"https:\/\/yebodaglass.com\/pt\/wp-json\/wp\/v2\/media\/17307"}],"wp:attachment":[{"href":"https:\/\/yebodaglass.com\/pt\/wp-json\/wp\/v2\/media?parent=16344"}],"wp:term":[{"taxonomy":"product_brand","embeddable":true,"href":"https:\/\/yebodaglass.com\/pt\/wp-json\/wp\/v2\/product_brand?post=16344"},{"taxonomy":"product_cat","embeddable":true,"href":"https:\/\/yebodaglass.com\/pt\/wp-json\/wp\/v2\/product_cat?post=16344"},{"taxonomy":"product_tag","embeddable":true,"href":"https:\/\/yebodaglass.com\/pt\/wp-json\/wp\/v2\/product_tag?post=16344"}],"curies":[{"name":"wp","href":"https:\/\/api.w.org\/{rel}","templated":true}]}}