{"id":24603,"date":"2025-12-25T09:22:12","date_gmt":"2025-12-25T01:22:12","guid":{"rendered":"https:\/\/yebodaglass.com\/?post_type=product&#038;p=24603"},"modified":"2025-12-25T10:26:37","modified_gmt":"2025-12-25T02:26:37","slug":"unique-glass-jars-with-bamboo-lids-bulk","status":"publish","type":"product","link":"https:\/\/yebodaglass.com\/pl\/unique-glass-jars-with-bamboo-lids-bulk\/","title":{"rendered":"500 ml, 750 ml, 1100 ml Unikalne szklane s\u0142oiki z bambusowymi pokrywkami Hurt"},"content":{"rendered":"<p data-start=\"66\" data-end=\"288\">Te wyj\u0105tkowe szklane s\u0142oiki s\u0105 mi\u0119kkie, o zaokr\u0105glonym kszta\u0142cie, maj\u0105 smuk\u0142\u0105 szyjk\u0119 i pe\u0142ne, zaokr\u0105glone korpusy. Korpus ka\u017cdego s\u0142oika wykonany jest z ca\u0142kowicie przezroczystego szk\u0142a o bardzo eleganckim, wygi\u0119tym kszta\u0142cie, z g\u0142adk\u0105 i lekk\u0105 bambusow\u0105 pokrywk\u0105, co wyr\u00f3\u017cnia go spo\u015br\u00f3d innych.<\/p>\n<h2>Cechy produktu<\/h2>\n<ul>\n<li><strong>Zaokr\u0105glony i pe\u0142ny kszta\u0142t:<\/strong> Cienka szyjka i pe\u0142ny zarys korpusu zapewniaj\u0105 najwy\u017csz\u0105 pojemno\u015b\u0107 magazynow\u0105 i sprawiaj\u0105, \u017ce widzenie staje si\u0119 g\u0142adkie i g\u0142adkie.<\/li>\n<li><strong>Ca\u0142kowicie przezroczyste cia\u0142o:<\/strong> Jedno z nich wykonane jest ze szk\u0142a borokrzemianowego, dzi\u0119ki czemu mo\u017cna zobaczy\u0107 zawarto\u015b\u0107 s\u0142oika bez otwierania pokrywki i \u0142atwo sprawdzi\u0107, co jest w \u015brodku.<\/li>\n<li><strong>Prosta pokrywka bambusowa:<\/strong> Be\u017cowa, p\u0142aska pokrywka wykonana z bambusa jest lekka i pasuje do stylu szklanego s\u0142oika, a materia\u0142 jest \u015bwie\u017cy i czysty.<\/li>\n<\/ul>\n<h2 style=\"text-align: left;\">Kluczowe specyfikacje<\/h2>\n<table class=\"aligncenter\" style=\"border-collapse: collapse; width: 364.52pt;\" border=\"0\" width=\"486\" cellspacing=\"0\" cellpadding=\"0\">\n<tbody>\n<tr style=\"height: 13.50pt;\">\n<td style=\"height: 13.50pt; width: 105.00pt;\" width=\"140\" height=\"18\">Specyfikacja<\/td>\n<td style=\"width: 259.50pt;\" width=\"346\">Bli\u017csze dane<\/td>\n<\/tr>\n<tr style=\"height: 13.50pt;\">\n<td style=\"height: 13.50pt;\" height=\"18\">Wymiary<\/td>\n<td>500 ml: 10 \u00d7 10,5 cm \/ 750 ml: 10,5 \u00d7 12 cm \/ 1100 ml: 11,5 \u00d7 16 cm<\/td>\n<\/tr>\n<tr style=\"height: 13.50pt;\">\n<td style=\"height: 13.50pt;\" height=\"18\">Tworzywo<\/td>\n<td>Szk\u0142o borokrzemianowe, bambus<\/td>\n<\/tr>\n<tr style=\"height: 13.50pt;\">\n<td style=\"height: 13.50pt;\" height=\"18\">Typ pokrywy<\/td>\n<td>P\u0142aska pokrywka bambusowa<\/td>\n<\/tr>\n<tr style=\"height: 13.50pt;\">\n<td style=\"height: 13.50pt;\" height=\"18\">Cecha materia\u0142u<\/td>\n<td>Odporne na dzia\u0142anie temperatury i chemikali\u00f3w, wysoka przejrzysto\u015b\u0107<\/td>\n<\/tr>\n<tr style=\"height: 13.50pt;\">\n<td style=\"height: 13.50pt;\" height=\"18\">Idealny dla<\/td>\n<td>Unikalne szklane s\u0142oiki, szklane s\u0142oiki z pokrywkami<\/td>\n<\/tr>\n<\/tbody>\n<\/table>\n<h2>Historia sukcesu: Specjalna linia produkt\u00f3w luksusowego sklepu spo\u017cywczego<\/h2>\n<p>Ekskluzywny sklep spo\u017cywczy u\u017cy\u0142 naszego charakterystycznego, 750-mililitrowego, szklanego s\u0142oika z pokrywk\u0105 do swojej granoli i p\u0142atk\u00f3w \u015bniadaniowych. Jaki by\u0142 rezultat? Stylowy design najszybciej sta\u0142 si\u0119 symbolem, a linia zosta\u0142a nazwana \u201eZakrzywione S\u0142oiki\u201d (Curved Jars), co doprowadzi\u0142o do 50% wzrostu sprzeda\u017cy bezpo\u015bredniej. Co wi\u0119cej, atrakcyjny design s\u0142oik\u00f3w prze\u0142o\u017cy\u0142 si\u0119 na 200% wzrost tre\u015bci generowanych przez u\u017cytkownik\u00f3w w mediach spo\u0142eczno\u015bciowych. Sklep spo\u017cywczy z\u0142o\u017cy\u0142 kolejne zam\u00f3wienie na 80\u00a0000 s\u0142oik\u00f3w z zamiarem wprowadzenia linii na rynek og\u00f3lnopolski, po tym jak by\u0142 niezwykle zadowolony z produktu.<\/p>\n<h2>Rekomendacje dotycz\u0105ce personalizacji wyj\u0105tkowych s\u0142oik\u00f3w szklanych<\/h2>\n<ul>\n<li>Kolory szk\u0142a: Opr\u00f3cz szk\u0142a przezroczystego mo\u017cna r\u00f3wnie\u017c zastosowa\u0107 szk\u0142o w stonowanych kolorach, np. bursztynowym, kobaltowym lub zielonym.<\/li>\n<li>Grawerowanie laserowe: trwa\u0142e logo lub wzory s\u0105 trwale grawerowane bezpo\u015brednio na powierzchni szk\u0142a.<\/li>\n<li>Sitodruk: Nadrukuj kolorowe logo, rozmiar lub paski dekoracyjne na szkle metod\u0105 sitodruku, u\u017cywaj\u0105c zmywalnych w pralce pigment\u00f3w ceramicznych, kt\u00f3re s\u0105 trwa\u0142e i wytrzyma\u0142e.<\/li>\n<li>Trwa\u0142e, wypuk\u0142e podzia\u0142ki: W celu zwi\u0119kszenia praktyczno\u015bci nanie\u015b na szk\u0142o trwa\u0142e, wypuk\u0142e podzia\u0142ki (ml\/oz).<\/li>\n<\/ul>","protected":false},"excerpt":{"rendered":"<p dir=\"auto\">Upi\u0119ksz wystr\u00f3j dzi\u0119ki wyj\u0105tkowym szklanym s\u0142oikom. Nasz szklany s\u0142oik z pokrywk\u0105 wykonany jest ze szk\u0142a borokrzemianowego i ma naturalne wyko\u0144czenie z bambusa. Dost\u0119pny w magazynie, szybka dostawa.<\/p>","protected":false},"featured_media":24604,"template":"","meta":[],"product_brand":[],"product_cat":[122,124,137],"product_tag":[],"class_list":{"0":"post-24603","1":"product","2":"type-product","3":"status-publish","4":"has-post-thumbnail","6":"product_cat-custom-glass-packaging","7":"product_cat-custom-glass-jars","8":"product_cat-glass-jars-with-lids","10":"first","11":"instock","12":"shipping-taxable","13":"product-type-simple"},"jetpack_sharing_enabled":true,"_links":{"self":[{"href":"https:\/\/yebodaglass.com\/pl\/wp-json\/wp\/v2\/product\/24603","targetHints":{"allow":["GET"]}}],"collection":[{"href":"https:\/\/yebodaglass.com\/pl\/wp-json\/wp\/v2\/product"}],"about":[{"href":"https:\/\/yebodaglass.com\/pl\/wp-json\/wp\/v2\/types\/product"}],"version-history":[{"count":4,"href":"https:\/\/yebodaglass.com\/pl\/wp-json\/wp\/v2\/product\/24603\/revisions"}],"predecessor-version":[{"id":24612,"href":"https:\/\/yebodaglass.com\/pl\/wp-json\/wp\/v2\/product\/24603\/revisions\/24612"}],"wp:featuredmedia":[{"embeddable":true,"href":"https:\/\/yebodaglass.com\/pl\/wp-json\/wp\/v2\/media\/24604"}],"wp:attachment":[{"href":"https:\/\/yebodaglass.com\/pl\/wp-json\/wp\/v2\/media?parent=24603"}],"wp:term":[{"taxonomy":"product_brand","embeddable":true,"href":"https:\/\/yebodaglass.com\/pl\/wp-json\/wp\/v2\/product_brand?post=24603"},{"taxonomy":"product_cat","embeddable":true,"href":"https:\/\/yebodaglass.com\/pl\/wp-json\/wp\/v2\/product_cat?post=24603"},{"taxonomy":"product_tag","embeddable":true,"href":"https:\/\/yebodaglass.com\/pl\/wp-json\/wp\/v2\/product_tag?post=24603"}],"curies":[{"name":"wp","href":"https:\/\/api.w.org\/{rel}","templated":true}]}}