{"id":24588,"date":"2025-12-24T14:14:57","date_gmt":"2025-12-24T06:14:57","guid":{"rendered":"https:\/\/yebodaglass.com\/?post_type=product&#038;p=24588"},"modified":"2025-12-25T10:18:26","modified_gmt":"2025-12-25T02:18:26","slug":"borosilicate-glass-jars-with-lids-and-spoons-bulk","status":"publish","type":"product","link":"https:\/\/yebodaglass.com\/pl\/borosilicate-glass-jars-with-lids-and-spoons-bulk\/","title":{"rendered":"S\u0142oiki ze szk\u0142a borokrzemianowego o pojemno\u015bci 300 ml, 350 ml i 450 ml z pokrywkami i \u0142y\u017ceczkami (hurt)"},"content":{"rendered":"<p data-start=\"66\" data-end=\"288\">Ten szklany s\u0142oik z pokrywk\u0105 i \u0142y\u017ceczk\u0105 jest w ca\u0142o\u015bci wykonany ze szk\u0142a borokrzemianowego. Cylindryczny kszta\u0142t jest wyposa\u017cony w jasnobe\u017cow\u0105 bambusow\u0105 pokrywk\u0119 i \u0142y\u017ceczk\u0119 do ka\u017cdego s\u0142oika, a sam s\u0142oik jest prosty w obs\u0142udze.<\/p>\n<h2>Cechy produktu<\/h2>\n<ul>\n<li><strong>Po\u0142\u0105czona struktura pokrywki i \u0142y\u017cki:<\/strong> B\u0119dzie to bambusowa \u0142y\u017cka przymocowana do \u015brodka pokrywki. Taka konstrukcja sprawi, \u017ce przybory nie b\u0119d\u0105 si\u0119 gubi\u0107, a ca\u0142y proces stanie si\u0119 prostszy.<\/li>\n<li><strong>Szk\u0142o borokrzemianowe:<\/strong> Szk\u0142o borokrzemianowe charakteryzuje si\u0119 du\u017c\u0105 odporno\u015bci\u0105 na temperatur\u0119 (-20 C -150 C) i jest odporne na st\u0142uczenia, a ponadto mo\u017ce by\u0107 ponownie wykorzystane.<\/li>\n<li><strong>Doskonale szczelna pokrywka bambusowa:<\/strong> Szklany s\u0142oik ma jasnobe\u017cow\u0105 bambusow\u0105 pokrywk\u0119 z wbudowanym pier\u015bcieniem uszczelniaj\u0105cym, dzi\u0119ki czemu jest idealnym miejscem do przechowywania suchych produkt\u00f3w.<\/li>\n<\/ul>\n<h2 style=\"text-align: left;\">Kluczowe specyfikacje<\/h2>\n<table class=\"aligncenter\" style=\"border-collapse: collapse; width: 528.02pt;\" border=\"0\" width=\"704\" cellspacing=\"0\" cellpadding=\"0\">\n<tbody>\n<tr style=\"height: 13.50pt;\">\n<td style=\"height: 13.50pt; width: 135.00pt;\" width=\"180\" height=\"18\">Atrybut<\/td>\n<td style=\"width: 393.00pt;\" width=\"524\">Bli\u017csze dane<\/td>\n<\/tr>\n<tr style=\"height: 13.50pt;\">\n<td style=\"height: 13.50pt;\" height=\"18\">Wymiary<\/td>\n<td>300 ml: 6,5 \u00d7 10 cm; 350 ml: 6,5 \u00d7 12 cm; 450 ml: 6,5 \u00d7 15 cm<\/td>\n<\/tr>\n<tr style=\"height: 13.50pt;\">\n<td style=\"height: 13.50pt;\" height=\"18\">Tworzywo<\/td>\n<td>Szk\u0142o borokrzemianowe, bambus<\/td>\n<\/tr>\n<tr style=\"height: 13.50pt;\">\n<td style=\"height: 13.50pt;\" height=\"18\">Kszta\u0142t s\u0142oika<\/td>\n<td>Prosty, cylindryczny kszta\u0142t, g\u0142adka \u015bcianka wewn\u0119trzna, p\u0142aska, okr\u0105g\u0142a podstawa<\/td>\n<\/tr>\n<tr style=\"height: 13.50pt;\">\n<td style=\"height: 13.50pt;\" height=\"18\">Typ pokrywy<\/td>\n<td>Jasnobe\u017cowa, p\u0142aska pokrywka z bambusa<\/td>\n<\/tr>\n<tr style=\"height: 13.50pt;\">\n<td style=\"height: 13.50pt;\" height=\"18\">Cechy materia\u0142u borokrzemianowego<\/td>\n<td>Wysoka przejrzysto\u015b\u0107, doskona\u0142a odporno\u015b\u0107 na temperatur\u0119<\/td>\n<\/tr>\n<tr style=\"height: 13.50pt;\">\n<td style=\"height: 13.50pt;\" height=\"18\">Idealny dla<\/td>\n<td>S\u0142oiki szklane z pokrywkami i \u0142y\u017ceczkami, s\u0142oiki szklane z pokrywkami<\/td>\n<\/tr>\n<\/tbody>\n<\/table>\n<h2>Historia sukcesu: szybki rozw\u00f3j dystrybutor\u00f3w<\/h2>\n<p>Jeden z regionalnych dostawc\u00f3w artyku\u0142\u00f3w kuchennych i \u017cywno\u015bci zam\u00f3wi\u0142 na pocz\u0105tku 4000 szklanych s\u0142oik\u00f3w z pokrywkami i \u0142y\u017ceczkami. Reakcja rynku by\u0142a znakomita. Pierwszy z nich, wysokiej jako\u015bci szk\u0142o borokrzemianowe, wyd\u0142u\u017cy\u0142o okres przydatno\u015bci \u017cywno\u015bci o 43%; drugi, dzi\u0119ki doskona\u0142ej szczelno\u015bci, zmniejszy\u0142 ryzyko st\u0142uczenia o 39%. Zgodnie z tymi wynikami, dystrybutor zam\u00f3wi\u0142 kolejn\u0105 parti\u0119 320 000 s\u0142oik\u00f3w z pokrywkami.<\/p>\n<h2>S\u0142oiki szklane z pokrywkami \u2013 sugestie personalizacji<\/h2>\n<ul>\n<li>Markowy uchwyt \u0142y\u017cki: Umie\u015bcisz logo swojej firmy na bambusowym uchwycie \u0142y\u017cki za pomoc\u0105 grawerowania laserowego.<\/li>\n<li>Teksturowane dno: Na dnie s\u0142oika znajduje si\u0119 delikatny wz\u00f3r kratki, dzi\u0119ki kt\u00f3remu s\u0142oik lepiej trzyma si\u0119 na g\u0142adkim blacie kuchennym.<\/li>\n<li>Opcje rozmiaru \u0142y\u017cki: \u0141y\u017ceczki o r\u00f3\u017cnych rozmiarach (na przyk\u0142ad mini \u0142y\u017ceczki 300 ml) s\u0105 dost\u0119pne jako akcesoria opcjonalne.<\/li>\n<li>Pow\u0142oka odporna na plamy: Ta przezroczysta pow\u0142oka przeznaczona do kontaktu z \u017cywno\u015bci\u0105, pokrywaj\u0105ca wewn\u0119trzn\u0105 \u015bciank\u0119 s\u0142oika, zapobiega powstawaniu plam spowodowanych przyprawami lub ciemnymi produktami spo\u017cywczymi.<\/li>\n<li>Matowy obszar etykiety: Jest to prostok\u0105tny obszar z matowym wyko\u0144czeniem, na kt\u00f3rym umieszczona jest etykieta produktu.<\/li>\n<\/ul>","protected":false},"excerpt":{"rendered":"<p dir=\"auto\">Bulk glass jar with lid and spoon offering glass jars with lid in transparent borosilicate, minimalist bamboo elements, gradient sizes. Bulk order discounts.<\/p>","protected":false},"featured_media":24596,"template":"","meta":[],"product_brand":[],"product_cat":[122,124,137],"product_tag":[],"class_list":{"0":"post-24588","1":"product","2":"type-product","3":"status-publish","4":"has-post-thumbnail","6":"product_cat-custom-glass-packaging","7":"product_cat-custom-glass-jars","8":"product_cat-glass-jars-with-lids","10":"first","11":"instock","12":"shipping-taxable","13":"product-type-simple"},"jetpack_sharing_enabled":true,"_links":{"self":[{"href":"https:\/\/yebodaglass.com\/pl\/wp-json\/wp\/v2\/product\/24588","targetHints":{"allow":["GET"]}}],"collection":[{"href":"https:\/\/yebodaglass.com\/pl\/wp-json\/wp\/v2\/product"}],"about":[{"href":"https:\/\/yebodaglass.com\/pl\/wp-json\/wp\/v2\/types\/product"}],"version-history":[{"count":4,"href":"https:\/\/yebodaglass.com\/pl\/wp-json\/wp\/v2\/product\/24588\/revisions"}],"predecessor-version":[{"id":24610,"href":"https:\/\/yebodaglass.com\/pl\/wp-json\/wp\/v2\/product\/24588\/revisions\/24610"}],"wp:featuredmedia":[{"embeddable":true,"href":"https:\/\/yebodaglass.com\/pl\/wp-json\/wp\/v2\/media\/24596"}],"wp:attachment":[{"href":"https:\/\/yebodaglass.com\/pl\/wp-json\/wp\/v2\/media?parent=24588"}],"wp:term":[{"taxonomy":"product_brand","embeddable":true,"href":"https:\/\/yebodaglass.com\/pl\/wp-json\/wp\/v2\/product_brand?post=24588"},{"taxonomy":"product_cat","embeddable":true,"href":"https:\/\/yebodaglass.com\/pl\/wp-json\/wp\/v2\/product_cat?post=24588"},{"taxonomy":"product_tag","embeddable":true,"href":"https:\/\/yebodaglass.com\/pl\/wp-json\/wp\/v2\/product_tag?post=24588"}],"curies":[{"name":"wp","href":"https:\/\/api.w.org\/{rel}","templated":true}]}}