{"id":24586,"date":"2025-12-24T14:26:16","date_gmt":"2025-12-24T06:26:16","guid":{"rendered":"https:\/\/yebodaglass.com\/?post_type=product&#038;p=24586"},"modified":"2026-03-12T15:46:01","modified_gmt":"2026-03-12T07:46:01","slug":"custom-food-storage-glass-jars-for-packaging-bulk","status":"publish","type":"product","link":"https:\/\/yebodaglass.com\/pl\/custom-food-storage-glass-jars-for-packaging-bulk\/","title":{"rendered":"S\u0142oiki szklane do przechowywania \u017cywno\u015bci o pojemno\u015bci 175 ml \u2013 500 ml, dostosowane do pakowania luzem"},"content":{"rendered":"<p>Te szklane s\u0142oiki do przechowywania \u017cywno\u015bci maj\u0105 g\u0142adki, cylindryczny kszta\u0142t i przezroczyste, krystalicznie czyste szk\u0142o, kt\u00f3re zapewnia doskona\u0142y widok na zawarto\u015b\u0107. Pokrywki wykonane s\u0105 z naturalnego drewna i wyposa\u017cone w silikonow\u0105 uszczelk\u0119, kt\u00f3ra zapewnia \u015bwie\u017co\u015b\u0107 \u017cywno\u015bci.<\/p>\n<h2>Cechy produktu<\/h2>\n<ul>\n<li><strong>Odporno\u015b\u0107 na wysok\u0105 temperatur\u0119: <\/strong>Szk\u0142o borokrzemianowe jest odporne na wahania temperatury, dzi\u0119ki czemu nadaje si\u0119 do przechowywania zar\u00f3wno ciep\u0142ych, jak i zimnych potraw. Ponadto jest mniej podatne na st\u0142uczenie, dzi\u0119ki czemu s\u0142oik mo\u017cna wykorzysta\u0107 na wiele sposob\u00f3w.<\/li>\n<li><strong>Doskona\u0142a silikonowa pokrywka:<\/strong> Szczelno\u015b\u0107 pokrywki gwarantuje drewniana pokrywa z wbudowanym pier\u015bcieniem silikonowym, kt\u00f3ry utrzymuje \u015bwie\u017co\u015b\u0107 i zapobiega rozlewaniu.<\/li>\n<li><strong>R\u00f3\u017cne rozmiary:<\/strong> Dost\u0119pny jest w r\u00f3\u017cnych rozmiarach, takich jak mini, ma\u0142y i du\u017cy, kt\u00f3re spe\u0142niaj\u0105 wszystkie Twoje potrzeby w zakresie przechowywania towar\u00f3w suchych.<\/li>\n<\/ul>\n<h2>Kluczowe specyfikacje<\/h2>\n<table style=\"border-collapse: collapse; width: 80%; margin-left: auto; margin-right: auto;\" border=\"0\" width=\"360\" cellspacing=\"0\" cellpadding=\"0\">\n<tbody>\n<tr style=\"height: 13.50pt;\">\n<td style=\"height: 13.5pt; width: 54pt; text-align: center;\" width=\"72\" height=\"18\">Pojemno\u015b\u0107 (ml)<\/td>\n<td style=\"width: 54pt; text-align: center;\" width=\"72\">Rozmiar (cm)<\/td>\n<td style=\"width: 54pt; text-align: center;\" width=\"72\">\u015arednica otworu<\/td>\n<td style=\"width: 54pt; text-align: center;\" width=\"72\">Tworzywo<\/td>\n<td style=\"width: 54pt; text-align: center;\" width=\"72\">Kolor<\/td>\n<\/tr>\n<tr style=\"height: 13.50pt;\">\n<td style=\"height: 13.5pt; text-align: center;\" align=\"right\" height=\"18\">175<\/td>\n<td style=\"text-align: center;\">6,5 x 10,0<\/td>\n<td class=\"et2\" style=\"text-align: center;\" rowspan=\"5\">65 mm<\/td>\n<td class=\"et2\" style=\"text-align: center;\" rowspan=\"5\">Borokrzemian<\/td>\n<td class=\"et2\" style=\"text-align: center;\" rowspan=\"5\">Wyczy\u015b\u0107 lub niestandardowo<\/td>\n<\/tr>\n<tr style=\"height: 13.50pt;\">\n<td style=\"height: 13.5pt; text-align: center;\" align=\"right\" height=\"18\">250<\/td>\n<td style=\"text-align: center;\">6,5 x 10,0<\/td>\n<\/tr>\n<tr style=\"height: 13.50pt;\">\n<td style=\"height: 13.5pt; text-align: center;\" align=\"right\" height=\"18\">300<\/td>\n<td style=\"text-align: center;\">6,5 x 12,0<\/td>\n<\/tr>\n<tr style=\"height: 13.50pt;\">\n<td style=\"height: 13.5pt; text-align: center;\" align=\"right\" height=\"18\">380<\/td>\n<td style=\"text-align: center;\">6,5 x 15,0<\/td>\n<\/tr>\n<tr style=\"height: 13.50pt;\">\n<td style=\"height: 13.5pt; text-align: center;\" align=\"right\" height=\"18\">500<\/td>\n<td style=\"text-align: center;\">6,5 x 20,0<\/td>\n<\/tr>\n<\/tbody>\n<\/table>\n<h2>Historia sukcesu<\/h2>\n<p>Jedna z du\u017cych kanadyjskich sieci sklep\u00f3w ze zdrow\u0105 \u017cywno\u015bci\u0105 postanowi\u0142a przej\u0105\u0107 wszystkie nasze kuchenne s\u0142oiki do przechowywania i wykona\u0107 je na zam\u00f3wienie, z markowymi, rze\u017abionymi w drewnie pokrywkami i bursztynowymi szklanymi s\u0142oikami. Te indywidualne rozwi\u0105zania okaza\u0142y si\u0119 niezwykle korzystne: bursztynowe szklane s\u0142oiki ograniczy\u0142y degradacj\u0119 wra\u017cliwych na \u015bwiat\u0142o zi\u00f3\u0142 i herbat o jedn\u0105 czwart\u0105, a przejrzyste etykiety i hermetyczne zamkni\u0119cia zmniejszy\u0142y psucie si\u0119 produkt\u00f3w w sklepie o 18%. Na podstawie tych wynik\u00f3w firma zam\u00f3wi\u0142a kolejne dwie\u015bcie tysi\u0119cy s\u0142oik\u00f3w do przechowywania, kt\u00f3re mia\u0142y by\u0107 u\u017cywane w ponad 500 sklepach.<\/p>\n<h2>Rekomendacje dotycz\u0105ce personalizacji s\u0142oik\u00f3w do przechowywania w kuchni<\/h2>\n<ul>\n<li>Niestandardowe znakowanie drewnianej pokrywy: Mark\u0119 Twojego produktu mo\u017cna wyci\u0105\u0107 laserowo, nadrukowa\u0107 lub wyt\u0142oczy\u0107 na drewnianej pokrywie.<\/li>\n<li>Szk\u0142o \u015bwiat\u0142oszczelne: Dost\u0119pne jest w s\u0142oikach ze szk\u0142a bursztynowego lub zielonego, s\u0142u\u017c\u0105cych do przechowywania produkt\u00f3w wra\u017cliwych na \u015bwiat\u0142o, takich jak przyprawy, kawa lub niekt\u00f3re witaminy.<\/li>\n<li>Miejsce na etykiet\u0119 tablicow\u0105: Etykiet\u0119 mo\u017cna \u0142atwo wymieni\u0107, wykorzystuj\u0105c wbudowan\u0105 przestrze\u0144 na farb\u0119 tablicow\u0105 lub naklejki tablicowe.<\/li>\n<\/ul>","protected":false},"excerpt":{"rendered":"<p>Szklane s\u0142oiki do przechowywania \u017cywno\u015bci premium z naturalnymi drewnianymi pokrywkami i silikonow\u0105 uszczelk\u0105. Uniwersalne s\u0142oiki kuchenne do przechowywania \u017cywno\u015bci, idealne do nowoczesnej organizacji spi\u017carni. Dost\u0119pne od r\u0119ki.<\/p>","protected":false},"featured_media":24592,"template":"","meta":[],"product_brand":[],"product_cat":[122,124,137],"product_tag":[],"class_list":{"0":"post-24586","1":"product","2":"type-product","3":"status-publish","4":"has-post-thumbnail","6":"product_cat-custom-glass-packaging","7":"product_cat-custom-glass-jars","8":"product_cat-glass-jars-with-lids","10":"first","11":"instock","12":"shipping-taxable","13":"product-type-simple"},"jetpack_sharing_enabled":true,"_links":{"self":[{"href":"https:\/\/yebodaglass.com\/pl\/wp-json\/wp\/v2\/product\/24586","targetHints":{"allow":["GET"]}}],"collection":[{"href":"https:\/\/yebodaglass.com\/pl\/wp-json\/wp\/v2\/product"}],"about":[{"href":"https:\/\/yebodaglass.com\/pl\/wp-json\/wp\/v2\/types\/product"}],"version-history":[{"count":3,"href":"https:\/\/yebodaglass.com\/pl\/wp-json\/wp\/v2\/product\/24586\/revisions"}],"predecessor-version":[{"id":25413,"href":"https:\/\/yebodaglass.com\/pl\/wp-json\/wp\/v2\/product\/24586\/revisions\/25413"}],"wp:featuredmedia":[{"embeddable":true,"href":"https:\/\/yebodaglass.com\/pl\/wp-json\/wp\/v2\/media\/24592"}],"wp:attachment":[{"href":"https:\/\/yebodaglass.com\/pl\/wp-json\/wp\/v2\/media?parent=24586"}],"wp:term":[{"taxonomy":"product_brand","embeddable":true,"href":"https:\/\/yebodaglass.com\/pl\/wp-json\/wp\/v2\/product_brand?post=24586"},{"taxonomy":"product_cat","embeddable":true,"href":"https:\/\/yebodaglass.com\/pl\/wp-json\/wp\/v2\/product_cat?post=24586"},{"taxonomy":"product_tag","embeddable":true,"href":"https:\/\/yebodaglass.com\/pl\/wp-json\/wp\/v2\/product_tag?post=24586"}],"curies":[{"name":"wp","href":"https:\/\/api.w.org\/{rel}","templated":true}]}}