{"id":24578,"date":"2025-12-24T11:51:36","date_gmt":"2025-12-24T03:51:36","guid":{"rendered":"https:\/\/yebodaglass.com\/?post_type=product&#038;p=24578"},"modified":"2025-12-24T13:14:13","modified_gmt":"2025-12-24T05:14:13","slug":"borosilicate-glass-jars-with-bamboo-lids-and-spoons-bulk","status":"publish","type":"product","link":"https:\/\/yebodaglass.com\/pl\/borosilicate-glass-jars-with-bamboo-lids-and-spoons-bulk\/","title":{"rendered":"S\u0142oiki ze szk\u0142a borokrzemianowego o pojemno\u015bci 500 ml, 850 ml i 1150 ml z pokrywkami bambusowymi i \u0142y\u017ceczkami (hurt)"},"content":{"rendered":"<p data-start=\"66\" data-end=\"288\">Te szklane s\u0142oiki z bambusowymi pokrywkami i \u0142y\u017ceczkami wykonane s\u0105 z przezroczystego szk\u0142a borokrzemianowego i maj\u0105 klasyczny, zaokr\u0105glony kszta\u0142t, kt\u00f3ry nigdy nie wychodzi z mody. S\u0142oiki uzupe\u0142nia lekka, stonowana, p\u0142aska pokrywka z bambusa oraz \u0142y\u017ceczka w tym samym kolorze.<\/p>\n<h2>Cechy produktu<\/h2>\n<ul>\n<li><strong>Klasyczny zaokr\u0105glony design:<\/strong> Szeroki korpus sprawia, \u017ce \u200b\u200bprzechowywanie przedmiot\u00f3w jest bardzo \u0142atwe, poniewa\u017c jest wystarczaj\u0105co du\u017co miejsca na to, co chcesz umie\u015bci\u0107, a Ty mo\u017cesz szybko si\u0119gn\u0105\u0107 po przedmioty.<\/li>\n<li><strong>Zestaw bambusowej pokrywki i \u0142y\u017cki:<\/strong> W zestawie znajduje si\u0119 pokrywka i \u0142y\u017ceczka w tym samym kolorze, dzi\u0119ki czemu idealnie do siebie pasuj\u0105 i s\u0105 gotowe do u\u017cycia natychmiast, bez \u017cadnych problem\u00f3w.<\/li>\n<li><strong>Szk\u0142o borokrzemianowe premium:<\/strong> Produkt jest odporny na gwa\u0142towne zmiany temperatury i przez d\u0142ugi czas pozostaje przejrzysty.<\/li>\n<\/ul>\n<h2 style=\"text-align: left;\">Kluczowe specyfikacje<\/h2>\n<table class=\"aligncenter\" style=\"border-collapse: collapse; width: 622.52pt;\" border=\"0\" width=\"830\" cellspacing=\"0\" cellpadding=\"0\">\n<tbody>\n<tr style=\"height: 13.50pt;\">\n<td style=\"height: 13.50pt; width: 186.75pt;\" width=\"249\" height=\"18\">Atrybut<\/td>\n<td style=\"width: 435.75pt;\" width=\"581\">Bli\u017csze dane<\/td>\n<\/tr>\n<tr style=\"height: 13.50pt;\">\n<td style=\"height: 13.50pt;\" height=\"18\">Pojemno\u015b\u0107<\/td>\n<td>500 ml, 850 ml, 1150 ml<\/td>\n<\/tr>\n<tr style=\"height: 13.50pt;\">\n<td style=\"height: 13.50pt;\" height=\"18\">Wymiary<\/td>\n<td>7\u00d710,5 cm \/ 7\u00d713 cm \/ 7,5\u00d714 cm<\/td>\n<\/tr>\n<tr style=\"height: 13.50pt;\">\n<td style=\"height: 13.50pt;\" height=\"18\">Tworzywo<\/td>\n<td>Przezroczyste szk\u0142o borokrzemianowe i bambus (pokrywka i \u0142y\u017ceczka)<\/td>\n<\/tr>\n<tr style=\"height: 13.50pt;\">\n<td style=\"height: 13.50pt;\" height=\"18\">Typ pokrywy<\/td>\n<td>Jasnobe\u017cowa, p\u0142aska pokrywka z bambusa (z hermetycznym pier\u015bcieniem uszczelniaj\u0105cym w \u015brodku)<\/td>\n<\/tr>\n<tr style=\"height: 13.50pt;\">\n<td style=\"height: 13.50pt;\" height=\"18\">Cechy materia\u0142u borokrzemianowego<\/td>\n<td>Wysoka przejrzysto\u015b\u0107, doskona\u0142a odporno\u015b\u0107 na temperatur\u0119, odporno\u015b\u0107 na korozj\u0119<\/td>\n<\/tr>\n<tr style=\"height: 13.50pt;\">\n<td style=\"height: 13.50pt;\" height=\"18\">Idealny dla<\/td>\n<td>s\u0142oiki szklane luzem, s\u0142oiki szklane z \u0142y\u017ceczkami<\/td>\n<\/tr>\n<\/tbody>\n<\/table>\n<h2>Historia sukcesu: szybki wzrost dystrybutora<\/h2>\n<p>Krajowy dostawca artyku\u0142\u00f3w kuchennych i \u017cywno\u015bci z\u0142o\u017cy\u0142 wst\u0119pne zam\u00f3wienie na 15 000 sztuk naszych szklanych s\u0142oik\u00f3w z bambusowymi pokrywkami i \u0142y\u017ceczkami. Sie\u0107 supermarket\u00f3w og\u0142osi\u0142a, \u017ce \u200b\u200bdzi\u0119ki szczelnemu zamkni\u0119ciu bambusow\u0105 pokrywk\u0105 okres przydatno\u015bci do spo\u017cycia suchej \u017cywno\u015bci zosta\u0142 wyd\u0142u\u017cony o 42%, a przestrze\u0144 na p\u00f3\u0142ce zosta\u0142a zredukowana o 32% dzi\u0119ki kompaktowej, okr\u0105g\u0142ej konstrukcji. W zwi\u0105zku z tym dystrybutor zdecydowa\u0142 si\u0119 na realizacj\u0119 kolejnego zam\u00f3wienia na 380 000 szklanych s\u0142oik\u00f3w, aby natychmiast sprosta\u0107 wysokiemu zapotrzebowaniu na rynku.<\/p>\n<h2>Sugestie personalizacji szklanych s\u0142oik\u00f3w hurtowych<\/h2>\n<ul>\n<li>Kolorowe silikonowe pier\u015bcienie uszczelniaj\u0105ce. Dostarczaj\u0105 kolorowe, silikonowe pier\u015bcienie uszczelniaj\u0105ce do pokrywek, przeznaczone do kontaktu z \u017cywno\u015bci\u0105, kt\u00f3re mo\u017cna personalizowa\u0107.<\/li>\n<li>Niestandardowe barwienie bambusa. Wska\u017c dok\u0142adny kolor (naturalny, ciemny itp.) pokrywki i \u0142y\u017cki bambusowej, jaki chcesz.<\/li>\n<li>Wytrawione ikony przeznaczenia: Umieszczaj ma\u0142e ikonki przypraw, zb\u00f3\u017c lub miodu na ramieniu s\u0142oika, aby \u0142atwo znale\u017a\u0107 miejsce przechowywania idealnego produktu.<\/li>\n<li>Teksturowane dno: Delikatny wz\u00f3r kratki na dnie s\u0142oika mo\u017ce znacznie pom\u00f3c w utrzymaniu g\u0142adkich powierzchni blat\u00f3w kuchennych.<\/li>\n<\/ul>","protected":false},"excerpt":{"rendered":"<p dir=\"auto\">Odkryj szklane s\u0142oiki z bambusowymi pokrywkami i \u0142y\u017ceczkami do szklanych s\u0142oik\u00f3w na wag\u0119 \u2013 elegancki, wypuk\u0142y kszta\u0142t, przezroczyste szk\u0142o, z pasuj\u0105cym klipsem do \u0142y\u017ceczki. Mo\u017cliwo\u015b\u0107 personalizacji wzor\u00f3w.<\/p>","protected":false},"featured_media":24581,"template":"","meta":[],"product_brand":[],"product_cat":[122,124,137],"product_tag":[],"class_list":{"0":"post-24578","1":"product","2":"type-product","3":"status-publish","4":"has-post-thumbnail","6":"product_cat-custom-glass-packaging","7":"product_cat-custom-glass-jars","8":"product_cat-glass-jars-with-lids","10":"first","11":"instock","12":"shipping-taxable","13":"product-type-simple"},"jetpack_sharing_enabled":true,"_links":{"self":[{"href":"https:\/\/yebodaglass.com\/pl\/wp-json\/wp\/v2\/product\/24578","targetHints":{"allow":["GET"]}}],"collection":[{"href":"https:\/\/yebodaglass.com\/pl\/wp-json\/wp\/v2\/product"}],"about":[{"href":"https:\/\/yebodaglass.com\/pl\/wp-json\/wp\/v2\/types\/product"}],"version-history":[{"count":3,"href":"https:\/\/yebodaglass.com\/pl\/wp-json\/wp\/v2\/product\/24578\/revisions"}],"predecessor-version":[{"id":24585,"href":"https:\/\/yebodaglass.com\/pl\/wp-json\/wp\/v2\/product\/24578\/revisions\/24585"}],"wp:featuredmedia":[{"embeddable":true,"href":"https:\/\/yebodaglass.com\/pl\/wp-json\/wp\/v2\/media\/24581"}],"wp:attachment":[{"href":"https:\/\/yebodaglass.com\/pl\/wp-json\/wp\/v2\/media?parent=24578"}],"wp:term":[{"taxonomy":"product_brand","embeddable":true,"href":"https:\/\/yebodaglass.com\/pl\/wp-json\/wp\/v2\/product_brand?post=24578"},{"taxonomy":"product_cat","embeddable":true,"href":"https:\/\/yebodaglass.com\/pl\/wp-json\/wp\/v2\/product_cat?post=24578"},{"taxonomy":"product_tag","embeddable":true,"href":"https:\/\/yebodaglass.com\/pl\/wp-json\/wp\/v2\/product_tag?post=24578"}],"curies":[{"name":"wp","href":"https:\/\/api.w.org\/{rel}","templated":true}]}}