{"id":24570,"date":"2025-12-24T10:32:19","date_gmt":"2025-12-24T02:32:19","guid":{"rendered":"https:\/\/yebodaglass.com\/?post_type=product&#038;p=24570"},"modified":"2025-12-24T16:47:49","modified_gmt":"2025-12-24T08:47:49","slug":"custom-glass-jar-with-bamboo-lid-for-food-storage-bulk","status":"publish","type":"product","link":"https:\/\/yebodaglass.com\/pl\/custom-glass-jar-with-bamboo-lid-for-food-storage-bulk\/","title":{"rendered":"S\u0142oik szklany o pojemno\u015bci 450 ml, 560 ml, 700 ml i 950 ml z pokrywk\u0105 bambusow\u0105 do przechowywania \u017cywno\u015bci w du\u017cych ilo\u015bciach"},"content":{"rendered":"<p>Przesta\u0144 walczy\u0107 z plastikowymi pokrywkami. Tworzymy szklane s\u0142oiki z bambusow\u0105 pokrywk\u0105 \u2013 stworzone dla marek, kt\u00f3re potrzebuj\u0105 naprawd\u0119 skutecznego rozwi\u0105zania do przechowywania. Te s\u0142oiki do przechowywania zamieniaj\u0105 codzienne zapasy w moment, w kt\u00f3rym marka staje si\u0119 rozpoznawalna. Zam\u00f3wienia hurtowe s\u0105 dost\u0119pne z wyko\u0144czeniem dopasowanym do Twojej marki.<\/p>\n<h2>Cechy produktu<\/h2>\n<p><strong>Uszczelka pokrywy bambusowej<\/strong><\/p>\n<p>Dzi\u0119ki niemu ziarna kawy zachowuj\u0105 \u015bwie\u017co\u015b\u0107 \u2014 nie ma wilgoci, zapachu i nie trzeba ich przechowywa\u0107 w s\u0142oikach.<\/p>\n<p><strong>Szk\u0142o \u017caroodporne<\/strong><\/p>\n<p>Radzi sobie z gor\u0105cym miodem, zimnym syropem \u2014 nigdy nie ma szoku termicznego.<\/p>\n<p><strong>Przejrzysto\u015b\u0107 o prostych bokach<\/strong><\/p>\n<p>Dostrze\u017c ka\u017cde ziarenko galaretki \u2014 Twoje s\u0142oiki do przechowywania podkre\u015blaj\u0105 walory Twojego produktu.<\/p>\n<h2>Kluczowe specyfikacje<\/h2>\n<table style=\"border-collapse: collapse; width: 80%; margin-left: auto; margin-right: auto;\" border=\"0\" width=\"360\" cellspacing=\"0\" cellpadding=\"0\">\n<tbody>\n<tr style=\"height: 13.50pt;\">\n<td style=\"height: 13.5pt; width: 54pt; text-align: center;\" width=\"72\" height=\"18\">Pojemno\u015b\u0107 (ml)<\/td>\n<td style=\"width: 54pt; text-align: center;\" width=\"72\">Rozmiar (cm)<\/td>\n<td style=\"width: 54pt; text-align: center;\" width=\"72\">\u015arednica otworu<\/td>\n<td style=\"width: 54pt; text-align: center;\" width=\"72\">Tworzywo<\/td>\n<td style=\"width: 54pt; text-align: center;\" width=\"72\">Kolor<\/td>\n<\/tr>\n<tr style=\"height: 13.50pt;\">\n<td style=\"height: 13.5pt; text-align: center;\" align=\"right\" height=\"18\">450<\/td>\n<td style=\"text-align: center;\">8,5 x 10,0<\/td>\n<td class=\"et2\" style=\"text-align: center;\" rowspan=\"4\">85 mm<\/td>\n<td class=\"et2\" style=\"text-align: center;\" rowspan=\"4\">Borokrzemian<\/td>\n<td class=\"et2\" style=\"text-align: center;\" rowspan=\"4\">Przejrzyste i niestandardowe<\/td>\n<\/tr>\n<tr style=\"height: 13.50pt;\">\n<td style=\"height: 13.5pt; text-align: center;\" align=\"right\" height=\"18\">560<\/td>\n<td style=\"text-align: center;\">8,5 x 12,0<\/td>\n<\/tr>\n<tr style=\"height: 13.50pt;\">\n<td style=\"height: 13.5pt; text-align: center;\" align=\"right\" height=\"18\">700<\/td>\n<td style=\"text-align: center;\">8,5 x 15,0<\/td>\n<\/tr>\n<tr style=\"height: 13.50pt;\">\n<td style=\"height: 13.5pt; text-align: center;\" align=\"right\" height=\"18\">950<\/td>\n<td style=\"text-align: center;\">8,5 x 20,0<\/td>\n<\/tr>\n<\/tbody>\n<\/table>\n<h2>Przypadek sukcesu<\/h2>\n<p>Ta marka naprawd\u0119 dba o \u015brodowisko. Zdecydowa\u0142a si\u0119 zrezygnowa\u0107 z plastikowych pojemnik\u00f3w i zacz\u0105\u0107 u\u017cywa\u0107 szklanych s\u0142oik\u00f3w z bambusow\u0105 pokrywk\u0105. Marka stawia na zr\u00f3wnowa\u017cony rozw\u00f3j i naturalny wygl\u0105d. Bambusowe pokrywki idealnie wpisuj\u0105 si\u0119 w jej filozofi\u0119. Osoby, kt\u00f3rym zale\u017cy na \u015brodowisku i wysokiej jako\u015bci, z pewno\u015bci\u0105 doceni\u0105 t\u0119 zmian\u0119. Marka wprowadzi\u0142a t\u0119 zmian\u0119 w swoich produktach. Zale\u017cy im na tym, aby by\u0142y ekologiczne. To wa\u017cny element tej strategii. Szklane s\u0142oiki do przechowywania i bambusowe pokrywki to spos\u00f3b, w jaki marka pokazuje, \u017ce dba o \u015brodowisko i jako\u015b\u0107.<\/p>\n<p>Od momentu wprowadzenia produktu na rynek, sprzeda\u017c marki wzros\u0142a o 20% w ci\u0105gu trzech miesi\u0119cy, a linia ekologicznych przek\u0105sek tej marki cieszy\u0142a si\u0119 najwi\u0119ksz\u0105 popularno\u015bci\u0105 w\u015br\u00f3d konsument\u00f3w.<\/p>\n<h2>Tw\u00f3j podr\u0119cznik personalizacji<\/h2>\n<ol>\n<li><strong>Etykiety spersonalizowane: <\/strong>Szklane s\u0142oiki do przechowywania mo\u017cna wykorzysta\u0107 w celach brandingowych, po prostu dodaj\u0105c do nich niestandardowe etykiety, logo lub dowolny wz\u00f3r, kt\u00f3ry u\u0142atwi rozpoznawanie marki, a tak\u017ce umo\u017cliwi zmiany w projekcie zgodnie z wymaganiami rynku.<\/li>\n<li><strong>Materia\u0142 pokrywy: <\/strong>Opr\u00f3cz pokrywek bambusowych, mo\u017cna r\u00f3wnie\u017c wybra\u0107 pokrywki z innych naturalnych materia\u0142\u00f3w lub metalowe, aby spe\u0142ni\u0107 wymagania marki. Metalowe pokrywki nadaj\u0105 bardziej nowoczesny i luksusowy charakter, natomiast pokrywki bambusowe s\u0105 bardziej ekologiczne.<\/li>\n<li><strong>Etykiety pojemno\u015bci: <\/strong>Mo\u017cliwe jest zastosowanie r\u00f3\u017cnych etykiet pojemno\u015bciowych lub podzia\u0142ek dostosowanych do r\u00f3\u017cnych cel\u00f3w, na przyk\u0142ad w celu dok\u0142adnego pomiaru ilo\u015bci lub wagi przechowywanych przedmiot\u00f3w, dzi\u0119ki czemu obs\u0142uga urz\u0105dzenia staje si\u0119 wygodniejsza i bardziej przyjazna.<\/li>\n<\/ol>","protected":false},"excerpt":{"rendered":"<p>Stylowy szklany s\u0142oik z bambusow\u0105 pokrywk\u0105, idealny do organizacji i przechowywania \u017cywno\u015bci. Idealny do utrzymania \u015bwie\u017co\u015bci produkt\u00f3w suchych. Dost\u0119pne s\u0105 zam\u00f3wienia hurtowe i bezp\u0142atne pr\u00f3bki.<\/p>","protected":false},"featured_media":24577,"template":"","meta":[],"product_brand":[],"product_cat":[122,124,137],"product_tag":[],"class_list":{"0":"post-24570","1":"product","2":"type-product","3":"status-publish","4":"has-post-thumbnail","6":"product_cat-custom-glass-packaging","7":"product_cat-custom-glass-jars","8":"product_cat-glass-jars-with-lids","10":"first","11":"instock","12":"shipping-taxable","13":"product-type-simple"},"jetpack_sharing_enabled":true,"_links":{"self":[{"href":"https:\/\/yebodaglass.com\/pl\/wp-json\/wp\/v2\/product\/24570","targetHints":{"allow":["GET"]}}],"collection":[{"href":"https:\/\/yebodaglass.com\/pl\/wp-json\/wp\/v2\/product"}],"about":[{"href":"https:\/\/yebodaglass.com\/pl\/wp-json\/wp\/v2\/types\/product"}],"version-history":[{"count":4,"href":"https:\/\/yebodaglass.com\/pl\/wp-json\/wp\/v2\/product\/24570\/revisions"}],"predecessor-version":[{"id":24602,"href":"https:\/\/yebodaglass.com\/pl\/wp-json\/wp\/v2\/product\/24570\/revisions\/24602"}],"wp:featuredmedia":[{"embeddable":true,"href":"https:\/\/yebodaglass.com\/pl\/wp-json\/wp\/v2\/media\/24577"}],"wp:attachment":[{"href":"https:\/\/yebodaglass.com\/pl\/wp-json\/wp\/v2\/media?parent=24570"}],"wp:term":[{"taxonomy":"product_brand","embeddable":true,"href":"https:\/\/yebodaglass.com\/pl\/wp-json\/wp\/v2\/product_brand?post=24570"},{"taxonomy":"product_cat","embeddable":true,"href":"https:\/\/yebodaglass.com\/pl\/wp-json\/wp\/v2\/product_cat?post=24570"},{"taxonomy":"product_tag","embeddable":true,"href":"https:\/\/yebodaglass.com\/pl\/wp-json\/wp\/v2\/product_tag?post=24570"}],"curies":[{"name":"wp","href":"https:\/\/api.w.org\/{rel}","templated":true}]}}