{"id":24552,"date":"2025-12-23T15:56:39","date_gmt":"2025-12-23T07:56:39","guid":{"rendered":"https:\/\/yebodaglass.com\/?post_type=product&#038;p=24552"},"modified":"2025-12-24T09:18:02","modified_gmt":"2025-12-24T01:18:02","slug":"empty-unique-glass-jars-with-lids-wholesale","status":"publish","type":"product","link":"https:\/\/yebodaglass.com\/pl\/empty-unique-glass-jars-with-lids-wholesale\/","title":{"rendered":"350 ml \u2013 950 ml Puste, wyj\u0105tkowe szklane s\u0142oiki z pokrywkami \u2013 sprzeda\u017c hurtowa"},"content":{"rendered":"<p data-start=\"66\" data-end=\"288\">To niezwyk\u0142e szklane s\u0142oiki z pokrywkami, kt\u00f3re posiadaj\u0105 w\u0142asne wieczka: maj\u0105 nietypowy kszta\u0142t trapezu, w\u0105ski u g\u00f3ry, szerszy u do\u0142u i ostre k\u0105ty. Zawarto\u015b\u0107 jest dobrze widoczna dzi\u0119ki po\u0142\u0105czeniu z lekkimi, naturalnymi, bambusowymi pokrywkami.<\/p>\n<h2>Cechy produktu<\/h2>\n<ul>\n<li><strong>Wielop\u0142aszczyznowy kszta\u0142t trapezowy:<\/strong> Kszta\u0142t trapezu, kt\u00f3ry jest cie\u0144szy u g\u00f3ry i szerszy u do\u0142u, a tak\u017ce ma ostre k\u0105ty, nie tylko jest bardziej stabilny w por\u00f3wnaniu ze s\u0142oikami cylindrycznymi, ale tak\u017ce zapewnia wizualn\u0105 g\u0142\u0119bi\u0119.<\/li>\n<li><strong>Przezroczyste cia\u0142o:<\/strong> S\u0142oik wykonany jest z ca\u0142kowicie przezroczystego szk\u0142a, dzi\u0119ki czemu mo\u017cna wyra\u017anie zobaczy\u0107 jego zawarto\u015b\u0107 bez otwierania pokrywki.<\/li>\n<li><strong>Pokrywka bambusowa:<\/strong> Pokrywka bambusowa jest lekka, wyposa\u017cona w warstw\u0119 uszczelniaj\u0105c\u0105, prosty design i zapewnia doskona\u0142e uszczelnienie.<\/li>\n<\/ul>\n<h2 style=\"text-align: left;\">Kluczowe specyfikacje<\/h2>\n<table class=\"aligncenter\" style=\"border-collapse: collapse; width: 459.02pt;\" border=\"0\" width=\"612\" cellspacing=\"0\" cellpadding=\"0\">\n<tbody>\n<tr style=\"height: 13.50pt;\">\n<td style=\"height: 13.50pt; width: 100.50pt;\" width=\"134\" height=\"18\">Specyfikacja<\/td>\n<td style=\"width: 358.50pt;\" width=\"478\">Bli\u017csze dane<\/td>\n<\/tr>\n<tr style=\"height: 13.50pt;\">\n<td style=\"height: 13.50pt;\" height=\"18\">Pojemno\u015b\u0107<\/td>\n<td>350 ml \/ 500 ml \/ 750 ml \/ 950 ml<\/td>\n<\/tr>\n<tr style=\"height: 13.50pt;\">\n<td style=\"height: 13.50pt;\" height=\"18\">Wymiary<\/td>\n<td>10\u00d710,2 cm \/ 11,5\u00d712 cm \/ 12,5\u00d713,7 cm \/ 14\u00d715,2 cm<\/td>\n<\/tr>\n<tr style=\"height: 13.50pt;\">\n<td style=\"height: 13.50pt;\" height=\"18\">Tworzywo<\/td>\n<td>Szk\u0142o borokrzemianowe<\/td>\n<\/tr>\n<tr style=\"height: 13.50pt;\">\n<td style=\"height: 13.50pt;\" height=\"18\">Kszta\u0142t s\u0142oika<\/td>\n<td>Wielop\u0142aszczyznowa \u015bci\u0119ta piramida (poszerzaj\u0105ca si\u0119 podstawa)<\/td>\n<\/tr>\n<tr style=\"height: 13.50pt;\">\n<td style=\"height: 13.50pt;\" height=\"18\">Typ pokrywy<\/td>\n<td>Lekka, p\u0142aska pokrywka z bambusa z uszczelk\u0105 kraw\u0119dziow\u0105<\/td>\n<\/tr>\n<tr style=\"height: 13.50pt;\">\n<td style=\"height: 13.50pt;\" height=\"18\">Cecha materia\u0142u<\/td>\n<td>Odporne na dzia\u0142anie temperatury i chemikali\u00f3w, wysoka przejrzysto\u015b\u0107<\/td>\n<\/tr>\n<tr style=\"height: 13.50pt;\">\n<td style=\"height: 13.50pt;\" height=\"18\">Idealny dla<\/td>\n<td>S\u0142oiki szklane z pokrywkami hurtowo, S\u0142oiki szklane z drewnianymi pokrywkami<\/td>\n<\/tr>\n<\/tbody>\n<\/table>\n<h2>Historia sukcesu<\/h2>\n<p>Firma produkuj\u0105ca wysokiej jako\u015bci herbat\u0119 by\u0142a zainteresowana opakowaniem, kt\u00f3re jednocze\u015bnie eksponowa\u0142oby i prezentowa\u0142o herbat\u0119. Wybra\u0142a nasze wyj\u0105tkowe szklane s\u0142oiki o pojemno\u015bci 500 ml z pokrywkami do swojej nowej linii herbat jednorodnych. Ten projekt ze szk\u0142a borokrzemianowego jest nie tylko trwa\u0142y (ze wska\u017anikiem st\u0142uczenia zaledwie 0,2% podczas transportu), ale jego wielop\u0142aszczyznowy design doskonale eksponuje kolor herbaty i jej faktur\u0119, co doprowadzi\u0142o do 70-procentowego wzrostu liczby produkt\u00f3w udost\u0119pnianych w mediach spo\u0142eczno\u015bciowych. Po tym ogromnym sukcesie firma zam\u00f3wi\u0142a 200 000 kolejnych szklanych s\u0142oik\u00f3w, kt\u00f3re b\u0119d\u0105 promowane na ca\u0142ym \u015bwiecie.<\/p>\n<h2>Opcje personalizacji hurtowych s\u0142oik\u00f3w i pokrywek szklanych<\/h2>\n<ul>\n<li>Promocyjne pokrywki do s\u0142oik\u00f3w bambusowych. Teraz mo\u017cesz wymieni\u0107 je na pokrywki do s\u0142oik\u00f3w bambusowych wykonane z jednego kawa\u0142ka bambusa z laserowo grawerowanymi logotypami.<\/li>\n<li>Frost, Zdecyduj si\u0119 na wyko\u0144czenie naprzemiennie \u015bciankami s\u0142oika matowym lakierem, aby uzyska\u0107 efektown\u0105 gr\u0119 \u015bwiate\u0142 i cieni.<\/li>\n<li>Wzory geometryczne drukowane metod\u0105 sitodruku \u2013 wzory powtarzaj\u0105ce k\u0105ty korpusu s\u0142oika na jednej lub dw\u00f3ch powierzchniach.<\/li>\n<li>Akcenty witra\u017cowe \u2013 Mo\u017cna je stosowa\u0107 na niekt\u00f3rych powierzchniach (np. na froncie) w po\u0142\u0105czeniu ze szk\u0142em kolorowym, aby uzyska\u0107 kontrast.<\/li>\n<\/ul>","protected":false},"excerpt":{"rendered":"<p dir=\"auto\">Odkryj hurtow\u0105 ofert\u0119 szklanych s\u0142oik\u00f3w i pokrywek, w tym wyj\u0105tkowe szklane s\u0142oiki z pokrywkami o fasetowanym trapezowym kszta\u0142cie, wykonane z wysokiej jako\u015bci borokrzemianu i z bambusowymi nakr\u0119tkami. Szybka wysy\u0142ka.<\/p>","protected":false},"featured_media":24554,"template":"","meta":[],"product_brand":[],"product_cat":[122,124,137],"product_tag":[],"class_list":{"0":"post-24552","1":"product","2":"type-product","3":"status-publish","4":"has-post-thumbnail","6":"product_cat-custom-glass-packaging","7":"product_cat-custom-glass-jars","8":"product_cat-glass-jars-with-lids","10":"first","11":"instock","12":"shipping-taxable","13":"product-type-simple"},"jetpack_sharing_enabled":true,"_links":{"self":[{"href":"https:\/\/yebodaglass.com\/pl\/wp-json\/wp\/v2\/product\/24552","targetHints":{"allow":["GET"]}}],"collection":[{"href":"https:\/\/yebodaglass.com\/pl\/wp-json\/wp\/v2\/product"}],"about":[{"href":"https:\/\/yebodaglass.com\/pl\/wp-json\/wp\/v2\/types\/product"}],"version-history":[{"count":3,"href":"https:\/\/yebodaglass.com\/pl\/wp-json\/wp\/v2\/product\/24552\/revisions"}],"predecessor-version":[{"id":24568,"href":"https:\/\/yebodaglass.com\/pl\/wp-json\/wp\/v2\/product\/24552\/revisions\/24568"}],"wp:featuredmedia":[{"embeddable":true,"href":"https:\/\/yebodaglass.com\/pl\/wp-json\/wp\/v2\/media\/24554"}],"wp:attachment":[{"href":"https:\/\/yebodaglass.com\/pl\/wp-json\/wp\/v2\/media?parent=24552"}],"wp:term":[{"taxonomy":"product_brand","embeddable":true,"href":"https:\/\/yebodaglass.com\/pl\/wp-json\/wp\/v2\/product_brand?post=24552"},{"taxonomy":"product_cat","embeddable":true,"href":"https:\/\/yebodaglass.com\/pl\/wp-json\/wp\/v2\/product_cat?post=24552"},{"taxonomy":"product_tag","embeddable":true,"href":"https:\/\/yebodaglass.com\/pl\/wp-json\/wp\/v2\/product_tag?post=24552"}],"curies":[{"name":"wp","href":"https:\/\/api.w.org\/{rel}","templated":true}]}}