{"id":24543,"date":"2025-12-23T15:34:26","date_gmt":"2025-12-23T07:34:26","guid":{"rendered":"https:\/\/yebodaglass.com\/?post_type=product&#038;p=24543"},"modified":"2026-04-10T16:06:08","modified_gmt":"2026-04-10T08:06:08","slug":"wide-mouth-glass-jars-with-stainless-steel-lids-bulk","status":"publish","type":"product","link":"https:\/\/yebodaglass.com\/pl\/wide-mouth-glass-jars-with-stainless-steel-lids-bulk\/","title":{"rendered":"S\u0142oiki szklane o szerokim otworze i pojemno\u015bci 600 ml, 1000 ml i 1200 ml, z pokrywkami ze stali nierdzewnej, hurtowe"},"content":{"rendered":"<p>Te szerokie szklane s\u0142oiki maj\u0105 nowoczesny wygl\u0105d dzi\u0119ki cylindrycznemu kszta\u0142towi, do kt\u00f3rego wykonania u\u017cyto ultra przejrzystego szk\u0142a borokrzemianowego. Pojemnik tworzy hermetyczne i odporne na wilgo\u0107 zamkni\u0119cie dzi\u0119ki pokrywce ze stali nierdzewnej i uszczelce silikonowej dopuszczonej do kontaktu z \u017cywno\u015bci\u0105.<\/p>\n<h2>Cechy produktu<\/h2>\n<ul>\n<li><strong>Krystalicznie czyste szk\u0142o borokrzemianowe:<\/strong> Szk\u0142o borokrzemianowe zachowuje transparentny wygl\u0105d, a jego trwa\u0142o\u015b\u0107 i \u0142atwo\u015b\u0107 czyszczenia s\u0105 odporne na szoki termiczne.<\/li>\n<li><strong>Uszczelniona pokrywa ze stali nierdzewnej:<\/strong> Hermetyczna pokrywa ze stali nierdzewnej tworzy hermetyczn\u0105 barier\u0119 dla \u017cywno\u015bci dzi\u0119ki zakr\u0119tce ze stali nierdzewnej i zintegrowanej uszczelce silikonowej.<\/li>\n<li><strong>Konstrukcja cylindryczna o prostych \u015bcianach:<\/strong> Prosta, cylindryczna konstrukcja o prostych \u015bciankach umo\u017cliwia u\u017cytkownikom bezpieczne uk\u0142adanie przedmiot\u00f3w w stosy, zapewniaj\u0105c maksymaln\u0105 pojemno\u015b\u0107 przechowywania.<\/li>\n<\/ul>\n<h2>Kluczowe specyfikacje<\/h2>\n<table style=\"border-collapse: collapse; width: 80%; margin-left: auto; margin-right: auto;\" border=\"0\" width=\"360\" cellspacing=\"0\" cellpadding=\"0\">\n<tbody>\n<tr style=\"height: 13.50pt;\">\n<td style=\"height: 13.5pt; width: 54pt; text-align: center;\" width=\"72\" height=\"18\">Pojemno\u015b\u0107 (ml)<\/td>\n<td style=\"width: 54pt; text-align: center;\" width=\"72\">Rozmiar (cm)<\/td>\n<td style=\"width: 54pt; text-align: center;\" width=\"72\">\u015arednica otworu<\/td>\n<td style=\"width: 54pt; text-align: center;\" width=\"72\">Tworzywo<\/td>\n<td style=\"width: 54pt; text-align: center;\" width=\"72\">Kszta\u0142t<\/td>\n<\/tr>\n<tr style=\"height: 13.50pt;\">\n<td style=\"height: 13.5pt; text-align: center;\" align=\"right\" height=\"18\">600<\/td>\n<td style=\"text-align: center;\">9.5&#215;10.0<\/td>\n<td class=\"et2\" style=\"text-align: center;\" rowspan=\"3\">95 mm<\/td>\n<td class=\"et2\" style=\"text-align: center;\" rowspan=\"3\">Borokrzemian<\/td>\n<td class=\"et2\" style=\"text-align: center;\" rowspan=\"3\">Okr\u0105g\u0142y Prosty \u2013 boczny<\/td>\n<\/tr>\n<tr style=\"height: 13.50pt;\">\n<td style=\"height: 13.5pt; text-align: center;\" align=\"right\" height=\"18\">1000<\/td>\n<td style=\"text-align: center;\">9.5&#215;15.0<\/td>\n<\/tr>\n<tr style=\"height: 13.50pt;\">\n<td style=\"height: 13.5pt; text-align: center;\" align=\"right\" height=\"18\">1200<\/td>\n<td style=\"text-align: center;\">9.5&#215;20.0<\/td>\n<\/tr>\n<\/tbody>\n<\/table>\n<h2>Przypadek sukcesu<\/h2>\n<p>Ameryka\u0144ska sie\u0107 supermarket\u00f3w wybra\u0142a nasze 32-uncjowe s\u0142oiki do przechowywania \u017cywno\u015bci i dostosowa\u0142a oznaczenia pojemno\u015bci oraz r\u00f3\u017cnokolorowe pokrywki, aby rozr\u00f3\u017cni\u0107 kategorie produkt\u00f3w. Doskona\u0142e zamkni\u0119cie utrzymywa\u0142o \u015bwie\u017co\u015b\u0107 produkt\u00f3w, redukuj\u0105c psucie si\u0119 o 45%, a krystalicznie czyste szk\u0142o i oznaczenia zwi\u0119kszy\u0142y sprzeda\u017c towar\u00f3w luzem o 28%. System sprzeda\u017cy hurtowej tej sieci supermarket\u00f3w odni\u00f3s\u0142 tak du\u017cy sukces, \u017ce sie\u0107 z\u0142o\u017cy\u0142a dodatkowe zam\u00f3wienie na 380 000 szklanych s\u0142oik\u00f3w do swojej nowo wprowadzonej linii gotowych produkt\u00f3w spo\u017cywczych oraz do sprzeda\u017cy online w formie pude\u0142ek subskrypcyjnych.<\/p>\n<h2>S\u0142oiki szklane o szerokim wlocie umo\u017cliwiaj\u0105 wiele opcji personalizacji.<\/h2>\n<ul>\n<li>Wyko\u0144czenie pokrywy: Dost\u0119pne opcje obejmuj\u0105 stal nierdzewn\u0105, czer\u0144, mied\u017a oraz kolorowe wyko\u0144czenia emaliowane.<\/li>\n<li>Sitodruk: Na szklanej powierzchni u\u017cytkownicy mog\u0105 nadrukowywa\u0107 linie podzia\u0142ki, oznaczenia zawarto\u015bci i wzory dekoracyjne.<\/li>\n<li>Akcesoria: Akcesoria obejmuj\u0105 kombinacj\u0119 \u0142y\u017cek, etykiet i niestandardowych drewnianych pokrywek, co pozwala na tworzenie r\u00f3\u017cnych opcji projektowych.<\/li>\n<\/ul>","protected":false},"excerpt":{"rendered":"<p>Sprzeda\u017c bezpo\u015brednia s\u0142oik\u00f3w szklanych o szerokim wlocie i ze stalowymi pokrywkami, idealnych do przechowywania owoc\u00f3w, zb\u00f3\u017c itp. S\u0142oiki te mo\u017cna dostosowa\u0107 do indywidualnych potrzeb.<\/p>","protected":false},"featured_media":24550,"template":"","meta":[],"product_brand":[],"product_cat":[137,124,122],"product_tag":[],"class_list":{"0":"post-24543","1":"product","2":"type-product","3":"status-publish","4":"has-post-thumbnail","6":"product_cat-glass-jars-with-lids","7":"product_cat-custom-glass-jars","8":"product_cat-custom-glass-packaging","10":"first","11":"instock","12":"shipping-taxable","13":"product-type-simple"},"jetpack_sharing_enabled":true,"_links":{"self":[{"href":"https:\/\/yebodaglass.com\/pl\/wp-json\/wp\/v2\/product\/24543","targetHints":{"allow":["GET"]}}],"collection":[{"href":"https:\/\/yebodaglass.com\/pl\/wp-json\/wp\/v2\/product"}],"about":[{"href":"https:\/\/yebodaglass.com\/pl\/wp-json\/wp\/v2\/types\/product"}],"version-history":[{"count":5,"href":"https:\/\/yebodaglass.com\/pl\/wp-json\/wp\/v2\/product\/24543\/revisions"}],"predecessor-version":[{"id":25747,"href":"https:\/\/yebodaglass.com\/pl\/wp-json\/wp\/v2\/product\/24543\/revisions\/25747"}],"wp:featuredmedia":[{"embeddable":true,"href":"https:\/\/yebodaglass.com\/pl\/wp-json\/wp\/v2\/media\/24550"}],"wp:attachment":[{"href":"https:\/\/yebodaglass.com\/pl\/wp-json\/wp\/v2\/media?parent=24543"}],"wp:term":[{"taxonomy":"product_brand","embeddable":true,"href":"https:\/\/yebodaglass.com\/pl\/wp-json\/wp\/v2\/product_brand?post=24543"},{"taxonomy":"product_cat","embeddable":true,"href":"https:\/\/yebodaglass.com\/pl\/wp-json\/wp\/v2\/product_cat?post=24543"},{"taxonomy":"product_tag","embeddable":true,"href":"https:\/\/yebodaglass.com\/pl\/wp-json\/wp\/v2\/product_tag?post=24543"}],"curies":[{"name":"wp","href":"https:\/\/api.w.org\/{rel}","templated":true}]}}