{"id":24526,"date":"2025-12-23T10:20:01","date_gmt":"2025-12-23T02:20:01","guid":{"rendered":"https:\/\/yebodaglass.com\/?post_type=product&#038;p=24526"},"modified":"2025-12-23T14:09:46","modified_gmt":"2025-12-23T06:09:46","slug":"custom-98mm-diameter-glass-jars-with-lids-wholesale","status":"publish","type":"product","link":"https:\/\/yebodaglass.com\/pl\/custom-98mm-diameter-glass-jars-with-lids-wholesale\/","title":{"rendered":"S\u0142oiki szklane o \u015brednicy 98 mm z pokrywkami o pojemno\u015bci 600 ml, 1000 ml i 1350 ml, hurtowe"},"content":{"rendered":"<p>Koniec z walk\u0105 z ma\u0142ymi pokrywkami. Hurtowo produkujemy szklane s\u0142oiki z pokrywkami, stworzone dla marek, kt\u00f3re potrzebuj\u0105 naprawd\u0119 funkcjonalnego rozwi\u0105zania do przechowywania. Te szklane s\u0142oiki hurtowo pozwalaj\u0105 przekszta\u0142ci\u0107 codzienne zapasy w moment, w kt\u00f3rym marka staje si\u0119 rozpoznawalna. Zam\u00f3wienia hurtowe s\u0105 oferowane z wyko\u0144czeniem dopasowanym do Twojej marki.<\/p>\n<h2>Cechy produktu<\/h2>\n<p><strong>Szeroki, dost\u0119p do ust<\/strong><\/p>\n<p>Nabieraj mi\u00f3d lub galaretk\u0119 w czysty i schludny spos\u00f3b. W tym przypadku najwa\u017cniejsze jest NIE BA\u0141AGA\u0106.<\/p>\n<p><strong>Mocne uszczelnienie<\/strong><\/p>\n<p>Dzi\u0119ki zastosowaniu uszczelki produkt zachowuje \u015bwie\u017co\u015b\u0107 \u017cywno\u015bci na d\u0142u\u017cej, chroni j\u0105 przed wilgoci\u0105 i utlenianiem, a tym samym wyd\u0142u\u017ca jej termin przydatno\u015bci do spo\u017cycia.<\/p>\n<p><strong>Odporno\u015b\u0107 na ciep\u0142o i trwa\u0142o\u015b\u0107<\/strong><\/p>\n<p>Szk\u0142o borokrzemianowe mo\u017cna stosowa\u0107 w gor\u0105cych syropach, zimnych miodach lub w zamra\u017carkach bez ryzyka szoku termicznego.<\/p>\n<h2>Kluczowe specyfikacje<\/h2>\n<table style=\"border-collapse: collapse; width: 80%; margin-left: auto; margin-right: auto;\" border=\"0\" width=\"360\" cellspacing=\"0\" cellpadding=\"0\">\n<tbody>\n<tr style=\"height: 13.50pt;\">\n<td style=\"height: 13.5pt; width: 54pt; text-align: center;\" width=\"72\" height=\"18\">Pojemno\u015b\u0107 (ml)<\/td>\n<td style=\"width: 54pt; text-align: center;\" width=\"72\">Rozmiar (cm)<\/td>\n<td style=\"width: 54pt; text-align: center;\" width=\"72\">\u015arednica otworu<\/td>\n<td style=\"width: 54pt; text-align: center;\" width=\"72\">Tworzywo<\/td>\n<td style=\"width: 54pt; text-align: center;\" width=\"72\">Kszta\u0142t<\/td>\n<\/tr>\n<tr style=\"height: 13.50pt;\">\n<td style=\"height: 13.5pt; text-align: center;\" align=\"right\" height=\"18\">600<\/td>\n<td style=\"text-align: center;\">9,8 x 10,0<\/td>\n<td class=\"et2\" style=\"text-align: center;\" rowspan=\"3\">98 mm<\/td>\n<td class=\"et2\" style=\"text-align: center;\" rowspan=\"3\">Szk\u0142o borokrzemianowe<\/td>\n<td class=\"et2\" style=\"text-align: center;\" rowspan=\"3\">Okr\u0105g\u0142y Prosty \u2013 boczny<\/td>\n<\/tr>\n<tr style=\"height: 13.50pt;\">\n<td style=\"height: 13.5pt; text-align: center;\" align=\"right\" height=\"18\">1000<\/td>\n<td style=\"text-align: center;\">9,8 x 15,0<\/td>\n<\/tr>\n<tr style=\"height: 13.50pt;\">\n<td style=\"height: 13.5pt; text-align: center;\" align=\"right\" height=\"18\">1350<\/td>\n<td style=\"text-align: center;\">9,8 x 20,0<\/td>\n<\/tr>\n<\/tbody>\n<\/table>\n<h2>Historia sukcesu<\/h2>\n<p>Marka zdrowej \u017cywno\u015bci zdecydowa\u0142a si\u0119 na wykorzystanie tych szklanych s\u0142oik\u00f3w borokrzemianowych do przechowywania i eksponowania r\u00f3\u017cnych suszonych owoc\u00f3w i orzech\u00f3w. S\u0142oiki maj\u0105 szeroki otw\u00f3r, kt\u00f3ry umo\u017cliwia \u0142atwe nabieranie suszonych owoc\u00f3w, a przezroczyste szk\u0142o zapewnia doskona\u0142y wygl\u0105d, zach\u0119caj\u0105c klient\u00f3w do si\u0119gni\u0119cia po produkty z p\u00f3\u0142ki.<\/p>\n<p>W ci\u0105gu oko\u0142o 3 miesi\u0119cy sprzeda\u017c suszonych owoc\u00f3w tej marki wzros\u0142a o 20%.<\/p>\n<h2>Tw\u00f3j podr\u0119cznik personalizacji<\/h2>\n<ol>\n<li><strong>Wyb\u00f3r:<\/strong> W zale\u017cno\u015bci od wymaga\u0144 dotycz\u0105cych przechowywania mo\u017cna wybra\u0107 r\u00f3\u017cne metody uszczelniania, takie jak pokrywki z metalowymi klipsami lub silikonowe pier\u015bcienie uszczelniaj\u0105ce, kt\u00f3re zapewniaj\u0105 lepsz\u0105 szczelno\u015b\u0107, co sprawdza si\u0119 w przypadku przechowywania zepsutej lub \u015bwie\u017cej \u017cywno\u015bci.<\/li>\n<li><strong>Kolory pokrywek:<\/strong> Zmie\u0144 kolor pokrywek, aby dopasowa\u0107 je do kolor\u00f3w marki lub cech produktu, aby nada\u0107 im bardziej osobisty i niepowtarzalny charakter. Przyk\u0142adowo, pokrywki ze z\u0142ota lub srebra daj\u0105 poczucie luksusu, podczas gdy pokrywki z naturalnego drewna sugeruj\u0105 ekologiczny, przyjazny i naturalny trend.<\/li>\n<li><strong>Akcesoria:<\/strong> Do pojemnik\u00f3w do przechowywania mo\u017cna doda\u0107 akcesoria, takie jak etykiety, naklejki, \u0142y\u017ceczki do szklanych s\u0142oik\u00f3w itp., kt\u00f3re zachwyc\u0105 u\u017cytkownika i jeszcze bardziej zwi\u0119ksz\u0105 funkcjonalno\u015b\u0107 i atrakcyjno\u015b\u0107 produktu.<\/li>\n<\/ol>","protected":false},"excerpt":{"rendered":"<p>Sprzeda\u017c hurtowa s\u0142oik\u00f3w z wysokiej jako\u015bci szk\u0142a borokrzemianowego z pokrywkami, idealnych do przechowywania produkt\u00f3w suchych, przypraw i herbaty. Mo\u017cliwo\u015b\u0107 personalizacji.<\/p>","protected":false},"featured_media":24540,"template":"","meta":[],"product_brand":[],"product_cat":[122,124,137],"product_tag":[],"class_list":{"0":"post-24526","1":"product","2":"type-product","3":"status-publish","4":"has-post-thumbnail","6":"product_cat-custom-glass-packaging","7":"product_cat-custom-glass-jars","8":"product_cat-glass-jars-with-lids","10":"first","11":"instock","12":"shipping-taxable","13":"product-type-simple"},"jetpack_sharing_enabled":true,"_links":{"self":[{"href":"https:\/\/yebodaglass.com\/pl\/wp-json\/wp\/v2\/product\/24526","targetHints":{"allow":["GET"]}}],"collection":[{"href":"https:\/\/yebodaglass.com\/pl\/wp-json\/wp\/v2\/product"}],"about":[{"href":"https:\/\/yebodaglass.com\/pl\/wp-json\/wp\/v2\/types\/product"}],"version-history":[{"count":5,"href":"https:\/\/yebodaglass.com\/pl\/wp-json\/wp\/v2\/product\/24526\/revisions"}],"predecessor-version":[{"id":24542,"href":"https:\/\/yebodaglass.com\/pl\/wp-json\/wp\/v2\/product\/24526\/revisions\/24542"}],"wp:featuredmedia":[{"embeddable":true,"href":"https:\/\/yebodaglass.com\/pl\/wp-json\/wp\/v2\/media\/24540"}],"wp:attachment":[{"href":"https:\/\/yebodaglass.com\/pl\/wp-json\/wp\/v2\/media?parent=24526"}],"wp:term":[{"taxonomy":"product_brand","embeddable":true,"href":"https:\/\/yebodaglass.com\/pl\/wp-json\/wp\/v2\/product_brand?post=24526"},{"taxonomy":"product_cat","embeddable":true,"href":"https:\/\/yebodaglass.com\/pl\/wp-json\/wp\/v2\/product_cat?post=24526"},{"taxonomy":"product_tag","embeddable":true,"href":"https:\/\/yebodaglass.com\/pl\/wp-json\/wp\/v2\/product_tag?post=24526"}],"curies":[{"name":"wp","href":"https:\/\/api.w.org\/{rel}","templated":true}]}}