{"id":24517,"date":"2025-12-22T16:14:46","date_gmt":"2025-12-22T08:14:46","guid":{"rendered":"https:\/\/yebodaglass.com\/?post_type=product&#038;p=24517"},"modified":"2026-03-12T15:13:26","modified_gmt":"2026-03-12T07:13:26","slug":"high-borosilicate-glass-storage-jars-with-lids-bulk","status":"publish","type":"product","link":"https:\/\/yebodaglass.com\/pl\/high-borosilicate-glass-storage-jars-with-lids-bulk\/","title":{"rendered":"S\u0142oiki do przechowywania z wysokiej jako\u015bci szk\u0142a borokrzemianowego o pojemno\u015bci 550 ml \u2013 1950 ml z pokrywkami, hurt"},"content":{"rendered":"<p>Te szklane s\u0142oiki z pokrywkami maj\u0105 cylindryczny kszta\u0142t, s\u0105 g\u0142adkie, przezroczyste i maj\u0105 naturaln\u0105 bambusow\u0105 pokrywk\u0119 z mocnymi, srebrnymi metalowymi zapi\u0119ciami. Szeroki otw\u00f3r sprawia, \u017ce \u200b\u200bs\u0105 wygodne do przechowywania przek\u0105sek i naczy\u0144 kuchennych, a tak\u017ce produkt\u00f3w suchych.<\/p>\n<h2>Cechy produktu<\/h2>\n<ul>\n<li><strong>Klasyczny cylindryczny kszta\u0142t:<\/strong> P\u0142askie dno i proste \u015bcianki zapewniaj\u0105 stabilno\u015b\u0107, \u0142atwe czyszczenie i efektywne uk\u0142adanie w stosy.<\/li>\n<li><strong>Konstrukcja ust ca\u0142kowicie otwartych:<\/strong> Posiada szeroki otw\u00f3r, dzi\u0119ki czemu mo\u017cna \u0142atwo nape\u0142nia\u0107 pojemnik, nabiera\u0107 zawarto\u015b\u0107 i czy\u015bci\u0107.<\/li>\n<li><strong>Naturalne uszczelnianie drewna i metalu:<\/strong> Metalowe p\u0142ytki na drewnianej pokrywie sprawi\u0105, \u017ce pojemnik b\u0119dzie zamkni\u0119ty, a produkt nabierze odrobiny naturalno\u015bci.<\/li>\n<\/ul>\n<h2>Kluczowe specyfikacje<\/h2>\n<table style=\"border-collapse: collapse; width: 80%; margin-left: auto; margin-right: auto;\" border=\"0\" width=\"288\" cellspacing=\"0\" cellpadding=\"0\">\n<tbody>\n<tr style=\"height: 13.50pt;\">\n<td style=\"height: 13.5pt; width: 54pt; text-align: center;\" width=\"72\" height=\"18\">Pojemno\u015b\u0107 (ml)<\/td>\n<td style=\"width: 54pt; text-align: center;\" width=\"72\">Rozmiar (cm)<\/td>\n<td style=\"width: 54pt; text-align: center;\" width=\"72\">\u015arednica otworu<\/td>\n<td style=\"width: 54pt; text-align: center;\" width=\"72\">Tworzywo<\/td>\n<\/tr>\n<tr style=\"height: 13.50pt;\">\n<td style=\"height: 13.5pt; text-align: center;\" align=\"right\" height=\"18\">550<\/td>\n<td style=\"text-align: center;\">10,0 x 10,0<\/td>\n<td class=\"et2\" style=\"text-align: center;\" rowspan=\"6\">100 mm<\/td>\n<td class=\"et2\" style=\"text-align: center;\" rowspan=\"6\">Borokrzemian<\/td>\n<\/tr>\n<tr style=\"height: 13.50pt;\">\n<td style=\"height: 13.5pt; text-align: center;\" align=\"right\" height=\"18\">660<\/td>\n<td style=\"text-align: center;\">10,0 x 12,0<\/td>\n<\/tr>\n<tr style=\"height: 13.50pt;\">\n<td style=\"height: 13.5pt; text-align: center;\" align=\"right\" height=\"18\">900<\/td>\n<td style=\"text-align: center;\">10,0 x 15,0<\/td>\n<\/tr>\n<tr style=\"height: 13.50pt;\">\n<td style=\"height: 13.5pt; text-align: center;\" align=\"right\" height=\"18\">1250<\/td>\n<td style=\"text-align: center;\">10,0 x 20,0<\/td>\n<\/tr>\n<tr style=\"height: 13.50pt;\">\n<td style=\"height: 13.5pt; text-align: center;\" align=\"right\" height=\"18\">1500<\/td>\n<td style=\"text-align: center;\">10,0 x 23,0<\/td>\n<\/tr>\n<tr style=\"height: 13.50pt;\">\n<td style=\"height: 13.5pt; text-align: center;\" align=\"right\" height=\"18\">1950<\/td>\n<td style=\"text-align: center;\">10,0 x 28,0<\/td>\n<\/tr>\n<\/tbody>\n<\/table>\n<h2>Historia sukcesu: niestandardowe zam\u00f3wienie od kalifornijskiej firmy dostarczaj\u0105cej jedzenie<\/h2>\n<p>Nasze s\u0142oiki o szerokim wlocie i spersonalizowane bambusowe wieczka zosta\u0142y zakupione przez kalifornijsk\u0105 firm\u0119 zajmuj\u0105c\u0105 si\u0119 dostaw\u0105 \u017cywno\u015bci bezpo\u015brednio do konsument\u00f3w. Ulepszone zamkni\u0119cie wyd\u0142u\u017cy\u0142o okres przydatno\u015bci do spo\u017cycia suchych ziaren i fasoli o jedn\u0105 czwart\u0105, co pozwoli\u0142o zmniejszy\u0107 ilo\u015b\u0107 odpad\u00f3w. Korpus z przezroczystego szk\u0142a umo\u017cliwi\u0142 obserwacj\u0119 centr\u00f3w dystrybucji, co zmniejszy\u0142o liczb\u0119 b\u0142\u0119d\u00f3w kompletacyjnych o 15%. W oparciu o ten sukces, firma zam\u00f3wi\u0142a niedawno kolejne 500 000 s\u0142oik\u00f3w, aby rozwin\u0105\u0107 dzia\u0142alno\u015b\u0107 w zakresie pakowania produkt\u00f3w suchych.<\/p>\n<h2>Pomys\u0142y na personalizacj\u0119 szklanych s\u0142oik\u00f3w do przechowywania z pokrywkami<\/h2>\n<ul>\n<li>Materia\u0142y pokrywek na zam\u00f3wienie: Dost\u0119pne s\u0105 pokrywki drewniane, ale r\u00f3wnie\u017c wykonane z innych przyjaznych dla \u015brodowiska materia\u0142\u00f3w, takich jak korek, plastik z recyklingu, a nawet ceramika.<\/li>\n<li>Oznaczenia miarowe: Oznaczenia (w szklankach, gramach, uncjach) mo\u017cna trwale wyt\u0142oczy\u0107 lub wydrukowa\u0107 na \u015bciance s\u0142oika, aby mo\u017cna by\u0142o ich u\u017cywa\u0107 jako przepis\u00f3w.<\/li>\n<li>S\u0142oiki o kwadratowym kszta\u0142cie: Zaprojektuj s\u0142oiki o szerokim wlocie, kwadratowe lub prostok\u0105tne, kt\u00f3rych kszta\u0142t maksymalizuje przestrze\u0144 w opakowaniu i na p\u00f3\u0142ce.<\/li>\n<\/ul>","protected":false},"excerpt":{"rendered":"<p>Wytrzyma\u0142e szklane s\u0142oiki do przechowywania z pokrywkami, drewnianymi nakr\u0119tkami i metalowymi zaciskami. Praktyczne s\u0142oiki z szerokim otworem, idealne do przechowywania zb\u00f3\u017c, przek\u0105sek i suchych produkt\u00f3w. Bezp\u0142atne pr\u00f3bki.<\/p>","protected":false},"featured_media":24525,"template":"","meta":[],"product_brand":[],"product_cat":[122,124,137],"product_tag":[],"class_list":{"0":"post-24517","1":"product","2":"type-product","3":"status-publish","4":"has-post-thumbnail","6":"product_cat-custom-glass-packaging","7":"product_cat-custom-glass-jars","8":"product_cat-glass-jars-with-lids","10":"first","11":"instock","12":"shipping-taxable","13":"product-type-simple"},"jetpack_sharing_enabled":true,"_links":{"self":[{"href":"https:\/\/yebodaglass.com\/pl\/wp-json\/wp\/v2\/product\/24517","targetHints":{"allow":["GET"]}}],"collection":[{"href":"https:\/\/yebodaglass.com\/pl\/wp-json\/wp\/v2\/product"}],"about":[{"href":"https:\/\/yebodaglass.com\/pl\/wp-json\/wp\/v2\/types\/product"}],"version-history":[{"count":5,"href":"https:\/\/yebodaglass.com\/pl\/wp-json\/wp\/v2\/product\/24517\/revisions"}],"predecessor-version":[{"id":25411,"href":"https:\/\/yebodaglass.com\/pl\/wp-json\/wp\/v2\/product\/24517\/revisions\/25411"}],"wp:featuredmedia":[{"embeddable":true,"href":"https:\/\/yebodaglass.com\/pl\/wp-json\/wp\/v2\/media\/24525"}],"wp:attachment":[{"href":"https:\/\/yebodaglass.com\/pl\/wp-json\/wp\/v2\/media?parent=24517"}],"wp:term":[{"taxonomy":"product_brand","embeddable":true,"href":"https:\/\/yebodaglass.com\/pl\/wp-json\/wp\/v2\/product_brand?post=24517"},{"taxonomy":"product_cat","embeddable":true,"href":"https:\/\/yebodaglass.com\/pl\/wp-json\/wp\/v2\/product_cat?post=24517"},{"taxonomy":"product_tag","embeddable":true,"href":"https:\/\/yebodaglass.com\/pl\/wp-json\/wp\/v2\/product_tag?post=24517"}],"curies":[{"name":"wp","href":"https:\/\/api.w.org\/{rel}","templated":true}]}}