{"id":24509,"date":"2025-12-22T11:32:32","date_gmt":"2025-12-22T03:32:32","guid":{"rendered":"https:\/\/yebodaglass.com\/?post_type=product&#038;p=24509"},"modified":"2026-04-13T15:43:41","modified_gmt":"2026-04-13T07:43:41","slug":"borosilicate-big-glass-jar-with-lid-for-storage-wholesale","status":"publish","type":"product","link":"https:\/\/yebodaglass.com\/pl\/borosilicate-big-glass-jar-with-lid-for-storage-wholesale\/","title":{"rendered":"S\u0142oik szklany borokrzemianowy o pojemno\u015bci 1360 ml i pojemno\u015bci 1800 ml z pokrywk\u0105 do przechowywania hurtowego"},"content":{"rendered":"<p>Szklany s\u0142oik z pokrywk\u0105 ma cylindryczny kszta\u0142t i zosta\u0142 wykonany z ultraprzezroczystego szk\u0142a borokrzemianowego. Produkt posiada szklany korpus bez widocznych po\u0142\u0105cze\u0144, kt\u00f3ry dzi\u0119ki naturalnej bambusowej pokrywce i silikonowemu pier\u015bcieniowi uszczelniaj\u0105cemu dopuszczonemu do kontaktu z \u017cywno\u015bci\u0105 tworzy ca\u0142kowit\u0105 hermetyczn\u0105 barier\u0119 przed wilgoci\u0105.<\/p>\n<h2>Cechy produktu<\/h2>\n<ul>\n<li><strong>Materia\u0142 szk\u0142o borokrzemianowe:<\/strong> Produkt wykonany jest ze szk\u0142a borokrzemianowego dopuszczonego do kontaktu z \u017cywno\u015bci\u0105, kt\u00f3re charakteryzuje si\u0119 wysok\u0105 przejrzysto\u015bci\u0105 i chroni przed ekstremalnymi zmianami temperatury, pozostaj\u0105c przy tym bezpieczne i bezwonne.<\/li>\n<li><strong>Konstrukcja pokrywy uszczelniaj\u0105cej z naturalnego bambusa:<\/strong> Po\u0142\u0105czenie naturalnej bambusowej pokrywki i silikonowego pier\u015bcienia uszczelniaj\u0105cego dopuszczonego do kontaktu z \u017cywno\u015bci\u0105 tworzy system uszczelniaj\u0105cy o doskona\u0142ych w\u0142a\u015bciwo\u015bciach uszczelniaj\u0105cych.<\/li>\n<li><strong>Szeroki otw\u00f3r u\u0142atwiaj\u0105cy czyszczenie:<\/strong> Szeroka konstrukcja otworu pozwala u\u017cytkownikom na \u0142atwy dost\u0119p do produkt\u00f3w spo\u017cywczych i dok\u0142adne ich czyszczenie, a jednocze\u015bnie spe\u0142nia r\u00f3\u017cne wymagania dotycz\u0105ce przechowywania \u017cywno\u015bci w kuchni.<\/li>\n<\/ul>\n<h2>Kluczowe specyfikacje<\/h2>\n<table style=\"border-collapse: collapse; width: 80%; margin-left: auto; margin-right: auto;\" border=\"0\" width=\"360\" cellspacing=\"0\" cellpadding=\"0\">\n<tbody>\n<tr style=\"height: 13.50pt;\">\n<td style=\"height: 13.5pt; width: 54pt; text-align: center;\" width=\"72\" height=\"18\">Pojemno\u015b\u0107 (ml)<\/td>\n<td style=\"width: 54pt; text-align: center;\" width=\"72\">Rozmiar (cm)<\/td>\n<td style=\"width: 54pt; text-align: center;\" width=\"72\">\u015arednica otworu<\/td>\n<td style=\"width: 54pt; text-align: center;\" width=\"72\">Tworzywo<\/td>\n<td style=\"width: 54pt; text-align: center;\" width=\"72\">Cechy<\/td>\n<\/tr>\n<tr style=\"height: 13.50pt;\">\n<td style=\"height: 13.5pt; text-align: center;\" height=\"18\">1360<\/td>\n<td style=\"text-align: center;\">12,0 x 15,0<\/td>\n<td class=\"et2\" style=\"text-align: center;\" rowspan=\"2\">120 mm<\/td>\n<td class=\"et2\" style=\"text-align: center;\" rowspan=\"2\">Szk\u0142o borokrzemianowe<\/td>\n<td class=\"et2\" style=\"text-align: center;\" rowspan=\"2\">Pokrywa o prostych bokach i szeroko\u015bci 120 mm<\/td>\n<\/tr>\n<tr style=\"height: 13.50pt;\">\n<td style=\"height: 13.5pt; text-align: center;\" height=\"18\">1800<\/td>\n<td style=\"text-align: center;\">12,0 x 20,0<\/td>\n<\/tr>\n<\/tbody>\n<\/table>\n<h2>Historia sukcesu: niestandardowe zam\u00f3wienie od sieci supermarket\u00f3w zero waste<\/h2>\n<p>Nasze s\u0142oiki kuchenne sta\u0142y si\u0119 produktem wybranym przez og\u00f3lnopolsk\u0105 sie\u0107 supermarket\u00f3w, kt\u00f3ra poprosi\u0142a o spersonalizowane oznaczenia pojemno\u015bci na s\u0142oikach. Spersonalizowane szklane s\u0142oiki kuchenne ciesz\u0105 si\u0119 popularno\u015bci\u0105 w\u015br\u00f3d klient\u00f3w, poniewa\u017c ich szczelne zamkni\u0119cie pozwala zachowa\u0107 produkty spo\u017cywcze o 30% d\u0142u\u017cej, a oznaczenia pojemno\u015bci pozwalaj\u0105 klientom zmniejszy\u0107 ilo\u015b\u0107 zakup\u00f3w o 15%. Po z\u0142o\u017ceniu pierwszego zam\u00f3wienia, sie\u0107 z\u0142o\u017cy\u0142a zam\u00f3wienie na 580 000 szklanych s\u0142oik\u00f3w, poniewa\u017c chcia\u0142a stworzy\u0107 now\u0105 lini\u0119 gotowych zestaw\u00f3w do przechowywania \u017cywno\u015bci.<\/p>\n<h2>Opcje personalizacji s\u0142oik\u00f3w kuchennych<\/h2>\n<ol>\n<li><strong>Materia\u0142 pokrywy i struktura uszczelnienia:<\/strong> S\u0142oik o p\u0142askim rancie o \u015brednicy 120 mm mo\u017cna \u0142\u0105czy\u0107 z bambusowymi, drewnianymi lub kompozytowymi pokrywkami uszczelniaj\u0105cymi, a grubo\u015b\u0107 silikonowego pier\u015bcienia uszczelniaj\u0105cego mo\u017cna zwi\u0119kszy\u0107, aby uzyska\u0107 lepsz\u0105 odporno\u015b\u0107 na wilgo\u0107 i zachowa\u0107 \u015bwie\u017co\u015b\u0107.<\/li>\n<li><strong>Personalizacja korpusu s\u0142oika:\u00a0<\/strong>Korpus s\u0142oika jest wykonany z sitodruku, nadruku, aplikacji naklejki, obszaru rezerwacji etykiety lub matowego wyko\u0144czenia, stanowi\u0105cego no\u015bnik spe\u0142niaj\u0105cy wymagania dotycz\u0105ce marki i przekazywania informacji.<\/li>\n<li><strong>Grubo\u015b\u0107 szk\u0142a i odporno\u015b\u0107 na uderzenia:<\/strong> Zag\u0119szczone szk\u0142o borokrzemianowe mo\u017cna dodatkowo dostosowa\u0107 do cz\u0119stych zmian towar\u00f3w w supermarketach, aby zmniejszy\u0107 ryzyko st\u0142uczenia podczas transportu i uk\u0142adania na p\u00f3\u0142kach.<\/li>\n<\/ol>","protected":false},"excerpt":{"rendered":"<p>Elegancki, du\u017cy szklany s\u0142oik z pokrywk\u0105 i naturalnym wzorem bambusa. S\u0142oiki kuchenne idealne do nowoczesnych rozwi\u0105za\u0144 przechowywania. Mo\u017cliwo\u015b\u0107 personalizacji. Bezp\u0142atne pr\u00f3bki.<\/p>","protected":false},"featured_media":24510,"template":"","meta":[],"product_brand":[],"product_cat":[137,124,122],"product_tag":[],"class_list":{"0":"post-24509","1":"product","2":"type-product","3":"status-publish","4":"has-post-thumbnail","6":"product_cat-glass-jars-with-lids","7":"product_cat-custom-glass-jars","8":"product_cat-custom-glass-packaging","10":"first","11":"instock","12":"shipping-taxable","13":"product-type-simple"},"jetpack_sharing_enabled":true,"_links":{"self":[{"href":"https:\/\/yebodaglass.com\/pl\/wp-json\/wp\/v2\/product\/24509","targetHints":{"allow":["GET"]}}],"collection":[{"href":"https:\/\/yebodaglass.com\/pl\/wp-json\/wp\/v2\/product"}],"about":[{"href":"https:\/\/yebodaglass.com\/pl\/wp-json\/wp\/v2\/types\/product"}],"version-history":[{"count":5,"href":"https:\/\/yebodaglass.com\/pl\/wp-json\/wp\/v2\/product\/24509\/revisions"}],"predecessor-version":[{"id":25766,"href":"https:\/\/yebodaglass.com\/pl\/wp-json\/wp\/v2\/product\/24509\/revisions\/25766"}],"wp:featuredmedia":[{"embeddable":true,"href":"https:\/\/yebodaglass.com\/pl\/wp-json\/wp\/v2\/media\/24510"}],"wp:attachment":[{"href":"https:\/\/yebodaglass.com\/pl\/wp-json\/wp\/v2\/media?parent=24509"}],"wp:term":[{"taxonomy":"product_brand","embeddable":true,"href":"https:\/\/yebodaglass.com\/pl\/wp-json\/wp\/v2\/product_brand?post=24509"},{"taxonomy":"product_cat","embeddable":true,"href":"https:\/\/yebodaglass.com\/pl\/wp-json\/wp\/v2\/product_cat?post=24509"},{"taxonomy":"product_tag","embeddable":true,"href":"https:\/\/yebodaglass.com\/pl\/wp-json\/wp\/v2\/product_tag?post=24509"}],"curies":[{"name":"wp","href":"https:\/\/api.w.org\/{rel}","templated":true}]}}