{"id":24500,"date":"2025-12-19T17:46:32","date_gmt":"2025-12-19T09:46:32","guid":{"rendered":"https:\/\/yebodaglass.com\/?post_type=product&#038;p=24500"},"modified":"2025-12-22T10:08:45","modified_gmt":"2025-12-22T02:08:45","slug":"glass-jars-with-airtight-lids-for-storage-wholesale","status":"publish","type":"product","link":"https:\/\/yebodaglass.com\/pl\/glass-jars-with-airtight-lids-for-storage-wholesale\/","title":{"rendered":"S\u0142oiki szklane o pojemno\u015bci 335 ml, 580 ml i 800 ml z hermetycznymi pokrywkami do przechowywania hurtowo"},"content":{"rendered":"<p data-start=\"66\" data-end=\"288\">Te wytrzyma\u0142e i trwa\u0142e szklane s\u0142oiki z hermetycznymi pokrywkami wykonane s\u0105 z wysokiej jako\u015bci szk\u0142a borokrzemianowego, dzi\u0119ki czemu s\u0105 bardzo przejrzyste i trwa\u0142e. Ciemnobr\u0105zowa, p\u0142aska pokrywka z us\u0142ojeniami z ciemnego drewna nie tylko dobrze si\u0119 prezentuje, ale tak\u017ce zapewnia szczelne zamkni\u0119cie. Dost\u0119pne s\u0105 w trzech r\u00f3\u017cnych rozmiarach.<\/p>\n<h2>Cechy produktu<\/h2>\n<ul>\n<li><strong>Solidna cylindryczna konstrukcja:<\/strong> S\u0142oik jest gruby i stabilny, dzi\u0119ki czemu trudno go przewr\u00f3ci\u0107, a jednocze\u015bnie jest na tyle trwa\u0142y, \u017ce mo\u017cna go u\u017cywa\u0107 codziennie.<\/li>\n<li><strong>Wysoka jako\u015b\u0107 uszczelnienia:<\/strong> Drewniana pokrywa, wykonana specjaln\u0105 metod\u0105, szczelnie zamyka pojemnik, dzi\u0119ki czemu \u017cywno\u015b\u0107 pozostaje \u015bwie\u017ca przez d\u0142ugi czas.<\/li>\n<li><strong>Szk\u0142o borokrzemianowe klasy:<\/strong> Szk\u0142o jest nie tylko doskonale odporne na szoki termiczne, ale r\u00f3wnie\u017c bardzo przejrzyste, dzi\u0119ki czemu zawarto\u015b\u0107 butelki jest widoczna przez d\u0142ugi czas.<\/li>\n<\/ul>\n<h2 style=\"text-align: left;\">Kluczowe specyfikacje<\/h2>\n<table class=\"aligncenter\" style=\"border-collapse: collapse; width: 424.52pt;\" border=\"0\" width=\"566\" cellspacing=\"0\" cellpadding=\"0\">\n<tbody>\n<tr style=\"height: 13.50pt;\">\n<td style=\"height: 13.50pt; width: 107.25pt;\" width=\"143\" height=\"18\">Specyfikacja<\/td>\n<td style=\"width: 317.25pt;\" width=\"423\">Bli\u017csze dane<\/td>\n<\/tr>\n<tr style=\"height: 13.50pt;\">\n<td style=\"height: 13.50pt;\" height=\"18\">Pojemno\u015b\u0107<\/td>\n<td>335 ml \/ 580 ml \/ 800 ml<\/td>\n<\/tr>\n<tr style=\"height: 13.50pt;\">\n<td style=\"height: 13.50pt;\" height=\"18\">Wymiary<\/td>\n<td>8\u00d710 cm \/ 8\u00d715 cm \/ 8\u00d720 cm<\/td>\n<\/tr>\n<tr style=\"height: 13.50pt;\">\n<td style=\"height: 13.50pt;\" height=\"18\">Tworzywo<\/td>\n<td>Szk\u0142o borokrzemianowe<\/td>\n<\/tr>\n<tr style=\"height: 13.50pt;\">\n<td style=\"height: 13.50pt;\" height=\"18\">Typ pokrywy<\/td>\n<td>Ciemnobr\u0105zowa p\u0142aska pokrywka z us\u0142ojeniem drewna (szczelna)<\/td>\n<\/tr>\n<tr style=\"height: 13.50pt;\">\n<td style=\"height: 13.50pt;\" height=\"18\">\u015arednica pokrywy<\/td>\n<td>80 mm (jednakowy dla wszystkich rozmiar\u00f3w)<\/td>\n<\/tr>\n<tr style=\"height: 13.50pt;\">\n<td style=\"height: 13.50pt;\" height=\"18\">Cecha materia\u0142u<\/td>\n<td>Wysoka odporno\u015b\u0107 termiczna i chemiczna, doskona\u0142a przejrzysto\u015b\u0107<\/td>\n<\/tr>\n<tr style=\"height: 13.50pt;\">\n<td style=\"height: 13.50pt;\" height=\"18\">Idealny dla<\/td>\n<td>S\u0142oiki szklane z hermetycznymi pokrywkami, hurtowa sprzeda\u017c szklanych s\u0142oik\u00f3w<\/td>\n<\/tr>\n<\/tbody>\n<\/table>\n<h2>Historia sukcesu: Rozwi\u0105zanie dla \u0142a\u0144cucha dostaw palacza kawy<\/h2>\n<p>\u015aredniej wielko\u015bci palarnia kawy pakowa\u0142a sw\u00f3j najlepszy, najlepiej sprzedaj\u0105cy si\u0119 produkt w nasze 580-mililitrowe szklane s\u0142oiki z hermetycznymi pokrywkami. Dzi\u0119ki zastosowaniu wytrzyma\u0142ych s\u0142oik\u00f3w ze szk\u0142a borokrzemianowego, liczba st\u0142ucze\u0144 podczas transportu i przechowywania spad\u0142a o 85%. Hermetyczna, drewniana pokrywka z ziarnami kawy bardzo skutecznie utrzymywa\u0142a \u015bwie\u017co\u015b\u0107 ziaren, a kawiarnie (klienci) zg\u0142aszali, \u017ce optymalny czas parzenia zosta\u0142 wyd\u0142u\u017cony o 30%. Po zaobserwowaniu korzy\u015bci operacyjnych i finansowych, firma z\u0142o\u017cy\u0142a zam\u00f3wienie na kolejne 250 000 s\u0142oik\u00f3w, aby umo\u017cliwi\u0107 rozszerzenie produkcji.<\/p>\n<h2>Opcje personalizacji hurtowej s\u0142oik\u00f3w szklanych<\/h2>\n<ul>\n<li>Pokrywy z litego drewna. Przej\u015bcie na wytrzyma\u0142e, bezpieczne w kontakcie z \u017cywno\u015bci\u0105, pokrywy z litego drewna, z wyko\u0144czeniem w kolorze orzecha lub akacji do wyboru.<\/li>\n<li>Branding wieczka. Logo naniesione stemplem lub wygrawerowane laserowo na drewnie.<\/li>\n<li>Wska\u017anik pojemno\u015bci. Pojemno\u015b\u0107 s\u0142oika (np. \u201e580 ml\u201d) jest oznaczona wyt\u0142oczeniem na dnie s\u0142oika.<\/li>\n<li>Lepsze uszczelnienie dzi\u0119ki szerszej lub barwionej uszczelce silikonowej do \u017cywno\u015bci. Szersza lub barwiona uszczelka silikonowa do \u017cywno\u015bci pomaga uzyska\u0107 lepsze uszczelnienie.<\/li>\n<\/ul>","protected":false},"excerpt":{"rendered":"<p>Eleganckie szklane s\u0142oiki z hermetycznymi pokrywkami dla hurtowych odbiorc\u00f3w, z grubymi szklanymi korpusami i pokrywkami z naturalnego drewna. Dost\u0119pne rabaty przy zam\u00f3wieniach hurtowych.<\/p>","protected":false},"featured_media":24504,"template":"","meta":[],"product_brand":[],"product_cat":[122,124,137],"product_tag":[],"class_list":{"0":"post-24500","1":"product","2":"type-product","3":"status-publish","4":"has-post-thumbnail","6":"product_cat-custom-glass-packaging","7":"product_cat-custom-glass-jars","8":"product_cat-glass-jars-with-lids","10":"first","11":"instock","12":"shipping-taxable","13":"product-type-simple"},"jetpack_sharing_enabled":true,"_links":{"self":[{"href":"https:\/\/yebodaglass.com\/pl\/wp-json\/wp\/v2\/product\/24500","targetHints":{"allow":["GET"]}}],"collection":[{"href":"https:\/\/yebodaglass.com\/pl\/wp-json\/wp\/v2\/product"}],"about":[{"href":"https:\/\/yebodaglass.com\/pl\/wp-json\/wp\/v2\/types\/product"}],"version-history":[{"count":4,"href":"https:\/\/yebodaglass.com\/pl\/wp-json\/wp\/v2\/product\/24500\/revisions"}],"predecessor-version":[{"id":24508,"href":"https:\/\/yebodaglass.com\/pl\/wp-json\/wp\/v2\/product\/24500\/revisions\/24508"}],"wp:featuredmedia":[{"embeddable":true,"href":"https:\/\/yebodaglass.com\/pl\/wp-json\/wp\/v2\/media\/24504"}],"wp:attachment":[{"href":"https:\/\/yebodaglass.com\/pl\/wp-json\/wp\/v2\/media?parent=24500"}],"wp:term":[{"taxonomy":"product_brand","embeddable":true,"href":"https:\/\/yebodaglass.com\/pl\/wp-json\/wp\/v2\/product_brand?post=24500"},{"taxonomy":"product_cat","embeddable":true,"href":"https:\/\/yebodaglass.com\/pl\/wp-json\/wp\/v2\/product_cat?post=24500"},{"taxonomy":"product_tag","embeddable":true,"href":"https:\/\/yebodaglass.com\/pl\/wp-json\/wp\/v2\/product_tag?post=24500"}],"curies":[{"name":"wp","href":"https:\/\/api.w.org\/{rel}","templated":true}]}}