{"id":24486,"date":"2025-12-19T16:52:38","date_gmt":"2025-12-19T08:52:38","guid":{"rendered":"https:\/\/yebodaglass.com\/?post_type=product&#038;p=24486"},"modified":"2026-04-10T10:09:38","modified_gmt":"2026-04-10T02:09:38","slug":"straight-sided-round-borosilicate-huge-glass-jars-bulk","status":"publish","type":"product","link":"https:\/\/yebodaglass.com\/pl\/straight-sided-round-borosilicate-huge-glass-jars-bulk\/","title":{"rendered":"3200 ml 4800 ml proste okr\u0105g\u0142e du\u017ce szklane s\u0142oiki borokrzemianowe hurtowo"},"content":{"rendered":"<p>Masz do\u015b\u0107 ma\u0142ych s\u0142oik\u00f3w, przez kt\u00f3re jedzenie rozlewa si\u0119 po ca\u0142ej kuchni? Tworzymy rozwi\u0105zania w postaci du\u017cych szklanych s\u0142oik\u00f3w \u2013 specjalnie dla marek, kt\u00f3re naprawd\u0119 potrzebuj\u0105 miejsca do przechowywania. Te hurtowe opcje s\u0142oik\u00f3w sprawiaj\u0105, \u017ce codzienne zapasy staj\u0105 si\u0119 synonimem marki premium. W przypadku zam\u00f3wie\u0144 hurtowych kolory s\u0105 dostosowywane do Twojej marki.<\/p>\n<h2>Cechy produktu<\/h2>\n<p><strong>Konstrukcja o prostych bokach:\u00a0<\/strong>Dzi\u0119ki pojemno\u015bci 4800 ml s\u0142oik pomie\u015bci proszek, ziarna, p\u0142atki zbo\u017cowe, ziarna kawy, zio\u0142a, przyprawy itp. \u2014 dzi\u0119ki temu nie b\u0119dziesz ju\u017c marnowa\u0107 produkt\u00f3w w ma\u0142ych pojemnikach.<\/p>\n<p><strong>Szk\u0142o borokrzemianowe odporne na ciep\u0142o:\u00a0<\/strong>Te ogromne szklane s\u0142oiki mo\u017cna wykorzysta\u0107 do przechowywania \u017cywno\u015bci na ciep\u0142o, na zimno i do zamro\u017cenia \u2014 nie powoduj\u0105c szoku termicznego. Mo\u017cna je r\u00f3wnie\u017c wykorzysta\u0107 do wazon\u00f3w, \u015bwiecznik\u00f3w itp.<\/p>\n<p><strong>Pokrywa o szeroko\u015bci 150 mm zapewniaj\u0105ca \u0142atwy dost\u0119p:\u00a0<\/strong>Za pomoc\u0105 szklanej \u0142y\u017cki bez trudu wyjmiesz proszek lub inne suche produkty \u2014 szczelna i \u0142atwa do trzymania.<\/p>\n<h2>Kluczowe dane techniczne<\/h2>\n<table style=\"border-collapse: collapse; width: 80%; margin-left: auto; margin-right: auto;\" border=\"0\" width=\"360\" cellspacing=\"0\" cellpadding=\"0\">\n<tbody>\n<tr style=\"height: 13.50pt;\">\n<td style=\"height: 13.5pt; width: 54pt; text-align: center;\" width=\"72\" height=\"18\">Pojemno\u015b\u0107 (ml)<\/td>\n<td style=\"width: 54pt; text-align: center;\" width=\"72\">Rozmiar (cm)<\/td>\n<td style=\"width: 54pt; text-align: center;\" width=\"72\">\u015arednica otworu<\/td>\n<td style=\"width: 54pt; text-align: center;\" width=\"72\">Tworzywo<\/td>\n<td style=\"width: 54pt; text-align: center;\" width=\"72\">Kszta\u0142t<\/td>\n<\/tr>\n<tr style=\"height: 13.50pt;\">\n<td style=\"height: 13.5pt; text-align: center;\" align=\"right\" height=\"18\">3200<\/td>\n<td style=\"text-align: center;\">15,0 x 20,0<\/td>\n<td class=\"et2\" style=\"text-align: center;\" rowspan=\"2\">150 mm<\/td>\n<td class=\"et2\" style=\"text-align: center;\" rowspan=\"2\">Borokrzemian<\/td>\n<td class=\"et2\" style=\"text-align: center;\" rowspan=\"2\">Okr\u0105g\u0142y o prostych bokach<\/td>\n<\/tr>\n<tr style=\"height: 13.50pt;\">\n<td style=\"height: 13.5pt; text-align: center;\" align=\"right\" height=\"18\">4800<\/td>\n<td style=\"text-align: center;\">15,0 x 30,0<\/td>\n<\/tr>\n<\/tbody>\n<\/table>\n<h2>Przypadek sukcesu<\/h2>\n<p>Po przej\u015bciu na proste, p\u0142askie pojemniki do przechowywania z wysokiej jako\u015bci szk\u0142a borokrzemianowego z bambusowymi pokrywkami, kanadyjska sie\u0107 handlowa, sprzedaj\u0105ca suszone produkty luzem i herbat\u0119 w du\u017cych ilo\u015bciach, zmodernizowa\u0142a ca\u0142y sw\u00f3j asortyment z plastikowych pojemnik\u00f3w na szklane opakowania ekspozycyjne. Ulepszone ekspozycje sklepowe sta\u0142y si\u0119 bardzo atrakcyjne wizualnie dzi\u0119ki lepszemu o\u015bwietleniu produkt\u00f3w, wynikaj\u0105cemu z wysokiej przejrzysto\u015bci szklanych pojemnik\u00f3w, du\u017cej \u015brednicy (150 mm) umo\u017cliwiaj\u0105cej szybkie uzupe\u0142nianie zapas\u00f3w oraz stabilnego uszczelnienia. W rezultacie wzros\u0142a r\u00f3wnie\u017c postrzegana jako\u015b\u0107 produkt\u00f3w.<\/p>\n<p>W ci\u0105gu pierwszych trzech miesi\u0119cy wdro\u017cenia po stronie klienta, odnotowa\u0142 on roczny wzrost sprzeda\u017cy detalicznej podobnych produkt\u00f3w hurtowych o ok. 28%, przy czym najwi\u0119kszy wzrost zanotowano w kategorii herbat premium.<\/p>\n<h2>Tw\u00f3j podr\u0119cznik personalizacji<\/h2>\n<ol>\n<li>Pokryw\u0119 mo\u017cna wybra\u0107 z bambusowej, drewnianej lub kompozytowej pokrywy uszczelniaj\u0105cej, a na jej g\u00f3rze znajduje si\u0119 logo grawerowane laserowo.<\/li>\n<li>Dzi\u0119ki zastosowaniu podzia\u0142ki, sitodruku lub t\u0142oczenia na gor\u0105co logo marki na korpusie puszki mo\u017cna zwi\u0119kszy\u0107 rozpoznawalno\u015b\u0107 marki w\u015br\u00f3d klient\u00f3w hurtowych.<\/li>\n<\/ol>","protected":false},"excerpt":{"rendered":"<p>Ogromne szklane s\u0142oiki do przechowywania \u017cywno\u015bci, wyprodukowane przez profesjonalnego producenta s\u0142oik\u00f3w. Dostarczamy s\u0142oiki bezpo\u015brednio z fabryki, w niestandardowych rozmiarach, z pokrywkami i w cenach hurtowych.<\/p>","protected":false},"featured_media":24487,"template":"","meta":[],"product_brand":[],"product_cat":[137,124,122],"product_tag":[],"class_list":{"0":"post-24486","1":"product","2":"type-product","3":"status-publish","4":"has-post-thumbnail","6":"product_cat-glass-jars-with-lids","7":"product_cat-custom-glass-jars","8":"product_cat-custom-glass-packaging","10":"first","11":"instock","12":"shipping-taxable","13":"product-type-simple"},"jetpack_sharing_enabled":true,"_links":{"self":[{"href":"https:\/\/yebodaglass.com\/pl\/wp-json\/wp\/v2\/product\/24486","targetHints":{"allow":["GET"]}}],"collection":[{"href":"https:\/\/yebodaglass.com\/pl\/wp-json\/wp\/v2\/product"}],"about":[{"href":"https:\/\/yebodaglass.com\/pl\/wp-json\/wp\/v2\/types\/product"}],"version-history":[{"count":5,"href":"https:\/\/yebodaglass.com\/pl\/wp-json\/wp\/v2\/product\/24486\/revisions"}],"predecessor-version":[{"id":25713,"href":"https:\/\/yebodaglass.com\/pl\/wp-json\/wp\/v2\/product\/24486\/revisions\/25713"}],"wp:featuredmedia":[{"embeddable":true,"href":"https:\/\/yebodaglass.com\/pl\/wp-json\/wp\/v2\/media\/24487"}],"wp:attachment":[{"href":"https:\/\/yebodaglass.com\/pl\/wp-json\/wp\/v2\/media?parent=24486"}],"wp:term":[{"taxonomy":"product_brand","embeddable":true,"href":"https:\/\/yebodaglass.com\/pl\/wp-json\/wp\/v2\/product_brand?post=24486"},{"taxonomy":"product_cat","embeddable":true,"href":"https:\/\/yebodaglass.com\/pl\/wp-json\/wp\/v2\/product_cat?post=24486"},{"taxonomy":"product_tag","embeddable":true,"href":"https:\/\/yebodaglass.com\/pl\/wp-json\/wp\/v2\/product_tag?post=24486"}],"curies":[{"name":"wp","href":"https:\/\/api.w.org\/{rel}","templated":true}]}}