{"id":24485,"date":"2025-12-19T15:29:18","date_gmt":"2025-12-19T07:29:18","guid":{"rendered":"https:\/\/yebodaglass.com\/?post_type=product&#038;p=24485"},"modified":"2025-12-19T16:44:27","modified_gmt":"2025-12-19T08:44:27","slug":"clear-small-glass-jars-with-lids-bulk","status":"publish","type":"product","link":"https:\/\/yebodaglass.com\/pl\/clear-small-glass-jars-with-lids-bulk\/","title":{"rendered":"120 ml, 210 ml, 260 ml, ma\u0142e, przezroczyste szklane s\u0142oiki z pokrywkami, hurt"},"content":{"rendered":"<p data-start=\"66\" data-end=\"288\">Stylowe, a zarazem niezawodne, te ma\u0142e szklane s\u0142oiki wykonane s\u0105 ze szk\u0142a borokrzemianowego. Pokrywki maj\u0105 atrakcyjne, ciemne, drewniane wyko\u0144czenie i s\u0105 dost\u0119pne w r\u00f3\u017cnych rozmiarach, od bardzo ma\u0142ych do nieco wi\u0119kszych. Ca\u0142kowicie przezroczysty szklany korpus s\u0142oika pozwala na \u0142atwy podgl\u0105d zawarto\u015bci (na przyk\u0142ad przypraw, pinezek czy przek\u0105sek).<\/p>\n<h2>Cechy produktu<\/h2>\n<ul>\n<li><strong>Konstrukcja cylindryczna:<\/strong> S\u0142oiki maj\u0105 zaokr\u0105glone dno, dzi\u0119ki czemu s\u0105 bardzo stabilne i nie przewr\u00f3c\u0105 si\u0119 z zagraconego blatu lub p\u00f3\u0142ki.<\/li>\n<li><strong>Zalety szk\u0142a borokrzemianowego:<\/strong> S\u0142oiki wykonane z wysokogatunkowego szk\u0142a borokrzemianowego s\u0105 odporne na nag\u0142e zmiany temperatury, dzi\u0119ki czemu mo\u017cna ich u\u017cywa\u0107 do przechowywania zar\u00f3wno ciep\u0142ych, jak i zimnych potraw, a tak\u017ce zachowa\u0107 je w bezpiecznym stanie, zapewniaj\u0105c d\u0142ugotrwa\u0142e u\u017cytkowanie.<\/li>\n<li><strong>Wz\u00f3r zakr\u0119tki z ciemnego drewna:<\/strong> \u0141adnie us\u0142ojona drewniana pokrywka ze \u015brub\u0105 nie tylko sprawia, \u017ce \u200b\u200bs\u0142oik wygl\u0105da dobrze, ale jest r\u00f3wnie\u017c najlepszym i najprostszym sposobem, aby \u017cywno\u015b\u0107 przechowywana w s\u0142oiku pozosta\u0142a sucha, \u015bwie\u017ca i smaczna.<\/li>\n<\/ul>\n<h2 style=\"text-align: left;\">Kluczowe specyfikacje<\/h2>\n<table class=\"aligncenter\" style=\"border-collapse: collapse; width: 486.02pt;\" border=\"0\" width=\"648\" cellspacing=\"0\" cellpadding=\"0\">\n<tbody>\n<tr style=\"height: 13.50pt;\">\n<td style=\"height: 13.50pt; width: 117.00pt;\" width=\"156\" height=\"18\">Specyfikacja<\/td>\n<td style=\"width: 369.00pt;\" width=\"492\">Bli\u017csze dane<\/td>\n<\/tr>\n<tr style=\"height: 13.50pt;\">\n<td style=\"height: 13.50pt;\" height=\"18\">Pojemno\u015b\u0107<\/td>\n<td>120 ml \/ 210 ml \/ 260 ml<\/td>\n<\/tr>\n<tr style=\"height: 13.50pt;\">\n<td style=\"height: 13.50pt;\" height=\"18\">Wymiary<\/td>\n<td>6,5\u00d75,5 cm \/ 9\u00d78 cm \/ 9\u00d710,2 cm<\/td>\n<\/tr>\n<tr style=\"height: 13.50pt;\">\n<td style=\"height: 13.50pt;\" height=\"18\">Tworzywo<\/td>\n<td>Szk\u0142o borokrzemianowe<\/td>\n<\/tr>\n<tr style=\"height: 13.50pt;\">\n<td style=\"height: 13.50pt;\" height=\"18\">Kszta\u0142t s\u0142oika<\/td>\n<td>Cylinder o niskim profilu<\/td>\n<\/tr>\n<tr style=\"height: 13.50pt;\">\n<td style=\"height: 13.50pt;\" height=\"18\">Typ pokrywy<\/td>\n<td>Ciemnobr\u0105zowa p\u0142aska pokrywka<\/td>\n<\/tr>\n<tr style=\"height: 13.50pt;\">\n<td style=\"height: 13.50pt;\" height=\"18\">\u015arednica pokrywy<\/td>\n<td>65 mm (jednakowy dla wszystkich rozmiar\u00f3w)<\/td>\n<\/tr>\n<tr style=\"height: 13.50pt;\">\n<td style=\"height: 13.50pt;\" height=\"18\">Cecha materia\u0142u<\/td>\n<td>Odporny na temperatur\u0119 i chemikalia, wysoka przejrzysto\u015b\u0107, odporny na zarysowania<\/td>\n<\/tr>\n<tr style=\"height: 13.50pt;\">\n<td style=\"height: 13.50pt;\" height=\"18\">Idealny dla<\/td>\n<td>Ma\u0142e szklane s\u0142oiki z pokrywkami, cylindryczne szklane s\u0142oiki<\/td>\n<\/tr>\n<\/tbody>\n<\/table>\n<h2>Studium przypadku z prawdziwego \u015bwiata: Jak jako\u015b\u0107 prowadzi do powtarzalnych klient\u00f3w<\/h2>\n<p>Specjalistyczna palarnia kawy z Ameryki P\u00f3\u0142nocnej wybra\u0142a nasze ma\u0142e, szklane s\u0142oiki o pojemno\u015bci 210 ml z pokrywkami. Dzi\u0119ki solidnej obudowie i mocnemu szk\u0142u, ryzyko st\u0142uczenia podczas transportu spad\u0142o o 70%. Niewielki, elegancki design pozwoli\u0142 im na stworzenie atrakcyjnych i zajmuj\u0105cych ma\u0142o miejsca zestaw\u00f3w upominkowych, kt\u00f3re teraz mog\u0105 sprzedawa\u0107 w cenie o 40% wy\u017cszej ni\u017c ich poprzednie produkty. Opr\u00f3cz pe\u0142nego zadowolenia z wydajno\u015bci produktu i opinii klient\u00f3w, firma z\u0142o\u017cy\u0142a kolejne zam\u00f3wienie na 300 000 szklanych s\u0142oik\u00f3w do opakowa\u0144 nowej linii produkt\u00f3w subskrypcyjnych.<\/p>\n<h2>Spersonalizuj swoje ma\u0142e szklane s\u0142oiki za pomoc\u0105 pokrywek<\/h2>\n<ul>\n<li>Pokrywy z litego drewna \u2013 Zmie\u0144 je na pokrywy z litego drewna, np. orzecha, hebanu lub bambusa, aby nada\u0107 im luksusowego charakteru.<\/li>\n<li>Grawerowanie na pokrywie \u2013 U\u017cyj lasera, aby wygrawerowa\u0107 atrakcyjne logo lub wz\u00f3r dekoracyjny na powierzchni drewnianej pokrywy.<\/li>\n<li>Oznaczenia pojemno\u015bci wykonane metod\u0105 sitodruku \u2013 Nanie\u015b na s\u0142oik ma\u0142e i stylowe oznaczenia pojemno\u015bci.<\/li>\n<li>Pier\u015bcie\u0144 uszczelniaj\u0105cy z silikonu \u2013 Aby zapewni\u0107 lepsze uszczelnienie, za\u0142\u00f3\u017c na pokrywk\u0119 pier\u015bcie\u0144 uszczelniaj\u0105cy z silikonu przeznaczonego do kontaktu z \u017cywno\u015bci\u0105.<\/li>\n<\/ul>","protected":false},"excerpt":{"rendered":"<p>Odkryj ma\u0142e szklane s\u0142oiki z pokrywkami o pulchnym, okr\u0105g\u0142ym kszta\u0142cie i p\u0142askimi wierzchami z ciemnego drewna. Krystalicznie czyste szk\u0142o borokrzemianowe, dost\u0119pna szybka wysy\u0142ka.<\/p>","protected":false},"featured_media":24490,"template":"","meta":[],"product_brand":[],"product_cat":[122,124,137],"product_tag":[],"class_list":{"0":"post-24485","1":"product","2":"type-product","3":"status-publish","4":"has-post-thumbnail","6":"product_cat-custom-glass-packaging","7":"product_cat-custom-glass-jars","8":"product_cat-glass-jars-with-lids","10":"first","11":"instock","12":"shipping-taxable","13":"product-type-simple"},"jetpack_sharing_enabled":true,"_links":{"self":[{"href":"https:\/\/yebodaglass.com\/pl\/wp-json\/wp\/v2\/product\/24485","targetHints":{"allow":["GET"]}}],"collection":[{"href":"https:\/\/yebodaglass.com\/pl\/wp-json\/wp\/v2\/product"}],"about":[{"href":"https:\/\/yebodaglass.com\/pl\/wp-json\/wp\/v2\/types\/product"}],"version-history":[{"count":2,"href":"https:\/\/yebodaglass.com\/pl\/wp-json\/wp\/v2\/product\/24485\/revisions"}],"predecessor-version":[{"id":24492,"href":"https:\/\/yebodaglass.com\/pl\/wp-json\/wp\/v2\/product\/24485\/revisions\/24492"}],"wp:featuredmedia":[{"embeddable":true,"href":"https:\/\/yebodaglass.com\/pl\/wp-json\/wp\/v2\/media\/24490"}],"wp:attachment":[{"href":"https:\/\/yebodaglass.com\/pl\/wp-json\/wp\/v2\/media?parent=24485"}],"wp:term":[{"taxonomy":"product_brand","embeddable":true,"href":"https:\/\/yebodaglass.com\/pl\/wp-json\/wp\/v2\/product_brand?post=24485"},{"taxonomy":"product_cat","embeddable":true,"href":"https:\/\/yebodaglass.com\/pl\/wp-json\/wp\/v2\/product_cat?post=24485"},{"taxonomy":"product_tag","embeddable":true,"href":"https:\/\/yebodaglass.com\/pl\/wp-json\/wp\/v2\/product_tag?post=24485"}],"curies":[{"name":"wp","href":"https:\/\/api.w.org\/{rel}","templated":true}]}}