{"id":24478,"date":"2025-12-19T11:04:51","date_gmt":"2025-12-19T03:04:51","guid":{"rendered":"https:\/\/yebodaglass.com\/?post_type=product&#038;p=24478"},"modified":"2026-04-14T10:56:07","modified_gmt":"2026-04-14T02:56:07","slug":"clear-glass-jars-with-wood-lids-bulk","status":"publish","type":"product","link":"https:\/\/yebodaglass.com\/pl\/clear-glass-jars-with-wood-lids-bulk\/","title":{"rendered":"S\u0142oiki szklane przezroczyste z drewnianymi pokrywkami o pojemno\u015bci 450 ml \u2013 1550 ml, hurt"},"content":{"rendered":"<p data-start=\"66\" data-end=\"288\">Te szklane s\u0142oiki z drewnianymi pokrywkami maj\u0105 elegancki, cylindryczny kszta\u0142t, wykonany z przezroczystego szk\u0142a i zakr\u0119tek z naturalnego drewna. Produkt dost\u0119pny jest w wielu rozmiarach.<\/p>\n<h2>Cechy produktu<\/h2>\n<ul>\n<li><strong>Szk\u0142o borokrzemianowe premium:<\/strong> Szk\u0142o jest niezwykle odporne na ciep\u0142o i ca\u0142kowicie przejrzyste dla oka.<\/li>\n<li><strong>Teksturowana konstrukcja nakr\u0119tki z drewna:<\/strong> Jasne drewno zakr\u0119tek ozdobione jest okr\u0105g\u0142ymi fakturami, kt\u00f3re u\u0142atwiaj\u0105 uszczelnienie, a jednocze\u015bnie zakr\u0119tk\u0119 \u0142atwo otworzy\u0107.<\/li>\n<li><strong>Przezroczysta i \u0142atwa do czyszczenia konstrukcja:<\/strong> Przezroczysty pojemnik umo\u017cliwia swobodny widok przechowywanych produkt\u00f3w, a g\u0142adka powierzchnia szk\u0142a jest bardzo \u0142atwa do czyszczenia.<\/li>\n<\/ul>\n<h2 style=\"text-align: left;\">Kluczowe specyfikacje<\/h2>\n<table class=\"aligncenter\" style=\"border-collapse: collapse; width: 452.27pt;\" border=\"0\" width=\"603\" cellspacing=\"0\" cellpadding=\"0\">\n<tbody>\n<tr style=\"height: 13.50pt;\">\n<td style=\"height: 13.50pt; width: 135.00pt;\" width=\"180\" height=\"18\">Specyfikacja<\/td>\n<td style=\"width: 317.25pt;\" width=\"423\">Bli\u017csze dane<\/td>\n<\/tr>\n<tr style=\"height: 13.50pt;\">\n<td style=\"height: 13.50pt;\" height=\"18\">Pojemno\u015b\u0107<\/td>\n<td>450 ml \/ 750 ml \/ 950 ml \/ 1550 ml<\/td>\n<\/tr>\n<tr style=\"height: 13.50pt;\">\n<td style=\"height: 13.50pt;\" height=\"18\">Wymiary<\/td>\n<td>9\u00d710 cm \/ 9\u00d715 cm \/ 9\u00d719 cm \/ 9\u00d729,5 cm<\/td>\n<\/tr>\n<tr style=\"height: 13.50pt;\">\n<td style=\"height: 13.50pt;\" height=\"18\">Materia\u0142\u200b<\/td>\n<td>Szk\u0142o borokrzemianowe<\/td>\n<\/tr>\n<tr style=\"height: 13.50pt;\">\n<td style=\"height: 13.50pt;\" height=\"18\">Rodzaj pokrywy<\/td>\n<td>Jasna drewniana zakr\u0119tka z okr\u0105g\u0142ym us\u0142ojeniem<\/td>\n<\/tr>\n<tr style=\"height: 13.50pt;\">\n<td style=\"height: 13.50pt;\" height=\"18\">\u015arednica pokrywy<\/td>\n<td>90 mm (jednolity dla wszystkich rozmiar\u00f3w)<\/td>\n<\/tr>\n<tr style=\"height: 13.50pt;\">\n<td style=\"height: 13.50pt;\" height=\"18\">Cecha materia\u0142u<\/td>\n<td>Odporne na temperatur\u0119 i chemikalia, wysoka przejrzysto\u015b\u0107, trwa\u0142e<\/td>\n<\/tr>\n<tr style=\"height: 13.50pt;\">\n<td style=\"height: 13.50pt;\" height=\"18\">Idealny dla<\/td>\n<td>S\u0142oiki szklane z drewnianymi pokrywkami, s\u0142oiki szklane luzem<\/td>\n<\/tr>\n<\/tbody>\n<\/table>\n<h2>Historia sukcesu: niestandardowe zam\u00f3wienie od palarni kawy z regionu Pacyfiku P\u00f3\u0142nocno-Zachodniego<\/h2>\n<p>Specjalistyczna palarnia kawy z Oregonu wybra\u0142a nasze szklane pojemniki z pokrywkami, a tak\u017ce niestandardowe pokrywki z ciemnego orzecha w\u0142oskiego i odpornego na promieniowanie UV bursztynowego szk\u0142a. S\u0142oiki dzia\u0142a\u0142y optymalnie, poniewa\u017c szk\u0142o odporne na promieniowanie UV lepiej utrzymywa\u0142o \u015bwie\u017co\u015b\u0107 i aromat ziaren kawy ni\u017c szk\u0142o przezroczyste, co prze\u0142o\u017cy\u0142o si\u0119 na o 35% d\u0142u\u017cszy okres przydatno\u015bci do spo\u017cycia. Estetyczny design tych s\u0142oik\u00f3w zwi\u0119kszy\u0142 liczb\u0119 udost\u0119pnie\u0144 w mediach spo\u0142eczno\u015bciowych o 200%. Palarnia by\u0142a tak zadowolona, \u200b\u200b\u017ce \u200b\u200bz\u0142o\u017cy\u0142a dodatkowe zam\u00f3wienie na 320 000 s\u0142oik\u00f3w do swojej nowo wprowadzonej linii gotowych mieszanek do palenia kawy.<\/p>\n<h2>Pojemnik szklany z mo\u017cliwo\u015bci\u0105 personalizacji i pokrywk\u0105<\/h2>\n<ul>\n<li>Materia\u0142 pokrywki: prawdziwe drewno \u2013 pokrywki mog\u0105 by\u0107 wykonane z r\u00f3\u017cnych gatunk\u00f3w drewna, na przyk\u0142ad bambusa, buku lub klonu.<\/li>\n<li>Indywidualne bejcowanie drewna \u2013 Mo\u017cesz wybiera\u0107 spo\u015br\u00f3d szerokiej gamy opcji bejcowania, pocz\u0105wszy od jasnego naturalnego drewna a\u017c po ciemny orzech.<\/li>\n<li>Zdobiony wz\u00f3r podstawy \u2013 w procesie produkcyjnym na dnie butelki powstaje delikatny wz\u00f3r tekstury.<\/li>\n<\/ul>","protected":false},"excerpt":{"rendered":"<p>Wysokiej jako\u015bci szklane s\u0142oiki z drewnianymi pokrywkami, przezroczyste s\u0142oiki wykonane z krystalicznie czystego szk\u0142a borokrzemianowego, w r\u00f3\u017cnych rozmiarach, idealne do przechowywania w spi\u017carni. Dost\u0119pne bezp\u0142atne pr\u00f3bki.<\/p>","protected":false},"featured_media":24482,"template":"","meta":[],"product_brand":[],"product_cat":[137,124,122],"product_tag":[],"class_list":{"0":"post-24478","1":"product","2":"type-product","3":"status-publish","4":"has-post-thumbnail","6":"product_cat-glass-jars-with-lids","7":"product_cat-custom-glass-jars","8":"product_cat-custom-glass-packaging","10":"first","11":"instock","12":"shipping-taxable","13":"product-type-simple"},"jetpack_sharing_enabled":true,"_links":{"self":[{"href":"https:\/\/yebodaglass.com\/pl\/wp-json\/wp\/v2\/product\/24478","targetHints":{"allow":["GET"]}}],"collection":[{"href":"https:\/\/yebodaglass.com\/pl\/wp-json\/wp\/v2\/product"}],"about":[{"href":"https:\/\/yebodaglass.com\/pl\/wp-json\/wp\/v2\/types\/product"}],"version-history":[{"count":5,"href":"https:\/\/yebodaglass.com\/pl\/wp-json\/wp\/v2\/product\/24478\/revisions"}],"predecessor-version":[{"id":25776,"href":"https:\/\/yebodaglass.com\/pl\/wp-json\/wp\/v2\/product\/24478\/revisions\/25776"}],"wp:featuredmedia":[{"embeddable":true,"href":"https:\/\/yebodaglass.com\/pl\/wp-json\/wp\/v2\/media\/24482"}],"wp:attachment":[{"href":"https:\/\/yebodaglass.com\/pl\/wp-json\/wp\/v2\/media?parent=24478"}],"wp:term":[{"taxonomy":"product_brand","embeddable":true,"href":"https:\/\/yebodaglass.com\/pl\/wp-json\/wp\/v2\/product_brand?post=24478"},{"taxonomy":"product_cat","embeddable":true,"href":"https:\/\/yebodaglass.com\/pl\/wp-json\/wp\/v2\/product_cat?post=24478"},{"taxonomy":"product_tag","embeddable":true,"href":"https:\/\/yebodaglass.com\/pl\/wp-json\/wp\/v2\/product_tag?post=24478"}],"curies":[{"name":"wp","href":"https:\/\/api.w.org\/{rel}","templated":true}]}}