{"id":24457,"date":"2025-12-18T10:59:35","date_gmt":"2025-12-18T02:59:35","guid":{"rendered":"https:\/\/yebodaglass.com\/?post_type=product&#038;p=24457"},"modified":"2026-04-13T16:19:06","modified_gmt":"2026-04-13T08:19:06","slug":"wholesale-glass-jars-with-lids-for-storage","status":"publish","type":"product","link":"https:\/\/yebodaglass.com\/pl\/wholesale-glass-jars-with-lids-for-storage\/","title":{"rendered":"S\u0142oiki szklane z pokrywkami do przechowywania o pojemno\u015bci 600 ml \u2013 1400 ml \u2013 hurtowa sprzeda\u017c\u00a0"},"content":{"rendered":"<p>Szklane s\u0142oiki hurtowe maj\u0105 kwadratowy kszta\u0142t z zaokr\u0105glonymi naro\u017cnikami i s\u0105 wykonane z ultraprzezroczystego szk\u0142a borokrzemianowego, spe\u0142niaj\u0105cego standardy jako\u015bci spo\u017cywczej. S\u0142oiki wyposa\u017cone s\u0105 w naturalne bambusowe zakr\u0119tki i wbudowane silikonowe uszczelki zapewniaj\u0105ce szczelno\u015b\u0107.<\/p>\n<h2>Cechy produktu<\/h2>\n<ul>\n<li><strong>Prosta, kwadratowa, prostoliniowa konstrukcja cylindryczna:<\/strong> Kwadratowy, cylindryczny kszta\u0142t z zaokr\u0105glonymi rogami pozwala na uk\u0142adanie w stosy, a jego design u\u0142atwia rozpoznanie.<\/li>\n<li><strong>Konstrukcja pokrywy uszczelniaj\u0105cej z naturalnego bambusa:<\/strong> Naturalna bambusowa pokrywka w po\u0142\u0105czeniu z silikonowym pier\u015bcieniem uszczelniaj\u0105cym dopuszczonym do kontaktu z \u017cywno\u015bci\u0105 zapewniaj\u0105 doskona\u0142e uszczelnienie, skutecznie zapobiegaj\u0105c przedostawaniu si\u0119 wilgoci i owad\u00f3w.<\/li>\n<li><strong>Dost\u0119pne r\u00f3\u017cne rozmiary:<\/strong> R\u00f3\u017cne rozmiary zaspokajaj\u0105 r\u00f3\u017cne potrzeby w zakresie przechowywania, od ma\u0142ych pojemnik\u00f3w na przyprawy po du\u017ce pojemniki na zbo\u017ce lub przek\u0105ski.<\/li>\n<\/ul>\n<h2>Kluczowe specyfikacje<\/h2>\n<table style=\"border-collapse: collapse; width: 80%; margin-right: auto; margin-left: auto;\" border=\"0\" width=\"432\" cellspacing=\"0\" cellpadding=\"0\">\n<tbody>\n<tr style=\"height: 13.50pt;\">\n<td style=\"height: 13.5pt; width: 54pt; text-align: center;\" width=\"72\" height=\"18\">Pojemno\u015b\u0107<\/td>\n<td style=\"width: 54pt; text-align: center;\" width=\"72\">Rozmiar (cm)<\/td>\n<td style=\"width: 54pt; text-align: center;\" width=\"72\">\u015arednica otworu (mm)<\/td>\n<td style=\"width: 54pt; text-align: center;\" width=\"72\">Tworzywo<\/td>\n<td style=\"width: 54pt; text-align: center;\" width=\"72\">Kolor<\/td>\n<td style=\"width: 54pt; text-align: center;\" width=\"72\">Kszta\u0142t<\/td>\n<\/tr>\n<tr style=\"height: 13.50pt;\">\n<td style=\"height: 13.5pt; text-align: center;\" height=\"18\">600 ml<\/td>\n<td style=\"text-align: center;\">10 x 10 x 10,5<\/td>\n<td class=\"et2\" style=\"text-align: center;\" rowspan=\"5\">94&#215;100<\/td>\n<td class=\"et2\" style=\"text-align: center;\" rowspan=\"5\">Borokrzemian<\/td>\n<td class=\"et2\" style=\"text-align: center;\" rowspan=\"5\">Czysty, niestandardowy<\/td>\n<td class=\"et2\" style=\"text-align: center;\" rowspan=\"5\">Kwadrat<\/td>\n<\/tr>\n<tr style=\"height: 13.50pt;\">\n<td style=\"height: 13.5pt; text-align: center;\" height=\"18\">800 ml<\/td>\n<td style=\"text-align: center;\">10 x 10 x 13<\/td>\n<\/tr>\n<tr style=\"height: 13.50pt;\">\n<td style=\"height: 13.5pt; text-align: center;\" height=\"18\">1000 ml<\/td>\n<td style=\"text-align: center;\">10 x 10 x 16<\/td>\n<\/tr>\n<tr style=\"height: 13.50pt;\">\n<td style=\"height: 13.5pt; text-align: center;\" height=\"18\">1200 ml<\/td>\n<td style=\"text-align: center;\">10 x 10 x 19<\/td>\n<\/tr>\n<tr style=\"height: 13.50pt;\">\n<td style=\"height: 13.5pt; text-align: center;\" height=\"18\">1400 ml<\/td>\n<td style=\"text-align: center;\">10 x 10 x 21<\/td>\n<\/tr>\n<\/tbody>\n<\/table>\n<h2>Historia sukcesu: Opakowanie herbaty luzem dla krajowej marki herbaty<\/h2>\n<p>Krajowa marka herbaty wybra\u0142a hurtowe szklane s\u0142oiki o pojemno\u015bci 250 ml wraz z bambusowymi pokrywkami. Nazwa i pochodzenie herbaty zosta\u0142y nadrukowane sitodrukiem na pokrywkach. Spersonalizowane hurtowe szklane s\u0142oiki odnios\u0142y ogromny sukces, poniewa\u017c ich kwadratowy kszta\u0142t zwi\u0119kszy\u0142 wydajno\u015b\u0107 pakowania w magazynie o 20%, a doskona\u0142a szczelno\u015b\u0107 pozwoli\u0142a na przed\u0142u\u017cenie trwa\u0142o\u015bci smaku i aromatu herbaty o 40% w por\u00f3wnaniu z poprzednimi torebkami herbaty. Marka by\u0142a bardzo zadowolona z nowego opakowania i z\u0142o\u017cy\u0142a dodatkowe zam\u00f3wienie na 520 000 szklanych s\u0142oik\u00f3w do swojej nowo wprowadzonej kolekcji herbat zio\u0142owych i zestaw\u00f3w upominkowych.<\/p>\n<h2>Opcje personalizacji hurtowych s\u0142oik\u00f3w szklanych<\/h2>\n<ol>\n<li>Umo\u017cliwia dodanie linii podzia\u0142ki lub oznacze\u0144 pojemno\u015bci do pojemnika ze szk\u0142a borokrzemianowego, u\u0142atwiaj\u0105c u\u017cytkowanie przez profesjonalnych klient\u00f3w w przemy\u015ble spo\u017cywczym, kawowym i piekarniczym.<\/li>\n<li>Dost\u0119pne s\u0105 r\u00f3\u017cne poziomy przezroczysto\u015bci lub wyko\u0144czenie w odcieniu bursztynu, co pozwala zachowa\u0107 r\u00f3wnowag\u0119 mi\u0119dzy jako\u015bci\u0105 ekspozycji a potrzeb\u0105 ochrony zawarto\u015bci przed \u015bwiat\u0142em.<\/li>\n<li>Obs\u0142uguje \u0142y\u017cki miarowe o niestandardowych rozmiarach i kszta\u0142tach, umo\u017cliwiaj\u0105ce precyzyjne dozowanie proszk\u00f3w, przypraw lub \u017cywno\u015bci funkcjonalnej.<\/li>\n<\/ol>","protected":false},"excerpt":{"rendered":"<p>Hurtowe szklane s\u0142oiki w kwadratowym kszta\u0142cie z borokrzemianu z bambusowymi pokrywkami. S\u0142oiki idealne do przechowywania herbaty, ziaren i przek\u0105sek. Dost\u0119pne bezp\u0142atne pr\u00f3bki. Szybka wysy\u0142ka.<\/p>","protected":false},"featured_media":24458,"template":"","meta":[],"product_brand":[],"product_cat":[137,124,122],"product_tag":[],"class_list":{"0":"post-24457","1":"product","2":"type-product","3":"status-publish","4":"has-post-thumbnail","6":"product_cat-glass-jars-with-lids","7":"product_cat-custom-glass-jars","8":"product_cat-custom-glass-packaging","10":"first","11":"instock","12":"shipping-taxable","13":"product-type-simple"},"jetpack_sharing_enabled":true,"_links":{"self":[{"href":"https:\/\/yebodaglass.com\/pl\/wp-json\/wp\/v2\/product\/24457","targetHints":{"allow":["GET"]}}],"collection":[{"href":"https:\/\/yebodaglass.com\/pl\/wp-json\/wp\/v2\/product"}],"about":[{"href":"https:\/\/yebodaglass.com\/pl\/wp-json\/wp\/v2\/types\/product"}],"version-history":[{"count":5,"href":"https:\/\/yebodaglass.com\/pl\/wp-json\/wp\/v2\/product\/24457\/revisions"}],"predecessor-version":[{"id":25770,"href":"https:\/\/yebodaglass.com\/pl\/wp-json\/wp\/v2\/product\/24457\/revisions\/25770"}],"wp:featuredmedia":[{"embeddable":true,"href":"https:\/\/yebodaglass.com\/pl\/wp-json\/wp\/v2\/media\/24458"}],"wp:attachment":[{"href":"https:\/\/yebodaglass.com\/pl\/wp-json\/wp\/v2\/media?parent=24457"}],"wp:term":[{"taxonomy":"product_brand","embeddable":true,"href":"https:\/\/yebodaglass.com\/pl\/wp-json\/wp\/v2\/product_brand?post=24457"},{"taxonomy":"product_cat","embeddable":true,"href":"https:\/\/yebodaglass.com\/pl\/wp-json\/wp\/v2\/product_cat?post=24457"},{"taxonomy":"product_tag","embeddable":true,"href":"https:\/\/yebodaglass.com\/pl\/wp-json\/wp\/v2\/product_tag?post=24457"}],"curies":[{"name":"wp","href":"https:\/\/api.w.org\/{rel}","templated":true}]}}