{"id":24455,"date":"2025-12-18T09:55:12","date_gmt":"2025-12-18T01:55:12","guid":{"rendered":"https:\/\/yebodaglass.com\/?post_type=product&#038;p=24455"},"modified":"2025-12-18T11:55:49","modified_gmt":"2025-12-18T03:55:49","slug":"airtight-clear-jars-with-wooden-lids-bulk","status":"publish","type":"product","link":"https:\/\/yebodaglass.com\/pl\/airtight-clear-jars-with-wooden-lids-bulk\/","title":{"rendered":"250 ml \u2013 1550 ml S\u0142oiki hermetyczne z drewnianymi pokrywkami, hurt"},"content":{"rendered":"<p data-start=\"66\" data-end=\"288\">Te pi\u0119kne s\u0142oiki z borokrzemianu z drewnianymi pokrywkami maj\u0105 tradycyjny, okr\u0105g\u0142y kszta\u0142t i nieco w\u0119\u017csz\u0105 szyjk\u0119. Korpus s\u0142oika jest w ca\u0142o\u015bci wykonany z przezroczystego szk\u0142a borokrzemianowego, a pokrywka ma p\u0142ask\u0105, imitacj\u0119 drewna i zaokr\u0105glone rowki.<\/p>\n<h2>Cechy produktu<\/h2>\n<ul>\n<li><strong>Wypuk\u0142a konstrukcja dna:<\/strong> Zaokr\u0105glony, wypuk\u0142y kszta\u0142t dna sprawia, \u017ce \u200b\u200bs\u0142oik jest bardziej stabilny, gdy stoi na pod\u0142odze, a jednocze\u015bnie jego konstrukcja wydaje si\u0119 nieco wy\u017csza.<\/li>\n<li><strong>Naturalna\u200b\u200d\u200b\u200c\u200d\u200b\u200d\u200c\u200b\u200d\u200b\u200c\u200d\u200b\u200d\u200c Pokrywa z rowkowanym us\u0142ojeniem drewna:<\/strong> Pokrywka jest prosta, wykonana z drewna i ma wygi\u0119te rowki, dzi\u0119ki czemu otwieranie i zamykanie jej jest bardzo wygodne, a s\u0142oik jest szczelnie zamkni\u0119ty.<\/li>\n<li><strong>Oferujemy pi\u0119\u0107 r\u00f3\u017cnych pojemno\u015bci:<\/strong> Mo\u017cna zdecydowa\u0107 si\u0119 na zakup pojemnika o dowolnej z pi\u0119ciu pojemno\u015bci, czyli od 250 ml do 1550 ml pojemno\u015bci magazynowej.<\/li>\n<\/ul>\n<h2 style=\"text-align: left;\">Kluczowe specyfikacje<\/h2>\n<table class=\"aligncenter\" style=\"border-collapse: collapse; width: 422.27pt;\" border=\"0\" width=\"563\" cellspacing=\"0\" cellpadding=\"0\">\n<tbody>\n<tr style=\"height: 13.50pt;\">\n<td style=\"height: 13.50pt; width: 99.75pt;\" width=\"133\" height=\"18\">Specyfikacja<\/td>\n<td style=\"width: 322.50pt;\" width=\"430\">Bli\u017csze dane<\/td>\n<\/tr>\n<tr style=\"height: 13.50pt;\">\n<td style=\"height: 13.50pt;\" height=\"18\">Pojemno\u015b\u0107<\/td>\n<td>250 ml \/ 450 ml \/ 750 ml \/ 950 ml \/ 1550 ml<\/td>\n<\/tr>\n<tr style=\"height: 13.50pt;\">\n<td style=\"height: 13.50pt;\" height=\"18\">Wymiary<\/td>\n<td>9\u00d77 cm \/ 9\u00d710 cm \/ 9\u00d715 cm \/ 9\u00d719 cm \/ 9\u00d729,5 cm<\/td>\n<\/tr>\n<tr style=\"height: 13.50pt;\">\n<td style=\"height: 13.50pt;\" height=\"18\">Tworzywo<\/td>\n<td>Szk\u0142o borokrzemianowe<\/td>\n<\/tr>\n<tr style=\"height: 13.50pt;\">\n<td style=\"height: 13.50pt;\" height=\"18\">Typ pokrywy<\/td>\n<td>P\u0142aska pokrywa z faktur\u0105 drewna i okr\u0105g\u0142ym uchwytem<\/td>\n<\/tr>\n<tr style=\"height: 13.50pt;\">\n<td style=\"height: 13.50pt;\" height=\"18\">\u015arednica pokrywy<\/td>\n<td>90 mm (jednolity dla wszystkich rozmiar\u00f3w)<\/td>\n<\/tr>\n<tr style=\"height: 13.50pt;\">\n<td style=\"height: 13.50pt;\" height=\"18\">Cecha materia\u0142u<\/td>\n<td>Wysoka odporno\u015b\u0107 termiczna i chemiczna, doskona\u0142a przejrzysto\u015b\u0107<\/td>\n<\/tr>\n<tr style=\"height: 13.50pt;\">\n<td style=\"height: 13.50pt;\" height=\"18\">Idealny dla<\/td>\n<td>S\u0142oiki z drewnianymi pokrywkami \/ Szklane s\u0142oiki z pokrywkami<\/td>\n<\/tr>\n<\/tbody>\n<\/table>\n<h2>Transformacja marki palarni kawy: rozw\u00f3j marki<\/h2>\n<p>Palarnia kawy specjalistycznej poszukiwa\u0142a luksusowego opakowania, aby wzmocni\u0107 wizerunek marki. W rezultacie zdecydowa\u0142a si\u0119 na nasze przezroczyste s\u0142oiki o pojemno\u015bci 750 ml z drewnianymi pokrywkami jako opakowanie ziaren kawy. To szk\u0142o borokrzemianowe jest bardzo trwa\u0142e. W rzeczywisto\u015bci uszkodzenia transportowe s\u0105 o 65% mniejsze w por\u00f3wnaniu ze \u015bredni\u0105 bran\u017cow\u0105 dla podobnych produkt\u00f3w. Pokrywka z us\u0142ojeniem drewna jest bardzo szczelna i, wed\u0142ug opinii klient\u00f3w, przed\u0142u\u017ca \u015bwie\u017co\u015b\u0107 i aromat ziaren kawy o 50%. Na fali tego ogromnego sukcesu, firma zam\u00f3wi\u0142a kolejne zam\u00f3wienie na 50 000 s\u0142oik\u00f3w, aby wprowadzi\u0107 na rynek zupe\u0142nie now\u0105 lini\u0119 ziaren kawy jednorodnej.<\/p>\n<h2>Opcje personalizacji przezroczystych s\u0142oik\u00f3w<\/h2>\n<ul>\n<li>Pokrywy z litego drewna \u2013 zamie\u0144 pokrywy z us\u0142ojenia drewna na pokrywy z prawdziwego bambusa, d\u0119bu lub orzecha.<\/li>\n<li>Grawerowane laserowo wzory na pokrywie \u2013 Udekoruj swoj\u0105 drewnian\u0105 pokryw\u0119 stylowym logo, wzorem lub napisem.<\/li>\n<li>Wska\u017aniki pojemno\u015bci s\u0142oika wykonane metod\u0105 sitodruku \u2013 \u0141atwe i trwa\u0142e wska\u017aniki pojemno\u015bci s\u0142oika wykonane metod\u0105 sitodruku, nadrukowane na \u015bciance s\u0142oika.<\/li>\n<li>Kolory silikonowych pier\u015bcieni uszczelniaj\u0105cych \u2013 Wewn\u0119trzny pier\u015bcie\u0144 uszczelniaj\u0105cy mo\u017ce by\u0107 wykonany w dowolnym kolorze silikonu dopuszczonego do kontaktu z \u017cywno\u015bci\u0105.<\/li>\n<li>Teksturowana powierzchnia antypo\u015blizgowa \u2013 Sp\u00f3d piaskowany lub teksturowany dla lepszego chwytu d\u0142oni.<\/li>\n<\/ul>","protected":false},"excerpt":{"rendered":"<p>Te przezroczyste s\u0142oiki z drewnianymi pokrywkami wykonane s\u0105 z grubego szk\u0142a borokrzemianowego i maj\u0105 g\u0142adkie, drewniane pokrywki. Eleganckie i praktyczne do kuchni. Dost\u0119pne s\u0105 bezp\u0142atne pr\u00f3bki. Szybka wysy\u0142ka.<\/p>","protected":false},"featured_media":24465,"template":"","meta":[],"product_brand":[],"product_cat":[122,124,137],"product_tag":[],"class_list":{"0":"post-24455","1":"product","2":"type-product","3":"status-publish","4":"has-post-thumbnail","6":"product_cat-custom-glass-packaging","7":"product_cat-custom-glass-jars","8":"product_cat-glass-jars-with-lids","10":"first","11":"instock","12":"shipping-taxable","13":"product-type-simple"},"jetpack_sharing_enabled":true,"_links":{"self":[{"href":"https:\/\/yebodaglass.com\/pl\/wp-json\/wp\/v2\/product\/24455","targetHints":{"allow":["GET"]}}],"collection":[{"href":"https:\/\/yebodaglass.com\/pl\/wp-json\/wp\/v2\/product"}],"about":[{"href":"https:\/\/yebodaglass.com\/pl\/wp-json\/wp\/v2\/types\/product"}],"version-history":[{"count":4,"href":"https:\/\/yebodaglass.com\/pl\/wp-json\/wp\/v2\/product\/24455\/revisions"}],"predecessor-version":[{"id":24472,"href":"https:\/\/yebodaglass.com\/pl\/wp-json\/wp\/v2\/product\/24455\/revisions\/24472"}],"wp:featuredmedia":[{"embeddable":true,"href":"https:\/\/yebodaglass.com\/pl\/wp-json\/wp\/v2\/media\/24465"}],"wp:attachment":[{"href":"https:\/\/yebodaglass.com\/pl\/wp-json\/wp\/v2\/media?parent=24455"}],"wp:term":[{"taxonomy":"product_brand","embeddable":true,"href":"https:\/\/yebodaglass.com\/pl\/wp-json\/wp\/v2\/product_brand?post=24455"},{"taxonomy":"product_cat","embeddable":true,"href":"https:\/\/yebodaglass.com\/pl\/wp-json\/wp\/v2\/product_cat?post=24455"},{"taxonomy":"product_tag","embeddable":true,"href":"https:\/\/yebodaglass.com\/pl\/wp-json\/wp\/v2\/product_tag?post=24455"}],"curies":[{"name":"wp","href":"https:\/\/api.w.org\/{rel}","templated":true}]}}