{"id":24443,"date":"2025-12-17T11:52:45","date_gmt":"2025-12-17T03:52:45","guid":{"rendered":"https:\/\/yebodaglass.com\/?post_type=product&#038;p=24443"},"modified":"2025-12-18T11:56:27","modified_gmt":"2025-12-18T03:56:27","slug":"borosilicate-glass-jars-with-lids-bulk","status":"publish","type":"product","link":"https:\/\/yebodaglass.com\/pl\/borosilicate-glass-jars-with-lids-bulk\/","title":{"rendered":"S\u0142oiki ze szk\u0142a borokrzemianowego z pokrywkami o pojemno\u015bci 16 uncji, 25 uncji i 32 uncji (luzem)"},"content":{"rendered":"<p data-start=\"66\" data-end=\"288\">Te s\u0142oiki ze szk\u0142a borokrzemianowego z pokrywkami charakteryzuj\u0105 si\u0119 smuk\u0142\u0105, zaokr\u0105glon\u0105 obudow\u0105 i g\u0142adkimi, zaokr\u0105glonymi kraw\u0119dziami. Wykonane s\u0105 z przezroczystego, kryszta\u0142owego szk\u0142a borokrzemianowego, dzi\u0119ki czemu jedzenie jest dobrze widoczne z zewn\u0105trz. Jasna, p\u0142aska pokrywka z bambusa z wbudowanym pier\u015bcieniem uszczelniaj\u0105cym zapewnia szczelno\u015b\u0107 i jednocze\u015bnie nadaje pojemnikowi naturalny wygl\u0105d.<\/p>\n<h2>Cechy produktu<\/h2>\n<ul>\n<li><strong>Zalety szk\u0142a borokrzemianowego:<\/strong> Poniewa\u017c jest wykonany ze szk\u0142a borokrzemianowego, jego doskona\u0142a odporno\u015b\u0107 na ciep\u0142o i substancje chemiczne sprawia, \u017ce \u200b\u200bzachowuje wytrzyma\u0142o\u015b\u0107 przez d\u0142ugi czas, nawet w trudnych warunkach.<\/li>\n<li><strong>Konstrukcja uszczelnienia pokrywy bambusowej:<\/strong> Jasna, p\u0142aska pokrywa z bambusa w po\u0142\u0105czeniu z wewn\u0119trzn\u0105 warstw\u0105 uszczelniaj\u0105c\u0105 to idealne po\u0142\u0105czenie zapobiegaj\u0105ce hermetycznemu przechowywaniu.<\/li>\n<li><strong>R\u00f3\u017cne kombinacje rozmiar\u00f3w:<\/strong> Opcja trzech rozmiar\u00f3w jest idealnym rozwi\u0105zaniem dla r\u00f3\u017cnych potrzeb obj\u0119to\u015bciowych (mniejsze s\u0142oiki na przyprawy, du\u017ce s\u0142oiki na ziarna).<\/li>\n<\/ul>\n<h2 style=\"text-align: left;\">Kluczowe specyfikacje<\/h2>\n<table class=\"aligncenter\" style=\"border-collapse: collapse; width: 440.27pt;\" border=\"0\" width=\"587\" cellspacing=\"0\" cellpadding=\"0\">\n<tbody>\n<tr style=\"height: 13.50pt;\">\n<td style=\"height: 13.50pt; width: 99.75pt;\" width=\"133\" height=\"18\">Specyfikacja<\/td>\n<td style=\"width: 340.50pt;\" width=\"454\">Bli\u017csze dane<\/td>\n<\/tr>\n<tr style=\"height: 13.50pt;\">\n<td style=\"height: 13.50pt;\" height=\"18\">Pojemno\u015b\u0107<\/td>\n<td>500 ml \/ 750 ml \/ 1000 ml<\/td>\n<\/tr>\n<tr style=\"height: 13.50pt;\">\n<td style=\"height: 13.50pt;\" height=\"18\">Wymiary<\/td>\n<td>9\u00d710 cm \/ 9\u00d715 cm \/ 9\u00d720 cm<\/td>\n<\/tr>\n<tr style=\"height: 13.50pt;\">\n<td style=\"height: 13.50pt;\" height=\"18\">Tworzywo<\/td>\n<td>Szk\u0142o borokrzemianowe o wysokiej zawarto\u015bci<\/td>\n<\/tr>\n<tr style=\"height: 13.50pt;\">\n<td style=\"height: 13.50pt;\" height=\"18\">Typ pokrywy<\/td>\n<td>P\u0142aska pokrywka bambusowa ze zintegrowanym pier\u015bcieniem uszczelniaj\u0105cym<\/td>\n<\/tr>\n<tr style=\"height: 13.50pt;\">\n<td style=\"height: 13.50pt;\" height=\"18\">\u015arednica pokrywy<\/td>\n<td>90 mm (jednolity dla wszystkich rozmiar\u00f3w)<\/td>\n<\/tr>\n<tr style=\"height: 13.50pt;\">\n<td style=\"height: 13.50pt;\" height=\"18\">Cecha materia\u0142u<\/td>\n<td>Odporny na szok termiczny, stabilny chemicznie, o wysokiej przejrzysto\u015bci<\/td>\n<\/tr>\n<tr style=\"height: 13.50pt;\">\n<td style=\"height: 13.50pt;\" height=\"18\">Idealny dla<\/td>\n<td>S\u0142oiki szklane z pokrywkami hurtowo, s\u0142oik szklany z pokrywk\u0105 bambusow\u0105<\/td>\n<\/tr>\n<\/tbody>\n<\/table>\n<h2>Historia sukcesu: Ekspansja detaliczna specjalistycznej herbaty<\/h2>\n<p>Szybko rozwijaj\u0105ca si\u0119 firma herbaciana potrzebowa\u0142a wysokiej jako\u015bci i jednolitego opakowania dla swoich hurtowych produkt\u00f3w herbacianych. Nasze szklane s\u0142oiki z pokrywkami o pojemno\u015bci 750 ml zosta\u0142y ostatecznie wybrane jako standardowe opakowanie dla wszystkich produkt\u00f3w detalicznych. Wyj\u0105tkowa trwa\u0142o\u015b\u0107 szk\u0142a borokrzemianowego zmniejszy\u0142a ryzyko st\u0142uczenia o 70%. Bambusowe pokrywki zapewniaj\u0105 doskona\u0142e uszczelnienie, dzi\u0119ki czemu okres przydatno\u015bci produktu wyd\u0142u\u017ca si\u0119 \u015brednio o 8 miesi\u0119cy, co przek\u0142ada si\u0119 na znaczn\u0105 redukcj\u0119 odpad\u00f3w o 40%. Z\u0142o\u017cyli dodatkowe zam\u00f3wienie na 120 000 szklanych s\u0142oik\u00f3w do lokalnej dystrybucji ze wzgl\u0119du na ich doskona\u0142e w\u0142a\u015bciwo\u015bci.<\/p>\n<h2>S\u0142oiki szklane z pokrywkami \u2013 opcje personalizacji hurtowej<\/h2>\n<ul>\n<li>Spersonalizowany grawerunek na pokrywce bambusowej \u2013 grawerowanie laserowe logo lub wzor\u00f3w na pokrywce bambusowej.<\/li>\n<li>Kolorowe silikonowe pier\u015bcienie uszczelniaj\u0105ce \u2013 Kolor silikonu u\u017cytego do wykonania pier\u015bcienia uszczelniaj\u0105cego mo\u017cna zmieni\u0107. Dost\u0119pne s\u0105 r\u00f3\u017cne opcje kolorystyczne silikonowych pier\u015bcieni uszczelniaj\u0105cych dopuszczonych do kontaktu z \u017cywno\u015bci\u0105.<\/li>\n<li>Oznaczenia pojemno\u015bci wykonane metod\u0105 sitodruku \u2013 mo\u017cliwe jest nadrukowanie oznacze\u0144 w ml i kubkach, co gwarantuje trwa\u0142o\u015b\u0107 oznacze\u0144.<\/li>\n<li>Matowa podstawa lub rami\u0119 \u2013 Wysokiej jako\u015bci matowy efekt powierzchni uzyskuje si\u0119 poprzez proces piaskowania w wybranych miejscach.<\/li>\n<li>Niestandardowe kolory szk\u0142a \u2013 Szk\u0142o mo\u017ce by\u0107 wykonane w kolorze jasnobursztynowym lub zielonym, z dodatkow\u0105 ochron\u0105 UV.<\/li>\n<\/ul>","protected":false},"excerpt":{"rendered":"<p>S\u0142oiki szklane premium z pokrywkami, hurtowo, szklane s\u0142oiki z pokrywkami z przezroczystego szk\u0142a borokrzemianowego i naturalnymi bambusowymi pokrywkami. Elegancki design i wsparcie w cenach hurtowych.<\/p>","protected":false},"featured_media":24450,"template":"","meta":[],"product_brand":[],"product_cat":[122,124,137],"product_tag":[],"class_list":{"0":"post-24443","1":"product","2":"type-product","3":"status-publish","4":"has-post-thumbnail","6":"product_cat-custom-glass-packaging","7":"product_cat-custom-glass-jars","8":"product_cat-glass-jars-with-lids","10":"first","11":"instock","12":"shipping-taxable","13":"product-type-simple"},"jetpack_sharing_enabled":true,"_links":{"self":[{"href":"https:\/\/yebodaglass.com\/pl\/wp-json\/wp\/v2\/product\/24443","targetHints":{"allow":["GET"]}}],"collection":[{"href":"https:\/\/yebodaglass.com\/pl\/wp-json\/wp\/v2\/product"}],"about":[{"href":"https:\/\/yebodaglass.com\/pl\/wp-json\/wp\/v2\/types\/product"}],"version-history":[{"count":4,"href":"https:\/\/yebodaglass.com\/pl\/wp-json\/wp\/v2\/product\/24443\/revisions"}],"predecessor-version":[{"id":24473,"href":"https:\/\/yebodaglass.com\/pl\/wp-json\/wp\/v2\/product\/24443\/revisions\/24473"}],"wp:featuredmedia":[{"embeddable":true,"href":"https:\/\/yebodaglass.com\/pl\/wp-json\/wp\/v2\/media\/24450"}],"wp:attachment":[{"href":"https:\/\/yebodaglass.com\/pl\/wp-json\/wp\/v2\/media?parent=24443"}],"wp:term":[{"taxonomy":"product_brand","embeddable":true,"href":"https:\/\/yebodaglass.com\/pl\/wp-json\/wp\/v2\/product_brand?post=24443"},{"taxonomy":"product_cat","embeddable":true,"href":"https:\/\/yebodaglass.com\/pl\/wp-json\/wp\/v2\/product_cat?post=24443"},{"taxonomy":"product_tag","embeddable":true,"href":"https:\/\/yebodaglass.com\/pl\/wp-json\/wp\/v2\/product_tag?post=24443"}],"curies":[{"name":"wp","href":"https:\/\/api.w.org\/{rel}","templated":true}]}}