{"id":24435,"date":"2025-12-17T10:37:34","date_gmt":"2025-12-17T02:37:34","guid":{"rendered":"https:\/\/yebodaglass.com\/?post_type=product&#038;p=24435"},"modified":"2025-12-23T10:15:44","modified_gmt":"2025-12-23T02:15:44","slug":"large-glass-food-storage-canisters-with-lids-bulk","status":"publish","type":"product","link":"https:\/\/yebodaglass.com\/pl\/large-glass-food-storage-canisters-with-lids-bulk\/","title":{"rendered":"2750 ml du\u017ce szklane pojemniki do przechowywania \u017cywno\u015bci z pokrywkami, hurt"},"content":{"rendered":"<p data-start=\"66\" data-end=\"288\">Te du\u017ce szklane s\u0142oiki z pokrywkami to s\u0142oiki ze szk\u0142a borokrzemianowego o smuk\u0142ych, zaokr\u0105glonych kszta\u0142tach, kt\u00f3re estetycznie eksponuj\u0105 ich przestronno\u015b\u0107. S\u0142oiki wykonane s\u0105 z przezroczystego, przezroczystego szk\u0142a borokrzemianowego i po\u0142\u0105czone z p\u0142askimi pokrywkami o strukturze drewna, co tworzy naturalny, minimalistyczny styl, kt\u00f3ry doskonale komponuje si\u0119 z przezroczystym szk\u0142em.<\/p>\n<h2>Cechy produktu<\/h2>\n<ul>\n<li><strong>Du\u017ca pojemno\u015b\u0107 i smuk\u0142a konstrukcja:<\/strong> Dzi\u0119ki smuk\u0142ej, okr\u0105g\u0142ej konstrukcji mo\u017cna przechowywa\u0107 w nim du\u017c\u0105 ilo\u015b\u0107 jedzenia, a s\u0142oik mo\u017cna sprytnie schowa\u0107 w szafce, oszcz\u0119dzaj\u0105c w ten spos\u00f3b miejsce.<\/li>\n<li><strong>Zalety szk\u0142a borokrzemianowego:<\/strong> Poniewa\u017c jest to szk\u0142o borokrzemianowe, jest bardzo odporne na zmiany temperatur, nie wydziela zapach\u00f3w i jest trwa\u0142e.<\/li>\n<li><strong>Zamkni\u0119ta p\u0142aska pokrywa z us\u0142ojeniem drewna:<\/strong> P\u0142aska pokrywka z faktur\u0105 przypominaj\u0105c\u0105 us\u0142ojenie drewna jest \u015bci\u015ble dopasowana do otworu s\u0142oika, dzi\u0119ki czemu uszczelnienie jest niemal\u017ce hermetyczne.<\/li>\n<\/ul>\n<h2 style=\"text-align: left;\">Kluczowe specyfikacje<\/h2>\n<table class=\"aligncenter\" style=\"border-collapse: collapse; width: 458.27pt;\" border=\"0\" width=\"611\" cellspacing=\"0\" cellpadding=\"0\">\n<tbody>\n<tr style=\"height: 13.50pt;\">\n<td style=\"height: 13.50pt; width: 99.75pt;\" width=\"133\" height=\"18\">Specyfikacja<\/td>\n<td style=\"width: 358.50pt;\" width=\"478\">Bli\u017csze dane<\/td>\n<\/tr>\n<tr style=\"height: 13.50pt;\">\n<td style=\"height: 13.50pt;\" height=\"18\">Pojemno\u015b\u0107<\/td>\n<td>2750 ml (2,75 l)<\/td>\n<\/tr>\n<tr style=\"height: 13.50pt;\">\n<td style=\"height: 13.50pt;\" height=\"18\">Wymiary<\/td>\n<td>14\u00d729.5cm<\/td>\n<\/tr>\n<tr style=\"height: 13.50pt;\">\n<td style=\"height: 13.50pt;\" height=\"18\">Tworzywo<\/td>\n<td>Szk\u0142o borokrzemianowe<\/td>\n<\/tr>\n<tr style=\"height: 13.50pt;\">\n<td style=\"height: 13.50pt;\" height=\"18\">Typ pokrywy<\/td>\n<td>P\u0142aska pokrywa o fakturze drewna<\/td>\n<\/tr>\n<tr style=\"height: 13.50pt;\">\n<td style=\"height: 13.50pt;\" height=\"18\">Cecha materia\u0142u<\/td>\n<td>Odporne na szok termiczny i chemikalia, wysoka przejrzysto\u015b\u0107, trwa\u0142o\u015b\u0107<\/td>\n<\/tr>\n<tr style=\"height: 13.50pt;\">\n<td style=\"height: 13.50pt;\" height=\"18\">Idealny dla<\/td>\n<td>Pojemniki do przechowywania \u017cywno\u015bci z pokrywkami, s\u0142oiki szklane z drewnianymi pokrywkami<\/td>\n<\/tr>\n<\/tbody>\n<\/table>\n<h2>Nowe spojrzenie na sk\u0142adniki masowe: Jak piekarnia si\u0119 przekszta\u0142ci\u0142a<\/h2>\n<p>Rozbudowana piekarnia pilnie potrzebowa\u0142a niezawodnego systemu do przechowywania 50-funtowych pojemnik\u00f3w na skrobi\u0119 i cukier. Dzia\u0142y sk\u0142adnik\u00f3w w ich fabrykach zosta\u0142y wyposa\u017cone w nasze 2,75-litrowe, du\u017ce pojemniki do przechowywania \u017cywno\u015bci z pokrywkami, kt\u00f3re wykorzystywano do ca\u0142ego procesu magazynowania. Te pojemniki z wysokiej jako\u015bci szk\u0142a borokrzemianowego bez \u017cadnych uszkodze\u0144 wytrzymywa\u0142y codzienne zmiany temperatury z ch\u0142odni do gor\u0105cej kuchni, zapewniaj\u0105c tym samym 100% odporno\u015b\u0107 na p\u0119kni\u0119cia. Pokrywa z us\u0142ojeniem drewna, idealnie dopasowana do pojemnika, najskuteczniej pomaga utrzyma\u0107 \u015bwie\u017co\u015b\u0107 i bezpiecze\u0144stwo m\u0105ki, chroni\u0105c przed szkodnikami, a tak\u017ce pozwoli\u0142a ograniczy\u0107 psucie si\u0119 sk\u0142adnik\u00f3w jedynie o 55%. Co wi\u0119cej, piekarnia nie tylko zam\u00f3wi\u0142a kolejne ogromne zam\u00f3wienie na 350 000 s\u0142oik\u00f3w, aby wyposa\u017cy\u0107 swoje nowe zak\u0142ady, ale r\u00f3wnie\u017c zrobi\u0142a to, poniewa\u017c by\u0142a niezwykle zadowolona z trwa\u0142o\u015bci i wydajno\u015bci produktu.<\/p>\n<h2>Du\u017ce szklane s\u0142oiki z pokrywkami, opcje niestandardowe<\/h2>\n<ul>\n<li>Modernizacja pokrywy z litego drewna \u2013 wymie\u0144 pokryw\u0119 z us\u0142ojeniem drewna na tak\u0105 z prawdziwego bambusa lub d\u0119bu.<\/li>\n<li>Oznaczenia pojemno\u015bci wygrawerowane laserowo \u2013 Umieszczaj dok\u0142adne oznaczenia litr\u00f3w i fili\u017canek.<\/li>\n<li>Wzmocnione dno \u2013 Dno szk\u0142a jest pogrubione, aby umo\u017cliwi\u0107 podtrzymywanie ci\u0119\u017ckich przedmiot\u00f3w.<\/li>\n<li>Jednocz\u0119\u015bciowy pier\u015bcie\u0144 uszczelniaj\u0105cy z silikonu \u2013 pier\u015bcie\u0144 uszczelniaj\u0105cy z silikonu przeznaczonego do kontaktu z \u017cywno\u015bci\u0105 znajduje si\u0119 na pokrywce.<\/li>\n<li>Akcenty witra\u017cowe \u2013 umie\u015b\u0107 ma\u0142\u0105, jasnozielon\u0105 lub bursztynow\u0105 plam\u0119 na ramieniu s\u0142oika.<\/li>\n<\/ul>","protected":false},"excerpt":{"rendered":"<p>Du\u017ce szklane s\u0142oiki z pokrywkami, z wysokim, przezroczystym korpusem z borokrzemianu i p\u0142ask\u0105 drewnian\u0105 pokrywk\u0105. Idealne pojemniki do przechowywania \u017cywno\u015bci z pokrywkami, dostawa bezpo\u015brednio z fabryki.<\/p>","protected":false},"featured_media":24438,"template":"","meta":[],"product_brand":[],"product_cat":[122,124,137],"product_tag":[],"class_list":{"0":"post-24435","1":"product","2":"type-product","3":"status-publish","4":"has-post-thumbnail","6":"product_cat-custom-glass-packaging","7":"product_cat-custom-glass-jars","8":"product_cat-glass-jars-with-lids","10":"first","11":"instock","12":"shipping-taxable","13":"product-type-simple"},"jetpack_sharing_enabled":true,"_links":{"self":[{"href":"https:\/\/yebodaglass.com\/pl\/wp-json\/wp\/v2\/product\/24435","targetHints":{"allow":["GET"]}}],"collection":[{"href":"https:\/\/yebodaglass.com\/pl\/wp-json\/wp\/v2\/product"}],"about":[{"href":"https:\/\/yebodaglass.com\/pl\/wp-json\/wp\/v2\/types\/product"}],"version-history":[{"count":5,"href":"https:\/\/yebodaglass.com\/pl\/wp-json\/wp\/v2\/product\/24435\/revisions"}],"predecessor-version":[{"id":24534,"href":"https:\/\/yebodaglass.com\/pl\/wp-json\/wp\/v2\/product\/24435\/revisions\/24534"}],"wp:featuredmedia":[{"embeddable":true,"href":"https:\/\/yebodaglass.com\/pl\/wp-json\/wp\/v2\/media\/24438"}],"wp:attachment":[{"href":"https:\/\/yebodaglass.com\/pl\/wp-json\/wp\/v2\/media?parent=24435"}],"wp:term":[{"taxonomy":"product_brand","embeddable":true,"href":"https:\/\/yebodaglass.com\/pl\/wp-json\/wp\/v2\/product_brand?post=24435"},{"taxonomy":"product_cat","embeddable":true,"href":"https:\/\/yebodaglass.com\/pl\/wp-json\/wp\/v2\/product_cat?post=24435"},{"taxonomy":"product_tag","embeddable":true,"href":"https:\/\/yebodaglass.com\/pl\/wp-json\/wp\/v2\/product_tag?post=24435"}],"curies":[{"name":"wp","href":"https:\/\/api.w.org\/{rel}","templated":true}]}}