{"id":24427,"date":"2025-12-17T08:59:15","date_gmt":"2025-12-17T00:59:15","guid":{"rendered":"https:\/\/yebodaglass.com\/?post_type=product&#038;p=24427"},"modified":"2025-12-23T10:15:27","modified_gmt":"2025-12-23T02:15:27","slug":"bulk-big-glass-jars-with-lids-for-food-storage","status":"publish","type":"product","link":"https:\/\/yebodaglass.com\/pl\/bulk-big-glass-jars-with-lids-for-food-storage\/","title":{"rendered":"Du\u017ce szklane s\u0142oiki z pokrywkami do przechowywania \u017cywno\u015bci, 1250 ml, 1950 ml"},"content":{"rendered":"<p data-start=\"66\" data-end=\"288\">Te du\u017ce szklane s\u0142oiki z pokrywkami o klasycznym, smuk\u0142ym, okr\u0105g\u0142ym kszta\u0142cie, wykonane s\u0105 ze szk\u0142a borokrzemianowego, co zapewnia im trwa\u0142o\u015b\u0107 i du\u017c\u0105 pojemno\u015b\u0107. S\u0142oiki wykonane s\u0105 z przezroczystego szk\u0142a borokrzemianowego i maj\u0105 p\u0142ask\u0105 pokrywk\u0119 z us\u0142ojeniem drewna; to po\u0142\u0105czenie tworzy prosty i naturalny produkt, kt\u00f3ry idealnie komponuje si\u0119 z przezroczystym korpusem.<\/p>\n<h2>Cechy produktu<\/h2>\n<ul>\n<li><strong>Dlaczego warto stosowa\u0107 szk\u0142o borokrzemianowe:<\/strong> Dzi\u0119ki temu, \u017ce s\u0142oiki te wykonane s\u0105 z wysokoboro-krzemianowego szk\u0142a, s\u0105 odporne na zmiany temperatury, nie wydzielaj\u0105 zapach\u00f3w i mo\u017cna w nich bezpiecznie przechowywa\u0107 ciep\u0142e i zimne potrawy, produkty suche oraz wszelkiego rodzaju artyku\u0142y.<\/li>\n<li><strong>Pokrywa z faktur\u0105 drewna:<\/strong> P\u0142aska pokrywa o fakturze s\u0142oj\u00f3w drewna w po\u0142\u0105czeniu z przezroczystym szk\u0142em borokrzemianowym nie tylko dobrze przylega, ale tak\u017ce nadaje przytulny i ziemisty wygl\u0105d.<\/li>\n<li><strong>Dwie opcje rozmiaru:<\/strong> Du\u017ce i ma\u0142e rozmiary maj\u0105 na celu zaspokojenie zmieniaj\u0105cych si\u0119 potrzeb u\u017cytkownik\u00f3w (np. du\u017ce s\u0142oiki na p\u0142atki \u015bniadaniowe, ma\u0142e na orzechy).<\/li>\n<\/ul>\n<h2 style=\"text-align: left;\">Kluczowe specyfikacje<\/h2>\n<table class=\"aligncenter\" style=\"border-collapse: collapse; width: 382.52pt;\" border=\"0\" width=\"510\" cellspacing=\"0\" cellpadding=\"0\">\n<tbody>\n<tr style=\"height: 13.50pt;\">\n<td style=\"height: 13.50pt; width: 99.75pt;\" width=\"133\" height=\"18\">Specyfikacja<\/td>\n<td style=\"width: 282.75pt;\" width=\"377\">Bli\u017csze dane<\/td>\n<\/tr>\n<tr style=\"height: 13.50pt;\">\n<td style=\"height: 13.50pt;\" height=\"18\">Pojemno\u015b\u0107<\/td>\n<td>1250 ml\/1950 ml<\/td>\n<\/tr>\n<tr style=\"height: 13.50pt;\">\n<td style=\"height: 13.50pt;\" height=\"18\">Wymiary<\/td>\n<td>11.5\u00d716cm\/13\u00d719.5cm<\/td>\n<\/tr>\n<tr style=\"height: 13.50pt;\">\n<td style=\"height: 13.50pt;\" height=\"18\">Tworzywo<\/td>\n<td>Szk\u0142o borokrzemianowe<\/td>\n<\/tr>\n<tr style=\"height: 13.50pt;\">\n<td style=\"height: 13.50pt;\" height=\"18\">Typ pokrywy<\/td>\n<td>P\u0142aska pokrywa o fakturze drewna<\/td>\n<\/tr>\n<tr style=\"height: 13.50pt;\">\n<td style=\"height: 13.50pt;\" height=\"18\">Cecha materia\u0142u<\/td>\n<td>Odporny na szok termiczny, wysoka przejrzysto\u015b\u0107, trwa\u0142o\u015b\u0107<\/td>\n<\/tr>\n<tr style=\"height: 13.50pt;\">\n<td style=\"height: 13.50pt;\" height=\"18\">Idealny dla<\/td>\n<td>S\u0142oiki szklane hurtowe, du\u017ce s\u0142oiki szklane<\/td>\n<\/tr>\n<\/tbody>\n<\/table>\n<h2>Przyk\u0142ad sukcesu: rozwi\u0105zanie magazynowe dla sieci kawiarni<\/h2>\n<p>W jaki spos\u00f3b dynamicznie rozwijaj\u0105ca si\u0119 sie\u0107 kawiarni mog\u0142a w zr\u00f3wnowa\u017cony spos\u00f3b przechowywa\u0107 hurtowo ziarna kawy i inne produkty potrzebne do palenia? Odpowiedzi\u0105 na to pytanie by\u0142 wyb\u00f3r naszych du\u017cych, szklanych s\u0142oik\u00f3w o pojemno\u015bci 1950 ml z pokrywkami, kt\u00f3re u\u0142atwi\u0142y zarz\u0105dzanie kuchni\u0105. Pokrywki z faktur\u0105 drewna to g\u0142\u00f3wny pow\u00f3d skutecznego zamkni\u0119cia, dzi\u0119ki czemu \u017cywotno\u015b\u0107 ziaren kawy wyd\u0142u\u017ca si\u0119 o 40%, a ilo\u015b\u0107 odpad\u00f3w drastycznie maleje. Szklane s\u0142oiki o du\u017cej pojemno\u015bci pomog\u0142y personelowi zaoszcz\u0119dzi\u0107 oko\u0142o 60% czasu uzupe\u0142niania zapas\u00f3w, zmniejszaj\u0105c cz\u0119stotliwo\u015b\u0107 tych czynno\u015bci. W oparciu o te udoskonalenia, sie\u0107 podj\u0119\u0142a decyzj\u0119 o zakupie 50 000 s\u0142oik\u00f3w, aby u\u0142atwi\u0107 standaryzacj\u0119 praktyk magazynowych we wszystkich sklepach.<\/p>\n<h2>S\u0142oiki szklane hurtowe oferuj\u0105 opcje personalizacji<\/h2>\n<ul>\n<li>Modernizacja pokrywy z prawdziwego drewna \u2013 zamie\u0144 pokryw\u0119 z us\u0142ojeniem drewna na pokryw\u0119 z litego bambusa lub d\u0119bu<\/li>\n<li>Oznaczenia pojemno\u015bci wykonane metod\u0105 sitodruku \u2013 nanie\u015b trwa\u0142e oznaczenia pojemno\u015bci na s\u0142oik<\/li>\n<li>Mro\u017cone paski dekoracyjne \u2013 wytwarzaj matowe paski kontrastowe metod\u0105 piaskowania<\/li>\n<li>Pier\u015bcie\u0144 uszczelniaj\u0105cy z silikonu \u2013 zamontuj pier\u015bcie\u0144 uszczelniaj\u0105cy z silikonu w pokrywie, aby zapewni\u0107 lepsze uszczelnienie<\/li>\n<li>Witra\u017c \u2013 Dost\u0119pne s\u0105 s\u0142oiki z jasnobursztynowego lub zielonego szk\u0142a zapewniaj\u0105ce lepsz\u0105 ochron\u0119 przed promieniowaniem UV<\/li>\n<\/ul>","protected":false},"excerpt":{"rendered":"<p>Pojemnik szklany premium z drewnian\u0105 pokrywk\u0105, pojemnik szklany z pokrywk\u0105 wykonany z przezroczystego szk\u0142a borokrzemianowego o nowoczesnym kszta\u0142cie. Dostawa bezpo\u015brednio z fabryki, szybka wysy\u0142ka.<\/p>","protected":false},"featured_media":24429,"template":"","meta":[],"product_brand":[],"product_cat":[122,124,137],"product_tag":[],"class_list":{"0":"post-24427","1":"product","2":"type-product","3":"status-publish","4":"has-post-thumbnail","6":"product_cat-custom-glass-packaging","7":"product_cat-custom-glass-jars","8":"product_cat-glass-jars-with-lids","10":"first","11":"instock","12":"shipping-taxable","13":"product-type-simple"},"jetpack_sharing_enabled":true,"_links":{"self":[{"href":"https:\/\/yebodaglass.com\/pl\/wp-json\/wp\/v2\/product\/24427","targetHints":{"allow":["GET"]}}],"collection":[{"href":"https:\/\/yebodaglass.com\/pl\/wp-json\/wp\/v2\/product"}],"about":[{"href":"https:\/\/yebodaglass.com\/pl\/wp-json\/wp\/v2\/types\/product"}],"version-history":[{"count":5,"href":"https:\/\/yebodaglass.com\/pl\/wp-json\/wp\/v2\/product\/24427\/revisions"}],"predecessor-version":[{"id":24533,"href":"https:\/\/yebodaglass.com\/pl\/wp-json\/wp\/v2\/product\/24427\/revisions\/24533"}],"wp:featuredmedia":[{"embeddable":true,"href":"https:\/\/yebodaglass.com\/pl\/wp-json\/wp\/v2\/media\/24429"}],"wp:attachment":[{"href":"https:\/\/yebodaglass.com\/pl\/wp-json\/wp\/v2\/media?parent=24427"}],"wp:term":[{"taxonomy":"product_brand","embeddable":true,"href":"https:\/\/yebodaglass.com\/pl\/wp-json\/wp\/v2\/product_brand?post=24427"},{"taxonomy":"product_cat","embeddable":true,"href":"https:\/\/yebodaglass.com\/pl\/wp-json\/wp\/v2\/product_cat?post=24427"},{"taxonomy":"product_tag","embeddable":true,"href":"https:\/\/yebodaglass.com\/pl\/wp-json\/wp\/v2\/product_tag?post=24427"}],"curies":[{"name":"wp","href":"https:\/\/api.w.org\/{rel}","templated":true}]}}