{"id":24404,"date":"2025-12-16T10:55:52","date_gmt":"2025-12-16T02:55:52","guid":{"rendered":"https:\/\/yebodaglass.com\/?post_type=product&#038;p=24404"},"modified":"2025-12-23T10:16:06","modified_gmt":"2025-12-23T02:16:06","slug":"clear-glass-canister-with-wood-lid-bulk","status":"publish","type":"product","link":"https:\/\/yebodaglass.com\/pl\/clear-glass-canister-with-wood-lid-bulk\/","title":{"rendered":"Pojemnik szklany przezroczysty o pojemno\u015bci 500 ml, 800 ml i 1200 ml z drewnian\u0105 pokrywk\u0105, hurtowy"},"content":{"rendered":"<p data-start=\"66\" data-end=\"288\">Ten atrakcyjny szklany pojemnik z drewnian\u0105 pokrywk\u0105 charakteryzuje si\u0119 smuk\u0142\u0105, prost\u0105 obudow\u0105, kt\u00f3ra elegancko przechodzi w nieco w\u0119\u017csze rami\u0119, zamykany okr\u0105g\u0142ym korkiem z naturalnego korka. Wykonany z przezroczystego szk\u0142a borokrzemianowego, jest bardzo wytrzyma\u0142y.<\/p>\n<h2>Cechy produktu<\/h2>\n<ul>\n<li><strong>Konstrukcja korka sferycznego:<\/strong> Kulista zatyczka z naturalnego korka sprawia, \u017ce \u200b\u200bs\u0142oik wygl\u0105da bardziej atrakcyjnie, a tak\u017ce umo\u017cliwia \u0142atwe otwieranie i wyjmowanie zawarto\u015bci.<\/li>\n<li><strong>Jakie s\u0105 zalety szk\u0142a borokrzemianowego:<\/strong> Wysokiej jako\u015bci szk\u0142o borokrzemianowe, z kt\u00f3rego wykonano s\u0142oik, sprawia, \u017ce \u200b\u200bjest on odporny na szok termiczny i korozj\u0119 chemiczn\u0105, dzi\u0119ki czemu zachowuje swoj\u0105 trwa\u0142o\u015b\u0107 przez d\u0142ugi czas.<\/li>\n<li><strong>Materia\u0142 wierzchni, bardzo przejrzysty:<\/strong> S\u0142oik jest idealnie przezroczysty, co jest bardzo przydatne przy eksponowaniu produkt\u00f3w w nim przechowywanych.<\/li>\n<\/ul>\n<h2 style=\"text-align: left;\">Kluczowe specyfikacje<\/h2>\n<table class=\"aligncenter\" style=\"border-collapse: collapse; width: 452.27pt;\" border=\"0\" width=\"603\" cellspacing=\"0\" cellpadding=\"0\">\n<tbody>\n<tr style=\"height: 13.50pt;\">\n<td style=\"height: 13.50pt; width: 101.25pt;\" width=\"135\" height=\"18\">Specyfikacja<\/td>\n<td style=\"width: 351.00pt;\" width=\"468\">Bli\u017csze dane<\/td>\n<\/tr>\n<tr style=\"height: 13.50pt;\">\n<td style=\"height: 13.50pt;\" height=\"18\">Pojemno\u015b\u0107<\/td>\n<td>500 ml \/ 800 ml \/ 1200 ml<\/td>\n<\/tr>\n<tr style=\"height: 13.50pt;\">\n<td style=\"height: 13.50pt;\" height=\"18\">Wymiary<\/td>\n<td>9\u00d710cm\/9\u00d715.5cm\/9\u00d720cm<\/td>\n<\/tr>\n<tr style=\"height: 13.50pt;\">\n<td style=\"height: 13.50pt;\" height=\"18\">Tworzywo<\/td>\n<td>Szk\u0142o borokrzemianowe<\/td>\n<\/tr>\n<tr style=\"height: 13.50pt;\">\n<td style=\"height: 13.50pt;\" height=\"18\">Typ pokrywy<\/td>\n<td>Kulisty korek z naturalnego korka (dost\u0119pna opcja z pokrywk\u0105 drewnian\u0105)<\/td>\n<\/tr>\n<tr style=\"height: 13.50pt;\">\n<td style=\"height: 13.50pt;\" height=\"18\">Cecha materia\u0142u<\/td>\n<td>Odporny na szok termiczny, o wysokiej przejrzysto\u015bci, stabilny chemicznie<\/td>\n<\/tr>\n<tr style=\"height: 13.50pt;\">\n<td style=\"height: 13.50pt;\" height=\"18\">Idealny dla<\/td>\n<td>Pojemnik szklany z drewnian\u0105 pokrywk\u0105, pojemniki szklane z pokrywkami<\/td>\n<\/tr>\n<\/tbody>\n<\/table>\n<h2>Historia sukcesu rynkowego marki \u017cywno\u015bci rzemie\u015blniczej<\/h2>\n<p>Producent \u017cywno\u015bci specjalistycznej chcia\u0142 zwi\u0119kszy\u0107 rozpoznawalno\u015b\u0107 marki. W tym celu wprowadzi\u0142 do sprzeda\u017cy swoje p\u0142atki \u015bniadaniowe w szklanym pojemniku o pojemno\u015bci 1200 ml z drewnian\u0105 pokrywk\u0105. Hermetyczne, niestandardowe drewniane pokrywki pozwoli\u0142y na wyd\u0142u\u017cenie okresu przydatno\u015bci do spo\u017cycia o ponad 12 miesi\u0119cy, a wska\u017anik psucia si\u0119 produkt\u00f3w spad\u0142 o 65%. Nowoczesny design sprawi\u0142, \u017ce produkt sta\u0142 si\u0119 bardziej atrakcyjny dla sprzedawc\u00f3w detalicznych, co prze\u0142o\u017cy\u0142o si\u0119 na wzrost liczby podpisywanych um\u00f3w z nowymi sprzedawcami o 45%. W zwi\u0105zku z tym firma z\u0142o\u017cy\u0142a dodatkowe zam\u00f3wienie na 350 000 sztuk.<\/p>\n<h2>Niestandardowy pojemnik szklany z opcjami pokrywki<\/h2>\n<ul>\n<li>Wyko\u0144czenie drewnianej pokrywy na zam\u00f3wienie \u2013 d\u0105b, bambus lub orzech \u2013 mo\u017cesz wybra\u0107; ponadto mo\u017cesz wybiera\u0107 spo\u015br\u00f3d wielu opcji wybarwienia.<\/li>\n<li>Branding grawerowany laserowo \u2013 precyzyjne nanoszenie logo lub wzoru na powierzchni\u0119 szk\u0142a za pomoc\u0105 grawerowania laserowego.<\/li>\n<li>Oznaczenia pojemno\u015bci wykonane metod\u0105 sitodruku \u2013 wyra\u017ane, nie\u015bcieralne oznaczenia pojemno\u015bci nanoszone od czasu do czasu na szk\u0142o metod\u0105 sitodruku.<\/li>\n<li>Drewniana pokrywka wy\u0142o\u017cona korkiem \u2013 Drewniana pokrywka wy\u0142o\u017cona korkiem idealnie sprawdzi si\u0119 do uszczelniania.<\/li>\n<li>Cechy kolorowego szk\u0142a \u2013 Mo\u017cna je mie\u0107 w szklanym s\u0142oju z delikatnym bursztynowym lub zielonym odcieniem na ramieniu.<\/li>\n<\/ul>","protected":false},"excerpt":{"rendered":"<p>Pojemnik szklany premium z drewnian\u0105 pokrywk\u0105, pojemnik szklany z pokrywk\u0105 wykonany z przezroczystego szk\u0142a borokrzemianowego o nowoczesnym kszta\u0142cie. Dostawa bezpo\u015brednio z fabryki, szybka wysy\u0142ka.<\/p>","protected":false},"featured_media":24411,"template":"","meta":[],"product_brand":[],"product_cat":[122,124,137],"product_tag":[],"class_list":{"0":"post-24404","1":"product","2":"type-product","3":"status-publish","4":"has-post-thumbnail","6":"product_cat-custom-glass-packaging","7":"product_cat-custom-glass-jars","8":"product_cat-glass-jars-with-lids","10":"first","11":"instock","12":"shipping-taxable","13":"product-type-simple"},"jetpack_sharing_enabled":true,"_links":{"self":[{"href":"https:\/\/yebodaglass.com\/pl\/wp-json\/wp\/v2\/product\/24404","targetHints":{"allow":["GET"]}}],"collection":[{"href":"https:\/\/yebodaglass.com\/pl\/wp-json\/wp\/v2\/product"}],"about":[{"href":"https:\/\/yebodaglass.com\/pl\/wp-json\/wp\/v2\/types\/product"}],"version-history":[{"count":5,"href":"https:\/\/yebodaglass.com\/pl\/wp-json\/wp\/v2\/product\/24404\/revisions"}],"predecessor-version":[{"id":24535,"href":"https:\/\/yebodaglass.com\/pl\/wp-json\/wp\/v2\/product\/24404\/revisions\/24535"}],"wp:featuredmedia":[{"embeddable":true,"href":"https:\/\/yebodaglass.com\/pl\/wp-json\/wp\/v2\/media\/24411"}],"wp:attachment":[{"href":"https:\/\/yebodaglass.com\/pl\/wp-json\/wp\/v2\/media?parent=24404"}],"wp:term":[{"taxonomy":"product_brand","embeddable":true,"href":"https:\/\/yebodaglass.com\/pl\/wp-json\/wp\/v2\/product_brand?post=24404"},{"taxonomy":"product_cat","embeddable":true,"href":"https:\/\/yebodaglass.com\/pl\/wp-json\/wp\/v2\/product_cat?post=24404"},{"taxonomy":"product_tag","embeddable":true,"href":"https:\/\/yebodaglass.com\/pl\/wp-json\/wp\/v2\/product_tag?post=24404"}],"curies":[{"name":"wp","href":"https:\/\/api.w.org\/{rel}","templated":true}]}}