{"id":24383,"date":"2025-12-16T10:19:41","date_gmt":"2025-12-16T02:19:41","guid":{"rendered":"https:\/\/yebodaglass.com\/?post_type=product&#038;p=24383"},"modified":"2025-12-16T10:19:42","modified_gmt":"2025-12-16T02:19:42","slug":"square-high-borosilicate-large-glass-jars-with-lids-and-spoons-wholesale","status":"publish","type":"product","link":"https:\/\/yebodaglass.com\/pl\/square-high-borosilicate-large-glass-jars-with-lids-and-spoons-wholesale\/","title":{"rendered":"800 ml \u2013 1200 ml kwadratowe du\u017ce s\u0142oiki ze szk\u0142a borokrzemianowego z pokrywkami i \u0142y\u017ceczkami \u2013 hurt"},"content":{"rendered":"<p>Masz do\u015b\u0107 szklanych s\u0142oik\u00f3w, kt\u00f3re p\u0119kaj\u0105 lub przeciekaj\u0105? Tworzymy najlepsze szklane s\u0142oiki \u2013 stworzone dla marek, kt\u00f3re ceni\u0105 jako\u015b\u0107. Te du\u017ce szklane s\u0142oiki z pokrywkami zamieniaj\u0105 codzienne przechowywanie w stylowy element identyfikacji wizualnej marki. Zam\u00f3wienia hurtowe obejmuj\u0105 indywidualne wyko\u0144czenie dopasowane do Twojej marki.<\/p>\n<h2>Cechy produktu<\/h2>\n<p><strong>Kwadratowy kszta\u0142t zapewniaj\u0105cy wszechstronne przechowywanie<\/strong><\/p>\n<p>Idealnie utrzymuje ziarna kawy, mi\u00f3d, sosy \u2014 koniec z ba\u0142aganem podczas przechowywania.<\/p>\n<p><strong>Trwa\u0142e szk\u0142o borokrzemianowe<\/strong><\/p>\n<p>Odporne na ciep\u0142o \u2014 bezpieczne dla gor\u0105cych syrop\u00f3w, zimnego miodu i do zamra\u017cania.<\/p>\n<p><strong>S\u0142oiki z pokrywkami zapewniaj\u0105ce ochron\u0119 przed kurzem<\/strong><\/p>\n<p>Dobrze dopasowane pokrywki utrzymuj\u0105 \u015bwie\u017co\u015b\u0107 zawarto\u015bci \u2014 bez kurzu, bez przeciek\u00f3w, po prostu czyste przechowywanie.<\/p>\n<p><strong>Mo\u017cliwo\u015b\u0107 dostosowania w kolorze bursztynowym lub przezroczystym<\/strong><\/p>\n<p>Dodaj swoje logo \u2014 spraw, aby Twoje hurtowe s\u0142oiki szklane wyr\u00f3\u017cnia\u0142y si\u0119 na p\u00f3\u0142kach.<\/p>\n<h2>Kluczowe specyfikacje<\/h2>\n<table style=\"border-collapse: collapse; width: 80%; margin-left: auto; margin-right: auto;\" border=\"0\" width=\"432\" cellspacing=\"0\" cellpadding=\"0\">\n<tbody>\n<tr style=\"height: 13.50pt;\">\n<td style=\"height: 13.5pt; width: 54pt; text-align: center;\" width=\"72\" height=\"18\">Pojemno\u015b\u0107<\/td>\n<td style=\"width: 54pt; text-align: center;\" width=\"72\">Rozmiar (cm)<\/td>\n<td style=\"width: 54pt; text-align: center;\" width=\"72\">\u015arednica<\/td>\n<td style=\"width: 54pt; text-align: center;\" width=\"72\">Tworzywo<\/td>\n<td style=\"width: 54pt; text-align: center;\" width=\"72\">Kszta\u0142t<\/td>\n<td style=\"width: 54pt; text-align: center;\" width=\"72\">Akcesoria<\/td>\n<\/tr>\n<tr style=\"height: 13.50pt;\">\n<td style=\"height: 13.5pt; text-align: center;\" height=\"18\">800 ml<\/td>\n<td style=\"text-align: center;\">10 x 10 x 13<\/td>\n<td class=\"et2\" style=\"text-align: center;\" rowspan=\"3\">100 mm<\/td>\n<td class=\"et2\" style=\"text-align: center;\" rowspan=\"3\">Borokrzemian<\/td>\n<td class=\"et2\" style=\"text-align: center;\" rowspan=\"3\">Kwadrat<\/td>\n<td class=\"et2\" style=\"text-align: center;\" rowspan=\"3\">\u0141y\u017cki i pokrywki<\/td>\n<\/tr>\n<tr style=\"height: 13.50pt;\">\n<td style=\"height: 13.5pt; text-align: center;\" height=\"18\">1000 ml (1 kwarta)<\/td>\n<td style=\"text-align: center;\">10 x 10 x 16<\/td>\n<\/tr>\n<tr style=\"height: 13.50pt;\">\n<td style=\"height: 13.5pt; text-align: center;\" height=\"18\">1200 ml (40 uncji)<\/td>\n<td style=\"text-align: center;\">10 x 10 x 19<\/td>\n<\/tr>\n<\/tbody>\n<\/table>\n<h2>Przypadek sukcesu du\u017cych szklanych s\u0142oik\u00f3w z pokrywkami<\/h2>\n<p>Sie\u0107 sklep\u00f3w z artyku\u0142ami kuchennymi potrzebowa\u0142a od\u015bwie\u017cenia swojej kolekcji. Dlatego europejski hurtownik artyku\u0142\u00f3w gospodarstwa domowego zdecydowa\u0142 si\u0119 na te du\u017ce, borokrzemianowe, szklane s\u0142oiki z pokrywkami, aby zapewni\u0107 sp\u00f3jn\u0105 ekspozycj\u0119 ziaren kawy, herbaty i produkt\u00f3w suchych. Kwadratowy kszta\u0142t idealnie pasowa\u0142 do p\u00f3\u0142ek, a 100-milimetrowa, hermetyczna pokrywka i do\u0142\u0105czona drewniana \u0142y\u017cka by\u0142y zar\u00f3wno funkcjonalne, jak i sprawia\u0142y, \u017ce produkt wygl\u0105da\u0142 bardziej luksusowo.<\/p>\n<p>W ci\u0105gu trzech miesi\u0119cy od premiery seria otrzyma\u0142a dwukrotnie wi\u0119cej zam\u00f3wie\u0144 na uzupe\u0142nienie zapas\u00f3w ni\u017c pierwotnie planowano.<\/p>\n<h2>Tw\u00f3j podr\u0119cznik personalizacji<\/h2>\n<ol>\n<li>Pokrywa jest kompatybilna z r\u00f3\u017cnymi rodzajami drewna i wyko\u0144czeniami powierzchni, co zwi\u0119ksza sp\u00f3jno\u015b\u0107 stylu marki.<\/li>\n<li>S\u0142oiki szklane mog\u0105 mie\u0107 nadruk logo lub nadruk sitodrukowy, co sprawia, \u017ce \u200b\u200bnadaj\u0105 si\u0119 do zastosowa\u0144 w handlu detalicznym i jako pude\u0142ka prezentowe.<\/li>\n<li>D\u0142ugo\u015b\u0107 \u0142y\u017cki i spos\u00f3b jej mocowania s\u0105 regulowane, co u\u0142atwia u\u017cytkowanie i r\u00f3\u017cnicowanie.<\/li>\n<li>Obs\u0142uguje rozwi\u0105zania w zakresie pakowania luzem, dostosowane do potrzeb klient\u00f3w, dostosowane do potrzeb dostaw bezpo\u015brednio do fabryki i zakup\u00f3w hurtowych.<\/li>\n<\/ol>","protected":false},"excerpt":{"rendered":"<p>Du\u017ce szklane s\u0142oiki z pokrywkami od producenta i dostawcy fabrycznego, idealne do personalizacji i zam\u00f3wie\u0144 hurtowych. Wytrzyma\u0142e s\u0142oiki z pokrywkami do dostaw hurtowych.<\/p>","protected":false},"featured_media":24385,"template":"","meta":[],"product_brand":[],"product_cat":[124,122,137],"product_tag":[],"class_list":{"0":"post-24383","1":"product","2":"type-product","3":"status-publish","4":"has-post-thumbnail","6":"product_cat-custom-glass-jars","7":"product_cat-custom-glass-packaging","8":"product_cat-glass-jars-with-lids","10":"first","11":"instock","12":"shipping-taxable","13":"product-type-simple"},"jetpack_sharing_enabled":true,"_links":{"self":[{"href":"https:\/\/yebodaglass.com\/pl\/wp-json\/wp\/v2\/product\/24383","targetHints":{"allow":["GET"]}}],"collection":[{"href":"https:\/\/yebodaglass.com\/pl\/wp-json\/wp\/v2\/product"}],"about":[{"href":"https:\/\/yebodaglass.com\/pl\/wp-json\/wp\/v2\/types\/product"}],"version-history":[{"count":5,"href":"https:\/\/yebodaglass.com\/pl\/wp-json\/wp\/v2\/product\/24383\/revisions"}],"predecessor-version":[{"id":24393,"href":"https:\/\/yebodaglass.com\/pl\/wp-json\/wp\/v2\/product\/24383\/revisions\/24393"}],"wp:featuredmedia":[{"embeddable":true,"href":"https:\/\/yebodaglass.com\/pl\/wp-json\/wp\/v2\/media\/24385"}],"wp:attachment":[{"href":"https:\/\/yebodaglass.com\/pl\/wp-json\/wp\/v2\/media?parent=24383"}],"wp:term":[{"taxonomy":"product_brand","embeddable":true,"href":"https:\/\/yebodaglass.com\/pl\/wp-json\/wp\/v2\/product_brand?post=24383"},{"taxonomy":"product_cat","embeddable":true,"href":"https:\/\/yebodaglass.com\/pl\/wp-json\/wp\/v2\/product_cat?post=24383"},{"taxonomy":"product_tag","embeddable":true,"href":"https:\/\/yebodaglass.com\/pl\/wp-json\/wp\/v2\/product_tag?post=24383"}],"curies":[{"name":"wp","href":"https:\/\/api.w.org\/{rel}","templated":true}]}}