{"id":24381,"date":"2025-12-16T09:05:30","date_gmt":"2025-12-16T01:05:30","guid":{"rendered":"https:\/\/yebodaglass.com\/?post_type=product&#038;p=24381"},"modified":"2025-12-23T10:16:46","modified_gmt":"2025-12-23T02:16:46","slug":"bulk-high-borosilicate-glass-canisters-with-cork-lids","status":"publish","type":"product","link":"https:\/\/yebodaglass.com\/pl\/bulk-high-borosilicate-glass-canisters-with-cork-lids\/","title":{"rendered":"Pojemniki ze szk\u0142a borokrzemianowego z pokrywkami korkowymi, luzem, 150 ml, 300 ml, 600 ml, 1100 ml"},"content":{"rendered":"<p data-start=\"66\" data-end=\"288\">Te szklane pojemniki prezentuj\u0105 modn\u0105, \u200b\u200buproszczon\u0105 koncepcj\u0119 butelki na mleko zamkni\u0119tej korkiem. Wykonane s\u0105 z najwy\u017cszej jako\u015bci szk\u0142a borokrzemianowego, dzi\u0119ki czemu s\u0105 bardzo przejrzyste i skutecznie przeciwdzia\u0142aj\u0105 szokom termicznym.<\/p>\n<h2>Cechy produktu<\/h2>\n<ul>\n<li><strong>Wysoka wydajno\u015b\u0107 szk\u0142a borokrzemianowego:<\/strong> Szk\u0142o borokrzemianowe o wysokiej wytrzyma\u0142o\u015bci wytrzymuje zmiany temperatur, nawet je\u015bli zmieniaj\u0105 si\u0119 one bardzo szybko, a materia\u0142 nie p\u0119ka.<\/li>\n<li><strong>Uszczelnienie z czystego korka:<\/strong> Zatyczka korkowa stanowi skuteczne uszczelnienie, kt\u00f3re zapobiega przedostawaniu si\u0119 powietrza i wilgoci do \u015brodka.<\/li>\n<li><strong>Stylowy kszta\u0142t butelki na mleko:<\/strong> Model o ponadczasowym designie, kt\u00f3ry dopasuje si\u0119 do ka\u017cdej kuchni.<\/li>\n<li><strong>Warianty obj\u0119to\u015bci:<\/strong> Cztery r\u00f3\u017cne obj\u0119to\u015bci spe\u0142niaj\u0105ce r\u00f3\u017cne potrzeby w zakresie przechowywania danych.<\/li>\n<\/ul>\n<h2 style=\"text-align: left;\">Kluczowe specyfikacje<\/h2>\n<table class=\"aligncenter\" style=\"border-collapse: collapse; width: 419.27pt;\" border=\"0\" width=\"559\" cellspacing=\"0\" cellpadding=\"0\">\n<tbody>\n<tr style=\"height: 13.50pt;\">\n<td style=\"height: 13.50pt; width: 101.25pt;\" width=\"135\" height=\"18\">Specyfikacja<\/td>\n<td style=\"width: 318.00pt;\" width=\"424\">Bli\u017csze dane<\/td>\n<\/tr>\n<tr style=\"height: 13.50pt;\">\n<td style=\"height: 13.50pt;\" height=\"18\">Pojemno\u015b\u0107<\/td>\n<td>150 ml \/ 300 ml \/ 600 ml \/ 1100 ml<\/td>\n<\/tr>\n<tr style=\"height: 13.50pt;\">\n<td style=\"height: 13.50pt;\" height=\"18\">Wymiary<\/td>\n<td>6\u00d711cm\/6.5\u00d715cm\/8\u00d719cm\/8.5\u00d726cm<\/td>\n<\/tr>\n<tr style=\"height: 13.50pt;\">\n<td style=\"height: 13.50pt;\" height=\"18\">Tworzywo<\/td>\n<td>Szk\u0142o borokrzemianowe<\/td>\n<\/tr>\n<tr style=\"height: 13.50pt;\">\n<td style=\"height: 13.50pt;\" height=\"18\">Typ pokrywy<\/td>\n<td>Naturalny korek korkowy<\/td>\n<\/tr>\n<tr style=\"height: 13.50pt;\">\n<td style=\"height: 13.50pt;\" height=\"18\">Cecha materia\u0142u<\/td>\n<td>Odporny na szok termiczny, wysoka przejrzysto\u015b\u0107<\/td>\n<\/tr>\n<tr style=\"height: 13.50pt;\">\n<td style=\"height: 13.50pt;\" height=\"18\">Idealny dla<\/td>\n<td>Pojemniki szklane, pojemniki szklane do kuchni<\/td>\n<\/tr>\n<\/tbody>\n<\/table>\n<h2>Historia sukcesu: Wzmocnienie marki dla palacza kawy specjalistycznej<\/h2>\n<p>Ekskluzywna firma kawowa poszukiwa\u0142a wyj\u0105tkowego opakowania dla swojej linii ziaren kawy. Zdecydowali si\u0119 na nasze 600-mililitrowe szklane pojemniki z pokrywkami. Pi\u0119kne szk\u0142o borokrzemianowe jest w stanie wytrzyma\u0107 zmiany temperatury z lod\u00f3wki na temperatur\u0119 pokojow\u0105 bez p\u0119kni\u0119\u0107. Dzi\u0119ki temu ryzyko p\u0119kania jest zmniejszone o 40%. Opinie klient\u00f3w wskazuj\u0105, \u017ce naturalne uszczelnienie korkiem pozwoli\u0142o zachowa\u0107 \u015bwie\u017co\u015b\u0107 ziaren kawy o 50% d\u0142u\u017cej ni\u017c w przypadku poprzednich opakowa\u0144. Sprzedawcy detaliczni wskazuj\u0105, \u017ce ekskluzywny wygl\u0105d spowodowa\u0142 wzrost ceny o 25%, a sprzeda\u017c wzros\u0142a o 30%. Na podstawie tych ustale\u0144 firma z\u0142o\u017cy\u0142a nowe zam\u00f3wienie na 200 000 szklanych s\u0142oik\u00f3w i planuje wprowadzi\u0107 now\u0105 lini\u0119 produkt\u00f3w detalicznych na r\u00f3\u017cne rynki.<\/p>\n<h2>Opcje personalizacji pojemnik\u00f3w szklanych<\/h2>\n<ul>\n<li>T\u0142oczenie na korku \u2013 umie\u015b\u0107 logo lub wz\u00f3r swojej marki na naturalnym korku.<\/li>\n<li>Etykiety sitodrukowe \u2013 u\u017cyj trwa\u0142ego tuszu ceramicznego do nadruku informacji o produkcie.<\/li>\n<li>Wyt\u0142oczone oznaczenia pojemno\u015bci \u2013 tworz\u0105 delikatne, wypuk\u0142e podzia\u0142ki.<\/li>\n<li>Opcje witra\u017cy \u2013 kolorowe szk\u0142o nadaje si\u0119 do witra\u017cy wra\u017cliwych na \u015bwiat\u0142o.<\/li>\n<li>Niestandardowe kolory korka \u2013 Dost\u0119pnych jest wiele odcieni naturalnego korka, spo\u015br\u00f3d kt\u00f3rych mo\u017cesz wybiera\u0107.<\/li>\n<\/ul>","protected":false},"excerpt":{"rendered":"<p>Wytrzyma\u0142e pojemniki szklane, pojemniki szklane z pokrywkami ze szk\u0142a borokrzemianowego i korkowymi. Kontrola jako\u015bci w fabryce, dost\u0119pne rabaty przy zam\u00f3wieniach hurtowych.<\/p>","protected":false},"featured_media":24399,"template":"","meta":[],"product_brand":[],"product_cat":[122,124,137],"product_tag":[],"class_list":{"0":"post-24381","1":"product","2":"type-product","3":"status-publish","4":"has-post-thumbnail","6":"product_cat-custom-glass-packaging","7":"product_cat-custom-glass-jars","8":"product_cat-glass-jars-with-lids","10":"first","11":"instock","12":"shipping-taxable","13":"product-type-simple"},"jetpack_sharing_enabled":true,"_links":{"self":[{"href":"https:\/\/yebodaglass.com\/pl\/wp-json\/wp\/v2\/product\/24381","targetHints":{"allow":["GET"]}}],"collection":[{"href":"https:\/\/yebodaglass.com\/pl\/wp-json\/wp\/v2\/product"}],"about":[{"href":"https:\/\/yebodaglass.com\/pl\/wp-json\/wp\/v2\/types\/product"}],"version-history":[{"count":5,"href":"https:\/\/yebodaglass.com\/pl\/wp-json\/wp\/v2\/product\/24381\/revisions"}],"predecessor-version":[{"id":24536,"href":"https:\/\/yebodaglass.com\/pl\/wp-json\/wp\/v2\/product\/24381\/revisions\/24536"}],"wp:featuredmedia":[{"embeddable":true,"href":"https:\/\/yebodaglass.com\/pl\/wp-json\/wp\/v2\/media\/24399"}],"wp:attachment":[{"href":"https:\/\/yebodaglass.com\/pl\/wp-json\/wp\/v2\/media?parent=24381"}],"wp:term":[{"taxonomy":"product_brand","embeddable":true,"href":"https:\/\/yebodaglass.com\/pl\/wp-json\/wp\/v2\/product_brand?post=24381"},{"taxonomy":"product_cat","embeddable":true,"href":"https:\/\/yebodaglass.com\/pl\/wp-json\/wp\/v2\/product_cat?post=24381"},{"taxonomy":"product_tag","embeddable":true,"href":"https:\/\/yebodaglass.com\/pl\/wp-json\/wp\/v2\/product_tag?post=24381"}],"curies":[{"name":"wp","href":"https:\/\/api.w.org\/{rel}","templated":true}]}}