{"id":24324,"date":"2025-12-12T12:00:03","date_gmt":"2025-12-12T04:00:03","guid":{"rendered":"https:\/\/yebodaglass.com\/?post_type=product&#038;p=24324"},"modified":"2025-12-16T11:42:50","modified_gmt":"2025-12-16T03:42:50","slug":"glass-empty-water-bottles-for-drinking-wholesale","status":"publish","type":"product","link":"https:\/\/yebodaglass.com\/pl\/glass-empty-water-bottles-for-drinking-wholesale\/","title":{"rendered":"550 ml szklane puste butelki na wod\u0119 do picia hurtowo"},"content":{"rendered":"<p>Masz do\u015b\u0107 szklanych butelek, kt\u00f3re nie pasuj\u0105 do stylu Twojej marki. Tworzymy szklane, puste butelki na wod\u0119 \u2013 stworzone dla marek, kt\u00f3re ceni\u0105 jako\u015b\u0107. Te puste butelki na wod\u0119 zamieniaj\u0105 codzienne nawadnianie w stylowy element Twojej marki. Zam\u00f3wienia hurtowe obejmuj\u0105 niestandardowe wyko\u0144czenia, dopasowane do Twojej marki.<\/p>\n<h2>Cechy produktu<\/h2>\n<p><strong>Szeroki otw\u00f3r 38 mm<\/strong><\/p>\n<p>\u0141atwe nape\u0142nianie owocami lub lodem \u2014 koniec z ba\u0142aganem w przygotowywaniu napar\u00f3w nawadniaj\u0105cych.<\/p>\n<p><strong>Trwa\u0142e szk\u0142o borokrzemianowe<\/strong><\/p>\n<p>Brak szoku termicznego \u2014 mo\u017cna je zamra\u017ca\u0107, my\u0107 w zmywarce i s\u0105 trwa\u0142e.<\/p>\n<p><strong>Szczelna pokrywa ze stali nierdzewnej<\/strong><\/p>\n<p>Zapewnia bezpiecze\u0144stwo zawarto\u015bci \u2014 idealne rozwi\u0105zanie, aby zadba\u0107 o nawodnienie w podr\u00f3\u017cy.<\/p>\n<p><strong>Personalizowany silikonowy r\u0119kaw<\/strong><\/p>\n<p>Dodaj swoje logo \u2014 spraw, aby Twoja wielorazowa szklana butelka na wod\u0119 sta\u0142a si\u0119 niezapomniana.<\/p>\n<h2>Kluczowe specyfikacje<\/h2>\n<table style=\"border-collapse: collapse; width: 80%; margin-left: auto; margin-right: auto;\" border=\"0\" width=\"360\" cellspacing=\"0\" cellpadding=\"0\">\n<tbody>\n<tr style=\"height: 13.50pt;\">\n<td style=\"height: 13.5pt; width: 54pt; text-align: center;\" width=\"72\" height=\"18\">Pojemno\u015b\u0107<\/td>\n<td style=\"width: 54pt; text-align: center;\" width=\"72\">Rozmiar (cm)<\/td>\n<td style=\"width: 54pt; text-align: center;\" width=\"72\">\u015arednica<\/td>\n<td style=\"width: 54pt; text-align: center;\" width=\"72\">Tworzywo<\/td>\n<td style=\"width: 54pt; text-align: center;\" width=\"72\">Kolor<\/td>\n<\/tr>\n<tr style=\"height: 13.50pt;\">\n<td style=\"height: 13.5pt; text-align: center;\" height=\"18\">550 ml<\/td>\n<td style=\"text-align: center;\">6.6&#215;22.3<\/td>\n<td style=\"text-align: center;\">38 mm<\/td>\n<td style=\"text-align: center;\">Borokrzemian<\/td>\n<td style=\"text-align: center;\">Wyczy\u015b\u0107 lub niestandardowo<\/td>\n<\/tr>\n<\/tbody>\n<\/table>\n<h2>Przypadek sukcesu<\/h2>\n<p>Jedna z najwi\u0119kszych sieci sok\u00f3w t\u0142oczonych na zimno w Azji Po\u0142udniowo-Wschodniej, kt\u00f3ra chcia\u0142a rozszerzy\u0107 swoj\u0105 dzia\u0142alno\u015b\u0107 w zakresie napoj\u00f3w butelkowanych, potrzebowa\u0142a opakowania, kt\u00f3re wytrzyma\u0142oby transport w ch\u0142odniach, a jednocze\u015bnie prezentowa\u0142oby si\u0119 bardziej atrakcyjnie i luksusowo na p\u00f3\u0142ce. Wybrali t\u0119 pust\u0105 butelk\u0119 na wod\u0119 z szerokim wlotem, a my dostosowali\u015bmy rozmiar nakr\u0119tki i etykiety do kolor\u00f3w ich marki.<\/p>\n<p>Po wprowadzeniu zmian sprzeda\u017c sok\u00f3w premium wzros\u0142a o prawie 30%.<\/p>\n<h2>Tw\u00f3j podr\u0119cznik personalizacji<\/h2>\n<ol>\n<li>Zmieniaj\u0105c \u015brednic\u0119 szyjki, konstrukcj\u0119 podstawy lub proporcje korpusu butelki, jeste\u015bmy w stanie zagwarantowa\u0107 najlepsz\u0105 mo\u017cliw\u0105 kompatybilno\u015b\u0107 z liniami nape\u0142niaj\u0105cymi, a tak\u017ce zwi\u0119kszy\u0107 poziom wizualnej odr\u0119bno\u015bci.<\/li>\n<li>Nasz zak\u0142ad jest w stanie zrealizowa\u0107 Pa\u0144stwa zam\u00f3wienia w zakresie sitodruku, hot-stampingu, etykietowania i matowego wyko\u0144czenia. Dajemy Pa\u0144stwu swobod\u0119 wyboru najbardziej odpowiedniej ekspozycji wizualnej, kt\u00f3ra b\u0119dzie odzwierciedla\u0107 wizerunek Pa\u0144stwa marki.<\/li>\n<li>Jeste\u015bmy w stanie nada\u0107 nakr\u0119tkom butelek r\u00f3\u017cne odcienie lub wykorzysta\u0107 r\u00f3\u017cne materia\u0142y (np. stal nierdzewn\u0105, galwanizacj\u0119 i powlekanie natryskowe), aby pom\u00f3c Ci sprawi\u0107, by Tw\u00f3j towar przyci\u0105ga\u0142 wzrok na p\u00f3\u0142ce.<\/li>\n<\/ol>","protected":false},"excerpt":{"rendered":"<p>Puste butelki na wod\u0119 z szerokim wlewem, idealne do napoj\u00f3w r\u00f3\u017cnych marek. Niezawodny dostawca oferuj\u0105cy personalizowane butelki na wod\u0119 i zam\u00f3wienia hurtowe. Darmowa pr\u00f3bka.<\/p>","protected":false},"featured_media":24336,"template":"","meta":[],"product_brand":[],"product_cat":[123,122,136],"product_tag":[],"class_list":{"0":"post-24324","1":"product","2":"type-product","3":"status-publish","4":"has-post-thumbnail","6":"product_cat-custom-glass-bottles","7":"product_cat-custom-glass-packaging","8":"product_cat-glass-water-bottles","10":"first","11":"instock","12":"shipping-taxable","13":"product-type-simple"},"jetpack_sharing_enabled":true,"_links":{"self":[{"href":"https:\/\/yebodaglass.com\/pl\/wp-json\/wp\/v2\/product\/24324","targetHints":{"allow":["GET"]}}],"collection":[{"href":"https:\/\/yebodaglass.com\/pl\/wp-json\/wp\/v2\/product"}],"about":[{"href":"https:\/\/yebodaglass.com\/pl\/wp-json\/wp\/v2\/types\/product"}],"version-history":[{"count":5,"href":"https:\/\/yebodaglass.com\/pl\/wp-json\/wp\/v2\/product\/24324\/revisions"}],"predecessor-version":[{"id":24413,"href":"https:\/\/yebodaglass.com\/pl\/wp-json\/wp\/v2\/product\/24324\/revisions\/24413"}],"wp:featuredmedia":[{"embeddable":true,"href":"https:\/\/yebodaglass.com\/pl\/wp-json\/wp\/v2\/media\/24336"}],"wp:attachment":[{"href":"https:\/\/yebodaglass.com\/pl\/wp-json\/wp\/v2\/media?parent=24324"}],"wp:term":[{"taxonomy":"product_brand","embeddable":true,"href":"https:\/\/yebodaglass.com\/pl\/wp-json\/wp\/v2\/product_brand?post=24324"},{"taxonomy":"product_cat","embeddable":true,"href":"https:\/\/yebodaglass.com\/pl\/wp-json\/wp\/v2\/product_cat?post=24324"},{"taxonomy":"product_tag","embeddable":true,"href":"https:\/\/yebodaglass.com\/pl\/wp-json\/wp\/v2\/product_tag?post=24324"}],"curies":[{"name":"wp","href":"https:\/\/api.w.org\/{rel}","templated":true}]}}