{"id":24249,"date":"2025-12-03T10:18:31","date_gmt":"2025-12-03T02:18:31","guid":{"rendered":"https:\/\/yebodaglass.com\/?post_type=product&#038;p=24249"},"modified":"2026-03-12T16:37:09","modified_gmt":"2026-03-12T08:37:09","slug":"double-walled-glass-drinking-bottles-with-stainless-steel-lid","status":"publish","type":"product","link":"https:\/\/yebodaglass.com\/pl\/double-walled-glass-drinking-bottles-with-stainless-steel-lid\/","title":{"rendered":"Szklane butelki do picia z podw\u00f3jnymi \u015bciankami i pokrywk\u0105 ze stali nierdzewnej"},"content":{"rendered":"<p>Te szklane butelki na wod\u0119 charakteryzuj\u0105 si\u0119 eleganckim, cylindrycznym profilem, wykonanym z wytrzyma\u0142ego szk\u0142a borokrzemianowego, w po\u0142\u0105czeniu z nowoczesn\u0105, dwu\u015bcienn\u0105 konstrukcj\u0105. Przezroczysty korpus butelki podkre\u015bla smak napoju, pomaga zachowa\u0107 ciep\u0142o i eliminuje szok termiczny. Butelki posiadaj\u0105 gwintowan\u0105 pokrywk\u0119 ze stali nierdzewnej oraz wyjmowany filtr ze stali nierdzewnej 304 do filtrowania li\u015bci herbaty lub mi\u0105\u017cszu owoc\u00f3w. Szklana butelka na wod\u0119 ma szeroki wlew, dzi\u0119ki czemu jest \u0142atwa do nape\u0142nienia i czyszczenia, a minimalistyczny design doskonale sprawdza si\u0119 w biurach, na si\u0142owniach i w podr\u00f3\u017cy. Jako ekologiczne butelki na wod\u0119, te wielokrotnego u\u017cytku szklane butelki na wod\u0119 pomagaj\u0105 u\u017cytkownikom utrzyma\u0107 nawodnienie i promuj\u0105 zr\u00f3wnowa\u017cony styl \u017cycia.<\/p>\n<h2>Kluczowe specyfikacje<\/h2>\n<table style=\"border-collapse: collapse; width: 80%; margin-left: auto; margin-right: auto;\" border=\"0\" width=\"873\" cellspacing=\"0\" cellpadding=\"0\">\n<tbody>\n<tr style=\"height: 13.50pt;\">\n<td style=\"height: 13.50pt; width: 117.75pt;\" width=\"157\" height=\"18\">Opcje pojemno\u015bci<\/td>\n<td style=\"width: 537.00pt;\" width=\"716\">350 ml \/ 500 ml \/ 700 ml<\/td>\n<\/tr>\n<tr style=\"height: 13.50pt;\">\n<td style=\"height: 13.50pt;\" height=\"18\">Tworzywo<\/td>\n<td>Szk\u0142o borokrzemianowe, pokrywa ze stali nierdzewnej, filtr ze stali nierdzewnej 304, uszczelka silikonowa<\/td>\n<\/tr>\n<tr style=\"height: 13.50pt;\">\n<td style=\"height: 13.50pt;\" height=\"18\">Struktura<\/td>\n<td>Cylindryczna butelka na wod\u0119 z podw\u00f3jnymi \u015bciankami<\/td>\n<\/tr>\n<tr style=\"height: 13.50pt;\">\n<td style=\"height: 13.50pt;\" height=\"18\">Typ pokrywy<\/td>\n<td>Gwintowana pokrywa ze stali nierdzewnej, szczelna<\/td>\n<\/tr>\n<tr style=\"height: 13.50pt;\">\n<td style=\"height: 13.50pt;\" height=\"18\">Filtr<\/td>\n<td>Wyjmowany filtr do herbaty ze stali nierdzewnej z uchwytem<\/td>\n<\/tr>\n<tr style=\"height: 13.50pt;\">\n<td style=\"height: 13.50pt;\" height=\"18\">Foka<\/td>\n<td>Gruby silikonowy pier\u015bcie\u0144 uszczelniaj\u0105cy zapewniaj\u0105cy brak kapania<\/td>\n<\/tr>\n<tr style=\"height: 13.50pt;\">\n<td style=\"height: 13.50pt;\" height=\"18\">Opcje niestandardowe<\/td>\n<td>Nadruk logo, pow\u0142oka kolorowa, silikonowa os\u0142ona, projekt pokrywy, oznaczenia skali, opakowanie<\/td>\n<\/tr>\n<tr style=\"height: 13.50pt;\">\n<td style=\"height: 13.50pt;\" height=\"18\">Bezpiecze\u0144stwo<\/td>\n<td>Mo\u017cna my\u0107 w zmywarce, zamra\u017ca\u0107, odporny na szok termiczny<\/td>\n<\/tr>\n<tr style=\"height: 13.50pt;\">\n<td style=\"height: 13.50pt;\" height=\"18\">Stosowanie<\/td>\n<td>Herbata, napar owocowy, kawa, zimne napoje, codzienne nawadnianie<\/td>\n<\/tr>\n<\/tbody>\n<\/table>\n<h2>Kluczowe cechy produktu<\/h2>\n<ol>\n<li><strong>Podw\u00f3jna \u015bcianka chroni\u0105ca przed temperatur\u0105<\/strong>:Dwustronna konstrukcja butelki pomaga w izolowaniu napoj\u00f3w, zapobiega kondensacji i zwi\u0119ksza komfort u\u017cytkownika.<\/li>\n<li><strong>Konstrukcja z najwy\u017cszej jako\u015bci szk\u0142a borokrzemianowego<\/strong>Nasze przyjazne dla \u015brodowiska butelki na wod\u0119 wykonane s\u0105 z wytrzyma\u0142ego szk\u0142a borokrzemianowego, odpornego na ciep\u0142o, zimno i nag\u0142e szoki termiczne, dzi\u0119ki czemu mo\u017cna ich u\u017cywa\u0107 do gor\u0105cej herbaty lub lodu.<\/li>\n<li><strong>Szczelne i przyjazne w podr\u00f3\u017cy<\/strong>:Precyzyjna pokrywka ze stali nierdzewnej i uszczelka silikonowa tworz\u0105 konstrukcj\u0119 szczeln\u0105, dzi\u0119ki czemu pojemnik jest \u0142atwy do przenoszenia w drodze do pracy, w podr\u00f3\u017cy lub jako codzienny nap\u00f3j.<\/li>\n<\/ol>\n<h2>Udany przypadek B2B<\/h2>\n<p>Jedna z holenderskich firm handlowych nawi\u0105za\u0142a z nami wsp\u00f3\u0142prac\u0119 jako g\u0142\u00f3wny dystrybutor szklanych butelek na wod\u0119 najwy\u017cszej jako\u015bci, kt\u00f3re sprzedaje w zestawach prezentowych. Firma zam\u00f3wi\u0142a 8000 sztuk butelek o pojemno\u015bci 500 ml i 700 ml.<\/p>\n<p>W zestawie dostosowanie:<\/p>\n<ul>\n<li>Logo wycinane laserowo na pokrywie ze stali nierdzewnej.<\/li>\n<li>B\u0142yszcz\u0105ca pow\u0142oka na korpusach szklanych butelek.<\/li>\n<li>Opakowanie firmowe<\/li>\n<li>W celu poprawienia chwytu mo\u017cna zastosowa\u0107 os\u0142on\u0119 silikonow\u0105.<\/li>\n<\/ul>\n<p>Te szklane butelki do picia sta\u0142y si\u0119 jednym z najpopularniejszych produkt\u00f3w marki, dost\u0119pnych w szklanych butelkach na wod\u0119, w\u015br\u00f3d mi\u0142o\u015bnik\u00f3w herbaty li\u015bciastej. Po pierwszym kwartale marka odnotowa\u0142a 35-procentowy wzrost liczby sprzedanych zestaw\u00f3w prezentowych i zam\u00f3wi\u0142a drugie du\u017ce zam\u00f3wienie hurtowe na 12 000 sztuk. Klienci firmy, dbaj\u0105cy o zr\u00f3wnowa\u017cony rozw\u00f3j, byli pod ogromnym wra\u017ceniem pozycjonowania produktu jako wielokrotnego u\u017cytku i przyjaznego dla \u015brodowiska.<\/p>\n<h2>Rekomendacje personalizacji oprogramowania B2B<\/h2>\n<ol>\n<li><strong>Programy Wellness dla Firm<\/strong>:Wy\u015bwietlaj logo marki i znaczniki miar, aby przypomina\u0107 pracownikom o codziennym piciu wody i zach\u0119ca\u0107 ich do picia wody przez ca\u0142y dzie\u0144.<\/li>\n<li><strong>Handel detaliczny na \u015bwie\u017cym powietrzu\/fitness:<\/strong> Wersja wyposa\u017cona w silikonow\u0105 os\u0142on\u0119 i p\u0119tl\u0119 do noszenia, aby zwi\u0119kszy\u0107 przyczepno\u015b\u0107 i mo\u017cliwo\u015b\u0107 spakowania podczas uprawiania sportu, w\u0119dr\u00f3wek i podr\u00f3\u017cy.<\/li>\n<li><strong>Marki ekologicznego stylu \u017cycia<\/strong>Kolorowe pow\u0142oki, minimalistyczne opakowanie i komunikaty o zr\u00f3wnowa\u017conym rozwoju pomog\u0105 wypromowa\u0107 butelk\u0119 jako przyjazn\u0105 dla \u015brodowiska butelk\u0119 na wod\u0119 i produkt wielokrotnego u\u017cytku.<\/li>\n<\/ol>\n<p>Jeste\u015bmy profesjonalnym producentem szklanych butelek na wod\u0119, oferuj\u0105c rozwi\u0105zania w zakresie hurtowego zaopatrzenia dla marek, dystrybutor\u00f3w i detalist\u00f3w na ca\u0142ym \u015bwiecie. Nasza fabryka obs\u0142uguje elastyczne minimalne zam\u00f3wienia, niestandardowe projekty i zapewnia niezawodne dostawy ekologicznych butelek na wod\u0119 na rynki globalne.<\/p>","protected":false},"excerpt":{"rendered":"<p>Premium glass drinking bottles made from durable borosilicate glass. Eco friendly water bottle design with double wall insulation, leak-proof lid, ideal for wholesale.<\/p>","protected":false},"featured_media":24250,"template":"","meta":[],"product_brand":[],"product_cat":[136,123,122],"product_tag":[],"class_list":{"0":"post-24249","1":"product","2":"type-product","3":"status-publish","4":"has-post-thumbnail","6":"product_cat-glass-water-bottles","7":"product_cat-custom-glass-bottles","8":"product_cat-custom-glass-packaging","10":"first","11":"instock","12":"shipping-taxable","13":"product-type-simple"},"jetpack_sharing_enabled":true,"_links":{"self":[{"href":"https:\/\/yebodaglass.com\/pl\/wp-json\/wp\/v2\/product\/24249","targetHints":{"allow":["GET"]}}],"collection":[{"href":"https:\/\/yebodaglass.com\/pl\/wp-json\/wp\/v2\/product"}],"about":[{"href":"https:\/\/yebodaglass.com\/pl\/wp-json\/wp\/v2\/types\/product"}],"version-history":[{"count":5,"href":"https:\/\/yebodaglass.com\/pl\/wp-json\/wp\/v2\/product\/24249\/revisions"}],"predecessor-version":[{"id":25420,"href":"https:\/\/yebodaglass.com\/pl\/wp-json\/wp\/v2\/product\/24249\/revisions\/25420"}],"wp:featuredmedia":[{"embeddable":true,"href":"https:\/\/yebodaglass.com\/pl\/wp-json\/wp\/v2\/media\/24250"}],"wp:attachment":[{"href":"https:\/\/yebodaglass.com\/pl\/wp-json\/wp\/v2\/media?parent=24249"}],"wp:term":[{"taxonomy":"product_brand","embeddable":true,"href":"https:\/\/yebodaglass.com\/pl\/wp-json\/wp\/v2\/product_brand?post=24249"},{"taxonomy":"product_cat","embeddable":true,"href":"https:\/\/yebodaglass.com\/pl\/wp-json\/wp\/v2\/product_cat?post=24249"},{"taxonomy":"product_tag","embeddable":true,"href":"https:\/\/yebodaglass.com\/pl\/wp-json\/wp\/v2\/product_tag?post=24249"}],"curies":[{"name":"wp","href":"https:\/\/api.w.org\/{rel}","templated":true}]}}