{"id":24239,"date":"2025-12-02T13:16:32","date_gmt":"2025-12-02T05:16:32","guid":{"rendered":"https:\/\/yebodaglass.com\/?post_type=product&#038;p=24239"},"modified":"2026-03-23T13:24:29","modified_gmt":"2026-03-23T05:24:29","slug":"bulk-small-hexagon-glass-food-storage-jars-with-clamp-lids","status":"publish","type":"product","link":"https:\/\/yebodaglass.com\/pl\/bulk-small-hexagon-glass-food-storage-jars-with-clamp-lids\/","title":{"rendered":"S\u0142oiki szklane do przechowywania \u017cywno\u015bci w kszta\u0142cie sze\u015bciok\u0105ta, 100 ml, z zaciskiem, hurtowe"},"content":{"rendered":"<p data-start=\"66\" data-end=\"288\">Te szklane s\u0142oiki do przechowywania \u017cywno\u015bci maj\u0105 prosty, sze\u015bciok\u0105tny kszta\u0142t i prosty kontur, wykonane z krystalicznie czystego szk\u0142a. Wa\u017cn\u0105 cech\u0105 jest zatrzask ze stali nierdzewnej, kt\u00f3ry bardzo pewnie utrzymuje szklan\u0105 pokrywk\u0119 w odpowiedniej pozycji, z wbudowan\u0105 silikonow\u0105 uszczelk\u0105. Aby uzyska\u0107 szczelno\u015b\u0107, wystarczy nacisn\u0105\u0107 d\u017awigni\u0119 steruj\u0105c\u0105.<\/p>\n<h2>Cechy produktu<\/h2>\n<ul>\n<li><strong>Geometryczny wz\u00f3r sze\u015bciok\u0105tny:<\/strong> Sze\u015bciok\u0105tny kszta\u0142t o p\u0142askich \u015bciankach, kt\u00f3ry si\u0119 nie toczy i mo\u017cna go uk\u0142ada\u0107 w stosy, to nowoczesny kszta\u0142t oszcz\u0119dzaj\u0105cy miejsce.<\/li>\n<li><strong>Hermetyczne uszczelnienie zaciskowo-blokuj\u0105ce:<\/strong> Hermetyczne uszczelnienie: Jest to niezawodne, laboratoryjnie szczelne uszczelnienie, kt\u00f3re powstaje poprzez doci\u015bni\u0119cie szklanej pokrywy do silikonowej uszczelki za pomoc\u0105 zacisku ze stali nierdzewnej.<\/li>\n<li><strong>Szk\u0142o o wysokiej widoczno\u015bci:<\/strong> Posiada przezroczyste szklane \u015bcianki, co umo\u017cliwia identyfikacj\u0119 zawarto\u015bci i kontrol\u0119 ilo\u015bciow\u0105 bez konieczno\u015bci otwierania pojemnika.<\/li>\n<\/ul>\n<h2 style=\"text-align: left;\">Kluczowe specyfikacje<\/h2>\n<table class=\"aligncenter\" style=\"border-collapse: collapse; width: 366.02pt;\" border=\"0\" width=\"488\" cellspacing=\"0\" cellpadding=\"0\">\n<tbody>\n<tr style=\"height: 13.50pt;\">\n<td style=\"height: 13.50pt; width: 92.25pt;\" width=\"123\" height=\"18\">Specyfikacja<\/td>\n<td style=\"width: 273.75pt;\" width=\"365\">Bli\u017csze dane<\/td>\n<\/tr>\n<tr style=\"height: 13.50pt;\">\n<td style=\"height: 13.50pt;\" height=\"18\">Pojemno\u015b\u0107<\/td>\n<td>100 ml<\/td>\n<\/tr>\n<tr style=\"height: 13.50pt;\">\n<td style=\"height: 13.50pt;\" height=\"18\">Wymiary<\/td>\n<td>5,7\u00d78,7 cm<\/td>\n<\/tr>\n<tr style=\"height: 13.50pt;\">\n<td style=\"height: 13.50pt;\" height=\"18\">Materia\u0142\u200b<\/td>\n<td>Przezroczyste szk\u0142o<\/td>\n<\/tr>\n<tr style=\"height: 13.50pt;\">\n<td style=\"height: 13.50pt;\" height=\"18\">Rodzaj pokrywy<\/td>\n<td>Metalowa pokrywa zaciskowa z drucian\u0105 por\u0119cz\u0105<\/td>\n<\/tr>\n<tr style=\"height: 13.50pt;\">\n<td style=\"height: 13.50pt;\" height=\"18\">Idealny dla<\/td>\n<td>Szklane s\u0142oiki do przechowywania \u017cywno\u015bci, s\u0142oiki z pokrywkami zaciskowymi<\/td>\n<\/tr>\n<\/tbody>\n<\/table>\n<h2>Historia sukcesu: Transformacja opakowa\u0144 w firmie produkuj\u0105cej herbat\u0119 specjalistyczn\u0105<\/h2>\n<p>Luksusowa firma herbaciana poszukiwa\u0142a wyj\u0105tkowego opakowania dla swojej nowej, specjalistycznej linii herbat. Ostatecznie wybra\u0142a nasze 100-mililitrowe, sze\u015bciok\u0105tne, szklane s\u0142oiki do przechowywania \u017cywno\u015bci ze wzgl\u0119du na ich wyj\u0105tkowy wygl\u0105d. Absolutnie konieczne by\u0142o zastosowanie zatrzaskowych nakr\u0119tek \u2013 wed\u0142ug opinii, produkty mniej si\u0119 utlenia\u0142y, dzi\u0119ki czemu okres przydatno\u015bci do spo\u017cycia zosta\u0142 wyd\u0142u\u017cony o 40% w por\u00f3wnaniu z poprzednim opakowaniem. Nowy, charakterystyczny styl firmy, geometryczny, przyni\u00f3s\u0142 50-procentowy wzrost wzmianek w mediach spo\u0142eczno\u015bciowych. Wykorzystuj\u0105c to zwyci\u0119stwo, firma z\u0142o\u017cy\u0142a dodatkowe zam\u00f3wienie na 200 000 s\u0142oik\u00f3w, kt\u00f3re mia\u0142y by\u0107 dost\u0119pne w ca\u0142ym kraju.<\/p>\n<h2>Opcje personalizacji szklanych s\u0142oik\u00f3w do przechowywania \u017cywno\u015bci<\/h2>\n<ul>\n<li>Matowe wyko\u0144czenie panelu \u2013 stw\u00f3rz kusz\u0105cy wygl\u0105d, nak\u0142adaj\u0105c naprzemiennie matowe wyko\u0144czenie po obu stronach s\u0142oika.<\/li>\n<li>Logo marki nadrukowane sitodrukiem \u2013 trwa\u0142e logo marki nadrukowane na p\u0142askich panelach bocznych.<\/li>\n<li>Wyt\u0142oczona podzia\u0142ka pojemno\u015bci \u2013 na jednej stronie s\u0142oika umie\u015b\u0107 \u0142adne podzia\u0142ki wskazuj\u0105ce obj\u0119to\u015b\u0107.<\/li>\n<li>R\u00f3\u017cne rodzaje zaokr\u0105gle\u0144 kraw\u0119dzi \u2013 zmie\u0144 promie\u0144 zaokr\u0105glenia, aby uzyska\u0107 inny wygl\u0105d.<\/li>\n<\/ul>\n<p>Jeste\u015b gotowy, aby przenie\u015b\u0107 swoje przechowywanie na wy\u017cszy poziom? Cena hurtowa tego wyj\u0105tkowego, sze\u015bciok\u0105tnego szklanego s\u0142oika do przechowywania \u017cywno\u015bci (z zatrzaskow\u0105 pokrywk\u0105) jest dost\u0119pna, je\u015bli skontaktujesz si\u0119 z nami ju\u017c dzi\u015b.<\/p>","protected":false},"excerpt":{"rendered":"<p>Ten sze\u015bciok\u0105tny szklany s\u0142oik do przechowywania \u017cywno\u015bci oferuje czyste linie i gwarantuje \u015bwie\u017co\u015b\u0107. Nasze kompaktowe s\u0142oiki z zaciskowymi pokrywkami idealnie nadaj\u0105 si\u0119 do przechowywania przypraw i prezent\u00f3w. Szybka wysy\u0142ka.<\/p>","protected":false},"featured_media":25502,"template":"","meta":[],"product_brand":[],"product_cat":[134,124,122],"product_tag":[],"class_list":{"0":"post-24239","1":"product","2":"type-product","3":"status-publish","4":"has-post-thumbnail","6":"product_cat-airtight-jars","7":"product_cat-custom-glass-jars","8":"product_cat-custom-glass-packaging","10":"first","11":"instock","12":"shipping-taxable","13":"product-type-simple"},"jetpack_sharing_enabled":true,"_links":{"self":[{"href":"https:\/\/yebodaglass.com\/pl\/wp-json\/wp\/v2\/product\/24239","targetHints":{"allow":["GET"]}}],"collection":[{"href":"https:\/\/yebodaglass.com\/pl\/wp-json\/wp\/v2\/product"}],"about":[{"href":"https:\/\/yebodaglass.com\/pl\/wp-json\/wp\/v2\/types\/product"}],"version-history":[{"count":5,"href":"https:\/\/yebodaglass.com\/pl\/wp-json\/wp\/v2\/product\/24239\/revisions"}],"predecessor-version":[{"id":25548,"href":"https:\/\/yebodaglass.com\/pl\/wp-json\/wp\/v2\/product\/24239\/revisions\/25548"}],"wp:featuredmedia":[{"embeddable":true,"href":"https:\/\/yebodaglass.com\/pl\/wp-json\/wp\/v2\/media\/25502"}],"wp:attachment":[{"href":"https:\/\/yebodaglass.com\/pl\/wp-json\/wp\/v2\/media?parent=24239"}],"wp:term":[{"taxonomy":"product_brand","embeddable":true,"href":"https:\/\/yebodaglass.com\/pl\/wp-json\/wp\/v2\/product_brand?post=24239"},{"taxonomy":"product_cat","embeddable":true,"href":"https:\/\/yebodaglass.com\/pl\/wp-json\/wp\/v2\/product_cat?post=24239"},{"taxonomy":"product_tag","embeddable":true,"href":"https:\/\/yebodaglass.com\/pl\/wp-json\/wp\/v2\/product_tag?post=24239"}],"curies":[{"name":"wp","href":"https:\/\/api.w.org\/{rel}","templated":true}]}}