{"id":24229,"date":"2025-12-02T10:26:17","date_gmt":"2025-12-02T02:26:17","guid":{"rendered":"https:\/\/yebodaglass.com\/?post_type=product&#038;p=24229"},"modified":"2025-12-02T11:37:09","modified_gmt":"2025-12-02T03:37:09","slug":"bulk-pumpkin-glass-airtight-jars-with-clamp-lids","status":"publish","type":"product","link":"https:\/\/yebodaglass.com\/pl\/bulk-pumpkin-glass-airtight-jars-with-clamp-lids\/","title":{"rendered":"S\u0142oiki szklane w kszta\u0142cie dyni, luzem, 100 ml, hermetyczne, z zaciskiem"},"content":{"rendered":"<p data-start=\"66\" data-end=\"288\">Te szklane, hermetyczne s\u0142oiki wykonane s\u0105 z przezroczystego szk\u0142a i maj\u0105 uroczy kszta\u0142t ma\u0142ych dy\u0144. Przezroczyste pojemniki pozwalaj\u0105 ka\u017cdemu na szybkie znalezienie przek\u0105sek, przypraw lub materia\u0142\u00f3w do r\u0119kodzie\u0142a bez konieczno\u015bci otwierania s\u0142oik\u00f3w.<\/p>\n<h2>Cechy produktu<\/h2>\n<ul>\n<li><strong>Przezroczysty kszta\u0142t dyni:<\/strong> Ca\u0142kowicie przezroczysty szklany pojemnik, wraz z zaokr\u0105glon\u0105, \u0142adnie ukszta\u0142towan\u0105 figur\u0105 dyni, nie tylko pozwala zobaczy\u0107 jej wn\u0119trze z zewn\u0105trz, ale tak\u017ce sprawia, \u017ce \u200b\u200bdekoracyjne \u015bwiat\u0142o migocze.<\/li>\n<li><strong>Konstrukcja uszczelnienia zatrzaskowego:<\/strong> Metalowa, zatrzaskowa nakr\u0119tka jest bardzo szczelna, dzi\u0119ki czemu produkt zachowuje \u015bwie\u017co\u015b\u0107 i skutecznie zapobiega przedostawaniu si\u0119 wilgoci. Ponadto, otwieranie i zamykanie jest proste i przyjemne.<\/li>\n<li><strong>Ma\u0142a pojemno\u015b\u0107:<\/strong> Niewielka pojemno\u015b\u0107 jest idealna do przechowywania niewielkich produkt\u00f3w, takich jak s\u0142odycze, herbaty zio\u0142owe i drobne przek\u0105ski, dzi\u0119ki czemu nie b\u0119dzie strat przy otwieraniu wi\u0119kszych s\u0142oik\u00f3w.<\/li>\n<\/ul>\n<h2 style=\"text-align: left;\">Kluczowe specyfikacje<\/h2>\n<table class=\"aligncenter\" style=\"border-collapse: collapse; width: 342.77pt;\" border=\"0\" width=\"457\" cellspacing=\"0\" cellpadding=\"0\">\n<tbody>\n<tr style=\"height: 13.50pt;\">\n<td style=\"height: 13.50pt; width: 92.25pt;\" width=\"123\" height=\"18\">Specyfikacja<\/td>\n<td style=\"width: 250.50pt;\" width=\"334\">Bli\u017csze dane<\/td>\n<\/tr>\n<tr style=\"height: 13.50pt;\">\n<td style=\"height: 13.50pt;\" height=\"18\">Pojemno\u015b\u0107<\/td>\n<td>100 ml<\/td>\n<\/tr>\n<tr style=\"height: 13.50pt;\">\n<td style=\"height: 13.50pt;\" height=\"18\">Wymiary<\/td>\n<td>6,4\u00d78 cm (podstawa \u00d7 wysoko\u015b\u0107)<\/td>\n<\/tr>\n<tr style=\"height: 13.50pt;\">\n<td style=\"height: 13.50pt;\" height=\"18\">Materia\u0142\u200b<\/td>\n<td>Przezroczyste szk\u0142o<\/td>\n<\/tr>\n<tr style=\"height: 13.50pt;\">\n<td style=\"height: 13.50pt;\" height=\"18\">Typ pokrywy<\/td>\n<td>Metalowa pokrywa zaciskowa z drucian\u0105 por\u0119cz\u0105<\/td>\n<\/tr>\n<tr style=\"height: 13.50pt;\">\n<td style=\"height: 13.50pt;\" height=\"18\">Idealny dla<\/td>\n<td>S\u0142oiki szklane hermetyczne, s\u0142oiki szklane do przechowywania<\/td>\n<\/tr>\n<\/tbody>\n<\/table>\n<h2>Historia sukcesu: Odrodzenie firmy produkuj\u0105cej specjalistyczne przyprawy<\/h2>\n<p>W\u015br\u00f3d mo\u017cliwych wybor\u00f3w produkt\u00f3w, kt\u00f3re mog\u0142yby zosta\u0107 wykorzystane do odm\u0142odzenia swojego wizerunku, firma przyprawowa, kt\u00f3ra by\u0142a na skraju bankructwa, zdecydowa\u0142a si\u0119 na opakowanie, kt\u00f3re pozwoli\u0142oby jej produktom by\u0107 widocznymi, a tym samym konkurencyjnymi na rynku. To my wybrali\u015bmy s\u0142oiki do ich presti\u017cowej nowej linii produkt\u00f3w - 100 ml szklane s\u0142oiki w kszta\u0142cie dyni z zaciskowymi pokrywkami. Jak si\u0119 okazuje, zatrzaskowe pokrywki odgrywaj\u0105 wa\u017cn\u0105 rol\u0119 - odpowiadaj\u0105 za 45% redukcj\u0119 psucia si\u0119 produktu w por\u00f3wnaniu z poprzednimi opakowaniami, co skutkuje 35% wzrostem wska\u017anik\u00f3w ponownego zakupu przez klient\u00f3w. Ich jedyny w swoim rodzaju kszta\u0142t dyni sta\u0142 si\u0119 ich znakiem rozpoznawczym, co doprowadzi\u0142o do zwi\u0119kszenia interakcji w mediach spo\u0142eczno\u015bciowych i liczby zdj\u0119\u0107 klient\u00f3w o 60%. Z\u0142o\u017cyli nowe zam\u00f3wienie na 150 000 s\u0142oik\u00f3w do swojej krajowej linii produkt\u00f3w, maj\u0105c na celu dalsz\u0105 ekspansj\u0119 po tym wielkim sukcesie.<\/p>\n<h2>Opcje dostosowywania<\/h2>\n<ul>\n<li>Opcje witra\u017cy \u2013 S\u0142oiki mog\u0105 by\u0107 bursztynowe lub zielone w przypadku przedmiot\u00f3w, kt\u00f3re powinny by\u0107 chronione przed \u015bwiat\u0142em<\/li>\n<li>Niestandardowe wyko\u0144czenia klips\u00f3w \u2013 wyko\u0144czenie klips\u00f3w mo\u017ce by\u0107 czarne, miedziane lub metalowe w stylu antycznym<\/li>\n<li>Mro\u017cony pier\u015bcie\u0144 dekoracyjny \u2013 dzi\u0119ki metodzie kwasowej \u015brodek s\u0142oika staje si\u0119 eleganckim matowym paskiem<\/li>\n<li>Kratka dozuj\u0105ca \u2013 dzi\u0119ki zastosowaniu podzia\u0142ek do dok\u0142adnego dozowania<\/li>\n<\/ul>","protected":false},"excerpt":{"rendered":"<p>Urocze szklane, hermetyczne s\u0142oiki z \u0142atwo\u015bci\u0105 zachowuj\u0105 \u015bwie\u017co\u015b\u0107. Stylowe, kompaktowe szklane s\u0142oiki z zamykanymi na zatrzask pokrywkami, idealne do kuchni lub na prezent, oferowane z darmowymi pr\u00f3bkami.<\/p>","protected":false},"featured_media":24231,"template":"","meta":[],"product_brand":[],"product_cat":[122,134,124],"product_tag":[],"class_list":{"0":"post-24229","1":"product","2":"type-product","3":"status-publish","4":"has-post-thumbnail","6":"product_cat-custom-glass-packaging","7":"product_cat-airtight-jars","8":"product_cat-custom-glass-jars","10":"first","11":"instock","12":"shipping-taxable","13":"product-type-simple"},"jetpack_sharing_enabled":true,"_links":{"self":[{"href":"https:\/\/yebodaglass.com\/pl\/wp-json\/wp\/v2\/product\/24229","targetHints":{"allow":["GET"]}}],"collection":[{"href":"https:\/\/yebodaglass.com\/pl\/wp-json\/wp\/v2\/product"}],"about":[{"href":"https:\/\/yebodaglass.com\/pl\/wp-json\/wp\/v2\/types\/product"}],"version-history":[{"count":4,"href":"https:\/\/yebodaglass.com\/pl\/wp-json\/wp\/v2\/product\/24229\/revisions"}],"predecessor-version":[{"id":24238,"href":"https:\/\/yebodaglass.com\/pl\/wp-json\/wp\/v2\/product\/24229\/revisions\/24238"}],"wp:featuredmedia":[{"embeddable":true,"href":"https:\/\/yebodaglass.com\/pl\/wp-json\/wp\/v2\/media\/24231"}],"wp:attachment":[{"href":"https:\/\/yebodaglass.com\/pl\/wp-json\/wp\/v2\/media?parent=24229"}],"wp:term":[{"taxonomy":"product_brand","embeddable":true,"href":"https:\/\/yebodaglass.com\/pl\/wp-json\/wp\/v2\/product_brand?post=24229"},{"taxonomy":"product_cat","embeddable":true,"href":"https:\/\/yebodaglass.com\/pl\/wp-json\/wp\/v2\/product_cat?post=24229"},{"taxonomy":"product_tag","embeddable":true,"href":"https:\/\/yebodaglass.com\/pl\/wp-json\/wp\/v2\/product_tag?post=24229"}],"curies":[{"name":"wp","href":"https:\/\/api.w.org\/{rel}","templated":true}]}}