{"id":24213,"date":"2025-12-02T10:19:55","date_gmt":"2025-12-02T02:19:55","guid":{"rendered":"https:\/\/yebodaglass.com\/?post_type=product&#038;p=24213"},"modified":"2026-03-25T13:18:27","modified_gmt":"2026-03-25T05:18:27","slug":"custom-water-bottle-for-beverage-filling-bulk","status":"publish","type":"product","link":"https:\/\/yebodaglass.com\/pl\/custom-water-bottle-for-beverage-filling-bulk\/","title":{"rendered":"Butelka na wod\u0119 na zam\u00f3wienie do nape\u0142niania napoj\u00f3w luzem 300 ml \u2013 650 ml"},"content":{"rendered":"<p>Prosty, cylindryczny kszta\u0142t tej personalizowanej butelki na wod\u0119 i szeroka, p\u0142aska podstawa w po\u0142\u0105czeniu ze szklank\u0105 krystalicznie czystej wody sprawiaj\u0105, \u017ce jest ona niezwykle prosta. Gwintowana szyjka pasuje do wielu r\u00f3\u017cnych zakr\u0119tek i jest dost\u0119pna w r\u00f3\u017cnych rozmiarach.<\/p>\n<h2>Cechy produktu<\/h2>\n<ul>\n<li><strong>Materia\u0142 szklany o wysokiej przejrzysto\u015bci:<\/strong> Butelka wykonana jest ze szk\u0142a o wysokiej przejrzysto\u015bci, co zapewnia jej transparentny i czysty wygl\u0105d. Dzi\u0119ki temu u\u017cytkownik mo\u017ce wyra\u017anie zobaczy\u0107 zawarto\u015b\u0107 butelki, a sama butelka ma doskona\u0142y wygl\u0105d i faktur\u0119.<\/li>\n<li><strong>Konstrukcja szyjki gwintowanej:<\/strong> Og\u00f3lna konstrukcja szyjki z gwintem pozwala na u\u017cycie wielu zatyczek uszczelniaj\u0105cych, maksymalizuj\u0105c szczelno\u015b\u0107 i bezpiecze\u0144stwo przechowywania cieczy.<\/li>\n<li><strong>Prosty kszta\u0142t prosto-cylindryczny:<\/strong> Podstawowy, prosty, cylindryczny kszta\u0142t jest \u0142atwy do trzymania i uk\u0142adania w stosy.<\/li>\n<\/ul>\n<h2>Kluczowe specyfikacje<\/h2>\n<table style=\"border-collapse: collapse; width: 80%; margin-left: auto; margin-right: auto;\" border=\"0\" width=\"360\" cellspacing=\"0\" cellpadding=\"0\">\n<tbody>\n<tr style=\"height: 13.50pt;\">\n<td style=\"height: 13.5pt; width: 54pt; text-align: center;\" width=\"72\" height=\"18\">Pojemno\u015b\u0107 (ml)<\/td>\n<td style=\"width: 54pt; text-align: center;\" width=\"72\">Rozmiar (cm)<\/td>\n<td style=\"width: 54pt; text-align: center;\" width=\"72\">\u015arednica<\/td>\n<td style=\"width: 54pt; text-align: center;\" width=\"72\">Tworzywo<\/td>\n<td style=\"width: 54pt; text-align: center;\" width=\"72\">Kolor<\/td>\n<\/tr>\n<tr style=\"height: 13.50pt;\">\n<td style=\"height: 13.5pt; text-align: center;\" align=\"right\" height=\"18\">300<\/td>\n<td style=\"text-align: center;\">6,6 x 13,7<\/td>\n<td class=\"et2\" style=\"text-align: center;\" rowspan=\"4\">38 mm<\/td>\n<td class=\"et2\" style=\"text-align: center;\" rowspan=\"4\">Borokrzemian<\/td>\n<td class=\"et2\" style=\"text-align: center;\" rowspan=\"4\">Wyczy\u015b\u0107 lub Niestandardowe<\/td>\n<\/tr>\n<tr style=\"height: 13.50pt;\">\n<td style=\"height: 13.5pt; text-align: center;\" align=\"right\" height=\"18\">480<\/td>\n<td style=\"text-align: center;\">6,6 x 19,5<\/td>\n<\/tr>\n<tr style=\"height: 13.50pt;\">\n<td style=\"height: 13.5pt; text-align: center;\" align=\"right\" height=\"18\">550<\/td>\n<td style=\"text-align: center;\">6,6 x 22,5<\/td>\n<\/tr>\n<tr style=\"height: 13.50pt;\">\n<td style=\"height: 13.5pt; text-align: center;\" align=\"right\" height=\"18\">650<\/td>\n<td style=\"text-align: center;\">7,0 x 22,0<\/td>\n<\/tr>\n<\/tbody>\n<\/table>\n<h2>Historia sukcesu<\/h2>\n<p>Sie\u0107 hoteli w ca\u0142ym kraju zapragn\u0119\u0142a wymieni\u0107 plastikowe butelki na wod\u0119 w swoich pokojach go\u015bcinnych. Wybrali nasz\u0105 butelk\u0119 na wod\u0119 o pojemno\u015bci 16 uncji (ok. 470 ml) z silikonowym etui i bambusow\u0105 nakr\u0119tk\u0105 oraz piaskowanym logo marki. Hotel uczyni\u0142 t\u0119 butelk\u0119 znakiem rozpoznawczym, a liczne recenzje online oceni\u0142y j\u0105 pozytywnie (15% z nich). Stabilno\u015b\u0107 butelki pozwoli\u0142a ograniczy\u0107 ryzyko st\u0142uczenia podczas transportu do mniej ni\u017c 1%. Hotel odni\u00f3s\u0142 tak du\u017cy sukces, \u017ce zam\u00f3wi\u0142 kolejne 250 000 butelek, aby ozdobi\u0107 wszystkie pokoje go\u015bcinne i sprzedawa\u0107 je w hotelowym lobby.<\/p>\n<h2>Tw\u00f3j podr\u0119cznik personalizacji<\/h2>\n<ol>\n<li><strong>Wyko\u0144czenie zewn\u0119trzne butelki:<\/strong> mo\u017cna wybiera\u0107 spo\u015br\u00f3d efekt\u00f3w przezroczystych, matowych, gradientowych, natryskowych, emalii wypalanej lub cz\u0119\u015bciowo b\u0142yszcz\u0105cych.<\/li>\n<li><strong>Wyko\u0144czenie logo:<\/strong> mo\u017cna wybiera\u0107 pomi\u0119dzy sitodrukiem, drukiem UV, t\u0142oczeniem etykiet, etykietami metalowymi i drukiem termotransferowym.<\/li>\n<li><strong>Akcesoria:<\/strong> mo\u017cliwe jest stosowanie silikonowych os\u0142onek, zaparzaczy do herbaty lub s\u0142omek.<\/li>\n<\/ol>","protected":false},"excerpt":{"rendered":"<p>Personalizowana butelka na wod\u0119 z grubym dnem, dost\u0119pna jako trwa\u0142a butelka o pojemno\u015bci 16 uncji dla marek napoj\u00f3w zainteresowanych szybk\u0105 dostaw\u0105 i obs\u0142ug\u0105 bezpo\u015brednio u producenta.<\/p>","protected":false},"featured_media":24214,"template":"","meta":[],"product_brand":[],"product_cat":[136,123,122],"product_tag":[],"class_list":{"0":"post-24213","1":"product","2":"type-product","3":"status-publish","4":"has-post-thumbnail","6":"product_cat-glass-water-bottles","7":"product_cat-custom-glass-bottles","8":"product_cat-custom-glass-packaging","10":"first","11":"instock","12":"shipping-taxable","13":"product-type-simple"},"jetpack_sharing_enabled":true,"_links":{"self":[{"href":"https:\/\/yebodaglass.com\/pl\/wp-json\/wp\/v2\/product\/24213","targetHints":{"allow":["GET"]}}],"collection":[{"href":"https:\/\/yebodaglass.com\/pl\/wp-json\/wp\/v2\/product"}],"about":[{"href":"https:\/\/yebodaglass.com\/pl\/wp-json\/wp\/v2\/types\/product"}],"version-history":[{"count":5,"href":"https:\/\/yebodaglass.com\/pl\/wp-json\/wp\/v2\/product\/24213\/revisions"}],"predecessor-version":[{"id":25598,"href":"https:\/\/yebodaglass.com\/pl\/wp-json\/wp\/v2\/product\/24213\/revisions\/25598"}],"wp:featuredmedia":[{"embeddable":true,"href":"https:\/\/yebodaglass.com\/pl\/wp-json\/wp\/v2\/media\/24214"}],"wp:attachment":[{"href":"https:\/\/yebodaglass.com\/pl\/wp-json\/wp\/v2\/media?parent=24213"}],"wp:term":[{"taxonomy":"product_brand","embeddable":true,"href":"https:\/\/yebodaglass.com\/pl\/wp-json\/wp\/v2\/product_brand?post=24213"},{"taxonomy":"product_cat","embeddable":true,"href":"https:\/\/yebodaglass.com\/pl\/wp-json\/wp\/v2\/product_cat?post=24213"},{"taxonomy":"product_tag","embeddable":true,"href":"https:\/\/yebodaglass.com\/pl\/wp-json\/wp\/v2\/product_tag?post=24213"}],"curies":[{"name":"wp","href":"https:\/\/api.w.org\/{rel}","templated":true}]}}