{"id":24212,"date":"2025-12-01T11:58:09","date_gmt":"2025-12-01T03:58:09","guid":{"rendered":"https:\/\/yebodaglass.com\/?post_type=product&#038;p=24212"},"modified":"2025-12-02T13:23:40","modified_gmt":"2025-12-02T05:23:40","slug":"bulk-unique-airtight-small-glass-jars-for-food-storage","status":"publish","type":"product","link":"https:\/\/yebodaglass.com\/pl\/bulk-unique-airtight-small-glass-jars-for-food-storage\/","title":{"rendered":"100 ml wyj\u0105tkowe, hermetyczne ma\u0142e szklane s\u0142oiki do przechowywania \u017cywno\u015bci"},"content":{"rendered":"<p data-start=\"66\" data-end=\"288\">Te hermetyczne s\u0142oiczki wykonane ze szk\u0142a o zaokr\u0105glonych kszta\u0142tach i eleganckim wygl\u0105dzie dodadz\u0105 Twojemu blatowi kuchennemu pikanterii.<\/p>\n<h2>Cechy produktu<\/h2>\n<ul>\n<li><strong>Przezroczysty, unikalny kszta\u0142t:<\/strong> Ca\u0142kowicie przezroczyste szklane naczynie o zaokr\u0105glonym kszta\u0142cie nie tylko u\u0142atwia wyeksponowanie produkt\u00f3w znajduj\u0105cych si\u0119 w \u015brodku, ale mo\u017ce r\u00f3wnie\u017c pe\u0142ni\u0107 funkcj\u0119 dekoracyjn\u0105.<\/li>\n<li><strong>Konstrukcja uszczelnienia zatrzaskowego:<\/strong> Metalowa, zatrzaskowa pokrywka zapewnia doskona\u0142\u0105 szczelno\u015b\u0107, skutecznie zapobiegaj\u0105c przedostawaniu si\u0119 wilgoci i utrzymuj\u0105c \u015bwie\u017co\u015b\u0107 produktu. Otwieranie i zamykanie jest bardzo \u0142atwe i wygodne.<\/li>\n<li><strong>Ma\u0142a pojemno\u015b\u0107:<\/strong> Niewielka obj\u0119to\u015b\u0107 jest idealna do przechowywania drobnych rzeczy, takich jak s\u0142odycze, herbaty zio\u0142owe i przek\u0105ski, zapobiegaj\u0105c marnotrawstwu \u017cywno\u015bci powsta\u0142emu podczas otwierania ju\u017c otwartych wi\u0119kszych s\u0142oik\u00f3w.<\/li>\n<\/ul>\n<h2 style=\"text-align: left;\">Kluczowe specyfikacje<\/h2>\n<table class=\"aligncenter\" style=\"border-collapse: collapse; width: 394.52pt;\" border=\"0\" width=\"526\" cellspacing=\"0\" cellpadding=\"0\">\n<tbody>\n<tr style=\"height: 13.50pt;\">\n<td style=\"height: 13.50pt; width: 92.25pt;\" width=\"123\" height=\"18\">Specyfikacja<\/td>\n<td style=\"width: 302.25pt;\" width=\"403\">Bli\u017csze dane<\/td>\n<\/tr>\n<tr style=\"height: 13.50pt;\">\n<td style=\"height: 13.50pt;\" height=\"18\">Pojemno\u015b\u0107<\/td>\n<td>100 ml<\/td>\n<\/tr>\n<tr style=\"height: 13.50pt;\">\n<td style=\"height: 13.50pt;\" height=\"18\">Wymiary<\/td>\n<td>5,6\u00d78,4 cm (podstawa \u00d7 wysoko\u015b\u0107)<\/td>\n<\/tr>\n<tr style=\"height: 13.50pt;\">\n<td style=\"height: 13.50pt;\" height=\"18\">Materia\u0142\u200b<\/td>\n<td>Przezroczyste szk\u0142o<\/td>\n<\/tr>\n<tr style=\"height: 13.50pt;\">\n<td style=\"height: 13.50pt;\" height=\"18\">Typ pokrywy<\/td>\n<td>Metalowa pokrywa zaciskowa z drucian\u0105 por\u0119cz\u0105<\/td>\n<\/tr>\n<tr style=\"height: 13.50pt;\">\n<td style=\"height: 13.50pt;\" height=\"18\">Idealny dla<\/td>\n<td>S\u0142oiki szklane do przechowywania \u017cywno\u015bci, ma\u0142e, szczelne s\u0142oiki<\/td>\n<\/tr>\n<\/tbody>\n<\/table>\n<h2>Historia sukcesu: linia prezentowa marki herbaty premium sta\u0142a si\u0119 histori\u0105 wielkiego sukcesu<\/h2>\n<p>Luksusowa marka herbaty potrzebowa\u0142a opakowania, kt\u00f3re pasowa\u0142oby do jej nowo wprowadzonej linii pr\u00f3bek herbat premium. Ostatecznie zdecydowa\u0142a si\u0119 na nasze 100-mililitrowe, hermetyczne szklane s\u0142oiki do przechowywania \u017cywno\u015bci, g\u0142\u00f3wnie ze wzgl\u0119du na ich nietypowy kszta\u0142t. Sta\u0142 si\u0119 on znakiem rozpoznawczym marki, co prze\u0142o\u017cy\u0142o si\u0119 na 40% wzrost wzmianek w mediach spo\u0142eczno\u015bciowych i tre\u015bci generowanych przez u\u017cytkownik\u00f3w. Sprzedawcy detaliczni informuj\u0105, \u017ce ten wyj\u0105tkowy kszta\u0142t prze\u0142o\u017cy\u0142 si\u0119 na 35% wzrost spontanicznych zakup\u00f3w ich produkt\u00f3w. W oparciu o te doskona\u0142e wyniki, firma zdecydowa\u0142a si\u0119 na z\u0142o\u017cenie zam\u00f3wienia na ponad 200 000 s\u0142oik\u00f3w z linii prezent\u00f3w \u015bwi\u0105tecznych.<\/p>\n<h2>Mo\u017cliwo\u015bci personalizacji ma\u0142ych, hermetycznych s\u0142oik\u00f3w<\/h2>\n<ul>\n<li>Opcje witra\u017cy \u2013 w przypadku przedmiot\u00f3w wra\u017cliwych na \u015bwiat\u0142o dost\u0119pne s\u0105 s\u0142oiki ze szk\u0142a barwionego<\/li>\n<li>Logo nadrukowane metod\u0105 sitodruku \u2013 Produkt wykorzystuje trwa\u0142y tusz ceramiczny, kt\u00f3ry idealnie dopasowuje si\u0119 do krzywizn s\u0142oika<\/li>\n<li>Matowe wyko\u0144czenie \u2013 mi\u0119kka w dotyku warstwa na ca\u0142ej powierzchni s\u0142oika zapewniaj\u0105ca lepszy chwyt<\/li>\n<li>Kratka pomiarowa \u2013 bardzo ma\u0142e podzia\u0142ki zapewniaj\u0105ce dok\u0142adny pomiar<\/li>\n<\/ul>\n<p>Masz produkty, kt\u00f3rym chcesz nada\u0107 odrobin\u0119 charakteru? Skontaktuj si\u0119 z nami natychmiast, aby pozna\u0107 ceny hurtowe tych wyj\u0105tkowo szczelnych s\u0142oik\u00f3w.<\/p>","protected":false},"excerpt":{"rendered":"<p>Odkryj hermetyczne s\u0142oiki zaprojektowane z my\u015bl\u0105 o zachowaniu \u015bwie\u017co\u015bci \u2014 najwy\u017cszej jako\u015bci przezroczyste szklane s\u0142oiki do przechowywania \u017cywno\u015bci z kompaktowym zamkni\u0119ciem na zatrzask, dost\u0119pne z szybk\u0105 wysy\u0142k\u0105.<\/p>","protected":false},"featured_media":24225,"template":"","meta":[],"product_brand":[],"product_cat":[122,134,124],"product_tag":[],"class_list":{"0":"post-24212","1":"product","2":"type-product","3":"status-publish","4":"has-post-thumbnail","6":"product_cat-custom-glass-packaging","7":"product_cat-airtight-jars","8":"product_cat-custom-glass-jars","10":"first","11":"instock","12":"shipping-taxable","13":"product-type-simple"},"jetpack_sharing_enabled":true,"_links":{"self":[{"href":"https:\/\/yebodaglass.com\/pl\/wp-json\/wp\/v2\/product\/24212","targetHints":{"allow":["GET"]}}],"collection":[{"href":"https:\/\/yebodaglass.com\/pl\/wp-json\/wp\/v2\/product"}],"about":[{"href":"https:\/\/yebodaglass.com\/pl\/wp-json\/wp\/v2\/types\/product"}],"version-history":[{"count":4,"href":"https:\/\/yebodaglass.com\/pl\/wp-json\/wp\/v2\/product\/24212\/revisions"}],"predecessor-version":[{"id":24247,"href":"https:\/\/yebodaglass.com\/pl\/wp-json\/wp\/v2\/product\/24212\/revisions\/24247"}],"wp:featuredmedia":[{"embeddable":true,"href":"https:\/\/yebodaglass.com\/pl\/wp-json\/wp\/v2\/media\/24225"}],"wp:attachment":[{"href":"https:\/\/yebodaglass.com\/pl\/wp-json\/wp\/v2\/media?parent=24212"}],"wp:term":[{"taxonomy":"product_brand","embeddable":true,"href":"https:\/\/yebodaglass.com\/pl\/wp-json\/wp\/v2\/product_brand?post=24212"},{"taxonomy":"product_cat","embeddable":true,"href":"https:\/\/yebodaglass.com\/pl\/wp-json\/wp\/v2\/product_cat?post=24212"},{"taxonomy":"product_tag","embeddable":true,"href":"https:\/\/yebodaglass.com\/pl\/wp-json\/wp\/v2\/product_tag?post=24212"}],"curies":[{"name":"wp","href":"https:\/\/api.w.org\/{rel}","templated":true}]}}