{"id":24205,"date":"2025-12-01T11:14:09","date_gmt":"2025-12-01T03:14:09","guid":{"rendered":"https:\/\/yebodaglass.com\/?post_type=product&#038;p=24205"},"modified":"2025-12-01T11:52:30","modified_gmt":"2025-12-01T03:52:30","slug":"bulk-small-square-glass-food-storage-jars","status":"publish","type":"product","link":"https:\/\/yebodaglass.com\/pl\/bulk-small-square-glass-food-storage-jars\/","title":{"rendered":"S\u0142oiki do przechowywania \u017cywno\u015bci, ma\u0142e, kwadratowe, szklane, 100 ml, z hermetycznymi pokrywkami"},"content":{"rendered":"<p data-start=\"66\" data-end=\"288\"><span class=\"bg-green-200\">Te\u200b\u200d\u200b\u200c\u200d\u200b\u200d\u200c\u200b\u200d\u200b\u200c\u200d\u200b\u200d\u200c s\u0105 klasyczne,<\/span> schludny <span class=\"bg-green-200\">ma\u0142y<\/span> wykonane s\u0105 hermetyczne s\u0142oiki szklane <span class=\"bg-green-200\">z<\/span> przezroczyste szk\u0142o i <span class=\"bg-green-200\">mie\u0107 niesamowite<\/span> kszta\u0142t kwadratowy. <span class=\"bg-green-200\">\u015awietnie sprawdz\u0105 si\u0119 w kuchni, s\u0142u\u017c\u0105c do przechowywania drobnych rzeczy, poniewa\u017c<\/span> ma\u0142y <span class=\"bg-green-200\">rozmiar, g\u0142adka powierzchnia i funkcjonalny styl.<\/span><\/p>\n<h2>Cechy produktu<\/h2>\n<ul>\n<li><strong>Przejrzysty, kwadratowy design:<\/strong> Idealnie przezroczysty szklany pojemnik i niewielki, kwadratowy kszta\u0142t pozwalaj\u0105 u\u017cytkownikowi na wizualn\u0105 kontrol\u0119 zawarto\u015bci. Dzi\u0119ki niewielkim rozmiarom idealnie nadaje si\u0119 do ustawiania na blatach, w pude\u0142kach do przechowywania i innych miejscach o ograniczonej przestrzeni.<\/li>\n<li><strong>Konstrukcja uszczelnienia zatrzaskowego:<\/strong> Metalowa, zatrzaskowa pokrywka zapewnia szczelne zamkni\u0119cie, dzi\u0119ki czemu wilgo\u0107 nie przedostaje si\u0119 do wn\u0119trza opakowania, a zawarto\u015b\u0107 pozostaje \u015bwie\u017ca. Otwieranie i zamykanie jest bardzo \u0142atwe i wygodne.<\/li>\n<li><strong>Ma\u0142a pojemno\u015b\u0107 odpowiednia:<\/strong> Niewielkie przedmioty najlepiej nadaj\u0105 si\u0119 do przechowywania niewielkich ilo\u015bci rzeczy, na przyk\u0142ad kolczyk\u00f3w, zapachowych \u015bwiec i ma\u0142ych pr\u00f3bek przypraw, bez ryzyka ba\u0142aganu w miejscu przechowywania.<\/li>\n<\/ul>\n<h2 style=\"text-align: left;\">Kluczowe specyfikacje<\/h2>\n<table class=\"aligncenter\" style=\"border-collapse: collapse; width: 414.77pt;\" border=\"0\" width=\"553\" cellspacing=\"0\" cellpadding=\"0\">\n<tbody>\n<tr style=\"height: 13.50pt;\">\n<td style=\"height: 13.50pt; width: 99.75pt;\" width=\"133\" height=\"18\">Specyfikacja<\/td>\n<td style=\"width: 315.00pt;\" width=\"420\">Bli\u017csze dane<\/td>\n<\/tr>\n<tr style=\"height: 13.50pt;\">\n<td style=\"height: 13.50pt;\" height=\"18\">Pojemno\u015b\u0107<\/td>\n<td>100 ml<\/td>\n<\/tr>\n<tr style=\"height: 13.50pt;\">\n<td style=\"height: 13.50pt;\" height=\"18\">Wymiary<\/td>\n<td>5,1\u00d77,9 cm (podstawa \u00d7 wysoko\u015b\u0107)<\/td>\n<\/tr>\n<tr style=\"height: 13.50pt;\">\n<td style=\"height: 13.50pt;\" height=\"18\">\u015arednica otworu<\/td>\n<td>4,3 cm<\/td>\n<\/tr>\n<tr style=\"height: 13.50pt;\">\n<td style=\"height: 13.50pt;\" height=\"18\">Materia\u0142\u200b<\/td>\n<td>Przezroczyste szk\u0142o<\/td>\n<\/tr>\n<tr style=\"height: 13.50pt;\">\n<td style=\"height: 13.50pt;\" height=\"18\">Rodzaj pokrywy<\/td>\n<td>Metalowa pokrywa zaciskowa z drucian\u0105 por\u0119cz\u0105<\/td>\n<\/tr>\n<tr style=\"height: 13.50pt;\">\n<td style=\"height: 13.50pt;\" height=\"18\">Idealny dla<\/td>\n<td>kwadratowe szklane s\u0142oiki do przechowywania \u017cywno\u015bci, hermetyczne s\u0142oiki szklane<\/td>\n<\/tr>\n<\/tbody>\n<\/table>\n<h2>Historia sukcesu: Rozwi\u0105zanie opakowaniowe dla firmy produkuj\u0105cej specjalistyczne przyprawy<\/h2>\n<p>Ekskluzywna firma produkuj\u0105ca przyprawy potrzebowa\u0142a eleganckich, ma\u0142ych, hermetycznych szklanych s\u0142oik\u00f3w do pakowania nowej linii specjalistycznych przypraw. Zdecydowa\u0142a si\u0119 na nasze kwadratowe, szklane s\u0142oiki do przechowywania \u017cywno\u015bci o pojemno\u015bci 100 ml, a opinie klient\u00f3w wskazuj\u0105, \u017ce to opakowanie wyd\u0142u\u017cy\u0142o okres przydatno\u015bci do spo\u017cycia o 40% w por\u00f3wnaniu z poprzednimi. Ponadto, kwadratowy, przezroczysty design przyczyni\u0142 si\u0119 do wzrostu sprzeda\u017cy o 30%. Po osi\u0105gni\u0119ciu tak dobrych wynik\u00f3w, firma z\u0142o\u017cy\u0142a kolejne zam\u00f3wienie na 150 000 s\u0142oik\u00f3w, aby rozszerzy\u0107 swoj\u0105 ofert\u0119.<\/p>\n<h2>Ma\u0142e, hermetyczne s\u0142oiki szklane \u2013 opcje personalizacji<\/h2>\n<ul>\n<li>Wyt\u0142oczone znaczniki pojemno\u015bci \u2013 dzi\u0119ki dodaniu drobnych podzia\u0142ek umo\u017cliwiaj\u0105cych dok\u0142adne dozowanie<\/li>\n<li>Opcje kolorowych pier\u015bcieni uszczelniaj\u0105cych \u2013 Silikonowe pier\u015bcienie uszczelniaj\u0105ce mog\u0105 by\u0107 w r\u00f3\u017cnych kolorach, aby odpowiada\u0107 systemom przechowywania oznaczonym kolorami<\/li>\n<li>Matowa, teksturowana pow\u0142oka \u2013 mi\u0119kka w dotyku pow\u0142oka zapewnia lepszy chwyt<\/li>\n<li>Niestandardowe warianty kszta\u0142tu \u2013 zmiana promieni naro\u017cnik\u00f3w w celu uzyskania wyj\u0105tkowego wygl\u0105du<\/li>\n<\/ul>","protected":false},"excerpt":{"rendered":"<p>Our small glass jars with airtight lids and small airtight jars deliver clean sealing and sleek design for food and craft use\u2014request free samples today.<\/p>","protected":false},"featured_media":24207,"template":"","meta":[],"product_brand":[],"product_cat":[122,134,124],"product_tag":[],"class_list":{"0":"post-24205","1":"product","2":"type-product","3":"status-publish","4":"has-post-thumbnail","6":"product_cat-custom-glass-packaging","7":"product_cat-airtight-jars","8":"product_cat-custom-glass-jars","10":"first","11":"instock","12":"shipping-taxable","13":"product-type-simple"},"jetpack_sharing_enabled":true,"_links":{"self":[{"href":"https:\/\/yebodaglass.com\/pl\/wp-json\/wp\/v2\/product\/24205","targetHints":{"allow":["GET"]}}],"collection":[{"href":"https:\/\/yebodaglass.com\/pl\/wp-json\/wp\/v2\/product"}],"about":[{"href":"https:\/\/yebodaglass.com\/pl\/wp-json\/wp\/v2\/types\/product"}],"version-history":[{"count":2,"href":"https:\/\/yebodaglass.com\/pl\/wp-json\/wp\/v2\/product\/24205\/revisions"}],"predecessor-version":[{"id":24211,"href":"https:\/\/yebodaglass.com\/pl\/wp-json\/wp\/v2\/product\/24205\/revisions\/24211"}],"wp:featuredmedia":[{"embeddable":true,"href":"https:\/\/yebodaglass.com\/pl\/wp-json\/wp\/v2\/media\/24207"}],"wp:attachment":[{"href":"https:\/\/yebodaglass.com\/pl\/wp-json\/wp\/v2\/media?parent=24205"}],"wp:term":[{"taxonomy":"product_brand","embeddable":true,"href":"https:\/\/yebodaglass.com\/pl\/wp-json\/wp\/v2\/product_brand?post=24205"},{"taxonomy":"product_cat","embeddable":true,"href":"https:\/\/yebodaglass.com\/pl\/wp-json\/wp\/v2\/product_cat?post=24205"},{"taxonomy":"product_tag","embeddable":true,"href":"https:\/\/yebodaglass.com\/pl\/wp-json\/wp\/v2\/product_tag?post=24205"}],"curies":[{"name":"wp","href":"https:\/\/api.w.org\/{rel}","templated":true}]}}