{"id":24195,"date":"2025-12-01T09:53:22","date_gmt":"2025-12-01T01:53:22","guid":{"rendered":"https:\/\/yebodaglass.com\/?post_type=product&#038;p=24195"},"modified":"2025-12-01T11:13:59","modified_gmt":"2025-12-01T03:13:59","slug":"wholesale-cylindrical-small-airtight-jars-with-lids","status":"publish","type":"product","link":"https:\/\/yebodaglass.com\/pl\/wholesale-cylindrical-small-airtight-jars-with-lids\/","title":{"rendered":"Hurtowa sprzeda\u017c ma\u0142ych, cylindrycznych s\u0142oik\u00f3w hermetycznych z pokrywkami 45 ml, 60 ml, 100 ml, 130 ml"},"content":{"rendered":"<p data-start=\"66\" data-end=\"288\">Te ma\u0142e, hermetyczne s\u0142oiki s\u0105 identyczne i maj\u0105 metalowe zamkni\u0119cie zatrzaskowe. Wykonane s\u0105 z przezroczystego, cylindrycznego szk\u0142a. Ka\u017cdy pojemnik ma r\u00f3wnie\u017c metalowe zamkni\u0119cie zatrzaskowe. Idealnie nadaj\u0105 si\u0119 do ma\u0142ych przestrzeni i idealnie nadaj\u0105 si\u0119 do przechowywania drobnych akcesori\u00f3w kuchennych lub materia\u0142\u00f3w do r\u0119kodzie\u0142a.<\/p>\n<h2>Cechy produktu<\/h2>\n<ul>\n<li><strong>Materia\u0142 przejrzysty i smuk\u0142y:<\/strong> Te pojemniki s\u0105 wykonane w ca\u0142o\u015bci ze szk\u0142a, kt\u00f3re jest z natury przezroczyste, dzi\u0119ki czemu mo\u017cna zobaczy\u0107, co jest w \u015brodku bez otwierania s\u0142oika. Ponadto s\u0142oiki maj\u0105 kompaktowy rozmiar, dzi\u0119ki czemu idealnie nadaj\u0105 si\u0119 do ma\u0142ych przestrzeni magazynowych.<\/li>\n<li><strong>Konstrukcja uszczelnienia Snap-Lock:<\/strong> Metalowe zamkni\u0119cie zatrzaskowe zastosowane w tych s\u0142oikach zapewnia idealne uszczelnienie, zapobiegaj\u0105c przedostawaniu si\u0119 do \u015brodka cho\u0107by kropli wilgoci, a jednocze\u015bnie zachowuj\u0105c \u015bwie\u017co\u015b\u0107. Ponadto otwieranie i zamykanie jest bardzo proste.<\/li>\n<li><strong>Kompaktowy rozmiar i pojemno\u015b\u0107:<\/strong> Te niewielkie s\u0142oiczki s\u0105 wystarczaj\u0105co dobre do przechowywania niewielkich ilo\u015bci rzeczy, na przyk\u0142ad przypraw, przepakowywania lub ma\u0142ych pr\u00f3bek herbat zio\u0142owych, dzi\u0119ki czemu ograniczysz ilo\u015b\u0107 odpad\u00f3w powstaj\u0105cych przy otwieraniu du\u017cych s\u0142oik\u00f3w.<\/li>\n<\/ul>\n<h2 style=\"text-align: left;\">Kluczowe specyfikacje<\/h2>\n<table class=\"aligncenter\" style=\"border-collapse: collapse; width: 414.77pt;\" border=\"0\" width=\"553\" cellspacing=\"0\" cellpadding=\"0\">\n<tbody>\n<tr style=\"height: 13.50pt;\">\n<td style=\"height: 13.50pt; width: 99.75pt;\" width=\"133\" height=\"18\">Specyfikacja<\/td>\n<td style=\"width: 315.00pt;\" width=\"420\">Bli\u017csze dane<\/td>\n<\/tr>\n<tr style=\"height: 13.50pt;\">\n<td style=\"height: 13.50pt;\" height=\"18\">Pojemno\u015b\u0107<\/td>\n<td>45 ml \/ 60 ml \/ 100 ml \/ 130 ml<\/td>\n<\/tr>\n<tr style=\"height: 13.50pt;\">\n<td style=\"height: 13.50pt;\" height=\"18\">Wymiary<\/td>\n<td>4,5\u00d76,5 cm \/ 4,4\u00d78,5 cm \/ 4,4\u00d710,8 cm \/ 4,4\u00d713,2 cm<\/td>\n<\/tr>\n<tr style=\"height: 13.50pt;\">\n<td style=\"height: 13.50pt;\" height=\"18\">Materia\u0142\u200b<\/td>\n<td>Przezroczyste szk\u0142o<\/td>\n<\/tr>\n<tr style=\"height: 13.50pt;\">\n<td style=\"height: 13.50pt;\" height=\"18\">Typ pokrywy<\/td>\n<td>Metalowa pokrywa zaciskowa z drucian\u0105 por\u0119cz\u0105 (srebrna)<\/td>\n<\/tr>\n<tr style=\"height: 13.50pt;\">\n<td style=\"height: 13.50pt;\" height=\"18\">Idealny dla<\/td>\n<td>Ma\u0142e, szczelne s\u0142oiki, szklane s\u0142oiki do przechowywania<\/td>\n<\/tr>\n<\/tbody>\n<\/table>\n<h2>Historia sukcesu: przyk\u0142adowe rozwi\u0105zanie firmy Fine Tea Company<\/h2>\n<p>Firma produkuj\u0105ca wysokiej jako\u015bci herbat\u0119 potrzebowa\u0142a pi\u0119knie zaprojektowanych, ma\u0142ych, hermetycznych s\u0142oiczk\u00f3w do przechowywania pr\u00f3bek swoich produkt\u00f3w i zestaw\u00f3w prezentowych. Wykorzystali nasze 60-mililitrowe szklane s\u0142oiczki z hermetycznymi pokrywkami, aby przechowywa\u0107 wysokiej jako\u015bci pr\u00f3bki herbat. Smuk\u0142a konstrukcja pozwoli\u0142a im stworzy\u0107 stylowe pude\u0142ka na pr\u00f3bki, dzi\u0119ki czemu 12 r\u00f3\u017cnych herbat zmie\u015bci\u0142o si\u0119 w kompaktowym pojemniku. Zadowolenie klient\u00f3w z pr\u00f3bek wzros\u0142o o 40%, a wska\u017anik konwersji pr\u00f3bek na zakupy pe\u0142nowymiarowe wzr\u00f3s\u0142 o 25%. W zwi\u0105zku z tym z\u0142o\u017cyli zam\u00f3wienie na 200 000 szklanych s\u0142oiczk\u00f3w, aby wesprze\u0107 kampani\u0119 degustacji herbat, kt\u00f3ra trwa w ca\u0142ym kraju.<\/p>\n<h2>Ma\u0142e, hermetyczne s\u0142oiki \u2013 opcje personalizacji<\/h2>\n<ul>\n<li>Pokrywy z witra\u017cami \u2013 Przyciemniane szklane pokrywy do przedmiot\u00f3w wra\u017cliwych na \u015bwiat\u0142o<\/li>\n<li>Precyzyjny sitodruk \u2013 bardzo ma\u0142e mikro-logo drukowane tuszem ceramicznym<\/li>\n<li>Kratki pomiarowe \u2013 dodano ma\u0142e linie podzia\u0142ki w celu dok\u0142adnego dozowania<\/li>\n<li>Mro\u017cone paski dekoracyjne \u2013 pi\u0119kne matowe paski wykonane metod\u0105 selektywnego trawienia<\/li>\n<\/ul>\n<p>Jeste\u015b gotowy na uporz\u0105dkowanie swoich drobiazg\u00f3w? Skontaktuj si\u0119 z nami ju\u017c dzi\u015b, aby uzyska\u0107 hurtowe ceny tych oszcz\u0119dzaj\u0105cych miejsce, ma\u0142ych szklanych s\u0142oik\u00f3w z hermetycznymi pokrywkami.<\/p>","protected":false},"excerpt":{"rendered":"<p>Ma\u0142e, cylindryczne, hermetyczne s\u0142oiki szklane z pokrywkami oraz ma\u0142e, hermetyczne s\u0142oiki na przyprawy, pr\u00f3bki i do przechowywania \u2014 najwy\u017csza jako\u015b\u0107, szybka wysy\u0142ka dla odbiorc\u00f3w hurtowych.<\/p>","protected":false},"featured_media":24199,"template":"","meta":[],"product_brand":[],"product_cat":[122,134,124],"product_tag":[],"class_list":{"0":"post-24195","1":"product","2":"type-product","3":"status-publish","4":"has-post-thumbnail","6":"product_cat-custom-glass-packaging","7":"product_cat-airtight-jars","8":"product_cat-custom-glass-jars","10":"first","11":"instock","12":"shipping-taxable","13":"product-type-simple"},"jetpack_sharing_enabled":true,"_links":{"self":[{"href":"https:\/\/yebodaglass.com\/pl\/wp-json\/wp\/v2\/product\/24195","targetHints":{"allow":["GET"]}}],"collection":[{"href":"https:\/\/yebodaglass.com\/pl\/wp-json\/wp\/v2\/product"}],"about":[{"href":"https:\/\/yebodaglass.com\/pl\/wp-json\/wp\/v2\/types\/product"}],"version-history":[{"count":4,"href":"https:\/\/yebodaglass.com\/pl\/wp-json\/wp\/v2\/product\/24195\/revisions"}],"predecessor-version":[{"id":24204,"href":"https:\/\/yebodaglass.com\/pl\/wp-json\/wp\/v2\/product\/24195\/revisions\/24204"}],"wp:featuredmedia":[{"embeddable":true,"href":"https:\/\/yebodaglass.com\/pl\/wp-json\/wp\/v2\/media\/24199"}],"wp:attachment":[{"href":"https:\/\/yebodaglass.com\/pl\/wp-json\/wp\/v2\/media?parent=24195"}],"wp:term":[{"taxonomy":"product_brand","embeddable":true,"href":"https:\/\/yebodaglass.com\/pl\/wp-json\/wp\/v2\/product_brand?post=24195"},{"taxonomy":"product_cat","embeddable":true,"href":"https:\/\/yebodaglass.com\/pl\/wp-json\/wp\/v2\/product_cat?post=24195"},{"taxonomy":"product_tag","embeddable":true,"href":"https:\/\/yebodaglass.com\/pl\/wp-json\/wp\/v2\/product_tag?post=24195"}],"curies":[{"name":"wp","href":"https:\/\/api.w.org\/{rel}","templated":true}]}}