{"id":24164,"date":"2025-12-01T11:25:52","date_gmt":"2025-12-01T03:25:52","guid":{"rendered":"https:\/\/yebodaglass.com\/?post_type=product&#038;p=24164"},"modified":"2025-12-01T11:25:53","modified_gmt":"2025-12-01T03:25:53","slug":"custom-glass-water-bottle-storage-with-infuser-wholesale","status":"publish","type":"product","link":"https:\/\/yebodaglass.com\/pl\/custom-glass-water-bottle-storage-with-infuser-wholesale\/","title":{"rendered":"Niestandardowe szklane butelki na wod\u0119 z zaparzaczem, hurtowo 450 ml, 550 ml"},"content":{"rendered":"<p>Masz ju\u017c do\u015b\u0107 szklanych butelek, kt\u00f3re nie nadaj\u0105 si\u0119 do herbaty. Zaprojektowali\u015bmy najlepsze szklane butelki na wod\u0119 z wbudowanym zaparzaczem do herbaty. Te butelki z zaparzaczem sprawiaj\u0105, \u017ce codzienne nawadnianie staje si\u0119 modne. Zam\u00f3wienia hurtowe s\u0105 dost\u0119pne z indywidualnym wyko\u0144czeniem, zgodnym z Twoj\u0105 mark\u0105.<\/p>\n<h2>Cechy produktu<\/h2>\n<p><strong>Wbudowany zaparzacz do herbaty<\/strong><\/p>\n<p>Filtr ze stali nierdzewnej pozwala na zaparzenie herbaty bezpo\u015brednio w butelce \u2013 nie jest potrzebny \u017caden dodatkowy sprz\u0119t.<\/p>\n<p><strong>Trwa\u0142e szk\u0142o borokrzemianowe<\/strong><\/p>\n<p>Brak szoku termicznego \u2014 mo\u017cna u\u017cywa\u0107 w zamra\u017carce, my\u0107 w zmywarce i jest trwa\u0142y.<\/p>\n<p><strong>Mo\u017cliwo\u015b\u0107 dostosowania projektu<\/strong><\/p>\n<p>Przezroczyste szk\u0142o z mo\u017cliwo\u015bci\u0105 wyboru koloru przez klienta \u2014 doskona\u0142e rozwi\u0105zanie do przechowywania butelek z wod\u0105.<\/p>\n<h2>Kluczowe specyfikacje<\/h2>\n<table style=\"border-collapse: collapse; width: 80%; margin-left: auto; margin-right: auto;\" border=\"0\" width=\"360\" cellspacing=\"0\" cellpadding=\"0\">\n<tbody>\n<tr style=\"height: 13.50pt;\">\n<td style=\"height: 13.5pt; width: 54pt; text-align: center;\" width=\"72\" height=\"18\">Pojemno\u015b\u0107 (ml)<\/td>\n<td style=\"width: 54pt; text-align: center;\" width=\"72\">Rozmiar (cm)<\/td>\n<td style=\"width: 54pt; text-align: center;\" width=\"72\">\u015arednica<\/td>\n<td style=\"width: 54pt; text-align: center;\" width=\"72\">Tworzywo<\/td>\n<td style=\"width: 54pt; text-align: center;\" width=\"72\">Typ zaparzacza<\/td>\n<\/tr>\n<tr style=\"height: 13.50pt;\">\n<td style=\"height: 13.5pt; text-align: center;\" align=\"right\" height=\"18\">550<\/td>\n<td style=\"text-align: center;\">6,5 x 23,5<\/td>\n<td class=\"et2\" style=\"text-align: center;\" rowspan=\"2\">28 mm<\/td>\n<td class=\"et2\" style=\"text-align: center;\" rowspan=\"2\">Borokrzemian<\/td>\n<td class=\"et2\" style=\"text-align: center;\" rowspan=\"2\">Stal nierdzewna<\/td>\n<\/tr>\n<tr style=\"height: 13.50pt;\">\n<td style=\"height: 13.5pt; text-align: center;\" align=\"right\" height=\"18\">450<\/td>\n<td style=\"text-align: center;\">5,6 x 24,6<\/td>\n<\/tr>\n<\/tbody>\n<\/table>\n<h2>Przypadek sukcesu<\/h2>\n<p>Luksusowa europejska marka herbat zio\u0142owych pilnie potrzebowa\u0142a butelki na wod\u0119, kt\u00f3ra stanowi\u0142aby idealne narz\u0119dzie do wizualnego i parzenia, podnosz\u0105c og\u00f3ln\u0105 warto\u015b\u0107 produktu podczas wypuszczania na rynek corocznego limitowanego zestawu prezentowego herbat zio\u0142owych i owocowych. Dlatego stworzyli\u015bmy dla nich t\u0119 butelk\u0119 na wod\u0119 ze stali nierdzewnej ze szklank\u0105 i spersonalizowanym zaparzaczem do butelki na wod\u0119, a tak\u017ce zmienili\u015bmy rozmiar por\u00f3w zaparzacza do butelki na wod\u0119, aby odpowiada\u0142 wielko\u015bci li\u015bci herbaty, dzi\u0119ki czemu kwiaty mog\u0142y si\u0119 w pe\u0142ni rozwin\u0105\u0107 podczas parzenia, nie trac\u0105c przy tym g\u0142adko\u015bci naparu. W wyniku wprowadzenia produktu na rynek sprzeda\u017c zestaw\u00f3w prezentowych wzros\u0142a o prawie 40% w por\u00f3wnaniu z poprzednim kwarta\u0142em, a marka odnios\u0142a si\u0119 r\u00f3wnie\u017c do wzrostu wska\u017anik\u00f3w ponownego zakupu przez klient\u00f3w.<\/p>\n<h2>Tw\u00f3j podr\u0119cznik personalizacji<\/h2>\n<ol>\n<li><strong>Dostosowywalna struktura filtra:<\/strong>Konstrukcja filtra obejmuje wymienne filtry o grubych i drobnych porach, filtry o wyd\u0142u\u017conych porach oraz wyjmowane filtry dwuwarstwowe, kt\u00f3re mo\u017cna stosowa\u0107 do herbaty, zi\u00f3\u0142, plasterk\u00f3w owoc\u00f3w i kawy parzonej na zimno.<\/li>\n<li><strong>Konstrukcja spodu antypo\u015blizgowa\/antykolizyjna:<\/strong>Aby zmniejszy\u0107 ryzyko uszkodze\u0144 podczas transportu i zwi\u0119kszy\u0107 bezpiecze\u0144stwo, mo\u017cna zastosowa\u0107 podk\u0142adki silikonowe lub pogrubione dno.<\/li>\n<li><strong>Akcesoria, kt\u00f3re mo\u017cna dostosowa\u0107:<\/strong>Opcjonalne akcesoria obejmuj\u0105 przeno\u015bn\u0105 torb\u0119 welurow\u0105, nylonowy pokrowiec na butelk\u0119 i pasek do noszenia, kt\u00f3ry u\u0142atwia noszenie urz\u0105dzenia na zewn\u0105trz.<\/li>\n<\/ol>","protected":false},"excerpt":{"rendered":"<p>Szklany pojemnik na wod\u0119 z zaparzaczem, idealny do parzenia herbaty i przechowywania wody w butelkach. Obs\u0142ugujemy zam\u00f3wienia hurtowe, dostawy bezpo\u015brednio z fabryki i personalizacj\u0119 marki.<\/p>","protected":false},"featured_media":24165,"template":"","meta":[],"product_brand":[],"product_cat":[122,123,136],"product_tag":[],"class_list":{"0":"post-24164","1":"product","2":"type-product","3":"status-publish","4":"has-post-thumbnail","6":"product_cat-custom-glass-packaging","7":"product_cat-custom-glass-bottles","8":"product_cat-glass-water-bottles","10":"first","11":"instock","12":"shipping-taxable","13":"product-type-simple"},"jetpack_sharing_enabled":true,"_links":{"self":[{"href":"https:\/\/yebodaglass.com\/pl\/wp-json\/wp\/v2\/product\/24164","targetHints":{"allow":["GET"]}}],"collection":[{"href":"https:\/\/yebodaglass.com\/pl\/wp-json\/wp\/v2\/product"}],"about":[{"href":"https:\/\/yebodaglass.com\/pl\/wp-json\/wp\/v2\/types\/product"}],"version-history":[{"count":4,"href":"https:\/\/yebodaglass.com\/pl\/wp-json\/wp\/v2\/product\/24164\/revisions"}],"predecessor-version":[{"id":24194,"href":"https:\/\/yebodaglass.com\/pl\/wp-json\/wp\/v2\/product\/24164\/revisions\/24194"}],"wp:featuredmedia":[{"embeddable":true,"href":"https:\/\/yebodaglass.com\/pl\/wp-json\/wp\/v2\/media\/24165"}],"wp:attachment":[{"href":"https:\/\/yebodaglass.com\/pl\/wp-json\/wp\/v2\/media?parent=24164"}],"wp:term":[{"taxonomy":"product_brand","embeddable":true,"href":"https:\/\/yebodaglass.com\/pl\/wp-json\/wp\/v2\/product_brand?post=24164"},{"taxonomy":"product_cat","embeddable":true,"href":"https:\/\/yebodaglass.com\/pl\/wp-json\/wp\/v2\/product_cat?post=24164"},{"taxonomy":"product_tag","embeddable":true,"href":"https:\/\/yebodaglass.com\/pl\/wp-json\/wp\/v2\/product_tag?post=24164"}],"curies":[{"name":"wp","href":"https:\/\/api.w.org\/{rel}","templated":true}]}}