{"id":24163,"date":"2025-11-28T10:31:40","date_gmt":"2025-11-28T02:31:40","guid":{"rendered":"https:\/\/yebodaglass.com\/?post_type=product&#038;p=24163"},"modified":"2025-11-28T11:43:27","modified_gmt":"2025-11-28T03:43:27","slug":"bulk-large-square-glass-food-storage-jars-with-lids","status":"publish","type":"product","link":"https:\/\/yebodaglass.com\/pl\/bulk-large-square-glass-food-storage-jars-with-lids\/","title":{"rendered":"Du\u017ce kwadratowe szklane s\u0142oiki do przechowywania \u017cywno\u015bci z pokrywkami, 50 uncji, 64 uncje, 100 uncji"},"content":{"rendered":"<p data-start=\"66\" data-end=\"288\">Te du\u017ce szklane s\u0142oiki do przechowywania \u017cywno\u015bci z pokrywkami s\u0105 wykonane z przezroczystego szk\u0142a i maj\u0105 trzy modne, prostok\u0105tne kszta\u0142ty. Ka\u017cdy pojemnik ma metalow\u0105 pokrywk\u0119 z zatrzaskiem.<\/p>\n<h2>Cechy produktu<\/h2>\n<ul>\n<li><strong>Przezroczysty materia\u0142 prostok\u0105tny:<\/strong> Szklana obudowa jest przezroczysta, co pozwala na natychmiastowe sprawdzenie zawarto\u015bci i monitorowanie zapas\u00f3w bez konieczno\u015bci otwierania s\u0142oika.<\/li>\n<li><strong>Konstrukcja uszczelnienia Snap-Lock:<\/strong> Zamontowane z metalow\u0105 pokrywk\u0105 zatrzaskow\u0105, zapewnia doskona\u0142\u0105 szczelno\u015b\u0107, dzi\u0119ki czemu s\u0142oik jest ca\u0142kowicie chroniony przed par\u0105 wodn\u0105 i zachowuje \u015bwie\u017co\u015b\u0107 zawarto\u015bci. S\u0142oik mo\u017cna \u0142atwo i wygodnie zamkn\u0105\u0107 i ponownie otworzy\u0107.<\/li>\n<li><strong>Du\u017ca pojemno\u015b\u0107:<\/strong> Te pojemniki o du\u017cej pojemno\u015bci zapewni\u0105 Ci wystarczaj\u0105co du\u017co miejsca w Twojej kuchni, dzi\u0119ki czemu idealnie nadaj\u0105 si\u0119 do przechowywania du\u017cej ilo\u015bci ry\u017cu, ziaren lub innych surowc\u00f3w itp., a tak\u017ce pozwalaj\u0105 ograniczy\u0107 zakupy pojemnik\u00f3w.<\/li>\n<\/ul>\n<h2 style=\"text-align: left;\">Kluczowe specyfikacje<\/h2>\n<table class=\"aligncenter\" style=\"border-collapse: collapse; width: 438.02pt;\" border=\"0\" width=\"584\" cellspacing=\"0\" cellpadding=\"0\">\n<tbody>\n<tr style=\"height: 13.50pt;\">\n<td style=\"height: 13.50pt; width: 99.75pt;\" width=\"133\" height=\"18\">Specyfikacja<\/td>\n<td style=\"width: 338.25pt;\" width=\"451\">Bli\u017csze dane<\/td>\n<\/tr>\n<tr style=\"height: 13.50pt;\">\n<td style=\"height: 13.50pt;\" height=\"18\">Pojemno\u015b\u0107<\/td>\n<td>1500 ml (50 uncji) \/ 2000 ml (64 uncje) \/ 3000 ml (100 uncji)<\/td>\n<\/tr>\n<tr style=\"height: 13.50pt;\">\n<td style=\"height: 13.50pt;\" height=\"18\">Wymiary<\/td>\n<td>11,4\u00d719,5 cm \/ 11,4\u00d725,8 cm \/ 14,2\u00d723,9 cm<\/td>\n<\/tr>\n<tr style=\"height: 13.50pt;\">\n<td style=\"height: 13.50pt;\" height=\"18\">Materia\u0142\u200b<\/td>\n<td>Grube, przezroczyste szk\u0142o<\/td>\n<\/tr>\n<tr style=\"height: 13.50pt;\">\n<td style=\"height: 13.50pt;\" height=\"18\">Rodzaj\/kolor pokrywy\u200b<\/td>\n<td>Metalowa pokrywa zaciskowa z drucian\u0105 por\u0119cz\u0105<\/td>\n<\/tr>\n<tr style=\"height: 13.50pt;\">\n<td style=\"height: 13.50pt;\" height=\"18\">Idealny dla<\/td>\n<td>Szklane s\u0142oiki do przechowywania \u017cywno\u015bci z pokrywkami, szklane s\u0142oiki do przechowywania<\/td>\n<\/tr>\n<\/tbody>\n<\/table>\n<h2>Historia sukcesu: Rozwi\u0105zanie w zakresie sk\u0142adnik\u00f3w dla komercyjnej piekarni<\/h2>\n<p>Rzemie\u015blnicza piekarnia, kt\u00f3ra przechodzi\u0142a faz\u0119 dynamicznego rozwoju i potrzebowa\u0142a bardziej wydajnej metody przechowywania m\u0105ki i cukru, ostatecznie wybra\u0142a nasze du\u017ce, kwadratowe, szklane s\u0142oiki o pojemno\u015bci 2000 ml do przechowywania swoich produkt\u00f3w. Szczelno\u015b\u0107 uznali za najwa\u017cniejszy czynnik \u2013 nie tylko wyd\u0142u\u017cy\u0142a ona okres przydatno\u015bci m\u0105ki o 60%, ale tak\u017ce ca\u0142kowicie zapobieg\u0142a pojawieniu si\u0119 szkodnik\u00f3w. Dzi\u0119ki prostok\u0105tnemu kszta\u0142towi mogli przechowywa\u0107 o 40% wi\u0119cej sk\u0142adnik\u00f3w na tej samej powierzchni, co pozwoli\u0142o im zoptymalizowa\u0107 uk\u0142ad niewielkiej kuchni. W rezultacie ujednolicili przechowywanie we wszystkich swoich sklepach i z\u0142o\u017cyli zam\u00f3wienie na 500 000 szklanych s\u0142oik\u00f3w.<\/p>\n<h2>Opcje personalizacji szklanych s\u0142oik\u00f3w do przechowywania \u017cywno\u015bci:<\/h2>\n<ul>\n<li>Podniesione oznaczenia obj\u0119to\u015bci \u2013 dodaj trwa\u0142e, wypuk\u0142e oznaczenia, aby u\u0142atwi\u0107 kontrol\u0119 porcji.<\/li>\n<li>Etykiety sitodrukowe \u2013 du\u017ce, trwa\u0142e loga marek nadrukowane tuszem ceramicznym.<\/li>\n<li>Wzmocniona konstrukcja podstawy \u2013 pogrubione szk\u0142o umo\u017cliwia przechowywanie ci\u0119\u017cszych przedmiot\u00f3w, takich jak m\u0105ka lub zbo\u017ca.<\/li>\n<li>Zintegrowane uchwyty \u2013 opcjonalne, formowane uchwyty szklane u\u0142atwiaj\u0105ce przenoszenie pe\u0142nych s\u0142oik\u00f3w.<\/li>\n<\/ul>\n<p>Chcesz zwi\u0119kszy\u0107 wydajno\u015b\u0107 swojego magazynu? Skontaktuj si\u0119 z nami, je\u015bli chcesz pozna\u0107 ceny hurtowe tych oszcz\u0119dzaj\u0105cych miejsce, du\u017cych, kwadratowych szklanych s\u0142oik\u00f3w.<\/p>","protected":false},"excerpt":{"rendered":"<p>Wybierz wytrzyma\u0142e szklane s\u0142oiki do przechowywania \u017cywno\u015bci z pokrywkami i du\u017ce, kwadratowe s\u0142oiki wykonane z wysokiej jako\u015bci materia\u0142\u00f3w \u2013 sprzeda\u017c bezpo\u015brednio z fabryki. Bezp\u0142atne pr\u00f3bki.<\/p>","protected":false},"featured_media":24166,"template":"","meta":[],"product_brand":[],"product_cat":[122,134,124],"product_tag":[],"class_list":{"0":"post-24163","1":"product","2":"type-product","3":"status-publish","4":"has-post-thumbnail","6":"product_cat-custom-glass-packaging","7":"product_cat-airtight-jars","8":"product_cat-custom-glass-jars","10":"first","11":"instock","12":"shipping-taxable","13":"product-type-simple"},"jetpack_sharing_enabled":true,"_links":{"self":[{"href":"https:\/\/yebodaglass.com\/pl\/wp-json\/wp\/v2\/product\/24163","targetHints":{"allow":["GET"]}}],"collection":[{"href":"https:\/\/yebodaglass.com\/pl\/wp-json\/wp\/v2\/product"}],"about":[{"href":"https:\/\/yebodaglass.com\/pl\/wp-json\/wp\/v2\/types\/product"}],"version-history":[{"count":4,"href":"https:\/\/yebodaglass.com\/pl\/wp-json\/wp\/v2\/product\/24163\/revisions"}],"predecessor-version":[{"id":24190,"href":"https:\/\/yebodaglass.com\/pl\/wp-json\/wp\/v2\/product\/24163\/revisions\/24190"}],"wp:featuredmedia":[{"embeddable":true,"href":"https:\/\/yebodaglass.com\/pl\/wp-json\/wp\/v2\/media\/24166"}],"wp:attachment":[{"href":"https:\/\/yebodaglass.com\/pl\/wp-json\/wp\/v2\/media?parent=24163"}],"wp:term":[{"taxonomy":"product_brand","embeddable":true,"href":"https:\/\/yebodaglass.com\/pl\/wp-json\/wp\/v2\/product_brand?post=24163"},{"taxonomy":"product_cat","embeddable":true,"href":"https:\/\/yebodaglass.com\/pl\/wp-json\/wp\/v2\/product_cat?post=24163"},{"taxonomy":"product_tag","embeddable":true,"href":"https:\/\/yebodaglass.com\/pl\/wp-json\/wp\/v2\/product_tag?post=24163"}],"curies":[{"name":"wp","href":"https:\/\/api.w.org\/{rel}","templated":true}]}}