{"id":24154,"date":"2025-11-28T08:55:51","date_gmt":"2025-11-28T00:55:51","guid":{"rendered":"https:\/\/yebodaglass.com\/?post_type=product&#038;p=24154"},"modified":"2025-11-28T11:44:03","modified_gmt":"2025-11-28T03:44:03","slug":"bulk-clear-square-glass-storage-jars-with-glass-lids","status":"publish","type":"product","link":"https:\/\/yebodaglass.com\/pl\/bulk-clear-square-glass-storage-jars-with-glass-lids\/","title":{"rendered":"S\u0142oiki szklane kwadratowe przezroczyste z pokrywkami szklanymi, luzem, 380 ml, 500 ml, 750 ml, 1000 ml"},"content":{"rendered":"<p data-start=\"66\" data-end=\"288\">Te kwadratowe szklane s\u0142oiki do przechowywania wykonane s\u0105 z przezroczystego szk\u0142a i dost\u0119pne s\u0105 w czterech r\u00f3\u017cnych rozmiarach. Maj\u0105 zaokr\u0105glony, kwadratowy kszta\u0142t. Do ka\u017cdego s\u0142oika do\u0142\u0105czona jest szklana pokrywka zamykana na prosty metalowy zatrzask.<\/p>\n<h2>Cechy produktu<\/h2>\n<ul>\n<li><strong>Materia\u0142 Clear Square:<\/strong> Zastosowanie ca\u0142kowicie przezroczystego szk\u0142a z zaokr\u0105glonymi, kwadratowymi rogami sprawia, \u017ce \u200b\u200bzawarto\u015b\u0107 jest dobrze widoczna, a s\u0142oiki oszcz\u0119dzaj\u0105 wi\u0119cej miejsca do przechowywania ni\u017c gdyby mia\u0142y czysto cylindryczny kszta\u0142t.<\/li>\n<li><strong>Konstrukcja uszczelnienia zatrzaskowego:<\/strong> S\u0142oik wyposa\u017cony jest w metalow\u0105, zatrzaskow\u0105 pokrywk\u0119, kt\u00f3ra zapewnia doskona\u0142\u0105 szczelno\u015b\u0107, skutecznie zapobiegaj\u0105c przedostawaniu si\u0119 wilgoci i zachowuj\u0105c \u015bwie\u017co\u015b\u0107 produktu. Otwieranie i zamykanie pojemnika jest bardzo proste i wygodne.<\/li>\n<li><strong>Cztery r\u00f3\u017cne rozmiary:<\/strong> Cztery rozmiary pozwalaj\u0105 na przechowywanie rzeczy o r\u00f3\u017cnych rozmiarach (na przyk\u0142ad ma\u0142ych s\u0142oik\u00f3w na przyprawy, du\u017cych na produkty suszone).<\/li>\n<\/ul>\n<h2 style=\"text-align: left;\">Kluczowe specyfikacje<\/h2>\n<table class=\"aligncenter\" style=\"border-collapse: collapse; width: 435.02pt;\" border=\"0\" width=\"580\" cellspacing=\"0\" cellpadding=\"0\">\n<tbody>\n<tr style=\"height: 13.50pt;\">\n<td style=\"height: 13.50pt; width: 99.75pt;\" width=\"133\" height=\"18\">Specyfikacja<\/td>\n<td style=\"width: 335.25pt;\" width=\"447\">Bli\u017csze dane<\/td>\n<\/tr>\n<tr style=\"height: 13.50pt;\">\n<td style=\"height: 13.50pt;\" height=\"18\">Pojemno\u015b\u0107<\/td>\n<td>380 ml \/ 500 ml \/ 750 ml \/ 1000 ml<\/td>\n<\/tr>\n<tr style=\"height: 13.50pt;\">\n<td style=\"height: 13.50pt;\" height=\"18\">Wymiary<\/td>\n<td>8,7\u00d710 cm \/ 10,8\u00d710 cm \/ 11\u00d712,3 cm \/ 11,3\u00d715 cm<\/td>\n<\/tr>\n<tr style=\"height: 13.50pt;\">\n<td style=\"height: 13.50pt;\" height=\"18\">Materia\u0142\u200b<\/td>\n<td>Szk\u0142o przezroczyste (s\u0142oik i wieczko)<\/td>\n<\/tr>\n<tr style=\"height: 13.50pt;\">\n<td style=\"height: 13.50pt;\" height=\"18\">Rodzaj\/kolor pokrywy\u200b<\/td>\n<td>Szklana pokrywa z zamkni\u0119ciem zaciskowym ze stali<\/td>\n<\/tr>\n<tr style=\"height: 13.50pt;\">\n<td style=\"height: 13.50pt;\" height=\"18\">Idealny dla<\/td>\n<td>S\u0142oiki szklane do przechowywania, szklane s\u0142oiki do przechowywania ze szklanymi pokrywkami<\/td>\n<\/tr>\n<\/tbody>\n<\/table>\n<h2>Historia sukcesu: Jak herbaciarnia ulepszy\u0142a swoj\u0105 ekspozycj\u0119<\/h2>\n<p>Drogi producent herbaty potrzebowa\u0142 rozwi\u0105zania do przechowywania, kt\u00f3re pozwoli\u0142oby zar\u00f3wno na prezentacj\u0119, jak i utrzymanie \u015bwie\u017co\u015bci produkt\u00f3w. Firma zdecydowa\u0142a si\u0119 na wykorzystanie naszych kwadratowych, szklanych s\u0142oik\u00f3w o pojemno\u015bci 500 ml w swoich sklepach detalicznych. Dzi\u0119ki kwadratowemu kszta\u0142towi firma mog\u0142a eksponowa\u0107 o 30% wi\u0119cej produkt\u00f3w na tej samej powierzchni lady. Szczelno\u015b\u0107 jest tak du\u017ca, \u017ce \u200b\u200bherbata zachowuje \u015bwie\u017co\u015b\u0107 przez wiele miesi\u0119cy, co zmniejsza ilo\u015b\u0107 odpad\u00f3w o 40%. Po tym sukcesie firma z\u0142o\u017cy\u0142a zam\u00f3wienie na 25 000 szklanych s\u0142oik\u00f3w, aby otworzy\u0107 nowe punkty sprzeda\u017cy.<\/p>\n<h2>Opcje personalizacji szklanych s\u0142oik\u00f3w do przechowywania<\/h2>\n<ul>\n<li>Gradienty sitodrukowe \u2013 dodaj u\u017cyteczne oznaczenia pojemno\u015bci, aby u\u0142atwi\u0107 nak\u0142adanie okre\u015blonej ilo\u015bci produktu<\/li>\n<li>Kolorowe szklane pokrywki \u2013 W przypadku przedmiot\u00f3w wra\u017cliwych na \u015bwiat\u0142o nale\u017cy u\u017cywa\u0107 kolorowych szklanych pokrywek<\/li>\n<li>Niestandardowe kolory klips\u00f3w \u2013 Mo\u017cesz wybra\u0107 klipsy w kolorze br\u0105zowym, czarnym lub niklowym<\/li>\n<li>Opcje pier\u015bcieni uszczelniaj\u0105cych z silikonu \u2013 kolor pier\u015bcienia uszczelniaj\u0105cego mo\u017ce by\u0107 kolorem Twojej marki, aby zachowa\u0107 sp\u00f3jno\u015b\u0107 kolorystyczn\u0105<\/li>\n<\/ul>\n<p>Chcesz optymalnie wykorzysta\u0107 swoj\u0105 przestrze\u0144 do przechowywania? Skontaktuj si\u0119 z nami ju\u017c teraz, aby otrzyma\u0107 hurtowe ceny na te pi\u0119kne, kwadratowe, szklane s\u0142oiki do przechowywania ze szklanymi pokrywkami.<\/p>","protected":false},"excerpt":{"rendered":"<p>Nasze kwadratowe szklane s\u0142oiki do przechowywania oraz szklane s\u0142oiki do przechowywania z pokrywkami s\u0105 niezwykle przejrzyste, trwa\u0142e i maj\u0105 dobre w\u0142a\u015bciwo\u015bci uszczelniaj\u0105ce \u2014 dost\u0119pne s\u0105 bezp\u0142atne pr\u00f3bki.<\/p>","protected":false},"featured_media":24157,"template":"","meta":[],"product_brand":[],"product_cat":[122,134,124],"product_tag":[],"class_list":{"0":"post-24154","1":"product","2":"type-product","3":"status-publish","4":"has-post-thumbnail","6":"product_cat-custom-glass-packaging","7":"product_cat-airtight-jars","8":"product_cat-custom-glass-jars","10":"first","11":"instock","12":"shipping-taxable","13":"product-type-simple"},"jetpack_sharing_enabled":true,"_links":{"self":[{"href":"https:\/\/yebodaglass.com\/pl\/wp-json\/wp\/v2\/product\/24154","targetHints":{"allow":["GET"]}}],"collection":[{"href":"https:\/\/yebodaglass.com\/pl\/wp-json\/wp\/v2\/product"}],"about":[{"href":"https:\/\/yebodaglass.com\/pl\/wp-json\/wp\/v2\/types\/product"}],"version-history":[{"count":5,"href":"https:\/\/yebodaglass.com\/pl\/wp-json\/wp\/v2\/product\/24154\/revisions"}],"predecessor-version":[{"id":24189,"href":"https:\/\/yebodaglass.com\/pl\/wp-json\/wp\/v2\/product\/24154\/revisions\/24189"}],"wp:featuredmedia":[{"embeddable":true,"href":"https:\/\/yebodaglass.com\/pl\/wp-json\/wp\/v2\/media\/24157"}],"wp:attachment":[{"href":"https:\/\/yebodaglass.com\/pl\/wp-json\/wp\/v2\/media?parent=24154"}],"wp:term":[{"taxonomy":"product_brand","embeddable":true,"href":"https:\/\/yebodaglass.com\/pl\/wp-json\/wp\/v2\/product_brand?post=24154"},{"taxonomy":"product_cat","embeddable":true,"href":"https:\/\/yebodaglass.com\/pl\/wp-json\/wp\/v2\/product_cat?post=24154"},{"taxonomy":"product_tag","embeddable":true,"href":"https:\/\/yebodaglass.com\/pl\/wp-json\/wp\/v2\/product_tag?post=24154"}],"curies":[{"name":"wp","href":"https:\/\/api.w.org\/{rel}","templated":true}]}}