{"id":24141,"date":"2025-11-27T11:41:17","date_gmt":"2025-11-27T03:41:17","guid":{"rendered":"https:\/\/yebodaglass.com\/?post_type=product&#038;p=24141"},"modified":"2025-11-27T18:27:41","modified_gmt":"2025-11-27T10:27:41","slug":"wholesale-clear-large-glass-food-storage-jars","status":"publish","type":"product","link":"https:\/\/yebodaglass.com\/pl\/wholesale-clear-large-glass-food-storage-jars\/","title":{"rendered":"Hurtowa sprzeda\u017c du\u017cych, przezroczystych szklanych s\u0142oik\u00f3w do przechowywania \u017cywno\u015bci, 64 uncje i 100 uncji"},"content":{"rendered":"<p data-start=\"66\" data-end=\"288\">Te du\u017ce szklane s\u0142oiki do przechowywania \u017cywno\u015bci wykonane s\u0105 z przezroczystego szk\u0142a i wyst\u0119puj\u0105 w dw\u00f3ch eleganckich, smuk\u0142ych, okr\u0105g\u0142ych kszta\u0142tach. Do ka\u017cdego s\u0142oika do\u0142\u0105czona jest metalowa, zatrzaskowa pokrywka, dzi\u0119ki czemu s\u0105 wygodnym rozwi\u0105zaniem do przechowywania du\u017cych ilo\u015bci \u017cywno\u015bci w kuchni.<\/p>\n<h2>Cechy produktu<\/h2>\n<ul>\n<li><strong>Du\u017ca pojemno\u015b\u0107:<\/strong> S\u0142oiki te s\u0105 dost\u0119pne w pojemno\u015bciach 2 i 3 litr\u00f3w, dzi\u0119ki czemu mo\u017cna w nich przechowywa\u0107 du\u017c\u0105 ilo\u015b\u0107 tych samych produkt\u00f3w, minimalizuj\u0105c w ten spos\u00f3b ilo\u015b\u0107 opakowa\u0144 i konieczno\u015b\u0107 cz\u0119stego uzupe\u0142niania.<\/li>\n<li><strong>Idealne uszczelnienie:<\/strong> Zaciski i gumowa uszczelka wsp\u00f3\u0142pracuj\u0105 ze sob\u0105, aby ca\u0142kowicie wykluczy\u0107 dost\u0119p wilgoci, szkodnik\u00f3w i powietrza, dzi\u0119ki czemu \u017cywno\u015b\u0107 mo\u017ce zachowa\u0107 \u015bwie\u017co\u015b\u0107 przez miesi\u0105c lub d\u0142u\u017cej.<\/li>\n<li><strong>Szeroki otw\u00f3r umo\u017cliwiaj\u0105cy \u0142atwe nape\u0142nianie i uzupe\u0142nianie:<\/strong> Szeroka szyjka pozwala na szybkie i \u0142atwe \u0142adowanie i roz\u0142adowywanie jedzenia, nawet dla os\u00f3b o du\u017cych d\u0142oniach lub u\u017cywaj\u0105cych du\u017cych \u0142y\u017cek.<\/li>\n<\/ul>\n<h2 style=\"text-align: left;\">Kluczowe specyfikacje<\/h2>\n<table class=\"aligncenter\" style=\"border-collapse: collapse; width: 402.77pt;\" border=\"0\" width=\"537\" cellspacing=\"0\" cellpadding=\"0\">\n<tbody>\n<tr style=\"height: 13.50pt;\">\n<td style=\"height: 13.50pt; width: 99.75pt;\" width=\"133\" height=\"18\">Specyfikacja<\/td>\n<td style=\"width: 303.00pt;\" width=\"404\">Bli\u017csze dane<\/td>\n<\/tr>\n<tr style=\"height: 13.50pt;\">\n<td style=\"height: 13.50pt;\" height=\"18\">Pojemno\u015b\u0107<\/td>\n<td>2000 ml (64 uncje) \/ 3000 ml (100 uncji)<\/td>\n<\/tr>\n<tr style=\"height: 13.50pt;\">\n<td style=\"height: 13.50pt;\" height=\"18\">Wymiary<\/td>\n<td>12,7\u00d725,3 cm \/ 14,5\u00d726,5 cm<\/td>\n<\/tr>\n<tr style=\"height: 13.50pt;\">\n<td style=\"height: 13.50pt;\" height=\"18\">Materia\u0142\u200b<\/td>\n<td>Grube, przezroczyste szk\u0142o<\/td>\n<\/tr>\n<tr style=\"height: 13.50pt;\">\n<td style=\"height: 13.50pt;\" height=\"18\">Rodzaj pokrywy<\/td>\n<td>Metalowa pokrywa zaciskowa z drucian\u0105 por\u0119cz\u0105 (srebrna)<\/td>\n<\/tr>\n<tr style=\"height: 13.50pt;\">\n<td style=\"height: 13.50pt;\" height=\"18\">Idealny dla<\/td>\n<td>Du\u017ce szklane s\u0142oiki do przechowywania, szklane s\u0142oiki do przechowywania \u017cywno\u015bci<\/td>\n<\/tr>\n<\/tbody>\n<\/table>\n<h2>Historia sukcesu: Historia sukcesu sklepu spo\u017cywczego bez odpad\u00f3w<\/h2>\n<p>Sklep spo\u017cywczy, kt\u00f3ry prowadzi dzia\u0142alno\u015b\u0107 bez odpad\u00f3w, potrzebowa\u0142 szklanych s\u0142oik\u00f3w o du\u017cej pojemno\u015bci, aby by\u0142y praktyczne i estetyczne, a jednocze\u015bnie s\u0142u\u017cy\u0142y do \u200b\u200bprzechowywania \u017cywno\u015bci luzem. Wykorzystali nasze 3-litrowe, du\u017ce szklane s\u0142oiki do przechowywania \u017cywno\u015bci, aby przechowywa\u0107 zbo\u017ca, orzechy i makaron. Doskona\u0142e uszczelnienie znacznie wyd\u0142u\u017cy\u0142o okres przydatno\u015bci produkt\u00f3w, co doprowadzi\u0142o do 40% zmniejszenia ilo\u015bci odpad\u00f3w spo\u017cywczych i 65% wzrostu liczby ponownych zakup\u00f3w. Dzi\u0119ki pozytywnemu odzewowi z rynku, sklep z\u0142o\u017cy\u0142 nowe zam\u00f3wienie na 500 000 s\u0142oik\u00f3w, aby otworzy\u0107 kolejne sklepy.<\/p>\n<h2>Niestandardowe rozwi\u0105zania w zakresie s\u0142oik\u00f3w szklanych do przechowywania<\/h2>\n<ul>\n<li>Wyt\u0142oczone oznaczenia pojemno\u015bci \u2013 u\u0142atwiaj\u0105 i utrwalaj\u0105 oznaczenie pojemno\u015bci, wypuk\u0142e oznaczenia.<\/li>\n<li>Etykiety sitodrukowe \u2013 zastosuj tusz ceramiczny, aby drukowa\u0107 wyra\u017ane i widoczne etykiety z mark\u0105 lub tre\u015bci\u0105.<\/li>\n<li>Wzmocniona podstawa \u2013 grubsza szklana podstawa umo\u017cliwiaj\u0105ca podnoszenie ci\u0119\u017ckich przedmiot\u00f3w.<\/li>\n<li>Zintegrowany uchwyt \u2013 Mo\u017cliwo\u015b\u0107 wyposa\u017cenia w zintegrowany szklany uchwyt zapewniaj\u0105cy wygod\u0119 przenoszenia.<\/li>\n<\/ul>","protected":false},"excerpt":{"rendered":"<p>Nasze du\u017ce szklane s\u0142oiki do przechowywania i du\u017ce szklane s\u0142oiki do przechowywania \u017cywno\u015bci s\u0105 krystalicznie czyste, trwa\u0142e i idealne do przechowywania produkt\u00f3w spo\u017cywczych i sk\u0142adnik\u00f3w spi\u017carni. Bezp\u0142atne pr\u00f3bki.<\/p>","protected":false},"featured_media":24152,"template":"","meta":[],"product_brand":[],"product_cat":[122,134,124],"product_tag":[],"class_list":{"0":"post-24141","1":"product","2":"type-product","3":"status-publish","4":"has-post-thumbnail","6":"product_cat-custom-glass-packaging","7":"product_cat-airtight-jars","8":"product_cat-custom-glass-jars","10":"first","11":"instock","12":"shipping-taxable","13":"product-type-simple"},"jetpack_sharing_enabled":true,"_links":{"self":[{"href":"https:\/\/yebodaglass.com\/pl\/wp-json\/wp\/v2\/product\/24141","targetHints":{"allow":["GET"]}}],"collection":[{"href":"https:\/\/yebodaglass.com\/pl\/wp-json\/wp\/v2\/product"}],"about":[{"href":"https:\/\/yebodaglass.com\/pl\/wp-json\/wp\/v2\/types\/product"}],"version-history":[{"count":3,"href":"https:\/\/yebodaglass.com\/pl\/wp-json\/wp\/v2\/product\/24141\/revisions"}],"predecessor-version":[{"id":24153,"href":"https:\/\/yebodaglass.com\/pl\/wp-json\/wp\/v2\/product\/24141\/revisions\/24153"}],"wp:featuredmedia":[{"embeddable":true,"href":"https:\/\/yebodaglass.com\/pl\/wp-json\/wp\/v2\/media\/24152"}],"wp:attachment":[{"href":"https:\/\/yebodaglass.com\/pl\/wp-json\/wp\/v2\/media?parent=24141"}],"wp:term":[{"taxonomy":"product_brand","embeddable":true,"href":"https:\/\/yebodaglass.com\/pl\/wp-json\/wp\/v2\/product_brand?post=24141"},{"taxonomy":"product_cat","embeddable":true,"href":"https:\/\/yebodaglass.com\/pl\/wp-json\/wp\/v2\/product_cat?post=24141"},{"taxonomy":"product_tag","embeddable":true,"href":"https:\/\/yebodaglass.com\/pl\/wp-json\/wp\/v2\/product_tag?post=24141"}],"curies":[{"name":"wp","href":"https:\/\/api.w.org\/{rel}","templated":true}]}}