{"id":24128,"date":"2025-11-28T12:00:50","date_gmt":"2025-11-28T04:00:50","guid":{"rendered":"https:\/\/yebodaglass.com\/?post_type=product&#038;p=24128"},"modified":"2026-04-14T13:10:55","modified_gmt":"2026-04-14T05:10:55","slug":"custom-clear-water-bottle-with-sleeve-wholesale","status":"publish","type":"product","link":"https:\/\/yebodaglass.com\/pl\/custom-clear-water-bottle-with-sleeve-wholesale\/","title":{"rendered":"Butelka na wod\u0119 przezroczysta z etui, hurtowa, 550 ml \u2013 1000 ml"},"content":{"rendered":"<p>Przezroczysta butelka na wod\u0119 ma prosty, cylindryczny kszta\u0142t, a jej konstrukcja wykonana jest ze szk\u0142a borokrzemianowego dopuszczonego do kontaktu z \u017cywno\u015bci\u0105. Szklany korpus ma g\u0142adkie wyko\u0144czenie i zawiera srebrn\u0105 metalow\u0105 zakr\u0119tk\u0119 z silikonowym pier\u015bcieniem uszczelniaj\u0105cym dopuszczonym do kontaktu z \u017cywno\u015bci\u0105, kt\u00f3ry tworzy szczeln\u0105 i hermetyczn\u0105 barier\u0119.<\/p>\n<h2>Cechy produktu<\/h2>\n<p><strong>Trwa\u0142e szk\u0142o borokrzemianowe<\/strong><\/p>\n<p>Brak szoku termicznego \u2014 mo\u017cna umieszcza\u0107 w zamra\u017carce lub my\u0107 w zmywarce, produkt jest przeznaczony do d\u0142ugotrwa\u0142ego u\u017cytkowania.<\/p>\n<p><strong>Szeroki otw\u00f3r 38 mm<\/strong><\/p>\n<p>Nape\u0142nianie, czyszczenie i nalewanie s\u0105 bardzo proste \u2014 idealne do codziennego picia wody lub do butelek sportowych.<\/p>\n<p><strong>Mo\u017cliwo\u015b\u0107 dostosowania wzoru r\u0119kawa<\/strong><\/p>\n<p>Umie\u015b\u0107 swoje logo na silikonowym etui \u2014 Twoja przezroczysta butelka na wod\u0119 stanie si\u0119 znakiem \u200b\u200d\u200b\u200c\u200d\u200b\u200d\u200c\u200d\u200b\u200c\u200d\u200b\u200d\u200c\u200d\u200c pami\u0119ci.<\/p>\n<h2>Kluczowe specyfikacje<\/h2>\n<table style=\"border-collapse: collapse; width: 80%; margin-left: auto; margin-right: auto;\" border=\"0\" width=\"360\" cellspacing=\"0\" cellpadding=\"0\">\n<tbody>\n<tr style=\"height: 13.50pt;\">\n<td style=\"height: 13.5pt; width: 54pt; text-align: center;\" width=\"72\" height=\"18\">Pojemno\u015b\u0107 (ml)<\/td>\n<td style=\"width: 54pt; text-align: center;\" width=\"72\">Rozmiar (cm)<\/td>\n<td style=\"width: 54pt; text-align: center;\" width=\"72\">\u015arednica<\/td>\n<td style=\"width: 54pt; text-align: center;\" width=\"72\">Tworzywo<\/td>\n<td style=\"width: 54pt; text-align: center;\" width=\"72\">Kolor<\/td>\n<\/tr>\n<tr style=\"height: 13.50pt;\">\n<td style=\"height: 13.5pt; text-align: center;\" align=\"right\" height=\"18\">550<\/td>\n<td style=\"text-align: center;\">6.6&#215;23.0<\/td>\n<td class=\"et2\" style=\"text-align: center;\" rowspan=\"3\">38 mm<\/td>\n<td class=\"et2\" style=\"text-align: center;\" rowspan=\"3\">Borokrzemian<\/td>\n<td class=\"et2\" style=\"text-align: center;\" rowspan=\"3\">Jasne<\/td>\n<\/tr>\n<tr style=\"height: 13.50pt;\">\n<td style=\"height: 13.5pt; text-align: center;\" align=\"right\" height=\"18\">750<\/td>\n<td style=\"text-align: center;\">7.0&#215;27.2<\/td>\n<\/tr>\n<tr style=\"height: 13.50pt;\">\n<td style=\"height: 13.5pt; text-align: center;\" align=\"right\" height=\"18\">1000<\/td>\n<td style=\"text-align: center;\">7.9&#215;29.1<\/td>\n<\/tr>\n<\/tbody>\n<\/table>\n<h2>Historia sukcesu: zam\u00f3wienie niestandardowe na abonament National Health Box<\/h2>\n<p>Ameryka\u0144ska firma oferuj\u0105ca subskrypcje zdrowotne wybra\u0142a nasz\u0105 butelk\u0119 na wod\u0119 o pojemno\u015bci 500 ml z os\u0142on\u0105, kt\u00f3r\u0105 spersonalizowa\u0142a, dodaj\u0105c neoprenowy r\u0119kaw i wygrawerowany laserowo motywuj\u0105cy slogan. Os\u0142ona z systemem butelek osi\u0105gn\u0119\u0142a wysok\u0105 wydajno\u015b\u0107, poniewa\u017c klienci, dzi\u0119ki trwa\u0142ej konstrukcji ze szk\u0142a borokrzemianowego, zapobiegli 70% st\u0142uczeniom mi\u0119dzy butelkami szklanymi zabezpieczonymi i niezabezpieczonymi. Konstrukcja butelki umo\u017cliwia \u0142atwe czyszczenie, zachowuj\u0105c jednocze\u015bnie smak, co sprawia, \u017ce \u200b\u200bsubskrybenci korzystaj\u0105 z niej przez 95% czasu w ci\u0105gu dnia. Po sukcesie dotychczasowych produkt\u00f3w, firma zam\u00f3wi\u0142a dodatkowe 380 000 butelek, aby wesprze\u0107 now\u0105 lini\u0119 funkcjonalnych napoj\u00f3w w proszku.<\/p>\n<h2>Opcje personalizacji butelek na wod\u0119 przezroczyst\u0105<\/h2>\n<ul>\n<li>Konstrukcja nasadki: Produkt dost\u0119pny jest w wielu wyko\u0144czeniach metalowych, w tym w kolorze czarnym, z\u0142otym, r\u00f3\u017cowo-z\u0142otym oraz z materia\u0142\u00f3w bambusowych.<\/li>\n<li>Personalizowane os\u0142onki na butelki: Produkt oferuje os\u0142onki wykonane z trzech materia\u0142\u00f3w: neoprenu, silikonu i materia\u0142u. Klienci mog\u0105 wybiera\u0107 spo\u015br\u00f3d r\u00f3\u017cnych opcji kolorystycznych, wzor\u00f3w i nadruku logo.<\/li>\n<li>Akcesoria: Kompatybilne ze szczoteczkami do czyszczenia, namaczaczami do owoc\u00f3w lub paskami do noszenia.<\/li>\n<\/ul>","protected":false},"excerpt":{"rendered":"<p>Przezroczysta butelka na wod\u0119 z etui dla lepszej ochrony. Dostawa bezpo\u015brednio z fabryki, gotowy towar i szybka wysy\u0142ka sprawiaj\u0105, \u017ce idealnie nadaje si\u0119 do zam\u00f3wie\u0144 hurtowych i nape\u0142niania detalicznego.<\/p>","protected":false},"featured_media":24129,"template":"","meta":[],"product_brand":[],"product_cat":[136,123,122],"product_tag":[],"class_list":{"0":"post-24128","1":"product","2":"type-product","3":"status-publish","4":"has-post-thumbnail","6":"product_cat-glass-water-bottles","7":"product_cat-custom-glass-bottles","8":"product_cat-custom-glass-packaging","10":"first","11":"instock","12":"shipping-taxable","13":"product-type-simple"},"jetpack_sharing_enabled":true,"_links":{"self":[{"href":"https:\/\/yebodaglass.com\/pl\/wp-json\/wp\/v2\/product\/24128","targetHints":{"allow":["GET"]}}],"collection":[{"href":"https:\/\/yebodaglass.com\/pl\/wp-json\/wp\/v2\/product"}],"about":[{"href":"https:\/\/yebodaglass.com\/pl\/wp-json\/wp\/v2\/types\/product"}],"version-history":[{"count":5,"href":"https:\/\/yebodaglass.com\/pl\/wp-json\/wp\/v2\/product\/24128\/revisions"}],"predecessor-version":[{"id":25780,"href":"https:\/\/yebodaglass.com\/pl\/wp-json\/wp\/v2\/product\/24128\/revisions\/25780"}],"wp:featuredmedia":[{"embeddable":true,"href":"https:\/\/yebodaglass.com\/pl\/wp-json\/wp\/v2\/media\/24129"}],"wp:attachment":[{"href":"https:\/\/yebodaglass.com\/pl\/wp-json\/wp\/v2\/media?parent=24128"}],"wp:term":[{"taxonomy":"product_brand","embeddable":true,"href":"https:\/\/yebodaglass.com\/pl\/wp-json\/wp\/v2\/product_brand?post=24128"},{"taxonomy":"product_cat","embeddable":true,"href":"https:\/\/yebodaglass.com\/pl\/wp-json\/wp\/v2\/product_cat?post=24128"},{"taxonomy":"product_tag","embeddable":true,"href":"https:\/\/yebodaglass.com\/pl\/wp-json\/wp\/v2\/product_tag?post=24128"}],"curies":[{"name":"wp","href":"https:\/\/api.w.org\/{rel}","templated":true}]}}