{"id":24111,"date":"2025-11-27T12:00:19","date_gmt":"2025-11-27T04:00:19","guid":{"rendered":"https:\/\/yebodaglass.com\/?post_type=product&#038;p=24111"},"modified":"2026-04-13T09:34:01","modified_gmt":"2026-04-13T01:34:01","slug":"28mm-diameter-custom-water-bottles-bulk","status":"publish","type":"product","link":"https:\/\/yebodaglass.com\/pl\/28mm-diameter-custom-water-bottles-bulk\/","title":{"rendered":"Butelki na wod\u0119 o \u015brednicy 28 mm, niestandardowe, hurtowe, 280 ml \u2013 1000 ml"},"content":{"rendered":"<p>Butelki na wod\u0119 o niestandardowym kszta\u0142cie, dzi\u0119ki cylindrycznemu kszta\u0142towi, prezentuj\u0105 design odpowiadaj\u0105cy wymogom nowoczesnego, minimalistycznego designu. Sk\u0142ad butelki jest widoczny przez przezroczyste szk\u0142o borokrzemianowe, kt\u00f3re zapewnia wysok\u0105 trwa\u0142o\u015b\u0107 i ochron\u0119 przed szokiem termicznym. System wykorzystuje standardowe po\u0142\u0105czenie gwintowane wraz z b\u0142yszcz\u0105c\u0105, srebrn\u0105 metalow\u0105 zakr\u0119tk\u0105, co zapewnia skuteczne uszczelnienie.<\/p>\n<h2>Cechy produktu<\/h2>\n<ul>\n<li><strong>Minimalistyczny, cylindryczny design:<\/strong> Szklany cylinder o prostych \u015bciankach pozwala na \u0142atwe trzymanie szklanego pojemnika, kt\u00f3ry mo\u017cna czy\u015bci\u0107 i opisywa\u0107, zachowuj\u0105c przy tym jego podstawow\u0105 konstrukcj\u0119.<\/li>\n<li><strong>Trwa\u0142e szk\u0142o borokrzemianowe:<\/strong> Szk\u0142o borokrzemianowe jest odporne na szok termiczny, dzi\u0119ki czemu mo\u017cna w nim bezpiecznie przechowywa\u0107 zar\u00f3wno gor\u0105ce, jak i zimne napoje, nie zachowuj\u0105c przy tym zapachu.<\/li>\n<li><strong>Stylowa metalowa zakr\u0119tka:<\/strong> Srebrna metalowa nasadka z po\u0142yskuj\u0105cym wyko\u0144czeniem tworzy nowoczesny wygl\u0105d i chroni przed przeciekami dzi\u0119ki bezpiecznemu mechanizmowi uszczelniaj\u0105cemu.<\/li>\n<\/ul>\n<h2>Kluczowe specyfikacje<\/h2>\n<table style=\"border-collapse: collapse; width: 80%; margin-left: auto; margin-right: auto;\" border=\"0\" width=\"360\" cellspacing=\"0\" cellpadding=\"0\">\n<tbody>\n<tr style=\"height: 13.50pt;\">\n<td style=\"height: 13.5pt; width: 54pt; text-align: center;\" width=\"72\" height=\"18\">Pojemno\u015b\u0107 (ml)<\/td>\n<td style=\"width: 54pt; text-align: center;\" width=\"72\">Rozmiar (cm)<\/td>\n<td style=\"width: 54pt; text-align: center;\" width=\"72\">\u015arednica (mm)<\/td>\n<td style=\"width: 54pt; text-align: center;\" width=\"72\">Tworzywo<\/td>\n<td style=\"width: 54pt; text-align: center;\" width=\"72\">Kolor<\/td>\n<\/tr>\n<tr style=\"height: 13.50pt;\">\n<td style=\"height: 13.5pt; text-align: center;\" align=\"right\" height=\"18\">280<\/td>\n<td style=\"text-align: center;\">5,5 x 17,5<\/td>\n<td class=\"et2\" style=\"text-align: center;\" rowspan=\"6\">28<\/td>\n<td class=\"et2\" style=\"text-align: center;\" rowspan=\"6\">Borokrzemian<\/td>\n<td class=\"et2\" style=\"text-align: center;\" rowspan=\"6\">Wyczy\u015b\u0107 lub niestandardowo<\/td>\n<\/tr>\n<tr style=\"height: 13.50pt;\">\n<td style=\"height: 13.5pt; text-align: center;\" align=\"right\" height=\"18\">360<\/td>\n<td style=\"text-align: center;\">6,0 x 19,0<\/td>\n<\/tr>\n<tr style=\"height: 13.50pt;\">\n<td style=\"height: 13.5pt; text-align: center;\" align=\"right\" height=\"18\">450<\/td>\n<td style=\"text-align: center;\">6,6 x 21,5<\/td>\n<\/tr>\n<tr style=\"height: 13.50pt;\">\n<td style=\"height: 13.5pt; text-align: center;\" align=\"right\" height=\"18\">550<\/td>\n<td style=\"text-align: center;\">6,6 x 22,5<\/td>\n<\/tr>\n<tr style=\"height: 13.50pt;\">\n<td style=\"height: 13.5pt; text-align: center;\" align=\"right\" height=\"18\">750<\/td>\n<td style=\"text-align: center;\">7,0 x 25,9<\/td>\n<\/tr>\n<tr style=\"height: 13.50pt;\">\n<td style=\"height: 13.5pt; text-align: center;\" align=\"right\" height=\"18\">1000<\/td>\n<td style=\"text-align: center;\">7,9 x 27,8<\/td>\n<\/tr>\n<\/tbody>\n<\/table>\n<h2>Historia sukcesu: zam\u00f3wienie indywidualne od marki Wellness z zachodniego wybrze\u017ca<\/h2>\n<p>Kalifornijska firma oferuj\u0105ca zestawy subskrypcyjne produkt\u00f3w wellness wybra\u0142a nasze 500-mililitrowe butelki na wod\u0119, kt\u00f3re zaprojektowa\u0142a z w\u0142asnymi etykietami sitodrukowymi i czarnymi silikonowymi os\u0142onkami. Spersonalizowane butelki przynios\u0142y wyj\u0105tkowe rezultaty, poniewa\u017c klienci twierdzili, \u017ce szk\u0142o borokrzemianowe ma o 60% ni\u017cszy wska\u017anik st\u0142ucze\u0144 ni\u017c standardowe butelki ze szk\u0142a sodowo-wapniowego. Subskrybenci, kt\u00f3rzy skorzystali z us\u0142ugi premium w po\u0142\u0105czeniu z spersonalizowanymi interakcjami, odnotowali wzrost retencji o 40%. Firma odnios\u0142a kolejny sukces, nabywaj\u0105c 350 000 butelek na wod\u0119, aby wesprze\u0107 swoj\u0105 lini\u0119 produkt\u00f3w, obejmuj\u0105c\u0105 napoje z dodatkiem adaptogen\u00f3w.<\/p>\n<h2>Sugestie personalizacji butelek na wod\u0119 hurtow\u0105<\/h2>\n<ul>\n<li>Projekt nasadki: Produkt dost\u0119pny jest w wielu wariantach wyko\u0144czenia metalu, w tym w kolorze z\u0142otym, r\u00f3\u017cowo-z\u0142otym, czarnym i miedzianym, a tak\u017ce w wersji z bambusa.<\/li>\n<li>Akcesoria: Klienci mog\u0105 wybiera\u0107 pomi\u0119dzy silikonowymi os\u0142onkami zapewniaj\u0105cymi lepszy chwyt i izolacj\u0119 lub uchwytami dostosowanymi do indywidualnych potrzeb.<\/li>\n<li>Wbudowany filtr: Produkt wyposa\u017cony jest w wyjmowany filtr, kt\u00f3ry wykonany jest ze szk\u0142a lub stali nierdzewnej i s\u0142u\u017cy do filtrowania dodanych owoc\u00f3w, zi\u00f3\u0142 i herbaty.<\/li>\n<\/ul>","protected":false},"excerpt":{"rendered":"<p>Dostawa bezpo\u015brednio z fabryki niestandardowych butelek na wod\u0119 o \u015brednicy 28 mm zapewnia niezawodne rozwi\u0105zanie w zakresie hurtowego nape\u0142niania napoj\u00f3w. Bezp\u0142atna pr\u00f3bka.<\/p>","protected":false},"featured_media":24112,"template":"","meta":[],"product_brand":[],"product_cat":[136,123,122],"product_tag":[],"class_list":{"0":"post-24111","1":"product","2":"type-product","3":"status-publish","4":"has-post-thumbnail","6":"product_cat-glass-water-bottles","7":"product_cat-custom-glass-bottles","8":"product_cat-custom-glass-packaging","10":"first","11":"instock","12":"shipping-taxable","13":"product-type-simple"},"jetpack_sharing_enabled":true,"_links":{"self":[{"href":"https:\/\/yebodaglass.com\/pl\/wp-json\/wp\/v2\/product\/24111","targetHints":{"allow":["GET"]}}],"collection":[{"href":"https:\/\/yebodaglass.com\/pl\/wp-json\/wp\/v2\/product"}],"about":[{"href":"https:\/\/yebodaglass.com\/pl\/wp-json\/wp\/v2\/types\/product"}],"version-history":[{"count":5,"href":"https:\/\/yebodaglass.com\/pl\/wp-json\/wp\/v2\/product\/24111\/revisions"}],"predecessor-version":[{"id":25752,"href":"https:\/\/yebodaglass.com\/pl\/wp-json\/wp\/v2\/product\/24111\/revisions\/25752"}],"wp:featuredmedia":[{"embeddable":true,"href":"https:\/\/yebodaglass.com\/pl\/wp-json\/wp\/v2\/media\/24112"}],"wp:attachment":[{"href":"https:\/\/yebodaglass.com\/pl\/wp-json\/wp\/v2\/media?parent=24111"}],"wp:term":[{"taxonomy":"product_brand","embeddable":true,"href":"https:\/\/yebodaglass.com\/pl\/wp-json\/wp\/v2\/product_brand?post=24111"},{"taxonomy":"product_cat","embeddable":true,"href":"https:\/\/yebodaglass.com\/pl\/wp-json\/wp\/v2\/product_cat?post=24111"},{"taxonomy":"product_tag","embeddable":true,"href":"https:\/\/yebodaglass.com\/pl\/wp-json\/wp\/v2\/product_tag?post=24111"}],"curies":[{"name":"wp","href":"https:\/\/api.w.org\/{rel}","templated":true}]}}