{"id":24110,"date":"2025-11-27T09:30:57","date_gmt":"2025-11-27T01:30:57","guid":{"rendered":"https:\/\/yebodaglass.com\/?post_type=product&#038;p=24110"},"modified":"2025-11-27T10:43:48","modified_gmt":"2025-11-27T02:43:48","slug":"bulk-round-glass-pantry-storage-jars-with-airtight-lids","status":"publish","type":"product","link":"https:\/\/yebodaglass.com\/pl\/bulk-round-glass-pantry-storage-jars-with-airtight-lids\/","title":{"rendered":"S\u0142oiki szklane okr\u0105g\u0142e do przechowywania w spi\u017carni z hermetycznymi pokrywkami 150 ml 380 ml 500 ml"},"content":{"rendered":"<p data-start=\"66\" data-end=\"288\">Te szklane s\u0142oiki do przechowywania \u017cywno\u015bci maj\u0105 prosty, ale stylowy, g\u0142adki, okr\u0105g\u0142y kszta\u0142t i s\u0105 wykonane w ca\u0142o\u015bci z przezroczystego szk\u0142a. Do ka\u017cdego s\u0142oika do\u0142\u0105czona jest elegancka, metalowa, zatrzaskowa, szklana pokrywka oraz zatyczka uszczelniaj\u0105ca. Delikatny, zaokr\u0105glony kszta\u0142t z pewno\u015bci\u0105 rozja\u015bni ciemny k\u0105t ka\u017cdej szafki.<\/p>\n<h2>Cechy produktu<\/h2>\n<ul>\n<li><strong>Konstrukcja uszczelnienia zatrzaskowego:<\/strong> Metalowa, zatrzaskowa zatyczka zapewnia dobr\u0105 szczelno\u015b\u0107, dzi\u0119ki czemu skutecznie zapobiega przedostawaniu si\u0119 wilgoci i utrzymuje \u015bwie\u017co\u015b\u0107 przechowywanych produkt\u00f3w. Zamykanie i otwieranie jest bardzo proste i zajmuje zaledwie kilka sekund.<\/li>\n<li><strong>R\u00f3\u017cne rozmiary z szerok\u0105 podstaw\u0105:<\/strong> Zestaw okr\u0105g\u0142ych s\u0142oik\u00f3w do przechowywania dost\u0119pny jest w ma\u0142ym, \u015brednim i du\u017cym rozmiarze, dzi\u0119ki czemu mo\u017cna w nich przechowywa\u0107 produkty o r\u00f3\u017cnych rozmiarach. Maj\u0105 one uroczy, \u0142adny design.<\/li>\n<li><strong>Wygodne i bezpieczne:<\/strong> Szeroka podstawa pojemnika sprawia, \u017ce \u200b\u200bjest on bardzo stabilny i mniej prawdopodobne jest, \u017ce si\u0119 przewr\u00f3ci. G\u0142adkie, zaokr\u0105glone linie pojemnika oszcz\u0119dzaj\u0105 miejsce i doskonale sprawdzaj\u0105 si\u0119 w kuchniach, na blatach i w innych miejscach do przechowywania.<\/li>\n<\/ul>\n<h2 style=\"text-align: left;\">Kluczowe specyfikacje<\/h2>\n<table class=\"aligncenter\" style=\"border-collapse: collapse; width: 521.27pt;\" border=\"0\" width=\"695\" cellspacing=\"0\" cellpadding=\"0\">\n<tbody>\n<tr style=\"height: 13.50pt;\">\n<td style=\"height: 13.50pt; width: 99.75pt;\" width=\"133\" height=\"18\">Funkcja<\/td>\n<td style=\"width: 421.50pt;\" width=\"562\">Bli\u017csze dane<\/td>\n<\/tr>\n<tr style=\"height: 13.50pt;\">\n<td style=\"height: 13.50pt;\" height=\"18\">Wymiary<\/td>\n<td>150 ml: 7,6 \u00d7 7,8 cm \/ 380 ml: 9,5 \u00d7 9,8 cm \/ 500 ml: 11 \u00d7 10,5 cm<\/td>\n<\/tr>\n<tr style=\"height: 13.50pt;\">\n<td style=\"height: 13.50pt;\" height=\"18\">Tworzywo<\/td>\n<td>S\u0142oik z przezroczystego szk\u0142a sodowo-wapniowego + pokrywka ze szk\u0142a hartowanego<\/td>\n<\/tr>\n<tr style=\"height: 13.50pt;\">\n<td style=\"height: 13.50pt;\" height=\"18\">Nadaje si\u0119 do<\/td>\n<td>szklany s\u0142oik z hermetyczn\u0105 pokrywk\u0105, szklane s\u0142oiki do przechowywania<\/td>\n<\/tr>\n<\/tbody>\n<\/table>\n<h2>Historia sukcesu: Historia sukcesu detalicznego firmy z bran\u017cy delikatesowej<\/h2>\n<p>Firma produkuj\u0105ca \u017cywno\u015b\u0107 specjalistyczn\u0105 poszukiwa\u0142a opakowania, kt\u00f3re wyr\u00f3\u017cni\u0142oby jej produkty na tle konkurencyjnych p\u00f3\u0142ek z ciasteczkami i przek\u0105skami. W rezultacie wybra\u0142a nasze szklane s\u0142oiki o pojemno\u015bci 500 ml do przechowywania w spi\u017carni, aby zaprojektowa\u0107 swoj\u0105 lini\u0119 produkt\u00f3w z najwy\u017cszej p\u00f3\u0142ki. Najwa\u017cniejsza by\u0142a funkcja zamkni\u0119cia \u2013 o 40% wyd\u0142u\u017cy\u0142a ona okres przydatno\u015bci wypiek\u00f3w. Urocze, \u201epulchne\u201d opakowanie, kt\u00f3re szybko skojarzono z mark\u0105, przyczyni\u0142o si\u0119 do wzrostu liczby zakup\u00f3w impulsywnych o 35%. W zwi\u0105zku z tym niezwyk\u0142ym sukcesem firma z\u0142o\u017cy\u0142a dodatkowe zam\u00f3wienie na ponad 300 000 s\u0142oik\u00f3w, aby kontynuowa\u0107 ekspansj\u0119 w og\u00f3lnopolskiej sieci detalicznej.<\/p>\n<h2>Opcje personalizacji szklanych s\u0142oik\u00f3w do przechowywania<\/h2>\n<ul>\n<li>Wyko\u0144czenie ze szk\u0142a mro\u017conego \u2013 Elegancki matowy wygl\u0105d jest efektem procesu trawienia kwasem.<\/li>\n<li>Opcje kolorowych pier\u015bcieni uszczelniaj\u0105cych \u2013 silikonowe pier\u015bcienie uszczelniaj\u0105ce s\u0105 dost\u0119pne w kolorach Twojej marki.<\/li>\n<li>Siatka pojemno\u015bciowa \u2013 Umie\u015b\u0107 przydatne podzia\u0142ki, aby u\u0142atwi\u0107 \u015bledzenie u\u017cytkownika.<\/li>\n<li>Niestandardowy kszta\u0142t \u2013 zmie\u0144 zakres krzywizny \u201epulchnego\u201d kszta\u0142tu, aby zaprezentowa\u0107 inny wizerunek marki.<\/li>\n<li>Matowa pow\u0142oka \u2013 mi\u0119kka w dotyku pow\u0142oka na ca\u0142ej powierzchni zapewniaj\u0105ca doskona\u0142y chwyt i przyjemno\u015b\u0107 wizualn\u0105.<\/li>\n<\/ul>\n<p>Chcesz urozmaici\u0107 swoje przechowywanie? Ceny hurtowe tych pi\u0119knych szklanych s\u0142oik\u00f3w z hermetyczn\u0105 pokrywk\u0105 s\u0105 dost\u0119pne, je\u015bli skontaktujesz si\u0119 z nami ju\u017c dzi\u015b.<\/p>","protected":false},"excerpt":{"rendered":"<p>Utrzymaj porz\u0105dek w spi\u017carni dzi\u0119ki naszemu szklanemu s\u0142oikowi z hermetyczn\u0105 pokrywk\u0105. Wytrzyma\u0142e i czyste szklane s\u0142oiki do przechowywania w r\u00f3\u017cnych rozmiarach, dost\u0119pne z szybk\u0105 wysy\u0142k\u0105.<\/p>","protected":false},"featured_media":24120,"template":"","meta":[],"product_brand":[],"product_cat":[122,134,124],"product_tag":[],"class_list":{"0":"post-24110","1":"product","2":"type-product","3":"status-publish","4":"has-post-thumbnail","6":"product_cat-custom-glass-packaging","7":"product_cat-airtight-jars","8":"product_cat-custom-glass-jars","10":"first","11":"instock","12":"shipping-taxable","13":"product-type-simple"},"jetpack_sharing_enabled":true,"_links":{"self":[{"href":"https:\/\/yebodaglass.com\/pl\/wp-json\/wp\/v2\/product\/24110","targetHints":{"allow":["GET"]}}],"collection":[{"href":"https:\/\/yebodaglass.com\/pl\/wp-json\/wp\/v2\/product"}],"about":[{"href":"https:\/\/yebodaglass.com\/pl\/wp-json\/wp\/v2\/types\/product"}],"version-history":[{"count":4,"href":"https:\/\/yebodaglass.com\/pl\/wp-json\/wp\/v2\/product\/24110\/revisions"}],"predecessor-version":[{"id":24188,"href":"https:\/\/yebodaglass.com\/pl\/wp-json\/wp\/v2\/product\/24110\/revisions\/24188"}],"wp:featuredmedia":[{"embeddable":true,"href":"https:\/\/yebodaglass.com\/pl\/wp-json\/wp\/v2\/media\/24120"}],"wp:attachment":[{"href":"https:\/\/yebodaglass.com\/pl\/wp-json\/wp\/v2\/media?parent=24110"}],"wp:term":[{"taxonomy":"product_brand","embeddable":true,"href":"https:\/\/yebodaglass.com\/pl\/wp-json\/wp\/v2\/product_brand?post=24110"},{"taxonomy":"product_cat","embeddable":true,"href":"https:\/\/yebodaglass.com\/pl\/wp-json\/wp\/v2\/product_cat?post=24110"},{"taxonomy":"product_tag","embeddable":true,"href":"https:\/\/yebodaglass.com\/pl\/wp-json\/wp\/v2\/product_tag?post=24110"}],"curies":[{"name":"wp","href":"https:\/\/api.w.org\/{rel}","templated":true}]}}