{"id":24100,"date":"2025-11-26T12:11:49","date_gmt":"2025-11-26T04:11:49","guid":{"rendered":"https:\/\/yebodaglass.com\/?post_type=product&#038;p=24100"},"modified":"2026-04-15T15:15:39","modified_gmt":"2026-04-15T07:15:39","slug":"bulk-food-storage-glass-jars-with-airtight-clamp-lids","status":"publish","type":"product","link":"https:\/\/yebodaglass.com\/pl\/bulk-food-storage-glass-jars-with-airtight-clamp-lids\/","title":{"rendered":"S\u0142oiki szklane do przechowywania \u017cywno\u015bci luzem z hermetycznymi pokrywkami zaciskowymi 80 ml \u2013 350 ml"},"content":{"rendered":"<p data-start=\"66\" data-end=\"288\">S\u0142oiki szklane do przechowywania maj\u0105 cylindryczn\u0105 konstrukcj\u0119 wykonan\u0105 z przezroczystego szk\u0142a i wyposa\u017cone s\u0105 w tradycyjne, zatrzaskowe pokrywki ze stali nierdzewnej, kt\u00f3re dzi\u0119ki mocnym metalowym klipsom w po\u0142\u0105czeniu z gumowymi pier\u015bcieniami uszczelniaj\u0105cymi tworz\u0105 ca\u0142kowicie hermetyczne zamkni\u0119cie.<\/p>\n<h2>Cechy produktu<\/h2>\n<ul>\n<li><strong>Prawdziwa ochrona uszczelnie\u0144:<\/strong> Zatrzaskowa pokrywka wraz z gumow\u0105 uszczelk\u0105 ca\u0142kowicie chroni\u0105 przed dost\u0119pem tlenu i wilgoci, dzi\u0119ki czemu kawa, m\u0105ka, przyprawy czy herbata pozostan\u0105 \u015bwie\u017ce na d\u0142u\u017cej.<\/li>\n<li><strong>Szeroki otw\u00f3r umo\u017cliwiaj\u0105cy \u0142atwe nape\u0142nianie i czyszczenie:<\/strong> Szeroki otw\u00f3r pozwala na \u0142atwe nabieranie, przelewanie i wycieranie, dzi\u0119ki czemu s\u0142oiki s\u0105 bardziej przyjazne dla u\u017cytkownika.<\/li>\n<li><strong>Przyjazne i d\u0142ugotrwa\u0142e u\u017cytkowanie dzi\u0119ki tym s\u0142oikom:<\/strong> S\u0142oiki te wykonane s\u0105 z mocnego szk\u0142a i mo\u017cna je my\u0107 w zmywarce, dzi\u0119ki czemu mo\u017cna je bardzo szybko wyczy\u015bci\u0107 w pralce po ka\u017cdym codziennym u\u017cyciu.<\/li>\n<\/ul>\n<h2 style=\"text-align: left;\">Kluczowe specyfikacje<\/h2>\n<table class=\"aligncenter\" style=\"border-collapse: collapse; width: 807.02pt;\" border=\"0\" width=\"1076\" cellspacing=\"0\" cellpadding=\"0\">\n<tbody>\n<tr style=\"height: 13.50pt;\">\n<td style=\"height: 13.50pt; width: 99.75pt;\" width=\"133\" height=\"18\">Funkcja<\/td>\n<td style=\"width: 707.25pt;\" width=\"943\">Bli\u017csze dane<\/td>\n<\/tr>\n<tr style=\"height: 13.50pt;\">\n<td style=\"height: 13.50pt;\" height=\"18\">Rozmiar i pojemno\u015b\u0107<\/td>\n<td>80 ml: 6,1 \u00d7 7,3 cm \/ 100 ml: 6,3 \u00d7 7,1 cm \/ 150 ml: 7,5 \u00d7 7,2 cm \/ 180 ml: 7,9 \u00d7 8,1 cm \/ 200 ml: 7,6 \u00d7 8,2 cm \/ 220 ml: 7,6 \u00d7 9 cm \/ 300 ml: 7,8 \u00d7 10,3 cm \/ 350 ml: 9,2 \u00d7 9,7 cm<\/td>\n<\/tr>\n<tr style=\"height: 13.50pt;\">\n<td style=\"height: 13.50pt;\" height=\"18\">Tworzywo<\/td>\n<td>S\u0142oik z przezroczystego szk\u0142a sodowo-wapniowego + pokrywka ze szk\u0142a hartowanego<\/td>\n<\/tr>\n<tr style=\"height: 13.50pt;\">\n<td style=\"height: 13.50pt;\" height=\"18\">Nadaje si\u0119 do<\/td>\n<td>S\u0142oiki szklane do przechowywania, szklane s\u0142oiki do przechowywania \u017cywno\u015bci<\/td>\n<\/tr>\n<\/tbody>\n<\/table>\n<h2>Historia sukcesu: niestandardowe zam\u00f3wienie od krajowej sieci kawiarni<\/h2>\n<p>Ameryka\u0144ska sie\u0107 kawiarni wybra\u0142a nasze szklane s\u0142oiki do przechowywania kawy, kt\u00f3re zosta\u0142y wyposa\u017cone w miedziane klipsy i nadruk sitodrukowy z datami palenia. S\u0142oiki te charakteryzuj\u0105 si\u0119 wyj\u0105tkow\u0105 wydajno\u015bci\u0105, poniewa\u017c wyd\u0142u\u017cy\u0142y okres przydatno\u015bci ziaren kawy o 50% w por\u00f3wnaniu z kaw\u0105 pakowan\u0105 i zmniejszy\u0142y ryzyko st\u0142uczenia o 60% w por\u00f3wnaniu z poprzednimi pojemnikami. Z\u0142o\u017cyli dodatkowe zam\u00f3wienie na 350 000 s\u0142oik\u00f3w, aby wesprze\u0107 swoj\u0105 now\u0105 lini\u0119 herbat specjalistycznych, ze wzgl\u0119du na swoje wcze\u015bniejsze sukcesy.<\/p>\n<h2>Opcje personalizacji szklanych s\u0142oik\u00f3w do przechowywania<\/h2>\n<ul>\n<li>Spersonalizowane wyko\u0144czenia nakr\u0119tek \u2013 aby doda\u0107 elitarnej aury, mo\u017cna wybra\u0107 miedziane, z\u0142ote lub czarne zapi\u0119cia do nakr\u0119tek s\u0142oika.<\/li>\n<li>Uszczelki silikonowe s\u0142oik\u00f3w s\u0105 malowane na r\u00f3\u017cne kolory \u2013 Wybierz uszczelki, kt\u00f3re odpowiadaj\u0105 kolorom Twojej marki<\/li>\n<li>Niestandardowe kszta\u0142ty s\u0142oik\u00f3w \u2013 zmie\u0144 kszta\u0142t s\u0142oika, aby nada\u0107 mu charakterystyczny wygl\u0105d<\/li>\n<\/ul>","protected":false},"excerpt":{"rendered":"<p>Odkryj wysokiej jako\u015bci szklane s\u0142oiki do przechowywania \u017cywno\u015bci wykonane z przezroczystego, grubego szk\u0142a. Nasze hermetyczne szklane s\u0142oiki do przechowywania \u017cywno\u015bci zapewniaj\u0105 d\u0142ugotrwa\u0142\u0105 \u015bwie\u017co\u015b\u0107 i bezp\u0142atne pr\u00f3bki.<\/p>","protected":false},"featured_media":24101,"template":"","meta":[],"product_brand":[],"product_cat":[134,124,122],"product_tag":[],"class_list":{"0":"post-24100","1":"product","2":"type-product","3":"status-publish","4":"has-post-thumbnail","6":"product_cat-airtight-jars","7":"product_cat-custom-glass-jars","8":"product_cat-custom-glass-packaging","10":"first","11":"instock","12":"shipping-taxable","13":"product-type-simple"},"jetpack_sharing_enabled":true,"_links":{"self":[{"href":"https:\/\/yebodaglass.com\/pl\/wp-json\/wp\/v2\/product\/24100","targetHints":{"allow":["GET"]}}],"collection":[{"href":"https:\/\/yebodaglass.com\/pl\/wp-json\/wp\/v2\/product"}],"about":[{"href":"https:\/\/yebodaglass.com\/pl\/wp-json\/wp\/v2\/types\/product"}],"version-history":[{"count":5,"href":"https:\/\/yebodaglass.com\/pl\/wp-json\/wp\/v2\/product\/24100\/revisions"}],"predecessor-version":[{"id":25787,"href":"https:\/\/yebodaglass.com\/pl\/wp-json\/wp\/v2\/product\/24100\/revisions\/25787"}],"wp:featuredmedia":[{"embeddable":true,"href":"https:\/\/yebodaglass.com\/pl\/wp-json\/wp\/v2\/media\/24101"}],"wp:attachment":[{"href":"https:\/\/yebodaglass.com\/pl\/wp-json\/wp\/v2\/media?parent=24100"}],"wp:term":[{"taxonomy":"product_brand","embeddable":true,"href":"https:\/\/yebodaglass.com\/pl\/wp-json\/wp\/v2\/product_brand?post=24100"},{"taxonomy":"product_cat","embeddable":true,"href":"https:\/\/yebodaglass.com\/pl\/wp-json\/wp\/v2\/product_cat?post=24100"},{"taxonomy":"product_tag","embeddable":true,"href":"https:\/\/yebodaglass.com\/pl\/wp-json\/wp\/v2\/product_tag?post=24100"}],"curies":[{"name":"wp","href":"https:\/\/api.w.org\/{rel}","templated":true}]}}