{"id":24099,"date":"2025-11-26T12:11:20","date_gmt":"2025-11-26T04:11:20","guid":{"rendered":"https:\/\/yebodaglass.com\/?post_type=product&#038;p=24099"},"modified":"2025-11-27T17:06:46","modified_gmt":"2025-11-27T09:06:46","slug":"wholesale-clear-airtight-glass-jars-with-attached-lids","status":"publish","type":"product","link":"https:\/\/yebodaglass.com\/pl\/wholesale-clear-airtight-glass-jars-with-attached-lids\/","title":{"rendered":"Hurtowa sprzeda\u017c przezroczystych, hermetycznych s\u0142oik\u00f3w szklanych z przymocowanymi pokrywkami 25 uncji, 32 uncje, 50 uncji"},"content":{"rendered":"<p>Te hermetyczne s\u0142oiki wykonane s\u0105 z przezroczystego szk\u0142a i dost\u0119pne s\u0105 w trzech stylowych, cienkich, okr\u0105g\u0142ych kszta\u0142tach. Ka\u017cdy s\u0142oik wyposa\u017cony jest w szklan\u0105 pokrywk\u0119 z metalow\u0105 nakr\u0119tk\u0105. Hermetyczna pokrywka to doskona\u0142y spos\u00f3b na zachowanie \u015bwie\u017co\u015bci r\u00f3\u017cnych rodzaj\u00f3w \u017cywno\u015bci, takich jak herbata i makaron.<\/p>\n<h2>Cechy produktu<\/h2>\n<ul>\n<li><strong>Materia\u0142 przezroczysty, wyra\u017any widok:<\/strong> S\u0142oik wykonany jest z ca\u0142kowicie przezroczystego szk\u0142a, dzi\u0119ki czemu rodzaj i ilo\u015b\u0107 zawarto\u015bci s\u0105 wyra\u017anie widoczne, dzi\u0119ki czemu nie trzeba otwiera\u0107 s\u0142oika w celu szybkiej identyfikacji.<\/li>\n<li><strong>Prawdziwa ochrona uszczelniaj\u0105ca:<\/strong> Gruby gumowy pier\u015bcie\u0144 uszczelniaj\u0105cy zapewnia solidne uszczelnienie, skutecznie chroni\u0105c \u017cywno\u015b\u0107 przed wilgoci\u0105 i szkodnikami, dzi\u0119ki czemu zachowuje ona \u015bwie\u017co\u015b\u0107.<\/li>\n<li><strong>Jednocz\u0119\u015bciowa pokrywa, kt\u00f3rej nigdy nie zgubisz:<\/strong> Pokrywka jest mocno po\u0142\u0105czona z korpusem s\u0142oika, dzi\u0119ki czemu nie ma ryzyka jej zgubienia, a korzystanie z kuchenki staje si\u0119 wygodniejsze.<\/li>\n<\/ul>\n<h2 style=\"text-align: left;\">Kluczowe specyfikacje<\/h2>\n<table class=\"aligncenter\" style=\"border-collapse: collapse; width: 417.02pt;\" border=\"0\" width=\"556\" cellspacing=\"0\" cellpadding=\"0\">\n<tbody>\n<tr style=\"height: 13.50pt;\">\n<td style=\"height: 13.50pt; width: 99.75pt;\" width=\"133\" height=\"18\">Specyfikacja<\/td>\n<td style=\"width: 317.25pt;\" width=\"423\">Bli\u017csze dane<\/td>\n<\/tr>\n<tr style=\"height: 13.50pt;\">\n<td style=\"height: 13.50pt;\" height=\"18\">Pojemno\u015b\u0107<\/td>\n<td>750 ml (25 uncji) \/ 1000 ml (32 uncje) \/ 1500 ml (50 uncji)<\/td>\n<\/tr>\n<tr style=\"height: 13.50pt;\">\n<td style=\"height: 13.50pt;\" height=\"18\">Wymiary<\/td>\n<td>10,8\u00d714 cm \/ 11\u00d717 cm \/ 11,6\u00d721,8 cm<\/td>\n<\/tr>\n<tr style=\"height: 13.50pt;\">\n<td style=\"height: 13.50pt;\" height=\"18\">Materia\u0142\u200b<\/td>\n<td>Przezroczyste szk\u0142o<\/td>\n<\/tr>\n<tr style=\"height: 13.50pt;\">\n<td style=\"height: 13.50pt;\" height=\"18\">Rodzaj pokrywy<\/td>\n<td>Do\u0142\u0105czona metalowa pokrywa zaciskowa z drucian\u0105 por\u0119cz\u0105<\/td>\n<\/tr>\n<tr style=\"height: 13.50pt;\">\n<td style=\"height: 13.50pt;\" height=\"18\">Idealny dla<\/td>\n<td>S\u0142oiki szklane hermetyczne, s\u0142oiki szklane z przymocowanymi pokrywkami<\/td>\n<\/tr>\n<\/tbody>\n<\/table>\n<h2>Historia sukcesu: Rozwi\u0105zanie magazynowe dla detalisty specjalizuj\u0105cego si\u0119 w \u017cywno\u015bci<\/h2>\n<p>Specjalistyczny sklep spo\u017cywczy zmaga\u0142 si\u0119 z opakowaniami, kt\u00f3re nie eksponowa\u0142y skutecznie jego produkt\u00f3w premium. P\u00f3\u017aniej zacz\u0105\u0142 u\u017cywa\u0107 naszych szklanych s\u0142oik\u00f3w o pojemno\u015bci 1500 ml z do\u0142\u0105czonymi pokrywkami w dziale produkt\u00f3w suchych. Jednocz\u0119\u015bciowa pokrywka zmniejsza ryzyko jej uszkodzenia o 100% i u\u0142atwia klientom samoobs\u0142ug\u0119. Z opinii klient\u00f3w wynika, \u017ce \u200b\u200bhermetyczne zamkni\u0119cie jest doskona\u0142e i wyd\u0142u\u017ca okres przydatno\u015bci p\u0142atk\u00f3w \u015bniadaniowych i makaron\u00f3w nawet o 50%. Ze wzgl\u0119du na jego niezwyk\u0142\u0105 skuteczno\u015b\u0107, zam\u00f3wi\u0142 ponad 200 000 butelek, aby wyposa\u017cy\u0107 wszystkie swoje sklepy.<\/p>\n<h2>Wskaz\u00f3wki dotycz\u0105ce personalizacji szczelnych szklanych s\u0142oik\u00f3w<\/h2>\n<ul>\n<li>Podwy\u017cszone znaczniki pojemno\u015bci \u2013 dodaj podwy\u017cszone podzia\u0142ki, aby u\u0142atwi\u0107 kontrol\u0119 porcji<\/li>\n<li>Logo marki nadrukowane metod\u0105 sitodruku \u2013 wykorzystuje trwa\u0142y tusz ceramiczny, zapewniaj\u0105cy d\u0142ugotrwa\u0142e rezultaty<\/li>\n<li>Kolorowe pier\u015bcienie uszczelniaj\u0105ce \u2013 Wybierz silikonowy pier\u015bcie\u0144 uszczelniaj\u0105cy, kt\u00f3ry pasuje do kolorystyki Twojej marki<\/li>\n<li>Niestandardowe proporcje s\u0142oika \u2013 dostosuj proporcje s\u0142oika, aby uzyska\u0107 unikaln\u0105 sylwetk\u0119<\/li>\n<\/ul>","protected":false},"excerpt":{"rendered":"<p>Nasze hermetyczne s\u0142oiki szklane oraz s\u0142oiki szklane z przymocowanymi pokrywkami s\u0142u\u017c\u0105 do bezpiecznego przechowywania \u017cywno\u015bci i jej czystej prezentacji, a tak\u017ce s\u0105 obj\u0119te hurtowymi ofertami na zam\u00f3wienia hurtowe.<\/p>","protected":false},"featured_media":24135,"template":"","meta":[],"product_brand":[],"product_cat":[122,134,124],"product_tag":[],"class_list":{"0":"post-24099","1":"product","2":"type-product","3":"status-publish","4":"has-post-thumbnail","6":"product_cat-custom-glass-packaging","7":"product_cat-airtight-jars","8":"product_cat-custom-glass-jars","10":"first","11":"instock","12":"shipping-taxable","13":"product-type-simple"},"jetpack_sharing_enabled":true,"_links":{"self":[{"href":"https:\/\/yebodaglass.com\/pl\/wp-json\/wp\/v2\/product\/24099","targetHints":{"allow":["GET"]}}],"collection":[{"href":"https:\/\/yebodaglass.com\/pl\/wp-json\/wp\/v2\/product"}],"about":[{"href":"https:\/\/yebodaglass.com\/pl\/wp-json\/wp\/v2\/types\/product"}],"version-history":[{"count":5,"href":"https:\/\/yebodaglass.com\/pl\/wp-json\/wp\/v2\/product\/24099\/revisions"}],"predecessor-version":[{"id":24146,"href":"https:\/\/yebodaglass.com\/pl\/wp-json\/wp\/v2\/product\/24099\/revisions\/24146"}],"wp:featuredmedia":[{"embeddable":true,"href":"https:\/\/yebodaglass.com\/pl\/wp-json\/wp\/v2\/media\/24135"}],"wp:attachment":[{"href":"https:\/\/yebodaglass.com\/pl\/wp-json\/wp\/v2\/media?parent=24099"}],"wp:term":[{"taxonomy":"product_brand","embeddable":true,"href":"https:\/\/yebodaglass.com\/pl\/wp-json\/wp\/v2\/product_brand?post=24099"},{"taxonomy":"product_cat","embeddable":true,"href":"https:\/\/yebodaglass.com\/pl\/wp-json\/wp\/v2\/product_cat?post=24099"},{"taxonomy":"product_tag","embeddable":true,"href":"https:\/\/yebodaglass.com\/pl\/wp-json\/wp\/v2\/product_tag?post=24099"}],"curies":[{"name":"wp","href":"https:\/\/api.w.org\/{rel}","templated":true}]}}