{"id":24084,"date":"2025-11-26T11:40:59","date_gmt":"2025-11-26T03:40:59","guid":{"rendered":"https:\/\/yebodaglass.com\/?post_type=product&#038;p=24084"},"modified":"2026-03-12T18:03:24","modified_gmt":"2026-03-12T10:03:24","slug":"custom-design-water-bottles-with-silicone-sleeve","status":"publish","type":"product","link":"https:\/\/yebodaglass.com\/pl\/custom-design-water-bottles-with-silicone-sleeve\/","title":{"rendered":"Butelki na wod\u0119 ze szk\u0142a z silikonowym r\u0119kawem o pojemno\u015bci 250 ml, 350 ml i 500 ml"},"content":{"rendered":"<p>Te specjalnie zaprojektowane butelki na wod\u0119 maj\u0105 kszta\u0142t wysokiej, cylindrycznej, szklanej butelki z cienk\u0105 szyjk\u0105 i g\u0142adkim korpusem, a tak\u017ce bezpieczne aluminiowe zamkni\u0119cie. Przezroczysta struktura sprawia, \u017ce \u200b\u200bbutelki wygl\u0105daj\u0105 schludnie i nowocze\u015bnie, dzi\u0119ki czemu mo\u017cna ich u\u017cywa\u0107 do sok\u00f3w, herbaty, mleka, koktajli i innych napoj\u00f3w. Butelki s\u0105 przeno\u015bne i wygodnie zaprojektowane do codziennego nawadniania, sportu, kawiarni, napoj\u00f3w owocowych i opakowa\u0144 detalicznych.<\/p>\n<p>Szczelna pokrywka jest zamykana gwintem, co umo\u017cliwia bezpieczny transport produktu; takie elementy jak silikonowa os\u0142onka i p\u0119tla do noszenia to tylko przyk\u0142ady eleganckich dodatk\u00f3w, kt\u00f3re u\u0142atwiaj\u0105 u\u017cytkownikom noszenie butelki i sprawiaj\u0105, \u017ce staje si\u0119 ona przytulnym towarzyszem podczas ka\u017cdego u\u017cycia. Wielorazowe i przyjazne dla \u015brodowiska szklane pojemniki na wod\u0119 to doskona\u0142y spos\u00f3b na utrzymanie nawodnienia organizmu i jednoczesne ograniczenie zu\u017cycia plastiku jednorazowego u\u017cytku.<\/p>\n<h2>Kluczowe specyfikacje<\/h2>\n<table style=\"border-collapse: collapse; width: 80%; margin-left: auto; margin-right: auto;\" border=\"0\" width=\"868\" cellspacing=\"0\" cellpadding=\"0\">\n<tbody>\n<tr style=\"height: 13.50pt;\">\n<td style=\"height: 13.50pt; width: 138.00pt;\" width=\"184\" height=\"18\">Produkt<\/td>\n<td style=\"width: 513.00pt;\" width=\"684\">butelka na wod\u0119 z indywidualnym projektem<\/td>\n<\/tr>\n<tr style=\"height: 13.50pt;\">\n<td style=\"height: 13.50pt; width: 138.00pt;\" width=\"184\" height=\"18\">Opcje pojemno\u015bci<\/td>\n<td style=\"width: 513.00pt;\" width=\"684\">250 ml \/ 350 ml \/ 500 ml<\/td>\n<\/tr>\n<tr style=\"height: 13.50pt;\">\n<td style=\"height: 13.50pt;\" height=\"18\">Materia\u0142 butelki<\/td>\n<td>Szk\u0142o sodowo-wapniowe bezo\u0142owiowe<\/td>\n<\/tr>\n<tr style=\"height: 13.50pt;\">\n<td style=\"height: 13.50pt;\" height=\"18\">Materia\u0142 pokrywy<\/td>\n<td>Pokrywa aluminiowa z uszczelk\u0105<\/td>\n<\/tr>\n<tr style=\"height: 13.50pt;\">\n<td style=\"height: 13.50pt;\" height=\"18\">Usta butelkowe<\/td>\n<td>\u015arednica wewn\u0119trzna 30 mm<\/td>\n<\/tr>\n<tr style=\"height: 13.50pt;\">\n<td style=\"height: 13.50pt;\" height=\"18\">Struktura<\/td>\n<td>Smuk\u0142a, cylindryczna szklana butelka<\/td>\n<\/tr>\n<tr style=\"height: 13.50pt;\">\n<td style=\"height: 13.50pt;\" height=\"18\">Typ uszczelnienia<\/td>\n<td>Gwintowana nakr\u0119tka zabezpieczaj\u0105ca przed wyciekami z grubym pier\u015bcieniem uszczelniaj\u0105cym<\/td>\n<\/tr>\n<tr style=\"height: 13.50pt;\">\n<td style=\"height: 13.50pt;\" height=\"18\">Akcesoria opcjonalne<\/td>\n<td>Silikonowy pokrowiec, p\u0119tla do noszenia, oznaczenia pomiaru<\/td>\n<\/tr>\n<tr style=\"height: 13.50pt;\">\n<td style=\"height: 13.50pt;\" height=\"18\">Opcje niestandardowe<\/td>\n<td>Nadruk logo, kolor butelki, styl wieczka, silikonowa os\u0142ona, pude\u0142ko opakowaniowe<\/td>\n<\/tr>\n<tr style=\"height: 13.50pt;\">\n<td style=\"height: 13.50pt;\" height=\"18\">Aplikacje<\/td>\n<td>Soki, napoje herbaciane, mleko, koktajle, woda w szklanych butelkach wielokrotnego u\u017cytku<\/td>\n<\/tr>\n<\/tbody>\n<\/table>\n<h2>Najwa\u017cniejsze cechy produktu<\/h2>\n<ol>\n<li><strong>Minimalistyczny \/ przeno\u015bny design<\/strong>:Bidon ma smuk\u0142y i lekki kszta\u0142t, dzi\u0119ki czemu zmie\u015bci si\u0119 w ka\u017cdej torbie sportowej lub dojazdowej, co czyni go idealnym wyborem, aby utrzyma\u0107 dzienn\u0105 dawk\u0119 wody.<\/li>\n<li><strong>Ekologiczne, wielokrotnego u\u017cytku rozwi\u0105zanie<\/strong>:Te przyjazne dla \u015brodowiska i wielokrotnego u\u017cytku pojemniki pomog\u0105 konsumentom nawadnia\u0107 si\u0119 w spos\u00f3b zr\u00f3wnowa\u017cony i ograniczy\u0107 ilo\u015b\u0107 marnowanych plastikowych butelek.<\/li>\n<li><strong>Szczelna i bezpieczna pokrywa<\/strong>:Butelka wyposa\u017cona jest w cienki silikonowy pier\u015bcie\u0144 uszczelniaj\u0105cy z precyzyjnym gwintem, dzi\u0119ki czemu jest szczelna nawet w torbach i plecakach.<\/li>\n<\/ol>\n<h2>Udany przypadek B2B<\/h2>\n<p>Marka napoj\u00f3w zdrowotnych z Australii nawi\u0105za\u0142a z nami wsp\u00f3\u0142prac\u0119, b\u0119d\u0105c jej d\u0142ugoletnim dostawc\u0105 niestandardowych opakowa\u0144 na wod\u0119 do sok\u00f3w t\u0142oczonych na zimno.<\/p>\n<p>Firma zam\u00f3wi\u0142a 15 000 butelek na wod\u0119 w szklanych butelkach o pojemno\u015bci 350 ml z silikonow\u0105 os\u0142on\u0105 jako nowy produkt. Jej standardowe potrzeby obejmowa\u0142y:<\/p>\n<ul>\n<li>Logo nadrukowane na szklanej butelce.<\/li>\n<li>Ochrona UV. Kolor butelki bursztynowy.<\/li>\n<li>Niestandardowa konstrukcja pokrywy aluminiowej<\/li>\n<li>Markowe pude\u0142ka opakowaniowe<\/li>\n<\/ul>\n<p>Wprowadzenie produktu na rynek okaza\u0142o si\u0119 wielkim sukcesem, a butelka sta\u0142a si\u0119 jednym z najlepszych opakowa\u0144 na wod\u0119 w szklanych butelkach do sprzeda\u017cy detalicznej sok\u00f3w. Marka zrealizowa\u0142a drugie hurtowe zam\u00f3wienie na 25 000 sztuk w ci\u0105gu o\u015bmiu miesi\u0119cy, co po raz kolejny dowodzi du\u017cego zapotrzebowania na rynku na przyjazne dla \u015brodowiska, wielokrotnego u\u017cytku opakowania na napoje.<\/p>\n<h2>Rekomendacje indywidualizacji aplikacji B2B<\/h2>\n<ol>\n<li><strong>Marki sok\u00f3w i napoj\u00f3w<\/strong>: Dodaj silikonow\u0105 os\u0142on\u0119 lub teksturowan\u0105 pow\u0142ok\u0119, aby stworzy\u0107 szklan\u0105 butelk\u0119 na wod\u0119 z silikonow\u0105 os\u0142on\u0105, zwi\u0119kszaj\u0105c\u0105 chwyt i odr\u00f3\u017cniaj\u0105c\u0105 mark\u0119.<\/li>\n<li><strong>Sprzedawcy detaliczni artyku\u0142\u00f3w fitness\/styl \u017cycia<\/strong>: Posiada p\u0119telk\u0119 do noszenia i nadrukowane znaczniki pomiaru, kt\u00f3re przypominaj\u0105 klientom o konieczno\u015bci kontrolowania dziennego spo\u017cycia wody i nawadniania organizmu w trakcie \u0107wicze\u0144.<\/li>\n<li><strong>Produkty promocyjne dla firm<\/strong>:Oferuj markowe butelki na wod\u0119 z nadrukiem logo i niedrogim opakowaniem na potrzeby gad\u017cet\u00f3w promocyjnych lub kampanii promuj\u0105cych dobre samopoczucie.<\/li>\n<\/ol>\n<p>Jako do\u015bwiadczony producent szklanych butelek na wod\u0119, oferujemy wiarygodne us\u0142ugi zaopatrzenia hurtowego dystrybutorom, markom napoj\u00f3w oraz sprzedawcom detalicznym na ca\u0142ym \u015bwiecie. Nasza fabryka pozwala nam na elastyczn\u0105 produkcj\u0119 hurtow\u0105, a naszym klientom uda\u0142o si\u0119 stworzy\u0107 wysokiej jako\u015bci szklane butelki na wod\u0119, kt\u00f3re \u0142\u0105cz\u0105 w sobie styl, zr\u00f3wnowa\u017cony rozw\u00f3j i wydajno\u015b\u0107.<\/p>","protected":false},"excerpt":{"rendered":"<p>Butelka na wod\u0119 z wytrzyma\u0142ego szk\u0142a z silikonowym etui. Ekologiczne szklane butelki na wod\u0119 dost\u0119pne hurtowo, szczelne i wielokrotnego u\u017cytku, idealne do codziennego nawadniania organizmu.<\/p>","protected":false},"featured_media":25425,"template":"","meta":[],"product_brand":[],"product_cat":[136,123,122],"product_tag":[],"class_list":{"0":"post-24084","1":"product","2":"type-product","3":"status-publish","4":"has-post-thumbnail","6":"product_cat-glass-water-bottles","7":"product_cat-custom-glass-bottles","8":"product_cat-custom-glass-packaging","10":"first","11":"instock","12":"shipping-taxable","13":"product-type-simple"},"jetpack_sharing_enabled":true,"_links":{"self":[{"href":"https:\/\/yebodaglass.com\/pl\/wp-json\/wp\/v2\/product\/24084","targetHints":{"allow":["GET"]}}],"collection":[{"href":"https:\/\/yebodaglass.com\/pl\/wp-json\/wp\/v2\/product"}],"about":[{"href":"https:\/\/yebodaglass.com\/pl\/wp-json\/wp\/v2\/types\/product"}],"version-history":[{"count":5,"href":"https:\/\/yebodaglass.com\/pl\/wp-json\/wp\/v2\/product\/24084\/revisions"}],"predecessor-version":[{"id":25427,"href":"https:\/\/yebodaglass.com\/pl\/wp-json\/wp\/v2\/product\/24084\/revisions\/25427"}],"wp:featuredmedia":[{"embeddable":true,"href":"https:\/\/yebodaglass.com\/pl\/wp-json\/wp\/v2\/media\/25425"}],"wp:attachment":[{"href":"https:\/\/yebodaglass.com\/pl\/wp-json\/wp\/v2\/media?parent=24084"}],"wp:term":[{"taxonomy":"product_brand","embeddable":true,"href":"https:\/\/yebodaglass.com\/pl\/wp-json\/wp\/v2\/product_brand?post=24084"},{"taxonomy":"product_cat","embeddable":true,"href":"https:\/\/yebodaglass.com\/pl\/wp-json\/wp\/v2\/product_cat?post=24084"},{"taxonomy":"product_tag","embeddable":true,"href":"https:\/\/yebodaglass.com\/pl\/wp-json\/wp\/v2\/product_tag?post=24084"}],"curies":[{"name":"wp","href":"https:\/\/api.w.org\/{rel}","templated":true}]}}