{"id":24080,"date":"2025-11-26T09:31:37","date_gmt":"2025-11-26T01:31:37","guid":{"rendered":"https:\/\/yebodaglass.com\/?post_type=product&#038;p=24080"},"modified":"2025-11-26T11:53:52","modified_gmt":"2025-11-26T03:53:52","slug":"wholesale-small-clear-glass-storage-jars-with-lids","status":"publish","type":"product","link":"https:\/\/yebodaglass.com\/pl\/wholesale-small-clear-glass-storage-jars-with-lids\/","title":{"rendered":"Hurtowa sprzeda\u017c ma\u0142ych, przezroczystych szklanych s\u0142oik\u00f3w do przechowywania z pokrywkami 80 ml, 100 ml i 150 ml"},"content":{"rendered":"<p data-start=\"66\" data-end=\"288\">Te s\u0142oiki do przechowywania w kszta\u0142cie walca, wykonane z przezroczystego szk\u0142a, s\u0105 wyposa\u017cone w modne, metalowe wieczko zatrzaskowe.<\/p>\n<h2>Cechy produktu<\/h2>\n<ul>\n<li><strong>Materia\u0142 przezroczysty:<\/strong> S\u0142oiki wykonane s\u0105 z ca\u0142kowicie przezroczystego szk\u0142a, dzi\u0119ki czemu wyra\u017anie wida\u0107 rodzaj i ilo\u015b\u0107 rzeczy znajduj\u0105cych si\u0119 w \u015brodku, dzi\u0119ki czemu mo\u017cna je \u0142atwo zidentyfikowa\u0107 bez konieczno\u015bci otwierania pokrywki.<\/li>\n<li><strong>Konstrukcja uszczelnienia zatrzaskowego:<\/strong> Wyposa\u017cone jest w metalow\u0105, zatrzaskow\u0105 pokrywk\u0119, kt\u00f3ra zapewnia doskona\u0142\u0105 szczelno\u015b\u0107 i skutecznie zapobiega przedostawaniu si\u0119 wilgoci, zachowuj\u0105c \u015bwie\u017co\u015b\u0107. Zamykanie i otwieranie jest bardzo proste i szybkie.<\/li>\n<li><strong>Kr\u00f3tka i stabilna konstrukcja:<\/strong> Kr\u00f3tkie, solidne i zaokr\u0105glone korpusy s\u0142oik\u00f3w nie tylko zapewniaj\u0105 stabilno\u015b\u0107 i trwa\u0142o\u015b\u0107 s\u0142oik\u00f3w na p\u00f3\u0142kach, ale tak\u017ce pozwalaj\u0105 zaoszcz\u0119dzi\u0107 miejsce do przechowywania, dzi\u0119ki czemu s\u0142oiki te nadaj\u0105 si\u0119 do kuchni, szafek i innych miejsc.<\/li>\n<\/ul>\n<h2 style=\"text-align: left;\">Kluczowe specyfikacje<\/h2>\n<table class=\"aligncenter\" style=\"border-collapse: collapse; width: 519.77pt;\" border=\"0\" width=\"693\" cellspacing=\"0\" cellpadding=\"0\">\n<tbody>\n<tr style=\"height: 13.50pt;\">\n<td style=\"height: 13.50pt; width: 94.50pt;\" width=\"126\" height=\"18\">Funkcja<\/td>\n<td style=\"width: 425.25pt;\" width=\"567\">Bli\u017csze dane<\/td>\n<\/tr>\n<tr style=\"height: 13.50pt;\">\n<td style=\"height: 13.50pt;\" height=\"18\">Wymiary<\/td>\n<td>80 ml: 6,1 \u00d7 7,3 cm \/ 100 ml: 6,3 \u00d7 7,1 cm \/ 150 ml: 7,5 \u00d7 7,2 cm<\/td>\n<\/tr>\n<tr style=\"height: 13.50pt;\">\n<td style=\"height: 13.50pt;\" height=\"18\">Tworzywo<\/td>\n<td>S\u0142oik z przezroczystego szk\u0142a sodowo-wapniowego + pokrywka ze szk\u0142a hartowanego<\/td>\n<\/tr>\n<tr style=\"height: 13.50pt;\">\n<td style=\"height: 13.50pt;\" height=\"18\">Typ uszczelnienia<\/td>\n<td>Zabezpiecz zaciski druciane szczelnymi pokrywkami<\/td>\n<\/tr>\n<tr style=\"height: 13.50pt;\">\n<td style=\"height: 13.50pt;\" height=\"18\">Nadaje si\u0119 do<\/td>\n<td>S\u0142oik szklany do przechowywania, s\u0142oik do przechowywania \u017cywno\u015bci<\/td>\n<\/tr>\n<\/tbody>\n<\/table>\n<h2>Historia sukcesu: Modernizacja magazynu marki spo\u017cywczej<\/h2>\n<p>Firma specjalizuj\u0105ca si\u0119 w \u017cywno\u015bci poszukiwa\u0142a ma\u0142ych, szklanych s\u0142oik\u00f3w z pokrywkami do przechowywania swoich wysokiej jako\u015bci mieszanek przypraw. Nasze szklane s\u0142oiki o pojemno\u015bci 150 ml by\u0142y ostatecznym wyborem. Zadowolenie klient\u00f3w wzros\u0142o o 35% dzi\u0119ki doskona\u0142emu uszczelnieniu zatrzaskowych pokrywek, kt\u00f3re utrzymywa\u0142y \u015bwie\u017co\u015b\u0107 przypraw przez ponad 12 miesi\u0119cy. Klienci mogli wyra\u017anie zobaczy\u0107 \u017cywe kolory przypraw w zakupionych szklanych s\u0142oikach, co prze\u0142o\u017cy\u0142o si\u0119 na 20% wzrost sprzeda\u017cy w sklepach. Firma by\u0142a tak zachwycona, \u017ce \u200b\u200bz\u0142o\u017cy\u0142a kolejne zam\u00f3wienie hurtowe na 200 000 s\u0142oik\u00f3w, aby rozszerzy\u0107 dzia\u0142alno\u015b\u0107 na nowe rynki detaliczne.<\/p>\n<h2>Rozwi\u0105zania w zakresie personalizacji szklanych s\u0142oik\u00f3w do przechowywania<\/h2>\n<ul>\n<li>Etykiety sitodrukowe \u2013 zastosowanie trwa\u0142ej metody nadruku na ceramice pozwala na stworzenie wizualnie osza\u0142amiaj\u0105cej identyfikacji marki.<\/li>\n<li>Efekt matowego szk\u0142a \u2013 uzyskaj eleganckie matowe wyko\u0144czenie, stosuj\u0105c metod\u0119 trawienia kwasem.<\/li>\n<li>Oznaczenia pojemno\u015bci \u2013 u\u0142atw u\u017cytkownikowi nawigacj\u0119, dodaj\u0105c wyt\u0142oczone lub drukowane podzia\u0142ki.<\/li>\n<li>Niestandardowe kszta\u0142ty s\u0142oik\u00f3w \u2013 wystarczy niewielka zmiana konturu, aby uzyska\u0107 niepowtarzalny wygl\u0105d.<\/li>\n<\/ul>\n<p>Je\u015bli potrzebujesz dostosowania do konkretnego rynku lub chcesz doda\u0107 cennik oparty na pojemno\u015bci, nie wahaj si\u0119 skontaktowa\u0107 z nami.<\/p>","protected":false},"excerpt":{"rendered":"<p>Nasz okr\u0105g\u0142y szklany s\u0142oik do przechowywania oferuje hermetyczne zamkni\u0119cie, idealne do przechowywania przypraw, przek\u0105sek i artyku\u0142\u00f3w r\u0119kodzielniczych. Wysokiej jako\u015bci szklane s\u0142oiki z pokrywkami, gotowe do natychmiastowej dostawy i szybkiej wysy\u0142ki.<\/p>","protected":false},"featured_media":24093,"template":"","meta":[],"product_brand":[],"product_cat":[122,134,124],"product_tag":[],"class_list":{"0":"post-24080","1":"product","2":"type-product","3":"status-publish","4":"has-post-thumbnail","6":"product_cat-custom-glass-packaging","7":"product_cat-airtight-jars","8":"product_cat-custom-glass-jars","10":"first","11":"instock","12":"shipping-taxable","13":"product-type-simple"},"jetpack_sharing_enabled":true,"_links":{"self":[{"href":"https:\/\/yebodaglass.com\/pl\/wp-json\/wp\/v2\/product\/24080","targetHints":{"allow":["GET"]}}],"collection":[{"href":"https:\/\/yebodaglass.com\/pl\/wp-json\/wp\/v2\/product"}],"about":[{"href":"https:\/\/yebodaglass.com\/pl\/wp-json\/wp\/v2\/types\/product"}],"version-history":[{"count":3,"href":"https:\/\/yebodaglass.com\/pl\/wp-json\/wp\/v2\/product\/24080\/revisions"}],"predecessor-version":[{"id":24098,"href":"https:\/\/yebodaglass.com\/pl\/wp-json\/wp\/v2\/product\/24080\/revisions\/24098"}],"wp:featuredmedia":[{"embeddable":true,"href":"https:\/\/yebodaglass.com\/pl\/wp-json\/wp\/v2\/media\/24093"}],"wp:attachment":[{"href":"https:\/\/yebodaglass.com\/pl\/wp-json\/wp\/v2\/media?parent=24080"}],"wp:term":[{"taxonomy":"product_brand","embeddable":true,"href":"https:\/\/yebodaglass.com\/pl\/wp-json\/wp\/v2\/product_brand?post=24080"},{"taxonomy":"product_cat","embeddable":true,"href":"https:\/\/yebodaglass.com\/pl\/wp-json\/wp\/v2\/product_cat?post=24080"},{"taxonomy":"product_tag","embeddable":true,"href":"https:\/\/yebodaglass.com\/pl\/wp-json\/wp\/v2\/product_tag?post=24080"}],"curies":[{"name":"wp","href":"https:\/\/api.w.org\/{rel}","templated":true}]}}