{"id":24044,"date":"2025-11-24T16:02:34","date_gmt":"2025-11-24T08:02:34","guid":{"rendered":"https:\/\/yebodaglass.com\/?post_type=product&#038;p=24044"},"modified":"2025-11-24T17:34:31","modified_gmt":"2025-11-24T09:34:31","slug":"vintage-spice-jars-with-wooden-lids-wholesale","status":"publish","type":"product","link":"https:\/\/yebodaglass.com\/pl\/vintage-spice-jars-with-wooden-lids-wholesale\/","title":{"rendered":"S\u0142oiki na przyprawy vintage z drewnianymi pokrywkami, hurtowo 410 ml"},"content":{"rendered":"<p>Masz do\u015b\u0107 starych s\u0142oik\u00f3w na przyprawy, kt\u00f3re nie zachowuj\u0105 \u015bwie\u017co\u015bci? Tworzymy stare s\u0142oiki na przyprawy \u2013 z drewnianymi pokrywkami, kt\u00f3re nadadz\u0105 im charakteru vintage. Te zestawy s\u0142oik\u00f3w na przyprawy zamieniaj\u0105 Twoje miejsce przechowywania przypraw w magnes przyci\u0105gaj\u0105cy uwag\u0119. Zam\u00f3wienia hurtowe obejmuj\u0105 niestandardowe wyko\u0144czenia drewna, dopasowane do Twojej etykiety.<\/p>\n<h2>Cechy produktu<\/h2>\n<p><strong>Projekt tekstury w stylu vintage<\/strong><\/p>\n<p>Szk\u0142o matowe z wypuk\u0142ym wzorem \u2014 stworzone do przechowywania przypraw.<\/p>\n<p><strong>Drewniana uszczelka pokrywy<\/strong><\/p>\n<p>Drewniana pokrywka zapewnia szczelne zamkni\u0119cie, dzi\u0119ki czemu przyprawy pozostaj\u0105 \u015bwie\u017ce.<\/p>\n<p><strong>Wszechstronna pojemno\u015b\u0107 410 ml<\/strong><\/p>\n<p>Pomie\u015bci ka\u017cdy rodzaj przypraw \u2014 idealne do zakup\u00f3w hurtowych i hurtowych.<\/p>\n<h2>Kluczowe specyfikacje<\/h2>\n<table style=\"border-collapse: collapse; width: 80%; margin-left: auto; margin-right: auto;\" border=\"0\" width=\"216\" cellspacing=\"0\" cellpadding=\"0\">\n<tbody>\n<tr style=\"height: 13.50pt;\">\n<td style=\"height: 13.5pt; width: 54pt; text-align: center;\" width=\"72\" height=\"18\">Pojemno\u015b\u0107<\/td>\n<td style=\"width: 54pt; text-align: center;\" width=\"72\">Rozmiar (cm)<\/td>\n<td style=\"width: 54pt; text-align: center;\" width=\"72\">Akcesoria<\/td>\n<\/tr>\n<tr style=\"height: 13.50pt;\">\n<td style=\"height: 13.5pt; text-align: center;\" height=\"18\">410 ml<\/td>\n<td style=\"text-align: center;\">8,6 x 10,5<\/td>\n<td style=\"text-align: center;\">Drewniana \u0142y\u017cka<\/td>\n<\/tr>\n<\/tbody>\n<\/table>\n<h2>Przypadek sukcesu<\/h2>\n<p>Marka przypraw z Vancouver, znana z wysokiej klasy dodatk\u00f3w, od d\u0142u\u017cszego czasu boryka\u0142a si\u0119 z problemami z powodu niejednolito\u015bci asortymentu, przez co trudno by\u0142o j\u0105 zauwa\u017cy\u0107 na sklepowych p\u00f3\u0142kach. Wybrali te zabytkowe s\u0142oiki na przyprawy z drewnian\u0105 pokrywk\u0105 i zestawem \u0142y\u017ceczek. Dzi\u0119ki zastosowaniu naszej wyt\u0142aczanej faktury, ciemnej drewnianej pokrywki i personalizowanych rozmiar\u00f3w, uda\u0142o im si\u0119 stworzy\u0107 identyfikacj\u0119 wizualn\u0105 marki, kt\u00f3ra wygl\u0105da bardziej naturalnie i r\u0119kodzielniczo.<\/p>\n<p>W ci\u0105gu pierwszych trzech miesi\u0119cy od premiery nowego produktu odnotowano znacz\u0105c\u0105 zmian\u0119 w odbiorze detalicznym, a zestaw upominkowy do\u0142\u0105czony do produktu sprzedawa\u0142 si\u0119 szczeg\u00f3lnie dobrze. Ca\u0142kowity przych\u00f3d wzr\u00f3s\u0142 o oko\u0142o 28% w por\u00f3wnaniu z poprzednim opakowaniem.<\/p>\n<h2>Tw\u00f3j podr\u0119cznik personalizacji<\/h2>\n<ol>\n<li><strong>Mo\u017cliwo\u015b\u0107 personalizacji\u200b\u200d\u200b\u200c\u200d\u200b\u200d\u200c\u200b\u200d\u200b\u200c\u200d\u200b\u200d\u200c Drewniane pokrywki:<\/strong>Wybierz materia\u0142y, takie jak orzech, bambus lub d\u0105b, na pokrywki i dobierz kolor i faktur\u0119, kt\u00f3re najlepiej podkre\u015bl\u0105 naturalny lub luksusowy charakter Twojej marki.<\/li>\n<li><strong>T\u0142oczenie szk\u0142a i wyko\u0144czenia teksturowane:<\/strong>Udost\u0119pnij swoim klientom wzory diamentowe, faliste, w kratk\u0119 w stylu vintage lub wyt\u0142oczone logo, aby Twoja marka by\u0142a bardziej rozpoznawalna.<\/li>\n<li><strong>Opcje konstrukcji pojemno\u015bci i szyjki:<\/strong>Mo\u017cesz wybra\u0107 pojemno\u015b\u0107 s\u0142oika 100 ml, 150 ml lub 250 ml lub zmieni\u0107 rozmiar szyjki, aby pasowa\u0142a do niej \u0142y\u017ceczka lub pokrywka z sitkiem.<\/li>\n<\/ol>","protected":false},"excerpt":{"rendered":"<p>Zestaw przypraw inspirowany starymi s\u0142oikami na przyprawy, oferuj\u0105cy pe\u0142en uroku zestaw s\u0142oik\u00f3w na przyprawy, idealny dla os\u00f3b poszukuj\u0105cych stylowego i spersonalizowanego miejsca do przechowywania przypraw.<\/p>","protected":false},"featured_media":24059,"template":"","meta":[],"product_brand":[],"product_cat":[128,124,122],"product_tag":[],"class_list":{"0":"post-24044","1":"product","2":"type-product","3":"status-publish","4":"has-post-thumbnail","6":"product_cat-spice-jars","7":"product_cat-custom-glass-jars","8":"product_cat-custom-glass-packaging","10":"first","11":"instock","12":"shipping-taxable","13":"product-type-simple"},"jetpack_sharing_enabled":true,"_links":{"self":[{"href":"https:\/\/yebodaglass.com\/pl\/wp-json\/wp\/v2\/product\/24044","targetHints":{"allow":["GET"]}}],"collection":[{"href":"https:\/\/yebodaglass.com\/pl\/wp-json\/wp\/v2\/product"}],"about":[{"href":"https:\/\/yebodaglass.com\/pl\/wp-json\/wp\/v2\/types\/product"}],"version-history":[{"count":5,"href":"https:\/\/yebodaglass.com\/pl\/wp-json\/wp\/v2\/product\/24044\/revisions"}],"predecessor-version":[{"id":24060,"href":"https:\/\/yebodaglass.com\/pl\/wp-json\/wp\/v2\/product\/24044\/revisions\/24060"}],"wp:featuredmedia":[{"embeddable":true,"href":"https:\/\/yebodaglass.com\/pl\/wp-json\/wp\/v2\/media\/24059"}],"wp:attachment":[{"href":"https:\/\/yebodaglass.com\/pl\/wp-json\/wp\/v2\/media?parent=24044"}],"wp:term":[{"taxonomy":"product_brand","embeddable":true,"href":"https:\/\/yebodaglass.com\/pl\/wp-json\/wp\/v2\/product_brand?post=24044"},{"taxonomy":"product_cat","embeddable":true,"href":"https:\/\/yebodaglass.com\/pl\/wp-json\/wp\/v2\/product_cat?post=24044"},{"taxonomy":"product_tag","embeddable":true,"href":"https:\/\/yebodaglass.com\/pl\/wp-json\/wp\/v2\/product_tag?post=24044"}],"curies":[{"name":"wp","href":"https:\/\/api.w.org\/{rel}","templated":true}]}}