{"id":24035,"date":"2025-11-24T14:21:56","date_gmt":"2025-11-24T06:21:56","guid":{"rendered":"https:\/\/yebodaglass.com\/?post_type=product&#038;p=24035"},"modified":"2025-11-24T17:30:11","modified_gmt":"2025-11-24T09:30:11","slug":"custom-vintage-pickle-jar-with-lids-wholesale","status":"publish","type":"product","link":"https:\/\/yebodaglass.com\/pl\/custom-vintage-pickle-jar-with-lids-wholesale\/","title":{"rendered":"50 ml \u2013 380 ml, niestandardowe s\u0142oiki na og\u00f3rki vintage z pokrywkami, sprzeda\u017c hurtowa"},"content":{"rendered":"<p>Masz do\u015b\u0107 s\u0142oik\u00f3w na og\u00f3rki, kt\u00f3re blakn\u0105 na Twoich og\u00f3rkach. Tworzymy s\u0142oiki vintage na og\u00f3rki \u2013 z czerwono-bia\u0142\u0105 pokrywk\u0105, kt\u00f3re od razu przywo\u0142uj\u0105 wspomnienia. Te s\u0142oiki na marynowan\u0105 cebul\u0119 zamieniaj\u0105 Twoje zapasy \u017cywno\u015bci w magnes przyci\u0105gaj\u0105cy mark\u0119. Zam\u00f3wienia hurtowe s\u0105 dost\u0119pne w niestandardowych rozmiarach, dopasowanych do Twojej etykiety.<\/p>\n<h2>Cechy produktu<\/h2>\n<p><strong>Klasyczny wygl\u0105d retro<\/strong><\/p>\n<p>Ten przedmiot z zakr\u0119tk\u0105 w kratk\u0119 w stylu retro podnosi walory wizualne i idealnie pasuje do \u017cywno\u015bci rzemie\u015blniczej, zak\u0142ad\u00f3w przetw\u00f3rstwa rolnego i markowych zestaw\u00f3w upominkowych.<\/p>\n<p><strong>Dost\u0119pne r\u00f3\u017cne rozmiary<\/strong><\/p>\n<p>Linia produkt\u00f3w jest w stanie sprosta\u0107 potrzebom hurtownik\u00f3w i fabryk \u017cywno\u015bci w zakresie pakowania r\u00f3\u017cnych rodzaj\u00f3w marynowanych produkt\u00f3w, dzi\u0119ki szerokiej gamie rozmiar\u00f3w \u2013 od ma\u0142ych s\u0142oiczk\u00f3w na pr\u00f3bki po du\u017ce opakowania rodzinne.<\/p>\n<p><strong>Wysoka odporno\u015b\u0107 na ciep\u0142o i kwasy<\/strong><\/p>\n<p>Szk\u0142o jest przeznaczone do marynowania warzyw w r\u00f3\u017cnych p\u0142ynach, takich jak ocet, olej chili i syrop cukrowy. Jest odporne na zapachy i korozj\u0119, dzi\u0119ki czemu gwarantuje bezpieczne przechowywanie przez d\u0142ugi czas.<\/p>\n<h2>Kluczowe specyfikacje<\/h2>\n<table style=\"border-collapse: collapse; width: 80%; margin-left: auto; margin-right: auto;\" border=\"0\" width=\"288\" cellspacing=\"0\" cellpadding=\"0\">\n<tbody>\n<tr style=\"height: 13.50pt;\">\n<td style=\"height: 13.5pt; width: 54pt; text-align: center;\" width=\"72\" height=\"18\">Pojemno\u015b\u0107 (ml)<\/td>\n<td style=\"width: 54pt; text-align: center;\" width=\"72\">Rozmiar (cm)<\/td>\n<td style=\"width: 54pt; text-align: center;\" width=\"72\">Stosowanie<\/td>\n<td style=\"width: 54pt; text-align: center;\" width=\"72\">Pokrywy<\/td>\n<\/tr>\n<tr style=\"height: 13.50pt;\">\n<td style=\"height: 13.5pt; text-align: center;\" align=\"right\" height=\"18\">50<\/td>\n<td style=\"text-align: center;\">4.4 * 5.5<\/td>\n<td class=\"et2\" style=\"text-align: center;\" rowspan=\"6\">D\u017cem, og\u00f3rki kiszone, mi\u00f3d<\/td>\n<td class=\"et2\" style=\"text-align: center;\" rowspan=\"6\">Ok\u0142adka z blachy bia\u0142ej<\/td>\n<\/tr>\n<tr style=\"height: 13.50pt;\">\n<td style=\"height: 13.5pt; text-align: center;\" align=\"right\" height=\"18\">100<\/td>\n<td style=\"text-align: center;\">5.9 * 6.4<\/td>\n<\/tr>\n<tr style=\"height: 13.50pt;\">\n<td style=\"height: 13.5pt; text-align: center;\" align=\"right\" height=\"18\">150<\/td>\n<td style=\"text-align: center;\">6.5 * 6.8<\/td>\n<\/tr>\n<tr style=\"height: 13.50pt;\">\n<td style=\"height: 13.5pt; text-align: center;\" align=\"right\" height=\"18\">200<\/td>\n<td style=\"text-align: center;\">6.5 * 8.5<\/td>\n<\/tr>\n<tr style=\"height: 13.50pt;\">\n<td style=\"height: 13.5pt; text-align: center;\" align=\"right\" height=\"18\">250<\/td>\n<td style=\"text-align: center;\">7.5 * 9.7<\/td>\n<\/tr>\n<tr style=\"height: 13.50pt;\">\n<td style=\"height: 13.5pt; text-align: center;\" align=\"right\" height=\"18\">380<\/td>\n<td style=\"text-align: center;\">8.4 * 11.5<\/td>\n<\/tr>\n<\/tbody>\n<\/table>\n<h2>Przypadek sukcesu<\/h2>\n<p>Firma zajmuj\u0105ca si\u0119 produkcj\u0105 polskiego przetw\u00f3rstwa rolnego zwr\u00f3ci\u0142a si\u0119 do nas z wyzwaniem stworzenia opakowania, kt\u00f3re nie tylko odzwierciedla\u0142oby tradycyjny, domowy styl, ale tak\u017ce zwi\u0119ksza\u0142o widoczno\u015b\u0107 marki w supermarketach. Nasz\u0105 propozycj\u0105 by\u0142 staromodny s\u0142oik na og\u00f3rki kiszone z nostalgiczn\u0105 kratkowan\u0105 pokrywk\u0105, a tak\u017ce wprowadzili\u015bmy zmiany w rozmiarze i kolorze pokrywki dla dw\u00f3ch linii produkt\u00f3w: marynowanej cebuli i mieszanki warzywnej.<\/p>\n<p>Zaledwie dwa miesi\u0105ce po wprowadzeniu do obrotu pierwszej partii s\u0142oik\u00f3w z marynowan\u0105 cebul\u0105 od lokalnych sieci supermarket\u00f3w odnotowano 35-procentowy wzrost sprzeda\u017cy ze wzgl\u0119du na ich atrakcyjny wygl\u0105d i dobre w\u0142a\u015bciwo\u015bci uszczelniaj\u0105ce.<\/p>\n<h2>Tw\u00f3j podr\u0119cznik personalizacji<\/h2>\n<ol>\n<li><strong>Spersonalizuj wygl\u0105d pokrywy:<\/strong> Umie\u015b\u0107 logo swojej firmy, tekstur\u0119 obramowania lub bloki kolorystyczne wybranego motywu, a tak\u017ce klasyczny wz\u00f3r w czerwono-bia\u0142\u0105 kratk\u0119 na pokrywie, aby uczyni\u0107 j\u0105 niepowtarzalnym identyfikatorem.<\/li>\n<li><strong>Ulepsz materia\u0142 etykiety:<\/strong> Wybierz matowy papier, syntetyczny papier oleofobowy lub etykiety metaliczne, aby nada\u0107 swojemu produktowi bardziej wyrafinowany lub \u201erustykalny retro\u201d styl wizualny i faktur\u0119.<\/li>\n<\/ol>","protected":false},"excerpt":{"rendered":"<p>S\u0142oik na og\u00f3rki kiszone w stylu vintage z pokrywk\u0105, idealny na marynowan\u0105 cebul\u0119. Dostawa bezpo\u015brednio z fabryki i mo\u017cliwo\u015b\u0107 personalizacji. Dost\u0119pny od r\u0119ki.<\/p>","protected":false},"featured_media":24036,"template":"","meta":[],"product_brand":[],"product_cat":[122,124,133],"product_tag":[],"class_list":{"0":"post-24035","1":"product","2":"type-product","3":"status-publish","4":"has-post-thumbnail","6":"product_cat-custom-glass-packaging","7":"product_cat-custom-glass-jars","8":"product_cat-pickle-jars","10":"first","11":"instock","12":"shipping-taxable","13":"product-type-simple"},"jetpack_sharing_enabled":true,"_links":{"self":[{"href":"https:\/\/yebodaglass.com\/pl\/wp-json\/wp\/v2\/product\/24035","targetHints":{"allow":["GET"]}}],"collection":[{"href":"https:\/\/yebodaglass.com\/pl\/wp-json\/wp\/v2\/product"}],"about":[{"href":"https:\/\/yebodaglass.com\/pl\/wp-json\/wp\/v2\/types\/product"}],"version-history":[{"count":5,"href":"https:\/\/yebodaglass.com\/pl\/wp-json\/wp\/v2\/product\/24035\/revisions"}],"predecessor-version":[{"id":24054,"href":"https:\/\/yebodaglass.com\/pl\/wp-json\/wp\/v2\/product\/24035\/revisions\/24054"}],"wp:featuredmedia":[{"embeddable":true,"href":"https:\/\/yebodaglass.com\/pl\/wp-json\/wp\/v2\/media\/24036"}],"wp:attachment":[{"href":"https:\/\/yebodaglass.com\/pl\/wp-json\/wp\/v2\/media?parent=24035"}],"wp:term":[{"taxonomy":"product_brand","embeddable":true,"href":"https:\/\/yebodaglass.com\/pl\/wp-json\/wp\/v2\/product_brand?post=24035"},{"taxonomy":"product_cat","embeddable":true,"href":"https:\/\/yebodaglass.com\/pl\/wp-json\/wp\/v2\/product_cat?post=24035"},{"taxonomy":"product_tag","embeddable":true,"href":"https:\/\/yebodaglass.com\/pl\/wp-json\/wp\/v2\/product_tag?post=24035"}],"curies":[{"name":"wp","href":"https:\/\/api.w.org\/{rel}","templated":true}]}}