{"id":24010,"date":"2025-11-21T14:34:47","date_gmt":"2025-11-21T06:34:47","guid":{"rendered":"https:\/\/yebodaglass.com\/?post_type=product&#038;p=24010"},"modified":"2025-11-21T14:52:06","modified_gmt":"2025-11-21T06:52:06","slug":"glass-pickle-jars-wholesale-with-high-top-lids","status":"publish","type":"product","link":"https:\/\/yebodaglass.com\/pl\/glass-pickle-jars-wholesale-with-high-top-lids\/","title":{"rendered":"S\u0142oiki na og\u00f3rki szklane 100 ml \u2013 750 ml, hurtowe, z wysokimi pokrywkami"},"content":{"rendered":"<p>Masz do\u015b\u0107 s\u0142oik\u00f3w na og\u00f3rki, kt\u00f3re przeciekaj\u0105 lub plami\u0105 og\u00f3rki. Produkujemy hurtowo szklane s\u0142oiki na og\u00f3rki \u2013 koniec z przykrymi wyciekami solanki. Te pojemniki na s\u0142oiki na og\u00f3rki zamieni\u0105 Twoje zapasy \u017cywno\u015bci w markowe centrum dowodzenia. Zam\u00f3wienia hurtowe s\u0105 dost\u0119pne w niestandardowych rozmiarach, dopasowanych do Twojej marki.<\/p>\n<h2>Cechy produktu<\/h2>\n<p><strong>Uszczelka pokrywy metalowej wysokiej<\/strong><\/p>\n<p>Solanka i smak s\u0105 zamkni\u0119te pod metalow\u0105 pokrywk\u0105 \u2013 og\u00f3rki pozostaj\u0105 \u015bwie\u017ce i nigdy si\u0119 nie psuj\u0105.<\/p>\n<p><strong>Widoczno\u015b\u0107 szk\u0142a krystalicznie czystego<\/strong><\/p>\n<p>B\u0105d\u017a \u015bwiadkiem naj\u015bwie\u017cszego kopru w\u0142oskiego \u2013 klienci od razu zaufali Twoim szklanym s\u0142oikom.<\/p>\n<p><strong>Wiele opcji pojemno\u015bci<\/strong><\/p>\n<p>Pojemno\u015b\u0107 od 100 ml do 220 ml pozwala na obs\u0142ug\u0119 ma\u0142ych partii lub du\u017cych ilo\u015bci.<\/p>\n<h2>Kluczowe specyfikacje<\/h2>\n<table style=\"border-collapse: collapse; width: 80%; margin-left: auto; margin-right: auto;\" border=\"0\" width=\"216\" cellspacing=\"0\" cellpadding=\"0\">\n<tbody>\n<tr style=\"height: 13.50pt;\">\n<td style=\"height: 13.5pt; width: 54pt; text-align: center;\" width=\"72\" height=\"18\">Pojemno\u015b\u0107 (ml)<\/td>\n<td style=\"width: 54pt; text-align: center;\" width=\"72\">Rozmiar (cm)<\/td>\n<td style=\"width: 54pt; text-align: center;\" width=\"72\">Pokrywy<\/td>\n<\/tr>\n<tr style=\"height: 13.50pt;\">\n<td style=\"height: 13.5pt; text-align: center;\" align=\"right\" height=\"18\">100<\/td>\n<td style=\"text-align: center;\">6,2 x 6,8<\/td>\n<td class=\"et2\" style=\"text-align: center;\" rowspan=\"7\">Metalowe pokrywy o wysokiej wysoko\u015bci<\/td>\n<\/tr>\n<tr style=\"height: 13.50pt;\">\n<td style=\"height: 13.5pt; text-align: center;\" align=\"right\" height=\"18\">150 \/ 5 uncji<\/td>\n<td style=\"text-align: center;\">7,5 x 6,6<\/td>\n<\/tr>\n<tr style=\"height: 13.50pt;\">\n<td style=\"height: 13.5pt; text-align: center;\" align=\"right\" height=\"18\">180 \/ 6 uncji<\/td>\n<td style=\"text-align: center;\">7,3 x 7,8<\/td>\n<\/tr>\n<tr style=\"height: 13.50pt;\">\n<td style=\"height: 13.5pt; text-align: center;\" align=\"right\" height=\"18\">220<\/td>\n<td style=\"text-align: center;\">6,6 x 10,6<\/td>\n<\/tr>\n<tr style=\"height: 13.50pt;\">\n<td style=\"height: 13.5pt; text-align: center;\" align=\"right\" height=\"18\">380<\/td>\n<td style=\"text-align: center;\">7,5 x 12,5<\/td>\n<\/tr>\n<tr style=\"height: 13.50pt;\">\n<td style=\"height: 13.5pt; text-align: center;\" align=\"right\" height=\"18\">500<\/td>\n<td style=\"text-align: center;\">7,5 x 14,9<\/td>\n<\/tr>\n<tr style=\"height: 13.50pt;\">\n<td style=\"height: 13.5pt; text-align: center;\" align=\"right\" height=\"18\">750 \/ 25 uncji<\/td>\n<td style=\"text-align: center;\">8,6 x 17,5<\/td>\n<\/tr>\n<\/tbody>\n<\/table>\n<h2>Historia sukcesu<\/h2>\n<p>Zachodniokanadyjska marka specjalizuj\u0105ca si\u0119 w piklach zg\u0142osi\u0142a si\u0119 do nas, aby od\u015bwie\u017cy\u0107 swoj\u0105 ofert\u0119, wybieraj\u0105c ten szklany s\u0142oik z wysokim wieczkiem. Ich nowe produkty to r\u00f3\u017cnorodne marynowane warzywa i solanki, a stare opakowania cz\u0119sto przecieka\u0142y i ulega\u0142y uszkodzeniu podczas transportu. Dali\u015bmy im s\u0142oik z grubszymi \u015bciankami i stabilniejsz\u0105, wysok\u0105 pokrywk\u0105.<\/p>\n<p>W rezultacie nowy szklany s\u0142oik na og\u00f3rki charakteryzowa\u0142 si\u0119 lepsz\u0105 szczelno\u015bci\u0105, a sprzeda\u017c nowego produktu wzros\u0142a o prawie 30% w ci\u0105gu trzech miesi\u0119cy.<\/p>\n<h2>Tw\u00f3j podr\u0119cznik personalizacji<\/h2>\n<ol>\n<li><strong>Obs\u0142uguje wiele typ\u00f3w czapek:<\/strong> Opr\u00f3cz prostej, wysokiej nakr\u0119tki, wyb\u00f3r mo\u017ce obejmowa\u0107 nakr\u0119tki wzmocnione uszczelk\u0105 lub nakr\u0119tki wykonane z r\u00f3\u017cnych materia\u0142\u00f3w, zapewniaj\u0105c w ten spos\u00f3b bardziej harmonijny styl i lepsz\u0105 kompatybilno\u015b\u0107 ze zautomatyzowanymi liniami produkcyjnymi do zamykania.<\/li>\n<li><strong>Obszar etykiety matowej:<\/strong> Pojemnik mo\u017ce by\u0107 matowy lub mie\u0107 delikatn\u0105 tekstur\u0119 antypo\u015blizgow\u0105, co u\u0142atwia naklejanie etykiet i podnosi og\u00f3ln\u0105 jako\u015b\u0107 opakowania.<\/li>\n<li><strong>Szk\u0142o kolorowe wed\u0142ug Twojego wyboru przy wi\u0119kszych zam\u00f3wieniach:<\/strong> Szk\u0142o w kolorze bursztynowym, zielonym lub innym mo\u017cna stosowa\u0107 nie tylko w celu poprawy w\u0142a\u015bciwo\u015bci ochronnych produkt\u00f3w \u015bwiat\u0142oczu\u0142ych, ale tak\u017ce w celu wzmocnienia wizerunku marki.<\/li>\n<\/ol>","protected":false},"excerpt":{"rendered":"<p>S\u0142oiki na og\u00f3rki szklane, hurtowe, z mocno uszczelnionymi pokrywkami, idealne dla marek potrzebuj\u0105cych s\u0142oik\u00f3w na og\u00f3rki w du\u017cych ilo\u015bciach, z dostaw\u0105 bezpo\u015brednio do fabryki i mo\u017cliwo\u015bci\u0105 dostosowania do indywidualnych potrzeb.<\/p>","protected":false},"featured_media":24020,"template":"","meta":[],"product_brand":[],"product_cat":[122,124,133],"product_tag":[],"class_list":{"0":"post-24010","1":"product","2":"type-product","3":"status-publish","4":"has-post-thumbnail","6":"product_cat-custom-glass-packaging","7":"product_cat-custom-glass-jars","8":"product_cat-pickle-jars","10":"first","11":"instock","12":"shipping-taxable","13":"product-type-simple"},"jetpack_sharing_enabled":true,"_links":{"self":[{"href":"https:\/\/yebodaglass.com\/pl\/wp-json\/wp\/v2\/product\/24010","targetHints":{"allow":["GET"]}}],"collection":[{"href":"https:\/\/yebodaglass.com\/pl\/wp-json\/wp\/v2\/product"}],"about":[{"href":"https:\/\/yebodaglass.com\/pl\/wp-json\/wp\/v2\/types\/product"}],"version-history":[{"count":5,"href":"https:\/\/yebodaglass.com\/pl\/wp-json\/wp\/v2\/product\/24010\/revisions"}],"predecessor-version":[{"id":24021,"href":"https:\/\/yebodaglass.com\/pl\/wp-json\/wp\/v2\/product\/24010\/revisions\/24021"}],"wp:featuredmedia":[{"embeddable":true,"href":"https:\/\/yebodaglass.com\/pl\/wp-json\/wp\/v2\/media\/24020"}],"wp:attachment":[{"href":"https:\/\/yebodaglass.com\/pl\/wp-json\/wp\/v2\/media?parent=24010"}],"wp:term":[{"taxonomy":"product_brand","embeddable":true,"href":"https:\/\/yebodaglass.com\/pl\/wp-json\/wp\/v2\/product_brand?post=24010"},{"taxonomy":"product_cat","embeddable":true,"href":"https:\/\/yebodaglass.com\/pl\/wp-json\/wp\/v2\/product_cat?post=24010"},{"taxonomy":"product_tag","embeddable":true,"href":"https:\/\/yebodaglass.com\/pl\/wp-json\/wp\/v2\/product_tag?post=24010"}],"curies":[{"name":"wp","href":"https:\/\/api.w.org\/{rel}","templated":true}]}}