{"id":23979,"date":"2025-11-20T15:57:22","date_gmt":"2025-11-20T07:57:22","guid":{"rendered":"https:\/\/yebodaglass.com\/?post_type=product&#038;p=23979"},"modified":"2026-04-14T15:42:13","modified_gmt":"2026-04-14T07:42:13","slug":"double-ear-glass-pickle-jar-storage-wholesale","status":"publish","type":"product","link":"https:\/\/yebodaglass.com\/pl\/double-ear-glass-pickle-jar-storage-wholesale\/","title":{"rendered":"S\u0142oiki na og\u00f3rki z podw\u00f3jnym uchem, 280 ml \u2013 630 ml, hurtowe przechowywanie"},"content":{"rendered":"<p>Masz do\u015b\u0107 s\u0142oik\u00f3w na og\u00f3rki, kt\u00f3re przeciekaj\u0105 lub psuj\u0105 Twoje og\u00f3rki. Produkujemy s\u0142oiki na og\u00f3rki hurtowo \u2013 koniec z rozlan\u0105 solank\u0105. Te szklane pojemniki na og\u00f3rki zamieniaj\u0105 Twoje zapasy \u017cywno\u015bci w markowe centrum dowodzenia. Zam\u00f3wienia hurtowe s\u0105 dost\u0119pne w niestandardowych rozmiarach, dopasowanych do Twojej marki.<\/p>\n<h2>Cechy produktu<\/h2>\n<ul>\n<li><strong>Double-handled design: <\/strong>Zaokr\u0105glona, \u200b\u200bdwuuchwytowa konstrukcja nie tylko zapewnia lepszy chwyt, ale tak\u017ce nadaje szklanemu s\u0142oikowi wyj\u0105tkowy wygl\u0105d.<\/li>\n<li><strong>Crystal clear glass: <\/strong>Ka\u017cda ga\u0142\u0105zka kopru jest wyra\u017anie widoczna \u2014 klienci mog\u0105 zaufa\u0107 Twojemu s\u0142oikowi na pierwszy rzut oka.<\/li>\n<li><strong>Excellent airtight metal lid: <\/strong>Bezpiecznie zamyka solank\u0119 i pyszne og\u00f3rki, kt\u00f3re si\u0119 nie psuj\u0105.<\/li>\n<li><strong>Multiple sizes available: <\/strong>Od 280 ml do 630 ml, zaspokajaj\u0105c potrzeby produkcji ma\u0142o- i wielkoseryjnej.<\/li>\n<\/ul>\n<h2>Kluczowe specyfikacje<\/h2>\n<table style=\"border-collapse: collapse; width: 80%; margin-left: auto; margin-right: auto;\" border=\"0\" width=\"216\" cellspacing=\"0\" cellpadding=\"0\">\n<tbody>\n<tr style=\"height: 13.50pt;\">\n<td style=\"height: 13.5pt; width: 54pt; text-align: center;\" width=\"72\" height=\"18\">Pojemno\u015b\u0107 (ml)<\/td>\n<td style=\"width: 54pt; text-align: center;\" width=\"72\">Rozmiar (cm)<\/td>\n<td style=\"width: 54pt; text-align: center;\" width=\"72\">Opcje pokrywek<\/td>\n<\/tr>\n<tr style=\"height: 13.50pt;\">\n<td style=\"height: 13.5pt; text-align: center;\" height=\"18\">280<\/td>\n<td style=\"text-align: center;\">7,8 x 8,8<\/td>\n<td class=\"et2\" style=\"text-align: center;\" rowspan=\"4\">Nakr\u0119tka aluminiowa, kolor do wyboru<\/td>\n<\/tr>\n<tr style=\"height: 13.50pt;\">\n<td style=\"height: 13.5pt; text-align: center;\" height=\"18\">350<\/td>\n<td style=\"text-align: center;\">8,8 x 9,5<\/td>\n<\/tr>\n<tr style=\"height: 13.50pt;\">\n<td style=\"height: 13.5pt; text-align: center;\" height=\"18\">500<\/td>\n<td style=\"text-align: center;\">9,9 x 10,0<\/td>\n<\/tr>\n<tr style=\"height: 13.50pt;\">\n<td style=\"height: 13.5pt; text-align: center;\" height=\"18\">630<\/td>\n<td style=\"text-align: center;\">10,4 x 10,7<\/td>\n<\/tr>\n<\/tbody>\n<\/table>\n<h2>Przypadek sukcesu<\/h2>\n<p>Wschodnioeuropejska marka kiszonek zwr\u00f3ci\u0142a si\u0119 do nas z pro\u015bb\u0105 o personalizacj\u0119 tego s\u0142oika na kiszonki z podw\u00f3jnym uchwytem. Zmienili\u015bmy rozmiar zakr\u0119tki, aby pasowa\u0142 do ich maszyny nape\u0142niaj\u0105cej, a tak\u017ce stworzyli\u015bmy kolorow\u0105, metalow\u0105 pokrywk\u0119, dost\u0119pn\u0105 wy\u0142\u0105cznie dla tej marki.<\/p>\n<p>W wyniku wprowadzenia produktu na rynek znacznie zwi\u0119kszy\u0142a si\u0119 dost\u0119pno\u015b\u0107 tego produktu na p\u00f3\u0142kach supermarket\u00f3w, a w pierwszym kwartale odnotowano wzrost sprzeda\u017cy o 22%.<\/p>\n<h2>Tw\u00f3j podr\u0119cznik personalizacji<\/h2>\n<ol>\n<li>Je\u015bli marynowane sk\u0142adniki maj\u0105 okre\u015blony kolor i u\u017cytkownik chce ich u\u017cy\u0107, w\u00f3wczas dost\u0119pne s\u0105 trzy opcje, spo\u015br\u00f3d kt\u00f3rych mo\u017cna wybra\u0107 wyko\u0144czenie pokrywki, tj. galwanizowane, malowane lub per\u0142owe, co pozwala uzyska\u0107 bardziej jednolity wygl\u0105d ca\u0142ego s\u0142oika z marynatami.<\/li>\n<li>Dzi\u0119ki zastosowaniu wzor\u00f3w, takich jak motywy owoc\u00f3w i warzyw, inicja\u0142y marki lub tekstury geometryczne, s\u0142oiki mog\u0105 si\u0119 wyr\u00f3\u017cnia\u0107, dzi\u0119ki czemu przechowywanie s\u0142oik\u00f3w na og\u00f3rki b\u0119dzie \u0142atwo rozpoznawalne na p\u00f3\u0142ce.<\/li>\n<\/ol>","protected":false},"excerpt":{"rendered":"<p>Szklane s\u0142oiki do przechowywania og\u00f3rk\u00f3w, idealne do przetwor\u00f3w owocowych i warzywnych. Dostawa bezpo\u015brednio z fabryki umo\u017cliwia realizacj\u0119 zam\u00f3wie\u0144 hurtowych na s\u0142oiki z og\u00f3rkami, z mo\u017cliwo\u015bci\u0105 personalizacji pokrywek i brandingu.<\/p>","protected":false},"featured_media":23981,"template":"","meta":[],"product_brand":[],"product_cat":[133,124,122],"product_tag":[],"class_list":{"0":"post-23979","1":"product","2":"type-product","3":"status-publish","4":"has-post-thumbnail","6":"product_cat-pickle-jars","7":"product_cat-custom-glass-jars","8":"product_cat-custom-glass-packaging","10":"first","11":"instock","12":"shipping-taxable","13":"product-type-simple"},"jetpack_sharing_enabled":true,"_links":{"self":[{"href":"https:\/\/yebodaglass.com\/pl\/wp-json\/wp\/v2\/product\/23979","targetHints":{"allow":["GET"]}}],"collection":[{"href":"https:\/\/yebodaglass.com\/pl\/wp-json\/wp\/v2\/product"}],"about":[{"href":"https:\/\/yebodaglass.com\/pl\/wp-json\/wp\/v2\/types\/product"}],"version-history":[{"count":4,"href":"https:\/\/yebodaglass.com\/pl\/wp-json\/wp\/v2\/product\/23979\/revisions"}],"predecessor-version":[{"id":25782,"href":"https:\/\/yebodaglass.com\/pl\/wp-json\/wp\/v2\/product\/23979\/revisions\/25782"}],"wp:featuredmedia":[{"embeddable":true,"href":"https:\/\/yebodaglass.com\/pl\/wp-json\/wp\/v2\/media\/23981"}],"wp:attachment":[{"href":"https:\/\/yebodaglass.com\/pl\/wp-json\/wp\/v2\/media?parent=23979"}],"wp:term":[{"taxonomy":"product_brand","embeddable":true,"href":"https:\/\/yebodaglass.com\/pl\/wp-json\/wp\/v2\/product_brand?post=23979"},{"taxonomy":"product_cat","embeddable":true,"href":"https:\/\/yebodaglass.com\/pl\/wp-json\/wp\/v2\/product_cat?post=23979"},{"taxonomy":"product_tag","embeddable":true,"href":"https:\/\/yebodaglass.com\/pl\/wp-json\/wp\/v2\/product_tag?post=23979"}],"curies":[{"name":"wp","href":"https:\/\/api.w.org\/{rel}","templated":true}]}}