{"id":23970,"date":"2025-11-20T14:40:02","date_gmt":"2025-11-20T06:40:02","guid":{"rendered":"https:\/\/yebodaglass.com\/?post_type=product&#038;p=23970"},"modified":"2025-11-20T14:40:03","modified_gmt":"2025-11-20T06:40:03","slug":"double-handle-glass-jar-for-pickles-bulk","status":"publish","type":"product","link":"https:\/\/yebodaglass.com\/pl\/double-handle-glass-jar-for-pickles-bulk\/","title":{"rendered":"S\u0142oik szklany z podw\u00f3jnym uchwytem o pojemno\u015bci 80 ml \u2013 200 ml na og\u00f3rki kiszone w hurtowych ilo\u015bciach"},"content":{"rendered":"<p>Masz do\u015b\u0107 s\u0142oik\u00f3w na og\u00f3rki, kt\u00f3re wy\u015blizguj\u0105 Ci si\u0119 z r\u0105k. Tworzymy s\u0142oiki na og\u00f3rki \u2013 z podw\u00f3jnymi uszami dla \u0142atwego trzymania. Te szklane pojemniki na og\u00f3rki zamieni\u0105 Twoje przechowywanie \u017cywno\u015bci w markowy element. Zam\u00f3wienia hurtowe s\u0105 dost\u0119pne w niestandardowych rozmiarach, dopasowanych do Twojej marki.<\/p>\n<h2>Cechy produktu<\/h2>\n<p><strong>Konstrukcja uchwytu z podw\u00f3jnym uchem<\/strong><\/p>\n<p>\u0141atwe trzymanie \u2014 koniec z upuszczonymi partiami og\u00f3rk\u00f3w.<\/p>\n<p><strong>Widoczno\u015b\u0107 szk\u0142a krystalicznie czystego<\/strong><\/p>\n<p>Dostrze\u017cesz ka\u017cd\u0105 ga\u0142\u0105zk\u0119 kopru \u2014 klienci od razu zaufaj\u0105 Twoim szklanym s\u0142oikom.<\/p>\n<p><strong>Hermetyczna metalowa uszczelka pokrywy<\/strong><\/p>\n<p>Zamyka solank\u0119 i aromatyczne og\u00f3rki konserwowe \u2014 nigdy si\u0119 nie psuj\u0105.<\/p>\n<h2>Kluczowe specyfikacje<\/h2>\n<table style=\"border-collapse: collapse; width: 80%; margin-left: auto; margin-right: auto;\" border=\"0\" width=\"216\" cellspacing=\"0\" cellpadding=\"0\">\n<tbody>\n<tr style=\"height: 13.50pt;\">\n<td style=\"height: 13.5pt; width: 54pt; text-align: center;\" width=\"72\" height=\"18\">Pojemno\u015b\u0107 (ml)<\/td>\n<td style=\"width: 54pt; text-align: center;\" width=\"72\">Rozmiar (cm)<\/td>\n<td style=\"width: 54pt; text-align: center;\" width=\"72\">Kszta\u0142t<\/td>\n<\/tr>\n<tr style=\"height: 13.50pt;\">\n<td style=\"height: 13.5pt; text-align: center;\" align=\"right\" height=\"18\">80<\/td>\n<td style=\"text-align: center;\">6,9 x 4,4<\/td>\n<td class=\"et2\" style=\"text-align: center;\" rowspan=\"4\">Okr\u0105g\u0142y<\/td>\n<\/tr>\n<tr style=\"height: 13.50pt;\">\n<td style=\"height: 13.5pt; text-align: center;\" align=\"right\" height=\"18\">100<\/td>\n<td style=\"text-align: center;\">7,6 x 4,6<\/td>\n<\/tr>\n<tr style=\"height: 13.50pt;\">\n<td style=\"height: 13.5pt; text-align: center;\" align=\"right\" height=\"18\">150<\/td>\n<td style=\"text-align: center;\">8,0 x 5,4<\/td>\n<\/tr>\n<tr style=\"height: 13.50pt;\">\n<td style=\"height: 13.5pt; text-align: center;\" align=\"right\" height=\"18\">200<\/td>\n<td style=\"text-align: center;\">8,9 x 5,5<\/td>\n<\/tr>\n<\/tbody>\n<\/table>\n<h2>Przypadek sukcesu<\/h2>\n<p>Producent przypraw z Azji Po\u0142udniowo-Wschodniej udoskonali\u0142 swoje opakowania, przechodz\u0105c na nasze s\u0142oiki do kimchi z podw\u00f3jnymi uchwytami. Jego pracownicy potrzebowali s\u0142oika, kt\u00f3ry by\u0142by wygodny w trzymaniu podczas nape\u0142niania na gor\u0105co i wystarczaj\u0105co wytrzyma\u0142y, aby wytrzyma\u0107 d\u0142ugi transport.<\/p>\n<p>Efektywno\u015b\u0107 nape\u0142niania wzros\u0142a o 22% dzi\u0119ki zastosowaniu wzmocnionego korpusu s\u0142oika szklanego, konstrukcji o szerokim wlocie i hermetycznej pokrywki, a wyst\u0119powanie p\u0119kni\u0119\u0107 podczas transportu zosta\u0142o znacznie zmniejszone.<\/p>\n<p>Firma Herb &amp; Spice Co. przesz\u0142a na nasz\u0105 lini\u0119 szklanych s\u0142oik\u00f3w do og\u00f3rk\u00f3w. Efekt? Sprzeda\u017c 15 razy szybsza i 5-gwiazdkowe recenzje. Dlaczego? Uchwyt z podw\u00f3jnym uchem pozwala\u0142 na \u0142atwe chwytanie ca\u0142ych og\u00f3rk\u00f3w, a niestandardowe, czerwone, metalowe pokrywki pasowa\u0142y do \u200b\u200bich marki. S\u0105 teraz bestsellerem w ponad 200 sklepach.<\/p>\n<h2>Tw\u00f3j podr\u0119cznik personalizacji<\/h2>\n<ol>\n<li><strong>Ulepszone pokrywy:<\/strong> Mog\u0105 by\u0107 wykonane z metalu, w kolorze, z pow\u0142ok\u0105 galwaniczn\u0105 i z pokrywk\u0105 zabezpieczaj\u0105c\u0105 przed otwarciem, z dodatkow\u0105 opcj\u0105 za\u0142o\u017cenia uszczelki w celu lepszego zabezpieczenia.<\/li>\n<li><strong>Grubo\u015b\u0107 i kontur szk\u0142a:<\/strong> Mo\u017cna go wykona\u0107 z grubszego szk\u0142a wzmocnionego, aby zapewni\u0107 lepsz\u0105 odporno\u015b\u0107 na ci\u015bnienie i bezpieczny transport; mo\u017cna r\u00f3wnie\u017c zmieni\u0107 krzywizn\u0119 s\u0142oika i wymiary uchwytu.<\/li>\n<li><strong>Spersonalizowana marka:<\/strong> S\u0142oik na og\u00f3rki mo\u017cna oznakowa\u0107 za pomoc\u0105 malowania natryskowego, drukowania, t\u0142oczenia na gor\u0105co i etykietowania.<\/li>\n<\/ol>","protected":false},"excerpt":{"rendered":"<p>S\u0142oik na og\u00f3rki kiszone z podw\u00f3jnym uchwytem, \u200b\u200bidealny do pakowania zbiorczego. Ten szklany s\u0142oik na og\u00f3rki kiszone oferuje bezpieczne zamkni\u0119cie, dostaw\u0119 bezpo\u015brednio z fabryki i mo\u017cliwo\u015b\u0107 personalizacji.<\/p>","protected":false},"featured_media":23971,"template":"","meta":[],"product_brand":[],"product_cat":[122,124,133],"product_tag":[],"class_list":{"0":"post-23970","1":"product","2":"type-product","3":"status-publish","4":"has-post-thumbnail","6":"product_cat-custom-glass-packaging","7":"product_cat-custom-glass-jars","8":"product_cat-pickle-jars","10":"first","11":"instock","12":"shipping-taxable","13":"product-type-simple"},"jetpack_sharing_enabled":true,"_links":{"self":[{"href":"https:\/\/yebodaglass.com\/pl\/wp-json\/wp\/v2\/product\/23970","targetHints":{"allow":["GET"]}}],"collection":[{"href":"https:\/\/yebodaglass.com\/pl\/wp-json\/wp\/v2\/product"}],"about":[{"href":"https:\/\/yebodaglass.com\/pl\/wp-json\/wp\/v2\/types\/product"}],"version-history":[{"count":4,"href":"https:\/\/yebodaglass.com\/pl\/wp-json\/wp\/v2\/product\/23970\/revisions"}],"predecessor-version":[{"id":23978,"href":"https:\/\/yebodaglass.com\/pl\/wp-json\/wp\/v2\/product\/23970\/revisions\/23978"}],"wp:featuredmedia":[{"embeddable":true,"href":"https:\/\/yebodaglass.com\/pl\/wp-json\/wp\/v2\/media\/23971"}],"wp:attachment":[{"href":"https:\/\/yebodaglass.com\/pl\/wp-json\/wp\/v2\/media?parent=23970"}],"wp:term":[{"taxonomy":"product_brand","embeddable":true,"href":"https:\/\/yebodaglass.com\/pl\/wp-json\/wp\/v2\/product_brand?post=23970"},{"taxonomy":"product_cat","embeddable":true,"href":"https:\/\/yebodaglass.com\/pl\/wp-json\/wp\/v2\/product_cat?post=23970"},{"taxonomy":"product_tag","embeddable":true,"href":"https:\/\/yebodaglass.com\/pl\/wp-json\/wp\/v2\/product_tag?post=23970"}],"curies":[{"name":"wp","href":"https:\/\/api.w.org\/{rel}","templated":true}]}}